{"id":24961,"date":"2024-12-25T02:44:04","date_gmt":"2024-12-25T02:44:04","guid":{"rendered":"https:\/\/www.aimycomfort.com\/store\/product\/bathtub-pillow-soft-anti-slip-bathtub-pillow\/"},"modified":"2024-12-30T05:26:27","modified_gmt":"2024-12-30T05:26:27","slug":"bathtub-pillow-soft-anti-slip-bathtub-pillow","status":"publish","type":"product","link":"https:\/\/www.aimycomfort.com\/store\/es\/producto\/bathtub-pillow-soft-anti-slip-bathtub-pillow\/","title":{"rendered":"Almohada Suave Antideslizante para Ba\u00f1era"},"content":{"rendered":"<p>La Almohada Suave Antideslizante para Ba\u00f1era est\u00e1 dise\u00f1ada para mejorar su experiencia de ba\u00f1o con su soporte ergon\u00f3mico y material suave y el\u00e1stico. Con potentes ventosas, se mantiene firmemente en su lugar, proporcionando soporte para el cuello y los hombros para aliviar la fatiga. Fabricada con PVC ecol\u00f3gico, es impermeable, antibacteriana y de secado r\u00e1pido, garantizando higiene y durabilidad.<\/p>\n<h2><strong>Caracter\u00edsticas clave de la almohada para ba\u00f1era:<\/strong><\/h2>\n<ul>\n<li>\n<p class=\"first:mt-1.5\"><strong>Dise\u00f1o ergon\u00f3mico<\/strong><br \/>\nSoporta la cabeza, el cuello y los hombros, aliviando la presi\u00f3n y mejorando la relajaci\u00f3n.<\/p>\n<\/li>\n<li>\n<p class=\"first:mt-1.5\"><strong>Ventosas potentes<\/strong><br \/>\nF\u00e1cil de instalar y quitar, con una fuerte succi\u00f3n para evitar deslizamientos o desprendimientos.<\/p>\n<\/li>\n<li>\n<p class=\"first:mt-1.5\"><strong>Material suave y el\u00e1stico<\/strong><br \/>\nRebote 3D, sin olor y seguro para el contacto directo con la piel del beb\u00e9.<\/p>\n<\/li>\n<li>\n<p class=\"first:mt-1.5\"><strong>Dise\u00f1o de drenaje hueco<\/strong><br \/>\nPreviene el crecimiento de moho y bacterias, manteniendo la almohada limpia e higi\u00e9nica.<\/p>\n<\/li>\n<li>\n<p class=\"first:mt-1.5\"><strong>Duradera y f\u00e1cil de limpiar<\/strong><br \/>\nImpermeable, resistente al moho y de secado r\u00e1pido para un uso prolongado.<\/p>\n<\/li>\n<\/ul>\n<hr \/>\n<p class=\"first:mt-1.5\">La Almohada Suave Antideslizante para Ba\u00f1era combina comodidad, seguridad y durabilidad para crear una experiencia de ba\u00f1o lujosa. Perfecta para ba\u00f1os relajantes con soporte ergon\u00f3mico y f\u00e1cil mantenimiento.<\/p>\n","protected":false},"excerpt":{"rendered":"<p>La Almohada Suave Antideslizante para Ba\u00f1era proporciona soporte ergon\u00f3mico para el cuello y los hombros, ideal para un ba\u00f1o relajante. Fabricada con PVC suave, el\u00e1stico y ecol\u00f3gico, cuenta con potentes ventosas para un ajuste seguro y un dise\u00f1o de drenaje hueco que previene el moho y las bacterias. Impermeable, de secado r\u00e1pido y f\u00e1cil de limpiar, garantiza comodidad e higiene en cada uso.<\/p>\n","protected":false},"featured_media":24812,"comment_status":"open","ping_status":"closed","template":"","meta":{"site-sidebar-layout":"default","site-content-layout":"","ast-site-content-layout":"default","site-content-style":"default","site-sidebar-style":"default","ast-global-header-display":"","ast-banner-title-visibility":"","ast-main-header-display":"","ast-hfb-above-header-display":"","ast-hfb-below-header-display":"","ast-hfb-mobile-header-display":"","site-post-title":"","ast-breadcrumbs-content":"","ast-featured-img":"","footer-sml-layout":"","theme-transparent-header-meta":"default","adv-header-id-meta":"","stick-header-meta":"","header-above-stick-meta":"","header-main-stick-meta":"","header-below-stick-meta":"","astra-migrate-meta-layouts":"set","ast-page-background-enabled":"default","ast-page-background-meta":{"desktop":{"background-color":"var(--ast-global-color-4)","background-image":"","background-repeat":"repeat","background-position":"center center","background-size":"auto","background-attachment":"scroll","background-type":"","background-media":"","overlay-type":"","overlay-color":"","overlay-opacity":"","overlay-gradient":""},"tablet":{"background-color":"","background-image":"","background-repeat":"repeat","background-position":"center center","background-size":"auto","background-attachment":"scroll","background-type":"","background-media":"","overlay-type":"","overlay-color":"","overlay-opacity":"","overlay-gradient":""},"mobile":{"background-color":"","background-image":"","background-repeat":"repeat","background-position":"center center","background-size":"auto","background-attachment":"scroll","background-type":"","background-media":"","overlay-type":"","overlay-color":"","overlay-opacity":"","overlay-gradient":""}},"ast-content-background-meta":{"desktop":{"background-color":"var(--ast-global-color-5)","background-image":"","background-repeat":"repeat","background-position":"center center","background-size":"auto","background-attachment":"scroll","background-type":"","background-media":"","overlay-type":"","overlay-color":"","overlay-opacity":"","overlay-gradient":""},"tablet":{"background-color":"var(--ast-global-color-5)","background-image":"","background-repeat":"repeat","background-position":"center center","background-size":"auto","background-attachment":"scroll","background-type":"","background-media":"","overlay-type":"","overlay-color":"","overlay-opacity":"","overlay-gradient":""},"mobile":{"background-color":"var(--ast-global-color-5)","background-image":"","background-repeat":"repeat","background-position":"center center","background-size":"auto","background-attachment":"scroll","background-type":"","background-media":"","overlay-type":"","overlay-color":"","overlay-opacity":"","overlay-gradient":""}}},"product_brand":[],"product_cat":[863,1073,237],"product_tag":[238,1063],"class_list":{"0":"post-24961","1":"product","2":"type-product","3":"status-publish","4":"has-post-thumbnail","6":"product_cat-almohada-cervical","7":"product_cat-bathtub-pillow-es","8":"product_cat-coleccion-de-almohadas","9":"product_tag-almohada","10":"product_tag-bathtub-pillow-es","11":"desktop-align-left","12":"tablet-align-left","13":"mobile-align-left","14":"ast-product-gallery-layout-horizontal-slider","15":"ast-product-single-variable","16":"ast-product-tabs-layout-horizontal","17":"ast-qv-on-image","19":"first","20":"instock","21":"shipping-taxable","22":"purchasable","23":"product-type-variable"},"aioseo_notices":[],"_links":{"self":[{"href":"https:\/\/www.aimycomfort.com\/store\/es\/wp-json\/wp\/v2\/product\/24961","targetHints":{"allow":["GET"]}}],"collection":[{"href":"https:\/\/www.aimycomfort.com\/store\/es\/wp-json\/wp\/v2\/product"}],"about":[{"href":"https:\/\/www.aimycomfort.com\/store\/es\/wp-json\/wp\/v2\/types\/product"}],"replies":[{"embeddable":true,"href":"https:\/\/www.aimycomfort.com\/store\/es\/wp-json\/wp\/v2\/comments?post=24961"}],"wp:featuredmedia":[{"embeddable":true,"href":"https:\/\/www.aimycomfort.com\/store\/es\/wp-json\/wp\/v2\/media\/24812"}],"wp:attachment":[{"href":"https:\/\/www.aimycomfort.com\/store\/es\/wp-json\/wp\/v2\/media?parent=24961"}],"wp:term":[{"taxonomy":"product_brand","embeddable":true,"href":"https:\/\/www.aimycomfort.com\/store\/es\/wp-json\/wp\/v2\/product_brand?post=24961"},{"taxonomy":"product_cat","embeddable":true,"href":"https:\/\/www.aimycomfort.com\/store\/es\/wp-json\/wp\/v2\/product_cat?post=24961"},{"taxonomy":"product_tag","embeddable":true,"href":"https:\/\/www.aimycomfort.com\/store\/es\/wp-json\/wp\/v2\/product_tag?post=24961"}],"curies":[{"name":"wp","href":"https:\/\/api.w.org\/{rel}","templated":true}]}}