{"id":23104,"date":"2024-12-06T07:08:38","date_gmt":"2024-12-06T07:08:38","guid":{"rendered":"https:\/\/www.aimycomfort.com\/store\/product\/baby-pillow-shaped-pillow-buckwheat\/"},"modified":"2024-12-19T21:19:45","modified_gmt":"2024-12-19T21:19:45","slug":"baby-pillow-shaped-pillow-buckwheat","status":"publish","type":"product","link":"https:\/\/www.aimycomfort.com\/store\/es\/producto\/baby-pillow-shaped-pillow-buckwheat\/","title":{"rendered":"Almohada de Trigo Sarraceno con Forma para Beb\u00e9s"},"content":{"rendered":"<p>La **Almohada de Trigo Sarraceno con Forma para Beb\u00e9s** est\u00e1 especialmente dise\u00f1ada para reci\u00e9n nacidos, ofreciendo soporte ergon\u00f3mico y comodidad para promover un desarrollo saludable de la cabeza y un sue\u00f1o seguro. Fabricada con **rellenos de plantas naturales** y **tejido de algod\u00f3n transpirable**, esta almohada garantiza absorci\u00f3n de humedad, regulaci\u00f3n de temperatura y uso durante todas las estaciones para la comodidad de tu beb\u00e9.<\/p>\n<h2><strong>Caracter\u00edsticas clave de la Almohada para Beb\u00e9s:<\/strong><\/h2>\n<ul>\n<li><strong>Dise\u00f1o Ergon\u00f3mico para Moldear la Cabeza<\/strong><br \/>\nCuenta con zonas cient\u00edficas con una <strong>suave pendiente triangular<\/strong> y un coj\u00edn ajustable para equilibrar la presi\u00f3n en la cabeza, prevenir deformaciones y apoyar el sue\u00f1o seguro de lado.<\/li>\n<li><strong>Materiales Naturales y Seguros<\/strong><br \/>\nRellena con <strong>cinco plantas naturales<\/strong>, la almohada es transpirable, absorbente de humedad y libre de pesticidas o qu\u00edmicos da\u00f1inos, asegurando un entorno de sue\u00f1o seguro y relajante.<\/li>\n<li><strong>Uso para Todas las Estaciones<\/strong><br \/>\nDise\u00f1o de doble cara con algod\u00f3n c\u00e1lido para oto\u00f1o\/invierno y rellenos vegetales refrescantes para primavera\/verano, ideal para usar todo el a\u00f1o.<\/li>\n<li><strong>Transpirable e Higi\u00e9nica<\/strong><br \/>\nEl <strong>n\u00facleo de almohada 3D Tencel<\/strong> absorbe la humedad, disipa el calor y previene olores, bacterias y \u00e1caros, manteniendo la cabeza de tu beb\u00e9 seca y saludable.<\/li>\n<li><strong>Duradera y Adaptable<\/strong><br \/>\nDise\u00f1ada para crecer con tu beb\u00e9, el coj\u00edn ajustable puede retirarse a medida que tu hijo crece, convirti\u00e9ndose en una almohada regular para un uso prolongado.<\/li>\n<\/ul>\n<hr \/>\n<p><strong>Dale a tu beb\u00e9 el regalo de un sue\u00f1o seguro y c\u00f3modo con la Almohada de Trigo Sarraceno con Forma para Beb\u00e9s.<\/strong> Dise\u00f1ada para moldear la cabeza de manera saludable, con transpirabilidad y comodidad durante todo el a\u00f1o, es el compa\u00f1ero perfecto para los primeros a\u00f1os de tu peque\u00f1o.<\/p>\n","protected":false},"excerpt":{"rendered":"<p>La **Almohada de Trigo Sarraceno con Forma para Beb\u00e9s** est\u00e1 dise\u00f1ada para reci\u00e9n nacidos, ofreciendo soporte ergon\u00f3mico para promover un desarrollo saludable de la cabeza y un sue\u00f1o seguro de lado. Fabricada con rellenos de plantas naturales y algod\u00f3n transpirable, proporciona absorci\u00f3n de humedad, regulaci\u00f3n de temperatura y comodidad durante todo el a\u00f1o. Perfecta para beb\u00e9s en crecimiento, garantiza un sue\u00f1o seguro, relajante y saludable.<\/p>\n","protected":false},"featured_media":22830,"comment_status":"open","ping_status":"closed","template":"","meta":{"site-sidebar-layout":"default","site-content-layout":"","ast-site-content-layout":"default","site-content-style":"default","site-sidebar-style":"default","ast-global-header-display":"","ast-banner-title-visibility":"","ast-main-header-display":"","ast-hfb-above-header-display":"","ast-hfb-below-header-display":"","ast-hfb-mobile-header-display":"","site-post-title":"","ast-breadcrumbs-content":"","ast-featured-img":"","footer-sml-layout":"","theme-transparent-header-meta":"default","adv-header-id-meta":"","stick-header-meta":"","header-above-stick-meta":"","header-main-stick-meta":"","header-below-stick-meta":"","astra-migrate-meta-layouts":"set","ast-page-background-enabled":"default","ast-page-background-meta":{"desktop":{"background-color":"var(--ast-global-color-4)","background-image":"","background-repeat":"repeat","background-position":"center center","background-size":"auto","background-attachment":"scroll","background-type":"","background-media":"","overlay-type":"","overlay-color":"","overlay-opacity":"","overlay-gradient":""},"tablet":{"background-color":"","background-image":"","background-repeat":"repeat","background-position":"center center","background-size":"auto","background-attachment":"scroll","background-type":"","background-media":"","overlay-type":"","overlay-color":"","overlay-opacity":"","overlay-gradient":""},"mobile":{"background-color":"","background-image":"","background-repeat":"repeat","background-position":"center center","background-size":"auto","background-attachment":"scroll","background-type":"","background-media":"","overlay-type":"","overlay-color":"","overlay-opacity":"","overlay-gradient":""}},"ast-content-background-meta":{"desktop":{"background-color":"var(--ast-global-color-5)","background-image":"","background-repeat":"repeat","background-position":"center center","background-size":"auto","background-attachment":"scroll","background-type":"","background-media":"","overlay-type":"","overlay-color":"","overlay-opacity":"","overlay-gradient":""},"tablet":{"background-color":"var(--ast-global-color-5)","background-image":"","background-repeat":"repeat","background-position":"center center","background-size":"auto","background-attachment":"scroll","background-type":"","background-media":"","overlay-type":"","overlay-color":"","overlay-opacity":"","overlay-gradient":""},"mobile":{"background-color":"var(--ast-global-color-5)","background-image":"","background-repeat":"repeat","background-position":"center center","background-size":"auto","background-attachment":"scroll","background-type":"","background-media":"","overlay-type":"","overlay-color":"","overlay-opacity":"","overlay-gradient":""}}},"product_brand":[],"product_cat":[917,237],"product_tag":[542,543,601],"class_list":{"0":"post-23104","1":"product","2":"type-product","3":"status-publish","4":"has-post-thumbnail","6":"product_cat-almohada-para-ninos","7":"product_cat-coleccion-de-almohadas","8":"product_tag-almohada-bebe","9":"product_tag-protector-de-cuello","10":"product_tag-ergonomicsupport-es","11":"desktop-align-left","12":"tablet-align-left","13":"mobile-align-left","14":"ast-product-gallery-layout-horizontal-slider","15":"ast-product-single-variable","16":"ast-product-tabs-layout-horizontal","17":"ast-qv-on-image","19":"first","20":"instock","21":"shipping-taxable","22":"purchasable","23":"product-type-variable"},"aioseo_notices":[],"_links":{"self":[{"href":"https:\/\/www.aimycomfort.com\/store\/es\/wp-json\/wp\/v2\/product\/23104","targetHints":{"allow":["GET"]}}],"collection":[{"href":"https:\/\/www.aimycomfort.com\/store\/es\/wp-json\/wp\/v2\/product"}],"about":[{"href":"https:\/\/www.aimycomfort.com\/store\/es\/wp-json\/wp\/v2\/types\/product"}],"replies":[{"embeddable":true,"href":"https:\/\/www.aimycomfort.com\/store\/es\/wp-json\/wp\/v2\/comments?post=23104"}],"wp:featuredmedia":[{"embeddable":true,"href":"https:\/\/www.aimycomfort.com\/store\/es\/wp-json\/wp\/v2\/media\/22830"}],"wp:attachment":[{"href":"https:\/\/www.aimycomfort.com\/store\/es\/wp-json\/wp\/v2\/media?parent=23104"}],"wp:term":[{"taxonomy":"product_brand","embeddable":true,"href":"https:\/\/www.aimycomfort.com\/store\/es\/wp-json\/wp\/v2\/product_brand?post=23104"},{"taxonomy":"product_cat","embeddable":true,"href":"https:\/\/www.aimycomfort.com\/store\/es\/wp-json\/wp\/v2\/product_cat?post=23104"},{"taxonomy":"product_tag","embeddable":true,"href":"https:\/\/www.aimycomfort.com\/store\/es\/wp-json\/wp\/v2\/product_tag?post=23104"}],"curies":[{"name":"wp","href":"https:\/\/api.w.org\/{rel}","templated":true}]}}