{"id":22727,"date":"2024-12-05T07:09:04","date_gmt":"2024-12-05T07:09:04","guid":{"rendered":"https:\/\/www.aimycomfort.com\/store\/product\/folding-yoga-mat-portable-anti-slip\/"},"modified":"2024-12-05T09:05:11","modified_gmt":"2024-12-05T09:05:11","slug":"folding-yoga-mat-portable-anti-slip","status":"publish","type":"product","link":"https:\/\/www.aimycomfort.com\/store\/es\/producto\/folding-yoga-mat-portable-anti-slip\/","title":{"rendered":"Colchoneta de Yoga Plegable Port\u00e1til Antideslizante"},"content":{"rendered":"<p>La **Colchoneta de Yoga Plegable** combina portabilidad, funcionalidad y estilo, lo que la hace perfecta para los entusiastas del yoga en movimiento. Su **dise\u00f1o ligero y plegable** garantiza un f\u00e1cil almacenamiento y transporte, mientras que el **patr\u00f3n antideslizante de doble cara** proporciona un agarre seguro en cualquier superficie. Fabricada con **PVC certificado por SGS**, es ecol\u00f3gica, duradera y segura para el uso diario.<\/p>\n<h2><strong>Caracter\u00edsticas clave de la colchoneta de yoga:<\/strong><\/h2>\n<ul>\n<li><strong>Port\u00e1til y plegable<\/strong><br \/>\nPliega y transporta f\u00e1cilmente la colchoneta para usarla c\u00f3modamente en cualquier lugar, ya sea en casa, en el estudio o de viaje.<\/li>\n<li><strong>Dise\u00f1o estiloso y funcional<\/strong><br \/>\nIncluye estampados de moda, como <strong>14 posturas est\u00e1ndar de yoga<\/strong> y dise\u00f1os personalizados con letras, que a\u00f1aden un toque moderno a tu pr\u00e1ctica.<\/li>\n<li><strong>Antideslizante y duradera<\/strong><br \/>\nEl patr\u00f3n antideslizante claro garantiza estabilidad en cualquier superficie, mientras que el <strong>material resistente a desgarros<\/strong> evita que los bordes se curven o se agrieten.<\/li>\n<li><strong>C\u00f3moda y de soporte<\/strong><br \/>\nCon un grosor de <strong>5 mm<\/strong> y un acolchado de alta elasticidad, la colchoneta protege tus articulaciones y proporciona una superficie c\u00f3moda para todas las posturas.<\/li>\n<li><strong>Impermeable y f\u00e1cil de limpiar<\/strong><br \/>\nLa colchoneta es impermeable y se puede limpiar f\u00e1cilmente con agua jabonosa, manteni\u00e9ndola fresca e higi\u00e9nica.<\/li>\n<\/ul>\n<hr \/>\n<p><strong>Mantente estiloso y c\u00f3modo con la Colchoneta de Yoga Plegable.<\/strong> Su dise\u00f1o port\u00e1til, superficie antideslizante y estampados modernos la convierten en el compa\u00f1ero perfecto para yoga, fitness o meditaci\u00f3n en cualquier lugar.<\/p>\n","protected":false},"excerpt":{"rendered":"<p>La Colchoneta de Yoga Plegable es ligera, port\u00e1til y cuenta con un dise\u00f1o plegable para facilitar el transporte. Fabricada con PVC ecol\u00f3gico, ofrece una superficie antideslizante de 5 mm de grosor con un acolchado de alta elasticidad para mayor comodidad en las articulaciones. Sus estampados elegantes, material duradero y f\u00e1cil limpieza la hacen perfecta para yoga, fitness o viajes.<\/p>\n","protected":false},"featured_media":22484,"comment_status":"open","ping_status":"closed","template":"","meta":{"site-sidebar-layout":"default","site-content-layout":"","ast-site-content-layout":"default","site-content-style":"default","site-sidebar-style":"default","ast-global-header-display":"","ast-banner-title-visibility":"","ast-main-header-display":"","ast-hfb-above-header-display":"","ast-hfb-below-header-display":"","ast-hfb-mobile-header-display":"","site-post-title":"","ast-breadcrumbs-content":"","ast-featured-img":"","footer-sml-layout":"","theme-transparent-header-meta":"default","adv-header-id-meta":"","stick-header-meta":"","header-above-stick-meta":"","header-main-stick-meta":"","header-below-stick-meta":"","astra-migrate-meta-layouts":"set","ast-page-background-enabled":"default","ast-page-background-meta":{"desktop":{"background-color":"var(--ast-global-color-4)","background-image":"","background-repeat":"repeat","background-position":"center center","background-size":"auto","background-attachment":"scroll","background-type":"","background-media":"","overlay-type":"","overlay-color":"","overlay-opacity":"","overlay-gradient":""},"tablet":{"background-color":"","background-image":"","background-repeat":"repeat","background-position":"center center","background-size":"auto","background-attachment":"scroll","background-type":"","background-media":"","overlay-type":"","overlay-color":"","overlay-opacity":"","overlay-gradient":""},"mobile":{"background-color":"","background-image":"","background-repeat":"repeat","background-position":"center center","background-size":"auto","background-attachment":"scroll","background-type":"","background-media":"","overlay-type":"","overlay-color":"","overlay-opacity":"","overlay-gradient":""}},"ast-content-background-meta":{"desktop":{"background-color":"var(--ast-global-color-5)","background-image":"","background-repeat":"repeat","background-position":"center center","background-size":"auto","background-attachment":"scroll","background-type":"","background-media":"","overlay-type":"","overlay-color":"","overlay-opacity":"","overlay-gradient":""},"tablet":{"background-color":"var(--ast-global-color-5)","background-image":"","background-repeat":"repeat","background-position":"center center","background-size":"auto","background-attachment":"scroll","background-type":"","background-media":"","overlay-type":"","overlay-color":"","overlay-opacity":"","overlay-gradient":""},"mobile":{"background-color":"var(--ast-global-color-5)","background-image":"","background-repeat":"repeat","background-position":"center center","background-size":"auto","background-attachment":"scroll","background-type":"","background-media":"","overlay-type":"","overlay-color":"","overlay-opacity":"","overlay-gradient":""}}},"product_brand":[],"product_cat":[296],"product_tag":[991],"class_list":{"0":"post-22727","1":"product","2":"type-product","3":"status-publish","4":"has-post-thumbnail","6":"product_cat-esterilla-de-yoga","7":"product_tag-esterilla-de-yoga-es","8":"desktop-align-left","9":"tablet-align-left","10":"mobile-align-left","11":"ast-product-gallery-layout-horizontal-slider","12":"ast-product-single-variable","13":"ast-product-tabs-layout-horizontal","14":"ast-qv-on-image","16":"first","17":"instock","18":"shipping-taxable","19":"purchasable","20":"product-type-variable"},"aioseo_notices":[],"_links":{"self":[{"href":"https:\/\/www.aimycomfort.com\/store\/es\/wp-json\/wp\/v2\/product\/22727","targetHints":{"allow":["GET"]}}],"collection":[{"href":"https:\/\/www.aimycomfort.com\/store\/es\/wp-json\/wp\/v2\/product"}],"about":[{"href":"https:\/\/www.aimycomfort.com\/store\/es\/wp-json\/wp\/v2\/types\/product"}],"replies":[{"embeddable":true,"href":"https:\/\/www.aimycomfort.com\/store\/es\/wp-json\/wp\/v2\/comments?post=22727"}],"wp:featuredmedia":[{"embeddable":true,"href":"https:\/\/www.aimycomfort.com\/store\/es\/wp-json\/wp\/v2\/media\/22484"}],"wp:attachment":[{"href":"https:\/\/www.aimycomfort.com\/store\/es\/wp-json\/wp\/v2\/media?parent=22727"}],"wp:term":[{"taxonomy":"product_brand","embeddable":true,"href":"https:\/\/www.aimycomfort.com\/store\/es\/wp-json\/wp\/v2\/product_brand?post=22727"},{"taxonomy":"product_cat","embeddable":true,"href":"https:\/\/www.aimycomfort.com\/store\/es\/wp-json\/wp\/v2\/product_cat?post=22727"},{"taxonomy":"product_tag","embeddable":true,"href":"https:\/\/www.aimycomfort.com\/store\/es\/wp-json\/wp\/v2\/product_tag?post=22727"}],"curies":[{"name":"wp","href":"https:\/\/api.w.org\/{rel}","templated":true}]}}