{"id":22652,"date":"2024-12-05T07:53:19","date_gmt":"2024-12-05T07:53:19","guid":{"rendered":"https:\/\/www.aimycomfort.com\/store\/product\/bamboo-fiber-air-layer-jacquard-pillow\/"},"modified":"2024-12-05T09:24:18","modified_gmt":"2024-12-05T09:24:18","slug":"bamboo-fiber-air-layer-jacquard-pillow","status":"publish","type":"product","link":"https:\/\/www.aimycomfort.com\/store\/es\/producto\/bamboo-fiber-air-layer-jacquard-pillow\/","title":{"rendered":"Almohada de Jacquard de Capa de Aire de Fibra de Bamb\u00fa"},"content":{"rendered":"<p>Protege tu almohada con la **Funda de Almohada de Jacquard de Capa de Aire de Fibra de Bamb\u00fa**, que cuenta con una **cubierta protectora impermeable y transpirable de TPU** para una protecci\u00f3n de doble cara. Suave, duradera y lavable a m\u00e1quina, esta funda de almohada garantiza frescura duradera mientras es delicada con tu piel.<\/p>\n<h2><strong>Caracter\u00edsticas clave de la Funda de Almohada Jacquard:<\/strong><\/h2>\n<ul>\n<li><strong>Impermeable y Resistente a los \u00c1caros<\/strong><br \/>\nLa <strong>pel\u00edcula impermeable de TPU<\/strong> bloquea las mol\u00e9culas de l\u00edquido mientras permite el paso del aire, manteniendo tu almohada seca, transpirable y libre de bacterias o \u00e1caros.<\/li>\n<li><strong>Tejido Suave y C\u00f3modo<\/strong><br \/>\nFabricada con una capa de aire de fibra de bamb\u00fa, la funda es absorbente de humedad, transpirable y amigable con la piel para una comodidad m\u00e1xima.<\/li>\n<li><strong>Duradera y Lavable<\/strong><br \/>\nDise\u00f1ada con costuras finas, resiste el lavado a m\u00e1quina y mantiene su calidad, asegurando limpieza y frescura con el tiempo.<\/li>\n<\/ul>\n<hr \/>\n<p><strong>Mejora la protecci\u00f3n de tu almohada con la Funda de Almohada de Jacquard de Capa de Aire de Fibra de Bamb\u00fa.<\/strong> Impermeable, transpirable y f\u00e1cil de mantener, es la elecci\u00f3n perfecta para un sue\u00f1o limpio y c\u00f3modo.<\/p>\n","protected":false},"excerpt":{"rendered":"<p>La Almohada de Jacquard de Capa de Aire de Fibra de Bamb\u00fa cuenta con una cubierta protectora de TPU impermeable y resistente a los \u00e1caros, que es transpirable, suave y duradera. Su tejido de fibra de bamb\u00fa garantiza comodidad, mientras que el dise\u00f1o lavable a m\u00e1quina mantiene tu almohada fresca y limpia. Perfecta para una protecci\u00f3n duradera de la almohada y una experiencia de sue\u00f1o m\u00e1s saludable.<\/p>\n","protected":false},"featured_media":22557,"comment_status":"open","ping_status":"closed","template":"","meta":{"site-sidebar-layout":"default","site-content-layout":"","ast-site-content-layout":"default","site-content-style":"default","site-sidebar-style":"default","ast-global-header-display":"","ast-banner-title-visibility":"","ast-main-header-display":"","ast-hfb-above-header-display":"","ast-hfb-below-header-display":"","ast-hfb-mobile-header-display":"","site-post-title":"","ast-breadcrumbs-content":"","ast-featured-img":"","footer-sml-layout":"","theme-transparent-header-meta":"default","adv-header-id-meta":"","stick-header-meta":"","header-above-stick-meta":"","header-main-stick-meta":"","header-below-stick-meta":"","astra-migrate-meta-layouts":"set","ast-page-background-enabled":"default","ast-page-background-meta":{"desktop":{"background-color":"var(--ast-global-color-4)","background-image":"","background-repeat":"repeat","background-position":"center center","background-size":"auto","background-attachment":"scroll","background-type":"","background-media":"","overlay-type":"","overlay-color":"","overlay-opacity":"","overlay-gradient":""},"tablet":{"background-color":"","background-image":"","background-repeat":"repeat","background-position":"center center","background-size":"auto","background-attachment":"scroll","background-type":"","background-media":"","overlay-type":"","overlay-color":"","overlay-opacity":"","overlay-gradient":""},"mobile":{"background-color":"","background-image":"","background-repeat":"repeat","background-position":"center center","background-size":"auto","background-attachment":"scroll","background-type":"","background-media":"","overlay-type":"","overlay-color":"","overlay-opacity":"","overlay-gradient":""}},"ast-content-background-meta":{"desktop":{"background-color":"var(--ast-global-color-5)","background-image":"","background-repeat":"repeat","background-position":"center center","background-size":"auto","background-attachment":"scroll","background-type":"","background-media":"","overlay-type":"","overlay-color":"","overlay-opacity":"","overlay-gradient":""},"tablet":{"background-color":"var(--ast-global-color-5)","background-image":"","background-repeat":"repeat","background-position":"center center","background-size":"auto","background-attachment":"scroll","background-type":"","background-media":"","overlay-type":"","overlay-color":"","overlay-opacity":"","overlay-gradient":""},"mobile":{"background-color":"var(--ast-global-color-5)","background-image":"","background-repeat":"repeat","background-position":"center center","background-size":"auto","background-attachment":"scroll","background-type":"","background-media":"","overlay-type":"","overlay-color":"","overlay-opacity":"","overlay-gradient":""}}},"product_brand":[],"product_cat":[845,836,237],"product_tag":[235,238,601],"class_list":{"0":"post-22652","1":"product","2":"type-product","3":"status-publish","4":"has-post-thumbnail","6":"product_cat-almohada-de-cama","7":"product_cat-almohada-de-fibra-de-bambu","8":"product_cat-coleccion-de-almohadas","9":"product_tag-alivio-de-presion","10":"product_tag-almohada","11":"product_tag-ergonomicsupport-es","12":"desktop-align-left","13":"tablet-align-left","14":"mobile-align-left","15":"ast-product-gallery-layout-horizontal-slider","16":"ast-product-single-variable","17":"ast-product-tabs-layout-horizontal","18":"ast-qv-on-image","20":"first","21":"instock","22":"shipping-taxable","23":"purchasable","24":"product-type-variable"},"aioseo_notices":[],"_links":{"self":[{"href":"https:\/\/www.aimycomfort.com\/store\/es\/wp-json\/wp\/v2\/product\/22652","targetHints":{"allow":["GET"]}}],"collection":[{"href":"https:\/\/www.aimycomfort.com\/store\/es\/wp-json\/wp\/v2\/product"}],"about":[{"href":"https:\/\/www.aimycomfort.com\/store\/es\/wp-json\/wp\/v2\/types\/product"}],"replies":[{"embeddable":true,"href":"https:\/\/www.aimycomfort.com\/store\/es\/wp-json\/wp\/v2\/comments?post=22652"}],"wp:featuredmedia":[{"embeddable":true,"href":"https:\/\/www.aimycomfort.com\/store\/es\/wp-json\/wp\/v2\/media\/22557"}],"wp:attachment":[{"href":"https:\/\/www.aimycomfort.com\/store\/es\/wp-json\/wp\/v2\/media?parent=22652"}],"wp:term":[{"taxonomy":"product_brand","embeddable":true,"href":"https:\/\/www.aimycomfort.com\/store\/es\/wp-json\/wp\/v2\/product_brand?post=22652"},{"taxonomy":"product_cat","embeddable":true,"href":"https:\/\/www.aimycomfort.com\/store\/es\/wp-json\/wp\/v2\/product_cat?post=22652"},{"taxonomy":"product_tag","embeddable":true,"href":"https:\/\/www.aimycomfort.com\/store\/es\/wp-json\/wp\/v2\/product_tag?post=22652"}],"curies":[{"name":"wp","href":"https:\/\/api.w.org\/{rel}","templated":true}]}}