{"id":22058,"date":"2024-12-03T07:30:12","date_gmt":"2024-12-03T07:30:12","guid":{"rendered":"https:\/\/www.aimycomfort.com\/store\/product\/u-shaped-travel-pillow-memory-foam-easy-take\/"},"modified":"2024-12-03T09:06:35","modified_gmt":"2024-12-03T09:06:35","slug":"u-shaped-travel-pillow-memory-foam-easy-take","status":"publish","type":"product","link":"https:\/\/www.aimycomfort.com\/store\/es\/producto\/u-shaped-travel-pillow-memory-foam-easy-take\/","title":{"rendered":"Almohada de Viaje en Forma de U de Espuma Viscoel\u00e1stica F\u00e1cil de Llevar"},"content":{"rendered":"<p>Experimenta la m\u00e1xima comodidad y soporte dondequiera que vayas con nuestra Almohada de Viaje en Forma de U.** Dise\u00f1ada con una curva funcional respaldada por la ciencia, esta almohada proporciona **cuidado 360\u00b0 para tu columna cervical**, asegurando comodidad perceptible y soporte efectivo para tu cuello, hombros y cabeza. Ya sea que est\u00e9s viajando, trabajando en la oficina o conduciendo, esta almohada es tu compa\u00f1era perfecta para una relajaci\u00f3n sin estr\u00e9s.<\/p>\n<h2><strong>Caracter\u00edsticas clave de la Almohada de Viaje:<\/strong><\/h2>\n<ul>\n<li><strong>Dise\u00f1o ergon\u00f3mico para m\u00e1ximo soporte<\/strong><br \/>\nDise\u00f1ada para ajustarse a la curva natural del cuello humano, la almohada cuenta con una <strong>curva de soporte doble para las mejillas<\/strong> que se adapta a tu rostro y hombros, ofreciendo un ajuste c\u00f3modo y seguro. Su dise\u00f1o grueso y acolchado garantiza una sensaci\u00f3n suave pero firme para una comodidad duradera.<\/li>\n<li><strong>N\u00facleo de espuma viscoel\u00e1stica premium<\/strong><br \/>\nFabricada con espuma viscoel\u00e1stica de alta calidad, la almohada se adapta suavemente a tu cuerpo, proporcionando <strong>soporte suave y alivio de presi\u00f3n<\/strong>. Mantiene su forma mientras ofrece un soporte potente desde todos los \u00e1ngulos, reduciendo el estr\u00e9s en el cuello y los hombros.<\/li>\n<li><strong>Tela de terciopelo transpirable<\/strong><br \/>\nEnvuelta en <strong>terciopelo Silver Lake<\/strong>, la almohada es suave al tacto, transpirable y delicada con la piel. El material es sensible a la temperatura, asegurando una experiencia acogedora en cualquier entorno.<\/li>\n<li><strong>Ajuste personalizable y adaptable<\/strong><br \/>\nEquipada con un <strong>broche de bloqueo ajustable<\/strong>, la almohada te permite personalizar el ajuste y la elasticidad para tu comodidad. El dise\u00f1o asegura un ajuste seguro mientras mejora tu experiencia de sue\u00f1o.<\/li>\n<li><strong>Funda desmontable y lavable<\/strong><br \/>\nLa funda de la almohada es f\u00e1cil de quitar y lavar, manteniendo tu almohada de viaje fresca e higi\u00e9nica para cada uso.<\/li>\n<\/ul>\n<h4><strong>Uso vers\u00e1til:<\/strong><\/h4>\n<p>Perfecta para <strong>viajes, siestas en la oficina o largos trayectos en coche<\/strong>, esta almohada proporciona protecci\u00f3n integral para el cuello y mejora tu experiencia de relajaci\u00f3n dondequiera que est\u00e9s.<\/p>\n<p><strong>Materiales seguros y no t\u00f3xicos:<\/strong><br \/>\nLos materiales cumplen con los est\u00e1ndares nacionales de seguridad, garantizando un producto seguro y duradero. La espuma viscoel\u00e1stica est\u00e1 dise\u00f1ada para mantener su forma sin deformarse, ofreciendo un soporte confiable durante a\u00f1os.<\/p>\n<hr \/>\n<p><strong>Mejora tu experiencia de viaje y relajaci\u00f3n con la Almohada de Viaje de Espuma Viscoel\u00e1stica en Forma de U.<\/strong> \u00a1Di adi\u00f3s al dolor de cuello y hola a la comodidad sin estr\u00e9s, sin importar a d\u00f3nde te lleve la vida!<\/p>\n","protected":false},"excerpt":{"rendered":"<p>Experimenta la m\u00e1xima comodidad y soporte con la Almohada de Viaje en Forma de U de Espuma Viscoel\u00e1stica, dise\u00f1ada para proporcionar cuidado cervical 360\u00b0. Su dise\u00f1o ergon\u00f3mico, espuma viscoel\u00e1stica premium y tela de terciopelo transpirable aseguran un soporte suave y aliviador de presi\u00f3n para tu cuello, hombros y cabeza. Perfecta para viajes, oficina o conducci\u00f3n, esta almohada ofrece un ajuste personalizable y una funda lavable para mayor comodidad e higiene duradera.<\/p>\n","protected":false},"featured_media":21964,"comment_status":"open","ping_status":"closed","template":"","meta":{"site-sidebar-layout":"default","site-content-layout":"","ast-site-content-layout":"default","site-content-style":"default","site-sidebar-style":"default","ast-global-header-display":"","ast-banner-title-visibility":"","ast-main-header-display":"","ast-hfb-above-header-display":"","ast-hfb-below-header-display":"","ast-hfb-mobile-header-display":"","site-post-title":"","ast-breadcrumbs-content":"","ast-featured-img":"","footer-sml-layout":"","theme-transparent-header-meta":"default","adv-header-id-meta":"","stick-header-meta":"","header-above-stick-meta":"","header-main-stick-meta":"","header-below-stick-meta":"","astra-migrate-meta-layouts":"set","ast-page-background-enabled":"default","ast-page-background-meta":{"desktop":{"background-color":"var(--ast-global-color-4)","background-image":"","background-repeat":"repeat","background-position":"center center","background-size":"auto","background-attachment":"scroll","background-type":"","background-media":"","overlay-type":"","overlay-color":"","overlay-opacity":"","overlay-gradient":""},"tablet":{"background-color":"","background-image":"","background-repeat":"repeat","background-position":"center center","background-size":"auto","background-attachment":"scroll","background-type":"","background-media":"","overlay-type":"","overlay-color":"","overlay-opacity":"","overlay-gradient":""},"mobile":{"background-color":"","background-image":"","background-repeat":"repeat","background-position":"center center","background-size":"auto","background-attachment":"scroll","background-type":"","background-media":"","overlay-type":"","overlay-color":"","overlay-opacity":"","overlay-gradient":""}},"ast-content-background-meta":{"desktop":{"background-color":"var(--ast-global-color-5)","background-image":"","background-repeat":"repeat","background-position":"center center","background-size":"auto","background-attachment":"scroll","background-type":"","background-media":"","overlay-type":"","overlay-color":"","overlay-opacity":"","overlay-gradient":""},"tablet":{"background-color":"var(--ast-global-color-5)","background-image":"","background-repeat":"repeat","background-position":"center center","background-size":"auto","background-attachment":"scroll","background-type":"","background-media":"","overlay-type":"","overlay-color":"","overlay-opacity":"","overlay-gradient":""},"mobile":{"background-color":"var(--ast-global-color-5)","background-image":"","background-repeat":"repeat","background-position":"center center","background-size":"auto","background-attachment":"scroll","background-type":"","background-media":"","overlay-type":"","overlay-color":"","overlay-opacity":"","overlay-gradient":""}}},"product_brand":[],"product_cat":[863,717,899,890,237],"product_tag":[238,1013,543],"class_list":{"0":"post-22058","1":"product","2":"type-product","3":"status-publish","4":"has-post-thumbnail","6":"product_cat-almohada-cervical","7":"product_cat-travel-pillow-es","8":"product_cat-almohada-para-el-cuello","9":"product_cat-almohada-para-siesta","10":"product_cat-coleccion-de-almohadas","11":"product_tag-almohada","12":"product_tag-travel-pillow-es","13":"product_tag-protector-de-cuello","14":"desktop-align-left","15":"tablet-align-left","16":"mobile-align-left","17":"ast-product-gallery-layout-horizontal-slider","18":"ast-product-single-variable","19":"ast-product-tabs-layout-horizontal","20":"ast-qv-on-image","22":"first","23":"instock","24":"shipping-taxable","25":"purchasable","26":"product-type-variable"},"aioseo_notices":[],"_links":{"self":[{"href":"https:\/\/www.aimycomfort.com\/store\/es\/wp-json\/wp\/v2\/product\/22058","targetHints":{"allow":["GET"]}}],"collection":[{"href":"https:\/\/www.aimycomfort.com\/store\/es\/wp-json\/wp\/v2\/product"}],"about":[{"href":"https:\/\/www.aimycomfort.com\/store\/es\/wp-json\/wp\/v2\/types\/product"}],"replies":[{"embeddable":true,"href":"https:\/\/www.aimycomfort.com\/store\/es\/wp-json\/wp\/v2\/comments?post=22058"}],"wp:featuredmedia":[{"embeddable":true,"href":"https:\/\/www.aimycomfort.com\/store\/es\/wp-json\/wp\/v2\/media\/21964"}],"wp:attachment":[{"href":"https:\/\/www.aimycomfort.com\/store\/es\/wp-json\/wp\/v2\/media?parent=22058"}],"wp:term":[{"taxonomy":"product_brand","embeddable":true,"href":"https:\/\/www.aimycomfort.com\/store\/es\/wp-json\/wp\/v2\/product_brand?post=22058"},{"taxonomy":"product_cat","embeddable":true,"href":"https:\/\/www.aimycomfort.com\/store\/es\/wp-json\/wp\/v2\/product_cat?post=22058"},{"taxonomy":"product_tag","embeddable":true,"href":"https:\/\/www.aimycomfort.com\/store\/es\/wp-json\/wp\/v2\/product_tag?post=22058"}],"curies":[{"name":"wp","href":"https:\/\/api.w.org\/{rel}","templated":true}]}}