{"id":21896,"date":"2024-11-29T03:14:18","date_gmt":"2024-11-29T03:14:18","guid":{"rendered":"https:\/\/www.aimycomfort.com\/store\/product\/baby-pillow-side-sleep-pillow-anti-vomiting-pillow\/"},"modified":"2024-11-29T08:30:39","modified_gmt":"2024-11-29T08:30:39","slug":"baby-pillow-side-sleep-pillow-anti-vomiting-pillow","status":"publish","type":"product","link":"https:\/\/www.aimycomfort.com\/store\/es\/producto\/baby-pillow-side-sleep-pillow-anti-vomiting-pillow\/","title":{"rendered":"Almohada para Beb\u00e9 de Lado Anti V\u00f3mitos"},"content":{"rendered":"<p>Aseg\u00farese de que su beb\u00e9 duerma de manera segura y c\u00f3moda con la Almohada para Beb\u00e9 de Lado Anti V\u00f3mitos. Dise\u00f1ada con materiales de alta calidad y caracter\u00edsticas pensadas, esta almohada favorece el sue\u00f1o de lado para ayudar a prevenir el v\u00f3mito y mejorar la calidad del sue\u00f1o.<\/p>\n<h2><strong>Caracter\u00edsticas clave de la Almohada para Beb\u00e9<\/strong>:<\/h2>\n<ul>\n<li><strong>Materiales Premium<\/strong>: Fabricada con tela de terciopelo plano de alta gama (60% algod\u00f3n + 40% poli\u00e9ster) para un tacto suave, transpirable y amigable con la piel.<\/li>\n<li><strong>N\u00facleo de Espuma con Memoria<\/strong>: Cuenta con un n\u00facleo de espuma con memoria de alta densidad para un rebote lento y un soporte suave, asegurando la comodidad de su beb\u00e9.<\/li>\n<li><strong>Ancho Ajustable<\/strong>: El ancho de la almohada se puede ajustar para adaptarse al tama\u00f1o de su beb\u00e9, proporcionando un ajuste c\u00f3modo y seguro.<\/li>\n<li><strong>Funda Extra\u00edble y Lavable<\/strong>: La funda es f\u00e1cil de quitar y lavar, garantizando higiene y comodidad para los padres.<\/li>\n<li><strong>Dise\u00f1o de Cremallera Invisible<\/strong>: Equipada con una cremallera invisible en forma de gota de agua para un acabado elegante, seguro y bonito.<\/li>\n<\/ul>\n<p>La Almohada para Beb\u00e9 de Lado Anti V\u00f3mitos es la elecci\u00f3n perfecta para los padres que buscan una soluci\u00f3n de sue\u00f1o segura, c\u00f3moda y f\u00e1cil de mantener para sus peque\u00f1os.<\/p>\n","protected":false},"excerpt":{"rendered":"<p>Esta almohada para dormir de lado est\u00e1 dise\u00f1ada para proporcionar a los beb\u00e9s un sue\u00f1o seguro y c\u00f3modo. Fabricada con tela de terciopelo de alta calidad y un n\u00facleo de espuma con memoria, ofrece un soporte suave y de rebote lento. El ancho ajustable, la funda extra\u00edble y la cremallera invisible garantizan comodidad e higiene.<\/p>\n","protected":false},"featured_media":21334,"comment_status":"open","ping_status":"closed","template":"","meta":{"site-sidebar-layout":"default","site-content-layout":"","ast-site-content-layout":"default","site-content-style":"default","site-sidebar-style":"default","ast-global-header-display":"","ast-banner-title-visibility":"","ast-main-header-display":"","ast-hfb-above-header-display":"","ast-hfb-below-header-display":"","ast-hfb-mobile-header-display":"","site-post-title":"","ast-breadcrumbs-content":"","ast-featured-img":"","footer-sml-layout":"","theme-transparent-header-meta":"default","adv-header-id-meta":"","stick-header-meta":"","header-above-stick-meta":"","header-main-stick-meta":"","header-below-stick-meta":"","astra-migrate-meta-layouts":"set","ast-page-background-enabled":"default","ast-page-background-meta":{"desktop":{"background-color":"var(--ast-global-color-4)","background-image":"","background-repeat":"repeat","background-position":"center center","background-size":"auto","background-attachment":"scroll","background-type":"","background-media":"","overlay-type":"","overlay-color":"","overlay-opacity":"","overlay-gradient":""},"tablet":{"background-color":"","background-image":"","background-repeat":"repeat","background-position":"center center","background-size":"auto","background-attachment":"scroll","background-type":"","background-media":"","overlay-type":"","overlay-color":"","overlay-opacity":"","overlay-gradient":""},"mobile":{"background-color":"","background-image":"","background-repeat":"repeat","background-position":"center center","background-size":"auto","background-attachment":"scroll","background-type":"","background-media":"","overlay-type":"","overlay-color":"","overlay-opacity":"","overlay-gradient":""}},"ast-content-background-meta":{"desktop":{"background-color":"var(--ast-global-color-5)","background-image":"","background-repeat":"repeat","background-position":"center center","background-size":"auto","background-attachment":"scroll","background-type":"","background-media":"","overlay-type":"","overlay-color":"","overlay-opacity":"","overlay-gradient":""},"tablet":{"background-color":"var(--ast-global-color-5)","background-image":"","background-repeat":"repeat","background-position":"center center","background-size":"auto","background-attachment":"scroll","background-type":"","background-media":"","overlay-type":"","overlay-color":"","overlay-opacity":"","overlay-gradient":""},"mobile":{"background-color":"var(--ast-global-color-5)","background-image":"","background-repeat":"repeat","background-position":"center center","background-size":"auto","background-attachment":"scroll","background-type":"","background-media":"","overlay-type":"","overlay-color":"","overlay-opacity":"","overlay-gradient":""}}},"product_brand":[],"product_cat":[917,237],"product_tag":[238,542,543],"class_list":{"0":"post-21896","1":"product","2":"type-product","3":"status-publish","4":"has-post-thumbnail","6":"product_cat-almohada-para-ninos","7":"product_cat-coleccion-de-almohadas","8":"product_tag-almohada","9":"product_tag-almohada-bebe","10":"product_tag-protector-de-cuello","11":"desktop-align-left","12":"tablet-align-left","13":"mobile-align-left","14":"ast-product-gallery-layout-horizontal-slider","15":"ast-product-single-variable","16":"ast-product-tabs-layout-horizontal","17":"ast-qv-on-image","19":"first","20":"instock","21":"shipping-taxable","22":"purchasable","23":"product-type-variable"},"aioseo_notices":[],"_links":{"self":[{"href":"https:\/\/www.aimycomfort.com\/store\/es\/wp-json\/wp\/v2\/product\/21896","targetHints":{"allow":["GET"]}}],"collection":[{"href":"https:\/\/www.aimycomfort.com\/store\/es\/wp-json\/wp\/v2\/product"}],"about":[{"href":"https:\/\/www.aimycomfort.com\/store\/es\/wp-json\/wp\/v2\/types\/product"}],"replies":[{"embeddable":true,"href":"https:\/\/www.aimycomfort.com\/store\/es\/wp-json\/wp\/v2\/comments?post=21896"}],"wp:featuredmedia":[{"embeddable":true,"href":"https:\/\/www.aimycomfort.com\/store\/es\/wp-json\/wp\/v2\/media\/21334"}],"wp:attachment":[{"href":"https:\/\/www.aimycomfort.com\/store\/es\/wp-json\/wp\/v2\/media?parent=21896"}],"wp:term":[{"taxonomy":"product_brand","embeddable":true,"href":"https:\/\/www.aimycomfort.com\/store\/es\/wp-json\/wp\/v2\/product_brand?post=21896"},{"taxonomy":"product_cat","embeddable":true,"href":"https:\/\/www.aimycomfort.com\/store\/es\/wp-json\/wp\/v2\/product_cat?post=21896"},{"taxonomy":"product_tag","embeddable":true,"href":"https:\/\/www.aimycomfort.com\/store\/es\/wp-json\/wp\/v2\/product_tag?post=21896"}],"curies":[{"name":"wp","href":"https:\/\/api.w.org\/{rel}","templated":true}]}}