{"id":21851,"date":"2024-11-29T06:32:50","date_gmt":"2024-11-29T06:32:50","guid":{"rendered":"https:\/\/www.aimycomfort.com\/store\/product\/childrens-car-seat-headrest\/"},"modified":"2024-11-29T08:52:00","modified_gmt":"2024-11-29T08:52:00","slug":"childrens-car-seat-headrest","status":"publish","type":"product","link":"https:\/\/www.aimycomfort.com\/store\/es\/producto\/childrens-car-seat-headrest\/","title":{"rendered":"Reposacabezas para Asiento de Coche Infantil"},"content":{"rendered":"<p>Mantenga a su beb\u00e9 c\u00f3modo y bien apoyado durante los viajes en coche con el Reposacabezas para Asiento de Coche Infantil. Dise\u00f1ado con una almohada ajustable en forma de pl\u00e1tano a ambos lados, este reposacabezas proporciona un soporte y comodidad \u00f3ptimos, asegurando que la cabeza de su beb\u00e9 permanezca segura incluso al girar a la izquierda o a la derecha.<\/p>\n<h2><strong>Caracter\u00edsticas clave del Reposacabezas para Asiento de Coche Infantil<\/strong>:<\/h2>\n<ul>\n<li><strong>Dise\u00f1o de Almohada Ajustable en Forma de Pl\u00e1tano<\/strong>: Incluye almohadas laterales en forma de pl\u00e1tano con Velcro para ajustar el ancho, lo que lo hace adecuado para la mayor\u00eda de los beb\u00e9s. Las almohadas tambi\u00e9n se pueden desmontar y usar por separado.<\/li>\n<li><strong>Zonificaci\u00f3n Ergon\u00f3mica<\/strong>: La zonificaci\u00f3n razonable asegura una distribuci\u00f3n uniforme de la fuerza y un fuerte soporte para la cabeza y el cuello de su beb\u00e9.<\/li>\n<li><strong>Tejido Suave y Transpirable<\/strong>: Fabricado con tejido de jacquard de punto que es ligero, transpirable y suave al tacto, proporcionando una experiencia c\u00f3moda para su beb\u00e9.<\/li>\n<li><strong>Relleno de Alta Calidad<\/strong>: Relleno de algod\u00f3n PP duradero y amigable con la piel para un soporte adecuado y un grosor moderado.<\/li>\n<li><strong>F\u00e1cil de Limpiar<\/strong>: El tejido es lavable, resistente a la decoloraci\u00f3n y mantiene su forma, lo que facilita mantenerlo limpio y fresco de manchas como leche o saliva.<\/li>\n<\/ul>\n<p>El Reposacabezas para Asiento de Coche Infantil es el compa\u00f1ero de viaje perfecto, ofreciendo comodidad, soporte y ajustabilidad para mantener a su beb\u00e9 seguro y feliz durante los viajes en coche.<\/p>\n","protected":false},"excerpt":{"rendered":"<p>Este Reposacabezas para Asiento de Coche Infantil proporciona un fuerte soporte y comodidad para los beb\u00e9s durante los viajes en coche. Fabricado con tejido de jacquard de punto suave y transpirable, y relleno de algod\u00f3n PP duradero, garantiza un ajuste seguro con correas de Velcro ajustables. Lavable y f\u00e1cil de mantener, es perfecto para mantener a su beb\u00e9 c\u00f3modo y seguro.<\/p>\n","protected":false},"featured_media":21440,"comment_status":"open","ping_status":"closed","template":"","meta":{"site-sidebar-layout":"default","site-content-layout":"","ast-site-content-layout":"default","site-content-style":"default","site-sidebar-style":"default","ast-global-header-display":"","ast-banner-title-visibility":"","ast-main-header-display":"","ast-hfb-above-header-display":"","ast-hfb-below-header-display":"","ast-hfb-mobile-header-display":"","site-post-title":"","ast-breadcrumbs-content":"","ast-featured-img":"","footer-sml-layout":"","theme-transparent-header-meta":"default","adv-header-id-meta":"","stick-header-meta":"","header-above-stick-meta":"","header-main-stick-meta":"","header-below-stick-meta":"","astra-migrate-meta-layouts":"set","ast-page-background-enabled":"default","ast-page-background-meta":{"desktop":{"background-color":"var(--ast-global-color-4)","background-image":"","background-repeat":"repeat","background-position":"center center","background-size":"auto","background-attachment":"scroll","background-type":"","background-media":"","overlay-type":"","overlay-color":"","overlay-opacity":"","overlay-gradient":""},"tablet":{"background-color":"","background-image":"","background-repeat":"repeat","background-position":"center center","background-size":"auto","background-attachment":"scroll","background-type":"","background-media":"","overlay-type":"","overlay-color":"","overlay-opacity":"","overlay-gradient":""},"mobile":{"background-color":"","background-image":"","background-repeat":"repeat","background-position":"center center","background-size":"auto","background-attachment":"scroll","background-type":"","background-media":"","overlay-type":"","overlay-color":"","overlay-opacity":"","overlay-gradient":""}},"ast-content-background-meta":{"desktop":{"background-color":"var(--ast-global-color-5)","background-image":"","background-repeat":"repeat","background-position":"center center","background-size":"auto","background-attachment":"scroll","background-type":"","background-media":"","overlay-type":"","overlay-color":"","overlay-opacity":"","overlay-gradient":""},"tablet":{"background-color":"var(--ast-global-color-5)","background-image":"","background-repeat":"repeat","background-position":"center center","background-size":"auto","background-attachment":"scroll","background-type":"","background-media":"","overlay-type":"","overlay-color":"","overlay-opacity":"","overlay-gradient":""},"mobile":{"background-color":"var(--ast-global-color-5)","background-image":"","background-repeat":"repeat","background-position":"center center","background-size":"auto","background-attachment":"scroll","background-type":"","background-media":"","overlay-type":"","overlay-color":"","overlay-opacity":"","overlay-gradient":""}}},"product_brand":[],"product_cat":[899,917,237],"product_tag":[542,544,543,601],"class_list":{"0":"post-21851","1":"product","2":"type-product","3":"status-publish","4":"has-post-thumbnail","6":"product_cat-almohada-para-el-cuello","7":"product_cat-almohada-para-ninos","8":"product_cat-coleccion-de-almohadas","9":"product_tag-almohada-bebe","10":"product_tag-espuma-viscoelastica","11":"product_tag-protector-de-cuello","12":"product_tag-ergonomicsupport-es","13":"desktop-align-left","14":"tablet-align-left","15":"mobile-align-left","16":"ast-product-gallery-layout-horizontal-slider","17":"ast-product-single-variable","18":"ast-product-tabs-layout-horizontal","19":"ast-qv-on-image","21":"first","22":"instock","23":"shipping-taxable","24":"purchasable","25":"product-type-variable"},"aioseo_notices":[],"_links":{"self":[{"href":"https:\/\/www.aimycomfort.com\/store\/es\/wp-json\/wp\/v2\/product\/21851","targetHints":{"allow":["GET"]}}],"collection":[{"href":"https:\/\/www.aimycomfort.com\/store\/es\/wp-json\/wp\/v2\/product"}],"about":[{"href":"https:\/\/www.aimycomfort.com\/store\/es\/wp-json\/wp\/v2\/types\/product"}],"replies":[{"embeddable":true,"href":"https:\/\/www.aimycomfort.com\/store\/es\/wp-json\/wp\/v2\/comments?post=21851"}],"wp:featuredmedia":[{"embeddable":true,"href":"https:\/\/www.aimycomfort.com\/store\/es\/wp-json\/wp\/v2\/media\/21440"}],"wp:attachment":[{"href":"https:\/\/www.aimycomfort.com\/store\/es\/wp-json\/wp\/v2\/media?parent=21851"}],"wp:term":[{"taxonomy":"product_brand","embeddable":true,"href":"https:\/\/www.aimycomfort.com\/store\/es\/wp-json\/wp\/v2\/product_brand?post=21851"},{"taxonomy":"product_cat","embeddable":true,"href":"https:\/\/www.aimycomfort.com\/store\/es\/wp-json\/wp\/v2\/product_cat?post=21851"},{"taxonomy":"product_tag","embeddable":true,"href":"https:\/\/www.aimycomfort.com\/store\/es\/wp-json\/wp\/v2\/product_tag?post=21851"}],"curies":[{"name":"wp","href":"https:\/\/api.w.org\/{rel}","templated":true}]}}