{"id":21742,"date":"2024-11-29T08:01:51","date_gmt":"2024-11-29T08:01:51","guid":{"rendered":"https:\/\/www.aimycomfort.com\/store\/product\/tpe-yoga-mat-widen-thicken-anti-slip\/"},"modified":"2024-11-29T09:32:06","modified_gmt":"2024-11-29T09:32:06","slug":"tpe-yoga-mat-widen-thicken-anti-slip","status":"publish","type":"product","link":"https:\/\/www.aimycomfort.com\/store\/es\/producto\/tpe-yoga-mat-widen-thicken-anti-slip\/","title":{"rendered":"Esterilla de Yoga TPE Ancha, Gruesa y Antideslizante"},"content":{"rendered":"<p>Experimenta la m\u00e1xima comodidad y estabilidad con la esterilla de yoga TPE, dise\u00f1ada para los entusiastas del yoga y el fitness. Fabricada con materiales ecol\u00f3gicos e inodoros, esta esterilla ofrece una superficie espaciosa, duradera y antideslizante para todas tus necesidades de entrenamiento.<\/p>\n<h2><strong>Caracter\u00edsticas clave de la esterilla de yoga<\/strong>:<\/h2>\n<ul>\n<li><strong>Dise\u00f1o extra ancho<\/strong>: 80 cm de ancho que proporciona movimiento sin restricciones y un amplio espacio para todos los ejercicios.<\/li>\n<li><strong>Mayor grosor para mayor comodidad<\/strong>: 8 mm de grosor que ofrecen una amortiguaci\u00f3n superior, protecci\u00f3n para las articulaciones y absorci\u00f3n de impactos, adecuada para toda la familia.<\/li>\n<li><strong>Antideslizante en ambos lados<\/strong>: Cuenta con un patr\u00f3n antideslizante cient\u00edfico en ambos lados para una mayor estabilidad durante la pr\u00e1ctica.<\/li>\n<li><strong>Duradera y resistente al desgaste<\/strong>: Fabricada con material TPE de alta calidad que resiste da\u00f1os y garantiza un uso prolongado.<\/li>\n<li><strong>Ligera y port\u00e1til<\/strong>: Con un peso de solo 800 g, es f\u00e1cil de transportar y almacenar.<\/li>\n<li><strong>Impermeable y f\u00e1cil de limpiar<\/strong>: Superficie resistente al sudor que se limpia f\u00e1cilmente.<\/li>\n<li><strong>Materiales ecol\u00f3gicos<\/strong>: Fabricada con extractos naturales, garantizando una pr\u00e1ctica segura y confiable.<\/li>\n<\/ul>\n<p>La esterilla de yoga TPE combina funcionalidad, comodidad y estilo con sus opciones de colores modernos y caracter\u00edsticas premium. Perfecta para yoga, fitness o entrenamientos en casa, es un accesorio imprescindible para quienes buscan una esterilla de ejercicio confiable y ecol\u00f3gica.<\/p>\n","protected":false},"excerpt":{"rendered":"<p>Esta esterilla de yoga ecol\u00f3gica de TPE ofrece un dise\u00f1o extra ancho de 80 cm y un grosor de 8 mm para una comodidad m\u00e1xima, protecci\u00f3n de las articulaciones y movimientos sin restricciones. Su superficie antideslizante en ambos lados garantiza estabilidad, mientras que el material duradero e impermeable es f\u00e1cil de limpiar. Perfecta para yoga, fitness y entrenamientos en casa.<\/p>\n","protected":false},"featured_media":21613,"comment_status":"open","ping_status":"closed","template":"","meta":{"site-sidebar-layout":"default","site-content-layout":"","ast-site-content-layout":"default","site-content-style":"default","site-sidebar-style":"default","ast-global-header-display":"","ast-banner-title-visibility":"","ast-main-header-display":"","ast-hfb-above-header-display":"","ast-hfb-below-header-display":"","ast-hfb-mobile-header-display":"","site-post-title":"","ast-breadcrumbs-content":"","ast-featured-img":"","footer-sml-layout":"","theme-transparent-header-meta":"default","adv-header-id-meta":"","stick-header-meta":"","header-above-stick-meta":"","header-main-stick-meta":"","header-below-stick-meta":"","astra-migrate-meta-layouts":"set","ast-page-background-enabled":"default","ast-page-background-meta":{"desktop":{"background-color":"var(--ast-global-color-4)","background-image":"","background-repeat":"repeat","background-position":"center center","background-size":"auto","background-attachment":"scroll","background-type":"","background-media":"","overlay-type":"","overlay-color":"","overlay-opacity":"","overlay-gradient":""},"tablet":{"background-color":"","background-image":"","background-repeat":"repeat","background-position":"center center","background-size":"auto","background-attachment":"scroll","background-type":"","background-media":"","overlay-type":"","overlay-color":"","overlay-opacity":"","overlay-gradient":""},"mobile":{"background-color":"","background-image":"","background-repeat":"repeat","background-position":"center center","background-size":"auto","background-attachment":"scroll","background-type":"","background-media":"","overlay-type":"","overlay-color":"","overlay-opacity":"","overlay-gradient":""}},"ast-content-background-meta":{"desktop":{"background-color":"var(--ast-global-color-5)","background-image":"","background-repeat":"repeat","background-position":"center center","background-size":"auto","background-attachment":"scroll","background-type":"","background-media":"","overlay-type":"","overlay-color":"","overlay-opacity":"","overlay-gradient":""},"tablet":{"background-color":"var(--ast-global-color-5)","background-image":"","background-repeat":"repeat","background-position":"center center","background-size":"auto","background-attachment":"scroll","background-type":"","background-media":"","overlay-type":"","overlay-color":"","overlay-opacity":"","overlay-gradient":""},"mobile":{"background-color":"var(--ast-global-color-5)","background-image":"","background-repeat":"repeat","background-position":"center center","background-size":"auto","background-attachment":"scroll","background-type":"","background-media":"","overlay-type":"","overlay-color":"","overlay-opacity":"","overlay-gradient":""}}},"product_brand":[],"product_cat":[296],"product_tag":[980,991],"class_list":{"0":"post-21742","1":"product","2":"type-product","3":"status-publish","4":"has-post-thumbnail","6":"product_cat-esterilla-de-yoga","7":"product_tag-antideslizante","8":"product_tag-esterilla-de-yoga-es","9":"desktop-align-left","10":"tablet-align-left","11":"mobile-align-left","12":"ast-product-gallery-layout-horizontal-slider","13":"ast-product-single-variable","14":"ast-product-tabs-layout-horizontal","15":"ast-qv-on-image","17":"first","18":"instock","19":"shipping-taxable","20":"purchasable","21":"product-type-variable"},"aioseo_notices":[],"_links":{"self":[{"href":"https:\/\/www.aimycomfort.com\/store\/es\/wp-json\/wp\/v2\/product\/21742","targetHints":{"allow":["GET"]}}],"collection":[{"href":"https:\/\/www.aimycomfort.com\/store\/es\/wp-json\/wp\/v2\/product"}],"about":[{"href":"https:\/\/www.aimycomfort.com\/store\/es\/wp-json\/wp\/v2\/types\/product"}],"replies":[{"embeddable":true,"href":"https:\/\/www.aimycomfort.com\/store\/es\/wp-json\/wp\/v2\/comments?post=21742"}],"wp:featuredmedia":[{"embeddable":true,"href":"https:\/\/www.aimycomfort.com\/store\/es\/wp-json\/wp\/v2\/media\/21613"}],"wp:attachment":[{"href":"https:\/\/www.aimycomfort.com\/store\/es\/wp-json\/wp\/v2\/media?parent=21742"}],"wp:term":[{"taxonomy":"product_brand","embeddable":true,"href":"https:\/\/www.aimycomfort.com\/store\/es\/wp-json\/wp\/v2\/product_brand?post=21742"},{"taxonomy":"product_cat","embeddable":true,"href":"https:\/\/www.aimycomfort.com\/store\/es\/wp-json\/wp\/v2\/product_cat?post=21742"},{"taxonomy":"product_tag","embeddable":true,"href":"https:\/\/www.aimycomfort.com\/store\/es\/wp-json\/wp\/v2\/product_tag?post=21742"}],"curies":[{"name":"wp","href":"https:\/\/api.w.org\/{rel}","templated":true}]}}