{"id":20301,"date":"2024-11-25T06:20:40","date_gmt":"2024-11-25T06:20:40","guid":{"rendered":"https:\/\/www.aimycomfort.com\/store\/product\/new-elephant-napping-pillow\/"},"modified":"2024-11-25T08:06:13","modified_gmt":"2024-11-25T08:06:13","slug":"new-elephant-napping-pillow","status":"publish","type":"product","link":"https:\/\/www.aimycomfort.com\/store\/es\/producto\/new-elephant-napping-pillow\/","title":{"rendered":"Nueva Almohada para Siestas Elefante"},"content":{"rendered":"<p>Experimenta el m\u00e1ximo confort y soporte con nuestra Nueva Almohada para Siestas Elefante, dise\u00f1ada para promover el crecimiento saludable de la columna vertebral en los ni\u00f1os. Con un \u00e1ngulo de elevaci\u00f3n dorado de 35\u00b0, esta almohada asegura una posici\u00f3n de sue\u00f1o estable, permitiendo siestas sin presi\u00f3n y sin presionar los brazos. Su dise\u00f1o innovador soporta m\u00faltiples posiciones de sue\u00f1o, fomentando la creatividad y el confort ya sea acostado boca abajo, de lado o de espaldas.<\/p>\n<h2><strong>Caracter\u00edsticas Clave de la Almohada para Siestas<\/strong>:<\/h2>\n<ul>\n<li><strong>\u00c1ngulo de Elevaci\u00f3n Dorado<\/strong>: Proporciona una posici\u00f3n de sue\u00f1o estable que apoya la salud de la columna vertebral.<\/li>\n<li><strong>Posiciones de Sue\u00f1o Vers\u00e1tiles<\/strong>: Fomenta varios estilos de sue\u00f1o, mejorando el confort y la creatividad.<\/li>\n<li><strong>Segura e Higi\u00e9nica<\/strong>: Probada por SGS para ser libre de formaldeh\u00eddo, inodora y antibacteriana.<\/li>\n<li><strong>Pol\u00edmero de Carb\u00f3n de Bamb\u00fa<\/strong>: Absorbe olores y humedad, ofreciendo beneficios antimohos y reguladores de temperatura.<\/li>\n<li><strong>C\u00f3moda y Duradera<\/strong>: Hecha con tela transpirable y amigable con la piel y una funda de algod\u00f3n puro que es resistente al desgaste y no se decolora.<\/li>\n<li><strong>F\u00e1cil Mantenimiento<\/strong>: Presenta un dise\u00f1o desmontable y lavable con una funda interior a prueba de polvo para mayor comodidad.<\/li>\n<\/ul>\n<p>Elige la Nueva Almohada para Siestas Elefante para una experiencia de sue\u00f1o c\u00f3moda, de apoyo e higi\u00e9nica que se adapta a las necesidades de tu hijo.<\/p>\n","protected":false},"excerpt":{"rendered":"<p>Dise\u00f1ada para el crecimiento saludable de la columna vertebral, esta almohada cuenta con un \u00e1ngulo de elevaci\u00f3n de 35\u00b0 para un sue\u00f1o estable y sin presi\u00f3n. Soporta varias posiciones de sue\u00f1o y est\u00e1 hecha con un pol\u00edmero de carb\u00f3n de bamb\u00fa que absorbe olores. Segura, transpirable y probada por SGS.<\/p>\n","protected":false},"featured_media":20100,"comment_status":"open","ping_status":"closed","template":"","meta":{"site-sidebar-layout":"default","site-content-layout":"","ast-site-content-layout":"default","site-content-style":"default","site-sidebar-style":"default","ast-global-header-display":"","ast-banner-title-visibility":"","ast-main-header-display":"","ast-hfb-above-header-display":"","ast-hfb-below-header-display":"","ast-hfb-mobile-header-display":"","site-post-title":"","ast-breadcrumbs-content":"","ast-featured-img":"","footer-sml-layout":"","theme-transparent-header-meta":"default","adv-header-id-meta":"","stick-header-meta":"","header-above-stick-meta":"","header-main-stick-meta":"","header-below-stick-meta":"","astra-migrate-meta-layouts":"set","ast-page-background-enabled":"default","ast-page-background-meta":{"desktop":{"background-color":"var(--ast-global-color-4)","background-image":"","background-repeat":"repeat","background-position":"center center","background-size":"auto","background-attachment":"scroll","background-type":"","background-media":"","overlay-type":"","overlay-color":"","overlay-opacity":"","overlay-gradient":""},"tablet":{"background-color":"","background-image":"","background-repeat":"repeat","background-position":"center center","background-size":"auto","background-attachment":"scroll","background-type":"","background-media":"","overlay-type":"","overlay-color":"","overlay-opacity":"","overlay-gradient":""},"mobile":{"background-color":"","background-image":"","background-repeat":"repeat","background-position":"center center","background-size":"auto","background-attachment":"scroll","background-type":"","background-media":"","overlay-type":"","overlay-color":"","overlay-opacity":"","overlay-gradient":""}},"ast-content-background-meta":{"desktop":{"background-color":"var(--ast-global-color-5)","background-image":"","background-repeat":"repeat","background-position":"center center","background-size":"auto","background-attachment":"scroll","background-type":"","background-media":"","overlay-type":"","overlay-color":"","overlay-opacity":"","overlay-gradient":""},"tablet":{"background-color":"var(--ast-global-color-5)","background-image":"","background-repeat":"repeat","background-position":"center center","background-size":"auto","background-attachment":"scroll","background-type":"","background-media":"","overlay-type":"","overlay-color":"","overlay-opacity":"","overlay-gradient":""},"mobile":{"background-color":"var(--ast-global-color-5)","background-image":"","background-repeat":"repeat","background-position":"center center","background-size":"auto","background-attachment":"scroll","background-type":"","background-media":"","overlay-type":"","overlay-color":"","overlay-opacity":"","overlay-gradient":""}}},"product_brand":[],"product_cat":[890,237],"product_tag":[238,544],"class_list":{"0":"post-20301","1":"product","2":"type-product","3":"status-publish","4":"has-post-thumbnail","6":"product_cat-almohada-para-siesta","7":"product_cat-coleccion-de-almohadas","8":"product_tag-almohada","9":"product_tag-espuma-viscoelastica","10":"desktop-align-left","11":"tablet-align-left","12":"mobile-align-left","13":"ast-product-gallery-layout-horizontal-slider","14":"ast-product-single-variable","15":"ast-product-tabs-layout-horizontal","16":"ast-qv-on-image","18":"first","19":"instock","20":"shipping-taxable","21":"purchasable","22":"product-type-variable"},"aioseo_notices":[],"_links":{"self":[{"href":"https:\/\/www.aimycomfort.com\/store\/es\/wp-json\/wp\/v2\/product\/20301","targetHints":{"allow":["GET"]}}],"collection":[{"href":"https:\/\/www.aimycomfort.com\/store\/es\/wp-json\/wp\/v2\/product"}],"about":[{"href":"https:\/\/www.aimycomfort.com\/store\/es\/wp-json\/wp\/v2\/types\/product"}],"replies":[{"embeddable":true,"href":"https:\/\/www.aimycomfort.com\/store\/es\/wp-json\/wp\/v2\/comments?post=20301"}],"wp:featuredmedia":[{"embeddable":true,"href":"https:\/\/www.aimycomfort.com\/store\/es\/wp-json\/wp\/v2\/media\/20100"}],"wp:attachment":[{"href":"https:\/\/www.aimycomfort.com\/store\/es\/wp-json\/wp\/v2\/media?parent=20301"}],"wp:term":[{"taxonomy":"product_brand","embeddable":true,"href":"https:\/\/www.aimycomfort.com\/store\/es\/wp-json\/wp\/v2\/product_brand?post=20301"},{"taxonomy":"product_cat","embeddable":true,"href":"https:\/\/www.aimycomfort.com\/store\/es\/wp-json\/wp\/v2\/product_cat?post=20301"},{"taxonomy":"product_tag","embeddable":true,"href":"https:\/\/www.aimycomfort.com\/store\/es\/wp-json\/wp\/v2\/product_tag?post=20301"}],"curies":[{"name":"wp","href":"https:\/\/api.w.org\/{rel}","templated":true}]}}