{"id":20257,"date":"2024-11-25T07:25:59","date_gmt":"2024-11-25T07:25:59","guid":{"rendered":"https:\/\/www.aimycomfort.com\/store\/product\/new-two-hardness-reading-pillow\/"},"modified":"2024-11-25T08:16:41","modified_gmt":"2024-11-25T08:16:41","slug":"new-two-hardness-reading-pillow","status":"publish","type":"product","link":"https:\/\/www.aimycomfort.com\/store\/es\/producto\/new-two-hardness-reading-pillow\/","title":{"rendered":"Nueva Almohada de Lectura de Doble Dureza"},"content":{"rendered":"<p>Mejora tu experiencia de lectura y relajaci\u00f3n con la Nueva Almohada de Lectura de Doble Dureza, dise\u00f1ada para un soporte y confort \u00f3ptimos. Esta vers\u00e1til almohada presenta dos niveles de dureza, proporcionando un soporte firme en un lado y un acolchado suave en el otro, perfecto para diversas actividades y posiciones de sue\u00f1o.<\/p>\n<h2><strong>Caracter\u00edsticas Clave de la Almohada de Lectura<\/strong>:<\/h2>\n<ul>\n<li><strong>Dise\u00f1o de Doble Dureza<\/strong>: Ofrece un fuerte soporte en el lado firme y un confort suave en el lado blando, ideal para leer, descansar o dormir.<\/li>\n<li><strong>Soporte Ergon\u00f3mico<\/strong>: Soporta el sue\u00f1o boca abajo y previene el dolor de cuello con un dise\u00f1o de l\u00ednea \u00fanica que se adapta a las curvas del cuerpo sin presionar el pecho.<\/li>\n<li><strong>Uso Vers\u00e1til<\/strong>: Adecuada para m\u00faltiples grupos y posiciones de sue\u00f1o, con estiramiento inverso de 135\u00b0-165\u00b0 para relajar la columna cervical y reducir la fatiga.<\/li>\n<li><strong>Construcci\u00f3n de Alta Calidad<\/strong>: El moldeado integrado de alta presi\u00f3n asegura curvas suaves y c\u00f3modas.<\/li>\n<li><strong>Funda de Almohada que Absorbe la Humedad<\/strong>: Ofrece un tacto c\u00f3modo y ajustado con un dise\u00f1o desmontable y lavable para un f\u00e1cil mantenimiento.<\/li>\n<li><strong>Dise\u00f1o Duradero<\/strong>: Equipado con una cremallera invisible y resistente al desgaste para un aspecto elegante y un uso duradero.<\/li>\n<\/ul>\n<p>Elige la Nueva Almohada de Lectura de Doble Dureza para una experiencia personalizable, de apoyo y c\u00f3moda, ya sea que est\u00e9s leyendo, relaj\u00e1ndote o durmiendo.<\/p>\n","protected":false},"excerpt":{"rendered":"<p>Esta vers\u00e1til almohada ofrece niveles de dureza dual para un soporte personalizable: firme en un lado y suave en el otro. Soporta diversas actividades y posiciones de sue\u00f1o, con un dise\u00f1o ergon\u00f3mico para aliviar la presi\u00f3n en el cuello y la columna vertebral. La funda de almohada que absorbe la humedad y es lavable asegura comodidad y durabilidad.<\/p>\n","protected":false},"featured_media":20174,"comment_status":"open","ping_status":"closed","template":"","meta":{"site-sidebar-layout":"default","site-content-layout":"","ast-site-content-layout":"default","site-content-style":"default","site-sidebar-style":"default","ast-global-header-display":"","ast-banner-title-visibility":"","ast-main-header-display":"","ast-hfb-above-header-display":"","ast-hfb-below-header-display":"","ast-hfb-mobile-header-display":"","site-post-title":"","ast-breadcrumbs-content":"","ast-featured-img":"","footer-sml-layout":"","theme-transparent-header-meta":"default","adv-header-id-meta":"","stick-header-meta":"","header-above-stick-meta":"","header-main-stick-meta":"","header-below-stick-meta":"","astra-migrate-meta-layouts":"set","ast-page-background-enabled":"default","ast-page-background-meta":{"desktop":{"background-color":"var(--ast-global-color-4)","background-image":"","background-repeat":"repeat","background-position":"center center","background-size":"auto","background-attachment":"scroll","background-type":"","background-media":"","overlay-type":"","overlay-color":"","overlay-opacity":"","overlay-gradient":""},"tablet":{"background-color":"","background-image":"","background-repeat":"repeat","background-position":"center center","background-size":"auto","background-attachment":"scroll","background-type":"","background-media":"","overlay-type":"","overlay-color":"","overlay-opacity":"","overlay-gradient":""},"mobile":{"background-color":"","background-image":"","background-repeat":"repeat","background-position":"center center","background-size":"auto","background-attachment":"scroll","background-type":"","background-media":"","overlay-type":"","overlay-color":"","overlay-opacity":"","overlay-gradient":""}},"ast-content-background-meta":{"desktop":{"background-color":"var(--ast-global-color-5)","background-image":"","background-repeat":"repeat","background-position":"center center","background-size":"auto","background-attachment":"scroll","background-type":"","background-media":"","overlay-type":"","overlay-color":"","overlay-opacity":"","overlay-gradient":""},"tablet":{"background-color":"var(--ast-global-color-5)","background-image":"","background-repeat":"repeat","background-position":"center center","background-size":"auto","background-attachment":"scroll","background-type":"","background-media":"","overlay-type":"","overlay-color":"","overlay-opacity":"","overlay-gradient":""},"mobile":{"background-color":"var(--ast-global-color-5)","background-image":"","background-repeat":"repeat","background-position":"center center","background-size":"auto","background-attachment":"scroll","background-type":"","background-media":"","overlay-type":"","overlay-color":"","overlay-opacity":"","overlay-gradient":""}}},"product_brand":[],"product_cat":[854,845,926,237],"product_tag":[238,544],"class_list":{"0":"post-20257","1":"product","2":"type-product","3":"status-publish","4":"has-post-thumbnail","6":"product_cat-almohada-corporal","7":"product_cat-almohada-de-cama","8":"product_cat-almohada-para-leer","9":"product_cat-coleccion-de-almohadas","10":"product_tag-almohada","11":"product_tag-espuma-viscoelastica","12":"desktop-align-left","13":"tablet-align-left","14":"mobile-align-left","15":"ast-product-gallery-layout-horizontal-slider","16":"ast-product-single-variable","17":"ast-product-tabs-layout-horizontal","18":"ast-qv-on-image","20":"first","21":"instock","22":"shipping-taxable","23":"purchasable","24":"product-type-variable"},"aioseo_notices":[],"_links":{"self":[{"href":"https:\/\/www.aimycomfort.com\/store\/es\/wp-json\/wp\/v2\/product\/20257","targetHints":{"allow":["GET"]}}],"collection":[{"href":"https:\/\/www.aimycomfort.com\/store\/es\/wp-json\/wp\/v2\/product"}],"about":[{"href":"https:\/\/www.aimycomfort.com\/store\/es\/wp-json\/wp\/v2\/types\/product"}],"replies":[{"embeddable":true,"href":"https:\/\/www.aimycomfort.com\/store\/es\/wp-json\/wp\/v2\/comments?post=20257"}],"wp:featuredmedia":[{"embeddable":true,"href":"https:\/\/www.aimycomfort.com\/store\/es\/wp-json\/wp\/v2\/media\/20174"}],"wp:attachment":[{"href":"https:\/\/www.aimycomfort.com\/store\/es\/wp-json\/wp\/v2\/media?parent=20257"}],"wp:term":[{"taxonomy":"product_brand","embeddable":true,"href":"https:\/\/www.aimycomfort.com\/store\/es\/wp-json\/wp\/v2\/product_brand?post=20257"},{"taxonomy":"product_cat","embeddable":true,"href":"https:\/\/www.aimycomfort.com\/store\/es\/wp-json\/wp\/v2\/product_cat?post=20257"},{"taxonomy":"product_tag","embeddable":true,"href":"https:\/\/www.aimycomfort.com\/store\/es\/wp-json\/wp\/v2\/product_tag?post=20257"}],"curies":[{"name":"wp","href":"https:\/\/api.w.org\/{rel}","templated":true}]}}