{"id":19957,"date":"2024-11-22T05:42:49","date_gmt":"2024-11-22T05:42:49","guid":{"rendered":"https:\/\/www.aimycomfort.com\/store\/product\/healthy-and-comfortable-new-memory-foam-childrens-pillow\/"},"modified":"2024-11-22T08:47:48","modified_gmt":"2024-11-22T08:47:48","slug":"healthy-and-comfortable-new-memory-foam-childrens-pillow","status":"publish","type":"product","link":"https:\/\/www.aimycomfort.com\/store\/es\/producto\/healthy-and-comfortable-new-memory-foam-childrens-pillow\/","title":{"rendered":"Almohada Infantil de Espuma de Memoria Nueva, Saludable y C\u00f3moda"},"content":{"rendered":"<p>Regale a su hijo el regalo de un sue\u00f1o reparador con nuestra Nueva Almohada Infantil de Espuma de Memoria Saludable y C\u00f3moda. Esta almohada est\u00e1 dise\u00f1ada con espuma de memoria de rebote lento que se adapta a la curvatura natural de la columna cervical, proporcionando soporte esencial y alivio de presi\u00f3n. La espuma de memoria asegura un confort de temperatura constante, manteniendo su forma y resiliencia para una experiencia de sue\u00f1o duradera y sin deformaciones.<\/p>\n<h2><strong>Caracter\u00edsticas Clave de la Almohada Infantil<\/strong>:<\/h2>\n<ul>\n<li><strong>Soporte Ergon\u00f3mico<\/strong>: El dise\u00f1o de la almohada se adapta a la curvatura fisiol\u00f3gica de la columna cervical, promoviendo la relajaci\u00f3n y la alineaci\u00f3n adecuada durante el sue\u00f1o.<\/li>\n<li><strong>Espuma de Memoria de Rebote Lento<\/strong>: Ofrece soporte sin presi\u00f3n con retenci\u00f3n de forma duradera, reduciendo la absorci\u00f3n de humedad y mejorando la transpirabilidad.<\/li>\n<li><strong>C\u00f3moda y Transpirable<\/strong>: Hecha de seda de leche suave y terciopelo, la almohada es el\u00e1stica, c\u00f3moda y permite una f\u00e1cil circulaci\u00f3n del aire.<\/li>\n<li><strong>Duradera y F\u00e1cil de Mantener<\/strong>: Presenta un dise\u00f1o de cremallera invisible para facilitar la extracci\u00f3n y limpieza de la funda, asegurando higiene y conveniencia.<\/li>\n<li><strong>Colores Vibrantes<\/strong>: Disponible en Azul, Rosa, Blanco, Amarillo y Rojo, a\u00f1adiendo un toque alegre a cualquier dormitorio infantil.<\/li>\n<\/ul>\n<p>Elija nuestra Almohada Infantil de Espuma de Memoria para proporcionar a su hijo el confort y el soporte que necesita para un sue\u00f1o saludable y reparador.<\/p>\n","protected":false},"excerpt":{"rendered":"<p>Mejore el sue\u00f1o de su hijo con nuestra Almohada Infantil de Espuma de Memoria, que cuenta con espuma de memoria de lenta resiliencia para un soporte cervical \u00f3ptimo y alivio de presi\u00f3n. Hecha de seda de leche suave y terciopelo, es transpirable y c\u00f3moda, con una cremallera invisible para facilitar la limpieza.<\/p>\n","protected":false},"featured_media":19728,"comment_status":"open","ping_status":"closed","template":"","meta":{"site-sidebar-layout":"default","site-content-layout":"","ast-site-content-layout":"default","site-content-style":"default","site-sidebar-style":"default","ast-global-header-display":"","ast-banner-title-visibility":"","ast-main-header-display":"","ast-hfb-above-header-display":"","ast-hfb-below-header-display":"","ast-hfb-mobile-header-display":"","site-post-title":"","ast-breadcrumbs-content":"","ast-featured-img":"","footer-sml-layout":"","theme-transparent-header-meta":"default","adv-header-id-meta":"","stick-header-meta":"","header-above-stick-meta":"","header-main-stick-meta":"","header-below-stick-meta":"","astra-migrate-meta-layouts":"set","ast-page-background-enabled":"default","ast-page-background-meta":{"desktop":{"background-color":"var(--ast-global-color-4)","background-image":"","background-repeat":"repeat","background-position":"center center","background-size":"auto","background-attachment":"scroll","background-type":"","background-media":"","overlay-type":"","overlay-color":"","overlay-opacity":"","overlay-gradient":""},"tablet":{"background-color":"","background-image":"","background-repeat":"repeat","background-position":"center center","background-size":"auto","background-attachment":"scroll","background-type":"","background-media":"","overlay-type":"","overlay-color":"","overlay-opacity":"","overlay-gradient":""},"mobile":{"background-color":"","background-image":"","background-repeat":"repeat","background-position":"center center","background-size":"auto","background-attachment":"scroll","background-type":"","background-media":"","overlay-type":"","overlay-color":"","overlay-opacity":"","overlay-gradient":""}},"ast-content-background-meta":{"desktop":{"background-color":"var(--ast-global-color-5)","background-image":"","background-repeat":"repeat","background-position":"center center","background-size":"auto","background-attachment":"scroll","background-type":"","background-media":"","overlay-type":"","overlay-color":"","overlay-opacity":"","overlay-gradient":""},"tablet":{"background-color":"var(--ast-global-color-5)","background-image":"","background-repeat":"repeat","background-position":"center center","background-size":"auto","background-attachment":"scroll","background-type":"","background-media":"","overlay-type":"","overlay-color":"","overlay-opacity":"","overlay-gradient":""},"mobile":{"background-color":"var(--ast-global-color-5)","background-image":"","background-repeat":"repeat","background-position":"center center","background-size":"auto","background-attachment":"scroll","background-type":"","background-media":"","overlay-type":"","overlay-color":"","overlay-opacity":"","overlay-gradient":""}}},"product_brand":[],"product_cat":[845,917,237],"product_tag":[238,542,544,543],"class_list":{"0":"post-19957","1":"product","2":"type-product","3":"status-publish","4":"has-post-thumbnail","6":"product_cat-almohada-de-cama","7":"product_cat-almohada-para-ninos","8":"product_cat-coleccion-de-almohadas","9":"product_tag-almohada","10":"product_tag-almohada-bebe","11":"product_tag-espuma-viscoelastica","12":"product_tag-protector-de-cuello","13":"desktop-align-left","14":"tablet-align-left","15":"mobile-align-left","16":"ast-product-gallery-layout-horizontal-slider","17":"ast-product-single-variable","18":"ast-product-tabs-layout-horizontal","19":"ast-qv-on-image","21":"first","22":"instock","23":"shipping-taxable","24":"purchasable","25":"product-type-variable"},"aioseo_notices":[],"_links":{"self":[{"href":"https:\/\/www.aimycomfort.com\/store\/es\/wp-json\/wp\/v2\/product\/19957","targetHints":{"allow":["GET"]}}],"collection":[{"href":"https:\/\/www.aimycomfort.com\/store\/es\/wp-json\/wp\/v2\/product"}],"about":[{"href":"https:\/\/www.aimycomfort.com\/store\/es\/wp-json\/wp\/v2\/types\/product"}],"replies":[{"embeddable":true,"href":"https:\/\/www.aimycomfort.com\/store\/es\/wp-json\/wp\/v2\/comments?post=19957"}],"wp:featuredmedia":[{"embeddable":true,"href":"https:\/\/www.aimycomfort.com\/store\/es\/wp-json\/wp\/v2\/media\/19728"}],"wp:attachment":[{"href":"https:\/\/www.aimycomfort.com\/store\/es\/wp-json\/wp\/v2\/media?parent=19957"}],"wp:term":[{"taxonomy":"product_brand","embeddable":true,"href":"https:\/\/www.aimycomfort.com\/store\/es\/wp-json\/wp\/v2\/product_brand?post=19957"},{"taxonomy":"product_cat","embeddable":true,"href":"https:\/\/www.aimycomfort.com\/store\/es\/wp-json\/wp\/v2\/product_cat?post=19957"},{"taxonomy":"product_tag","embeddable":true,"href":"https:\/\/www.aimycomfort.com\/store\/es\/wp-json\/wp\/v2\/product_tag?post=19957"}],"curies":[{"name":"wp","href":"https:\/\/api.w.org\/{rel}","templated":true}]}}