{"id":19905,"date":"2024-11-22T08:13:28","date_gmt":"2024-11-22T08:13:28","guid":{"rendered":"https:\/\/www.aimycomfort.com\/store\/product\/four-seasons-universal-shaped-pillow-for-baby\/"},"modified":"2024-11-22T09:25:05","modified_gmt":"2024-11-22T09:25:05","slug":"four-seasons-universal-shaped-pillow-for-baby","status":"publish","type":"product","link":"https:\/\/www.aimycomfort.com\/store\/es\/producto\/four-seasons-universal-shaped-pillow-for-baby\/","title":{"rendered":"Almohada Moldeada Universal para Beb\u00e9 de Cuatro Estaciones"},"content":{"rendered":"<p>La Almohada Moldeada puede proporcionar a su beb\u00e9 la m\u00e1xima comodidad y seguridad con nuestra Baby Four Seasons Universal. Esta almohada est\u00e1 dise\u00f1ada para ofrecer un fuerte soporte con una funda suave y c\u00f3moda, asegurando que su beb\u00e9 duerma profundamente durante todo el a\u00f1o. La almohada cuenta con un sistema de protecci\u00f3n del cuello cient\u00edficamente dise\u00f1ado que es amigable con la piel y libre de agentes fluorescentes, lo que la hace segura para la delicada piel de su beb\u00e9.<\/p>\n<h2><strong>Caracter\u00edsticas Clave de la Almohada Moldeada<\/strong>:<\/h2>\n<ul>\n<li><strong>Soporte y Comodidad<\/strong>: El n\u00facleo de la almohada proporciona un fuerte soporte, mientras que la funda suave asegura comodidad. Est\u00e1 dise\u00f1ada para proteger el cuello de manera segura y efectiva.<\/li>\n<li><strong>Transpirable y Amigable con la Piel<\/strong>: Hecha de tela modal, la almohada absorbe el sudor y la humedad, manteniendo a su beb\u00e9 seco y c\u00f3modo. El n\u00facleo interno transpirable en forma de panal previene la congesti\u00f3n y se puede lavar con agua.<\/li>\n<li><strong>Higi\u00e9nica y F\u00e1cil de Limpiar<\/strong>: Toda la almohada es lavable, lo que le permite eliminar f\u00e1cilmente el sudor y las manchas de leche, y resistir bacterias y moho.<\/li>\n<li><strong>Grosor Ajustable<\/strong>: Con dos dise\u00f1os de grosor, la almohada se adapta a diferentes edades. La altura total es inferior a 3.5 cm, previniendo la compresi\u00f3n de las orejas y los riesgos de asfixia. La altura de la almohada para el cuello es de 1 cm, proporcionando un soporte adecuado sin afectar la alineaci\u00f3n de la columna vertebral.<\/li>\n<li><strong>Dise\u00f1o Seguro<\/strong>: La teor\u00eda patentada de soporte suave posterior del cuello asegura que la almohada no obstruya la respiraci\u00f3n ni interfiera con la curva natural de la parte posterior de la cabeza.<\/li>\n<\/ul>\n<p>Elija la Almohada Moldeada Universal Baby Four Seasons para una soluci\u00f3n de sue\u00f1o segura, suave y transpirable que apoya la comodidad y el bienestar de su beb\u00e9 durante todo el a\u00f1o.<\/p>\n","protected":false},"excerpt":{"rendered":"<p>Nuestra Almohada Moldeada Universal para Beb\u00e9s de Cuatro Estaciones ofrece un fuerte soporte y comodidad transpirable con una funda de tela modal suave que absorbe la humedad. Es completamente lavable y cuenta con un grosor ajustable para un soporte seguro del cuello.<\/p>\n","protected":false},"featured_media":19802,"comment_status":"open","ping_status":"closed","template":"","meta":{"site-sidebar-layout":"default","site-content-layout":"","ast-site-content-layout":"default","site-content-style":"default","site-sidebar-style":"default","ast-global-header-display":"","ast-banner-title-visibility":"","ast-main-header-display":"","ast-hfb-above-header-display":"","ast-hfb-below-header-display":"","ast-hfb-mobile-header-display":"","site-post-title":"","ast-breadcrumbs-content":"","ast-featured-img":"","footer-sml-layout":"","theme-transparent-header-meta":"default","adv-header-id-meta":"","stick-header-meta":"","header-above-stick-meta":"","header-main-stick-meta":"","header-below-stick-meta":"","astra-migrate-meta-layouts":"set","ast-page-background-enabled":"default","ast-page-background-meta":{"desktop":{"background-color":"var(--ast-global-color-4)","background-image":"","background-repeat":"repeat","background-position":"center center","background-size":"auto","background-attachment":"scroll","background-type":"","background-media":"","overlay-type":"","overlay-color":"","overlay-opacity":"","overlay-gradient":""},"tablet":{"background-color":"","background-image":"","background-repeat":"repeat","background-position":"center center","background-size":"auto","background-attachment":"scroll","background-type":"","background-media":"","overlay-type":"","overlay-color":"","overlay-opacity":"","overlay-gradient":""},"mobile":{"background-color":"","background-image":"","background-repeat":"repeat","background-position":"center center","background-size":"auto","background-attachment":"scroll","background-type":"","background-media":"","overlay-type":"","overlay-color":"","overlay-opacity":"","overlay-gradient":""}},"ast-content-background-meta":{"desktop":{"background-color":"var(--ast-global-color-5)","background-image":"","background-repeat":"repeat","background-position":"center center","background-size":"auto","background-attachment":"scroll","background-type":"","background-media":"","overlay-type":"","overlay-color":"","overlay-opacity":"","overlay-gradient":""},"tablet":{"background-color":"var(--ast-global-color-5)","background-image":"","background-repeat":"repeat","background-position":"center center","background-size":"auto","background-attachment":"scroll","background-type":"","background-media":"","overlay-type":"","overlay-color":"","overlay-opacity":"","overlay-gradient":""},"mobile":{"background-color":"var(--ast-global-color-5)","background-image":"","background-repeat":"repeat","background-position":"center center","background-size":"auto","background-attachment":"scroll","background-type":"","background-media":"","overlay-type":"","overlay-color":"","overlay-opacity":"","overlay-gradient":""}}},"product_brand":[],"product_cat":[845,917,237],"product_tag":[238,542,543,601],"class_list":{"0":"post-19905","1":"product","2":"type-product","3":"status-publish","4":"has-post-thumbnail","6":"product_cat-almohada-de-cama","7":"product_cat-almohada-para-ninos","8":"product_cat-coleccion-de-almohadas","9":"product_tag-almohada","10":"product_tag-almohada-bebe","11":"product_tag-protector-de-cuello","12":"product_tag-ergonomicsupport-es","13":"desktop-align-left","14":"tablet-align-left","15":"mobile-align-left","16":"ast-product-gallery-layout-horizontal-slider","17":"ast-product-single-variable","18":"ast-product-tabs-layout-horizontal","19":"ast-qv-on-image","21":"first","22":"instock","23":"shipping-taxable","24":"purchasable","25":"product-type-variable"},"aioseo_notices":[],"_links":{"self":[{"href":"https:\/\/www.aimycomfort.com\/store\/es\/wp-json\/wp\/v2\/product\/19905","targetHints":{"allow":["GET"]}}],"collection":[{"href":"https:\/\/www.aimycomfort.com\/store\/es\/wp-json\/wp\/v2\/product"}],"about":[{"href":"https:\/\/www.aimycomfort.com\/store\/es\/wp-json\/wp\/v2\/types\/product"}],"replies":[{"embeddable":true,"href":"https:\/\/www.aimycomfort.com\/store\/es\/wp-json\/wp\/v2\/comments?post=19905"}],"wp:featuredmedia":[{"embeddable":true,"href":"https:\/\/www.aimycomfort.com\/store\/es\/wp-json\/wp\/v2\/media\/19802"}],"wp:attachment":[{"href":"https:\/\/www.aimycomfort.com\/store\/es\/wp-json\/wp\/v2\/media?parent=19905"}],"wp:term":[{"taxonomy":"product_brand","embeddable":true,"href":"https:\/\/www.aimycomfort.com\/store\/es\/wp-json\/wp\/v2\/product_brand?post=19905"},{"taxonomy":"product_cat","embeddable":true,"href":"https:\/\/www.aimycomfort.com\/store\/es\/wp-json\/wp\/v2\/product_cat?post=19905"},{"taxonomy":"product_tag","embeddable":true,"href":"https:\/\/www.aimycomfort.com\/store\/es\/wp-json\/wp\/v2\/product_tag?post=19905"}],"curies":[{"name":"wp","href":"https:\/\/api.w.org\/{rel}","templated":true}]}}