{"id":19619,"date":"2024-11-21T03:21:04","date_gmt":"2024-11-21T03:21:04","guid":{"rendered":"https:\/\/www.aimycomfort.com\/store\/product\/upgraded-memory-foam-strong-support-cushion\/"},"modified":"2024-11-21T07:05:01","modified_gmt":"2024-11-21T07:05:01","slug":"upgraded-memory-foam-strong-support-cushion","status":"publish","type":"product","link":"https:\/\/www.aimycomfort.com\/store\/es\/producto\/upgraded-memory-foam-strong-support-cushion\/","title":{"rendered":"Coj\u00edn de Soporte Fuerte de Espuma de Memoria Mejorado"},"content":{"rendered":"<p>Descubre el m\u00e1ximo confort al sentarte con nuestro Coj\u00edn de Soporte Fuerte de Espuma de Memoria Mejorado. Dise\u00f1ado para liberar la presi\u00f3n en los gl\u00fateos y proteger la columna lumbar, este coj\u00edn asegura una experiencia placentera al sentarse mientras ayuda a corregir la forma de las piernas. Su dise\u00f1o ergon\u00f3mico se ajusta al coxis, aliviando la presi\u00f3n y promoviendo una postura saludable.<\/p>\n<h2><strong>Caracter\u00edsticas Clave del Coj\u00edn de Soporte Fuerte<\/strong>:<\/h2>\n<ul>\n<li><strong>Dise\u00f1o Ergon\u00f3mico<\/strong>: Soporta largas sesiones de estar sentado sin dolor, gracias a su mec\u00e1nica del cuerpo humano.<\/li>\n<li><strong>Material Transpirable<\/strong>: Hecho de fibra de poli\u00e9ster con un forro transpirable para prevenir la sensaci\u00f3n de bochorno y sudor.<\/li>\n<li><strong>Espuma de Memoria<\/strong>: Ecol\u00f3gica, duradera y con un rebote lento para mayor comodidad.<\/li>\n<li><strong>Dise\u00f1o Hueco en Forma de U<\/strong>: Previene la compresi\u00f3n del coxis y promueve una postura adecuada.<\/li>\n<li><strong>Base Antideslizante<\/strong>: Textura adhesiva que asegura estabilidad en cualquier superficie.<\/li>\n<\/ul>\n<p>Mejora tu asiento con este coj\u00edn, perfecto para mantener la comodidad y el soporte en cualquier entorno.<\/p>\n","protected":false},"excerpt":{"rendered":"<p>Mejora tu comodidad al sentarte con nuestro Coj\u00edn de Soporte Fuerte de Espuma de Memoria Mejorado. Dise\u00f1ado para aliviar la presi\u00f3n en los gl\u00fateos y proteger la columna lumbar, cuenta con un dise\u00f1o hueco en forma de U para prevenir la compresi\u00f3n del coxis.<\/p>\n<p>Hecho de fibra de poli\u00e9ster transpirable y espuma de memoria duradera, asegura una experiencia c\u00f3moda y sin sudor. La base antideslizante lo mantiene firmemente en su lugar, haci\u00e9ndolo ideal para sesiones prolongadas de estar sentado.<\/p>\n","protected":false},"featured_media":19243,"comment_status":"open","ping_status":"closed","template":"","meta":{"site-sidebar-layout":"default","site-content-layout":"","ast-site-content-layout":"default","site-content-style":"default","site-sidebar-style":"default","ast-global-header-display":"","ast-banner-title-visibility":"","ast-main-header-display":"","ast-hfb-above-header-display":"","ast-hfb-below-header-display":"","ast-hfb-mobile-header-display":"","site-post-title":"","ast-breadcrumbs-content":"","ast-featured-img":"","footer-sml-layout":"","theme-transparent-header-meta":"default","adv-header-id-meta":"","stick-header-meta":"","header-above-stick-meta":"","header-main-stick-meta":"","header-below-stick-meta":"","astra-migrate-meta-layouts":"set","ast-page-background-enabled":"default","ast-page-background-meta":{"desktop":{"background-color":"var(--ast-global-color-4)","background-image":"","background-repeat":"repeat","background-position":"center center","background-size":"auto","background-attachment":"scroll","background-type":"","background-media":"","overlay-type":"","overlay-color":"","overlay-opacity":"","overlay-gradient":""},"tablet":{"background-color":"","background-image":"","background-repeat":"repeat","background-position":"center center","background-size":"auto","background-attachment":"scroll","background-type":"","background-media":"","overlay-type":"","overlay-color":"","overlay-opacity":"","overlay-gradient":""},"mobile":{"background-color":"","background-image":"","background-repeat":"repeat","background-position":"center center","background-size":"auto","background-attachment":"scroll","background-type":"","background-media":"","overlay-type":"","overlay-color":"","overlay-opacity":"","overlay-gradient":""}},"ast-content-background-meta":{"desktop":{"background-color":"var(--ast-global-color-5)","background-image":"","background-repeat":"repeat","background-position":"center center","background-size":"auto","background-attachment":"scroll","background-type":"","background-media":"","overlay-type":"","overlay-color":"","overlay-opacity":"","overlay-gradient":""},"tablet":{"background-color":"var(--ast-global-color-5)","background-image":"","background-repeat":"repeat","background-position":"center center","background-size":"auto","background-attachment":"scroll","background-type":"","background-media":"","overlay-type":"","overlay-color":"","overlay-opacity":"","overlay-gradient":""},"mobile":{"background-color":"var(--ast-global-color-5)","background-image":"","background-repeat":"repeat","background-position":"center center","background-size":"auto","background-attachment":"scroll","background-type":"","background-media":"","overlay-type":"","overlay-color":"","overlay-opacity":"","overlay-gradient":""}}},"product_brand":[],"product_cat":[317],"product_tag":[235,518,318,544,601],"class_list":{"0":"post-19619","1":"product","2":"type-product","3":"status-publish","4":"has-post-thumbnail","6":"product_cat-cojin","7":"product_tag-alivio-de-presion","8":"product_tag-comfort-seating-es","9":"product_tag-cojin","10":"product_tag-espuma-viscoelastica","11":"product_tag-ergonomicsupport-es","12":"desktop-align-left","13":"tablet-align-left","14":"mobile-align-left","15":"ast-product-gallery-layout-horizontal-slider","16":"ast-product-single-variable","17":"ast-product-tabs-layout-horizontal","18":"ast-qv-on-image","20":"first","21":"instock","22":"shipping-taxable","23":"purchasable","24":"product-type-variable"},"aioseo_notices":[],"_links":{"self":[{"href":"https:\/\/www.aimycomfort.com\/store\/es\/wp-json\/wp\/v2\/product\/19619","targetHints":{"allow":["GET"]}}],"collection":[{"href":"https:\/\/www.aimycomfort.com\/store\/es\/wp-json\/wp\/v2\/product"}],"about":[{"href":"https:\/\/www.aimycomfort.com\/store\/es\/wp-json\/wp\/v2\/types\/product"}],"replies":[{"embeddable":true,"href":"https:\/\/www.aimycomfort.com\/store\/es\/wp-json\/wp\/v2\/comments?post=19619"}],"wp:featuredmedia":[{"embeddable":true,"href":"https:\/\/www.aimycomfort.com\/store\/es\/wp-json\/wp\/v2\/media\/19243"}],"wp:attachment":[{"href":"https:\/\/www.aimycomfort.com\/store\/es\/wp-json\/wp\/v2\/media?parent=19619"}],"wp:term":[{"taxonomy":"product_brand","embeddable":true,"href":"https:\/\/www.aimycomfort.com\/store\/es\/wp-json\/wp\/v2\/product_brand?post=19619"},{"taxonomy":"product_cat","embeddable":true,"href":"https:\/\/www.aimycomfort.com\/store\/es\/wp-json\/wp\/v2\/product_cat?post=19619"},{"taxonomy":"product_tag","embeddable":true,"href":"https:\/\/www.aimycomfort.com\/store\/es\/wp-json\/wp\/v2\/product_tag?post=19619"}],"curies":[{"name":"wp","href":"https:\/\/api.w.org\/{rel}","templated":true}]}}