{"id":18265,"date":"2024-11-18T05:32:08","date_gmt":"2024-11-18T05:32:08","guid":{"rendered":"https:\/\/www.aimycomfort.com\/store\/product\/three-piece-set-of-triangular-bird-eye-wedge-shaped-pillow-backrest\/"},"modified":"2024-11-18T08:23:04","modified_gmt":"2024-11-18T08:23:04","slug":"three-piece-set-of-triangular-bird-eye-wedge-shaped-pillow-backrest","status":"publish","type":"product","link":"https:\/\/www.aimycomfort.com\/store\/es\/producto\/three-piece-set-of-triangular-bird-eye-wedge-shaped-pillow-backrest\/","title":{"rendered":"Juego de Tres Piezas de Almohada en Forma de Cu\u00f1a con Respaldo en Forma de Ojo de P\u00e1jaro Triangular"},"content":{"rendered":"<p>El Juego de Tres Piezas de Almohada en Forma de Cu\u00f1a con Respaldo en Forma de Ojo de P\u00e1jaro Triangular es un sistema de soporte vers\u00e1til dise\u00f1ado para proporcionar comodidad y alivio integral. Perfecto para prevenir el reflujo \u00e1cido y particularmente beneficioso para mujeres embarazadas, este conjunto ayuda a prevenir dificultades respiratorias y ronquidos mientras alivia el dolor de cuello y espalda.<\/p>\n<h3>Caracter\u00edsticas Clave:<\/h3>\n<ul>\n<li><strong>Dise\u00f1o 12 en 1:<\/strong><br \/>\nOfrece m\u00faltiples configuraciones, incluyendo:<\/p>\n<ul>\n<li>Respaldo para sentarse<\/li>\n<li>Soporte para tobillos<\/li>\n<li>Soporte lumbar<\/li>\n<li>Posiciones de inclinaci\u00f3n alta\/moderada\/baja<\/li>\n<li>Soporte para brazos<\/li>\n<li>Soporte para piernas alto\/bajo<\/li>\n<li>Posiciones de inclinaci\u00f3n con soporte para la cabeza<\/li>\n<li>Sentarse con soporte para la cabeza<\/li>\n<\/ul>\n<\/li>\n<li><strong>Soporte Completo del Cuerpo:<\/strong>\n<ul>\n<li>Soporta las articulaciones de la cabeza y el cuello<\/li>\n<li>Proporciona soporte para la cintura y la espalda<\/li>\n<li>Ayuda a la alineaci\u00f3n de las articulaciones de la cintura y la cadera<\/li>\n<li>Ayuda a la extensi\u00f3n natural de la columna<\/li>\n<\/ul>\n<\/li>\n<li><strong>Amigable para el Embarazo:<\/strong><br \/>\nDise\u00f1ado especialmente para ayudar a las mujeres embarazadas a respirar m\u00e1s f\u00e1cilmente y reducir los ronquidos durante el sue\u00f1o.<\/li>\n<li><strong>Caracter\u00edsticas Convenientes:<\/strong>\n<ul>\n<li>Funda lavable a m\u00e1quina<\/li>\n<li>Dise\u00f1o port\u00e1til<\/li>\n<li>Trabajo detallado atento para m\u00e1xima comodidad<\/li>\n<\/ul>\n<\/li>\n<\/ul>\n<p>Transforma tu experiencia de confort con este vers\u00e1til juego de tres piezas, dise\u00f1ado para proporcionar soporte integral para diversas posiciones y necesidades del cuerpo.<\/p>\n","protected":false},"excerpt":{"rendered":"<p>Este vers\u00e1til juego de almohadas en cu\u00f1a de tres piezas ofrece una funcionalidad 12 en 1, perfecto para prevenir el reflujo \u00e1cido y proporcionar un soporte corporal integral. Especialmente beneficioso para mujeres embarazadas, ayuda a prevenir dificultades respiratorias y ronquidos mientras alivia el dolor de cuello y espalda. El conjunto apoya la extensi\u00f3n natural de la columna vertebral y ofrece m\u00faltiples configuraciones para posiciones de sentado, acostado y reclinado. Con su funda lavable a m\u00e1quina y dise\u00f1o port\u00e1til, este juego de almohadas combina funcionalidad con conveniencia, asegurando comodidad en cualquier posici\u00f3n que elijas.<\/p>\n","protected":false},"featured_media":17925,"comment_status":"open","ping_status":"closed","template":"","meta":{"site-sidebar-layout":"default","site-content-layout":"","ast-site-content-layout":"default","site-content-style":"default","site-sidebar-style":"default","ast-global-header-display":"","ast-banner-title-visibility":"","ast-main-header-display":"","ast-hfb-above-header-display":"","ast-hfb-below-header-display":"","ast-hfb-mobile-header-display":"","site-post-title":"","ast-breadcrumbs-content":"","ast-featured-img":"","footer-sml-layout":"","theme-transparent-header-meta":"default","adv-header-id-meta":"","stick-header-meta":"","header-above-stick-meta":"","header-main-stick-meta":"","header-below-stick-meta":"","astra-migrate-meta-layouts":"set","ast-page-background-enabled":"default","ast-page-background-meta":{"desktop":{"background-color":"var(--ast-global-color-4)","background-image":"","background-repeat":"repeat","background-position":"center center","background-size":"auto","background-attachment":"scroll","background-type":"","background-media":"","overlay-type":"","overlay-color":"","overlay-opacity":"","overlay-gradient":""},"tablet":{"background-color":"","background-image":"","background-repeat":"repeat","background-position":"center center","background-size":"auto","background-attachment":"scroll","background-type":"","background-media":"","overlay-type":"","overlay-color":"","overlay-opacity":"","overlay-gradient":""},"mobile":{"background-color":"","background-image":"","background-repeat":"repeat","background-position":"center center","background-size":"auto","background-attachment":"scroll","background-type":"","background-media":"","overlay-type":"","overlay-color":"","overlay-opacity":"","overlay-gradient":""}},"ast-content-background-meta":{"desktop":{"background-color":"var(--ast-global-color-5)","background-image":"","background-repeat":"repeat","background-position":"center center","background-size":"auto","background-attachment":"scroll","background-type":"","background-media":"","overlay-type":"","overlay-color":"","overlay-opacity":"","overlay-gradient":""},"tablet":{"background-color":"var(--ast-global-color-5)","background-image":"","background-repeat":"repeat","background-position":"center center","background-size":"auto","background-attachment":"scroll","background-type":"","background-media":"","overlay-type":"","overlay-color":"","overlay-opacity":"","overlay-gradient":""},"mobile":{"background-color":"var(--ast-global-color-5)","background-image":"","background-repeat":"repeat","background-position":"center center","background-size":"auto","background-attachment":"scroll","background-type":"","background-media":"","overlay-type":"","overlay-color":"","overlay-opacity":"","overlay-gradient":""}}},"product_brand":[],"product_cat":[854,845,730,935,134],"product_tag":[238],"class_list":{"0":"post-18265","1":"product","2":"type-product","3":"status-publish","4":"has-post-thumbnail","6":"product_cat-almohada-corporal","7":"product_cat-almohada-de-cama","8":"product_cat-pregnancy-pillow-es","9":"product_cat-almohada-en-cuna","10":"product_cat-apoyo-lumbar","11":"product_tag-almohada","12":"desktop-align-left","13":"tablet-align-left","14":"mobile-align-left","15":"ast-product-gallery-layout-horizontal-slider","16":"ast-product-single-variable","17":"ast-product-tabs-layout-horizontal","18":"ast-qv-on-image","20":"first","21":"instock","22":"shipping-taxable","23":"purchasable","24":"product-type-variable"},"aioseo_notices":[],"_links":{"self":[{"href":"https:\/\/www.aimycomfort.com\/store\/es\/wp-json\/wp\/v2\/product\/18265","targetHints":{"allow":["GET"]}}],"collection":[{"href":"https:\/\/www.aimycomfort.com\/store\/es\/wp-json\/wp\/v2\/product"}],"about":[{"href":"https:\/\/www.aimycomfort.com\/store\/es\/wp-json\/wp\/v2\/types\/product"}],"replies":[{"embeddable":true,"href":"https:\/\/www.aimycomfort.com\/store\/es\/wp-json\/wp\/v2\/comments?post=18265"}],"wp:featuredmedia":[{"embeddable":true,"href":"https:\/\/www.aimycomfort.com\/store\/es\/wp-json\/wp\/v2\/media\/17925"}],"wp:attachment":[{"href":"https:\/\/www.aimycomfort.com\/store\/es\/wp-json\/wp\/v2\/media?parent=18265"}],"wp:term":[{"taxonomy":"product_brand","embeddable":true,"href":"https:\/\/www.aimycomfort.com\/store\/es\/wp-json\/wp\/v2\/product_brand?post=18265"},{"taxonomy":"product_cat","embeddable":true,"href":"https:\/\/www.aimycomfort.com\/store\/es\/wp-json\/wp\/v2\/product_cat?post=18265"},{"taxonomy":"product_tag","embeddable":true,"href":"https:\/\/www.aimycomfort.com\/store\/es\/wp-json\/wp\/v2\/product_tag?post=18265"}],"curies":[{"name":"wp","href":"https:\/\/api.w.org\/{rel}","templated":true}]}}