{"id":18247,"date":"2024-11-18T06:02:43","date_gmt":"2024-11-18T06:02:43","guid":{"rendered":"https:\/\/www.aimycomfort.com\/store\/product\/17986\/"},"modified":"2024-11-18T08:41:32","modified_gmt":"2024-11-18T08:41:32","slug":"17986","status":"publish","type":"product","link":"https:\/\/www.aimycomfort.com\/store\/es\/producto\/17986\/","title":{"rendered":"Almohada en Forma de Cu\u00f1a Triangular para Relleno de Costura de Cama con Bolsillo"},"content":{"rendered":"<p>La Almohada en Forma de Cu\u00f1a Triangular con Bolsillo para Relleno de Costura de Cama es una soluci\u00f3n innovadora dise\u00f1ada para mejorar tu experiencia de sue\u00f1o mientras a\u00f1ade funcionalidad pr\u00e1ctica a tu configuraci\u00f3n de cama. Esta almohada ergon\u00f3micamente dise\u00f1ada se ajusta perfectamente en las costuras de la cama, evitando que los objetos caigan entre la cama y la pared, al tiempo que proporciona almacenamiento adicional.<\/p>\n<h3>Caracter\u00edsticas Clave:<\/h3>\n<ul>\n<li><strong>Dise\u00f1o Ergon\u00f3mico:<\/strong><br \/>\nCuidadosamente dise\u00f1ada para ayudarte a disfrutar de la mejor experiencia de sue\u00f1o mientras mantiene la funcionalidad.<\/li>\n<li><strong>Bolsillo Incorporado:<\/strong><br \/>\nCuenta con un dise\u00f1o de bolsillo con cremallera conveniente para almacenar peque\u00f1os objetos al alcance de la mano.<\/li>\n<li><strong>Prevenci\u00f3n de Espacios:<\/strong><br \/>\nLlena eficazmente el espacio entre la cama y la pared, evitando que los objetos caigan debajo.<\/li>\n<li><strong>F\u00e1cil Mantenimiento:<\/strong><br \/>\nDise\u00f1o lavable a m\u00e1quina que hace que la limpieza sea simple y conveniente.<\/li>\n<li><strong>Materiales de Calidad:<\/strong><br \/>\nHecha con tela suave, transpirable y duradera que es suave con la piel.<\/li>\n<\/ul>\n<p>Transforma tu espacio de cama con esta pr\u00e1ctica y c\u00f3moda almohada en cu\u00f1a, combinando soluci\u00f3n de almacenamiento con mejora de confort.<\/p>\n","protected":false},"excerpt":{"rendered":"<p>La Almohada en Forma de Cu\u00f1a Triangular para Relleno de Costura de Cama combina practicidad con comodidad, presentando un dise\u00f1o ergon\u00f3mico y un conveniente bolsillo incorporado con cremallera. Esta innovadora almohada llena eficazmente el espacio entre tu cama y la pared, evitando que los objetos caigan debajo mientras proporciona espacio de almacenamiento adicional. Hecha con tela suave y transpirable, es lavable a m\u00e1quina y amigable con la piel, lo que la convierte en la soluci\u00f3n perfecta para organizar tu espacio de cama mientras mejora la comodidad.<\/p>\n","protected":false},"featured_media":18007,"comment_status":"open","ping_status":"closed","template":"","meta":{"site-sidebar-layout":"default","site-content-layout":"","ast-site-content-layout":"default","site-content-style":"default","site-sidebar-style":"default","ast-global-header-display":"","ast-banner-title-visibility":"","ast-main-header-display":"","ast-hfb-above-header-display":"","ast-hfb-below-header-display":"","ast-hfb-mobile-header-display":"","site-post-title":"","ast-breadcrumbs-content":"","ast-featured-img":"","footer-sml-layout":"","theme-transparent-header-meta":"default","adv-header-id-meta":"","stick-header-meta":"","header-above-stick-meta":"","header-main-stick-meta":"","header-below-stick-meta":"","astra-migrate-meta-layouts":"set","ast-page-background-enabled":"default","ast-page-background-meta":{"desktop":{"background-color":"var(--ast-global-color-4)","background-image":"","background-repeat":"repeat","background-position":"center center","background-size":"auto","background-attachment":"scroll","background-type":"","background-media":"","overlay-type":"","overlay-color":"","overlay-opacity":"","overlay-gradient":""},"tablet":{"background-color":"","background-image":"","background-repeat":"repeat","background-position":"center center","background-size":"auto","background-attachment":"scroll","background-type":"","background-media":"","overlay-type":"","overlay-color":"","overlay-opacity":"","overlay-gradient":""},"mobile":{"background-color":"","background-image":"","background-repeat":"repeat","background-position":"center center","background-size":"auto","background-attachment":"scroll","background-type":"","background-media":"","overlay-type":"","overlay-color":"","overlay-opacity":"","overlay-gradient":""}},"ast-content-background-meta":{"desktop":{"background-color":"var(--ast-global-color-5)","background-image":"","background-repeat":"repeat","background-position":"center center","background-size":"auto","background-attachment":"scroll","background-type":"","background-media":"","overlay-type":"","overlay-color":"","overlay-opacity":"","overlay-gradient":""},"tablet":{"background-color":"var(--ast-global-color-5)","background-image":"","background-repeat":"repeat","background-position":"center center","background-size":"auto","background-attachment":"scroll","background-type":"","background-media":"","overlay-type":"","overlay-color":"","overlay-opacity":"","overlay-gradient":""},"mobile":{"background-color":"var(--ast-global-color-5)","background-image":"","background-repeat":"repeat","background-position":"center center","background-size":"auto","background-attachment":"scroll","background-type":"","background-media":"","overlay-type":"","overlay-color":"","overlay-opacity":"","overlay-gradient":""}}},"product_brand":[],"product_cat":[845,935,826],"product_tag":[238,518,544],"class_list":{"0":"post-18247","1":"product","2":"type-product","3":"status-publish","4":"has-post-thumbnail","6":"product_cat-almohada-de-cama","7":"product_cat-almohada-en-cuna","8":"product_cat-cojin-lumbar-para-dormir","9":"product_tag-almohada","10":"product_tag-comfort-seating-es","11":"product_tag-espuma-viscoelastica","12":"desktop-align-left","13":"tablet-align-left","14":"mobile-align-left","15":"ast-product-gallery-layout-horizontal-slider","16":"ast-product-single-variable","17":"ast-product-tabs-layout-horizontal","18":"ast-qv-on-image","20":"first","21":"instock","22":"shipping-taxable","23":"purchasable","24":"product-type-variable"},"aioseo_notices":[],"_links":{"self":[{"href":"https:\/\/www.aimycomfort.com\/store\/es\/wp-json\/wp\/v2\/product\/18247","targetHints":{"allow":["GET"]}}],"collection":[{"href":"https:\/\/www.aimycomfort.com\/store\/es\/wp-json\/wp\/v2\/product"}],"about":[{"href":"https:\/\/www.aimycomfort.com\/store\/es\/wp-json\/wp\/v2\/types\/product"}],"replies":[{"embeddable":true,"href":"https:\/\/www.aimycomfort.com\/store\/es\/wp-json\/wp\/v2\/comments?post=18247"}],"wp:featuredmedia":[{"embeddable":true,"href":"https:\/\/www.aimycomfort.com\/store\/es\/wp-json\/wp\/v2\/media\/18007"}],"wp:attachment":[{"href":"https:\/\/www.aimycomfort.com\/store\/es\/wp-json\/wp\/v2\/media?parent=18247"}],"wp:term":[{"taxonomy":"product_brand","embeddable":true,"href":"https:\/\/www.aimycomfort.com\/store\/es\/wp-json\/wp\/v2\/product_brand?post=18247"},{"taxonomy":"product_cat","embeddable":true,"href":"https:\/\/www.aimycomfort.com\/store\/es\/wp-json\/wp\/v2\/product_cat?post=18247"},{"taxonomy":"product_tag","embeddable":true,"href":"https:\/\/www.aimycomfort.com\/store\/es\/wp-json\/wp\/v2\/product_tag?post=18247"}],"curies":[{"name":"wp","href":"https:\/\/api.w.org\/{rel}","templated":true}]}}