{"id":18229,"date":"2024-11-18T07:44:17","date_gmt":"2024-11-18T07:44:17","guid":{"rendered":"https:\/\/www.aimycomfort.com\/store\/product\/three-layer-adjustable-wedge-pillow\/"},"modified":"2024-11-18T08:05:16","modified_gmt":"2024-11-18T08:05:16","slug":"three-layer-adjustable-wedge-pillow","status":"publish","type":"product","link":"https:\/\/www.aimycomfort.com\/store\/es\/producto\/three-layer-adjustable-wedge-pillow\/","title":{"rendered":"Almohada de Cu\u00f1a Ajustable de Tres Capas"},"content":{"rendered":"<p>La Almohada de Cu\u00f1a Ajustable de Tres Capas es una soluci\u00f3n innovadora de confort que presenta un dise\u00f1o dividido que permite una posici\u00f3n personalizable. Esta vers\u00e1til almohada combina practicidad con comodidad, ofreciendo \u00e1ngulos ajustables para adaptarse a tus necesidades espec\u00edficas.<\/p>\n<h3>Caracter\u00edsticas Clave:<\/h3>\n<ul>\n<li><strong>Dise\u00f1o Ajustable:<\/strong><br \/>\nConstrucci\u00f3n dividida con una almohada base y un respaldo que permite \u00e1ngulos personalizables, ayud\u00e1ndote a encontrar tu posici\u00f3n perfecta.<\/li>\n<li><strong>Tecnolog\u00eda de Espuma de Memoria:<\/strong><br \/>\nPresenta una esponja de memoria de rebote lento que se adapta a tu cuerpo para un confort \u00f3ptimo.<\/li>\n<li><strong>Almacenamiento Conveniente:<\/strong><br \/>\nIncluye un bolsillo lateral perfecto para guardar tel\u00e9fonos m\u00f3viles y otros art\u00edculos peque\u00f1os al alcance de la mano.<\/li>\n<li><strong>Reposacabezas Incluido:<\/strong><br \/>\nViene con un reposacabezas dedicado para mayor comodidad y soporte.<\/li>\n<li><strong>Mantenimiento F\u00e1cil:<\/strong><br \/>\nEl dise\u00f1o de funda removible hace que la limpieza sea simple y conveniente.<\/li>\n<\/ul>\n<p>Experimenta un confort personalizable con esta almohada de cu\u00f1a de tres capas, dise\u00f1ada para proporcionar el \u00e1ngulo de soporte perfecto para tus necesidades.<\/p>\n","protected":false},"excerpt":{"rendered":"<p>La Almohada de Cu\u00f1a Ajustable de Tres Capas presenta un dise\u00f1o innovador dividido que te permite personalizar tu comodidad con \u00e1ngulos ajustables. Fabricada con espuma de memoria de rebote lento, incluye un conveniente bolsillo lateral para almacenamiento y viene con un reposacabezas para mayor soporte. La funda removible facilita el mantenimiento, mientras que el dise\u00f1o vers\u00e1til asegura que puedas encontrar tu posici\u00f3n perfecta para leer, relajarte o dormir.<\/p>\n","protected":false},"featured_media":18142,"comment_status":"open","ping_status":"closed","template":"","meta":{"site-sidebar-layout":"default","site-content-layout":"","ast-site-content-layout":"default","site-content-style":"default","site-sidebar-style":"default","ast-global-header-display":"","ast-banner-title-visibility":"","ast-main-header-display":"","ast-hfb-above-header-display":"","ast-hfb-below-header-display":"","ast-hfb-mobile-header-display":"","site-post-title":"","ast-breadcrumbs-content":"","ast-featured-img":"","footer-sml-layout":"","theme-transparent-header-meta":"default","adv-header-id-meta":"","stick-header-meta":"","header-above-stick-meta":"","header-main-stick-meta":"","header-below-stick-meta":"","astra-migrate-meta-layouts":"set","ast-page-background-enabled":"default","ast-page-background-meta":{"desktop":{"background-color":"var(--ast-global-color-4)","background-image":"","background-repeat":"repeat","background-position":"center center","background-size":"auto","background-attachment":"scroll","background-type":"","background-media":"","overlay-type":"","overlay-color":"","overlay-opacity":"","overlay-gradient":""},"tablet":{"background-color":"","background-image":"","background-repeat":"repeat","background-position":"center center","background-size":"auto","background-attachment":"scroll","background-type":"","background-media":"","overlay-type":"","overlay-color":"","overlay-opacity":"","overlay-gradient":""},"mobile":{"background-color":"","background-image":"","background-repeat":"repeat","background-position":"center center","background-size":"auto","background-attachment":"scroll","background-type":"","background-media":"","overlay-type":"","overlay-color":"","overlay-opacity":"","overlay-gradient":""}},"ast-content-background-meta":{"desktop":{"background-color":"var(--ast-global-color-5)","background-image":"","background-repeat":"repeat","background-position":"center center","background-size":"auto","background-attachment":"scroll","background-type":"","background-media":"","overlay-type":"","overlay-color":"","overlay-opacity":"","overlay-gradient":""},"tablet":{"background-color":"var(--ast-global-color-5)","background-image":"","background-repeat":"repeat","background-position":"center center","background-size":"auto","background-attachment":"scroll","background-type":"","background-media":"","overlay-type":"","overlay-color":"","overlay-opacity":"","overlay-gradient":""},"mobile":{"background-color":"var(--ast-global-color-5)","background-image":"","background-repeat":"repeat","background-position":"center center","background-size":"auto","background-attachment":"scroll","background-type":"","background-media":"","overlay-type":"","overlay-color":"","overlay-opacity":"","overlay-gradient":""}}},"product_brand":[],"product_cat":[854,845,730,935,926,237],"product_tag":[238,544],"class_list":{"0":"post-18229","1":"product","2":"type-product","3":"status-publish","4":"has-post-thumbnail","6":"product_cat-almohada-corporal","7":"product_cat-almohada-de-cama","8":"product_cat-pregnancy-pillow-es","9":"product_cat-almohada-en-cuna","10":"product_cat-almohada-para-leer","11":"product_cat-coleccion-de-almohadas","12":"product_tag-almohada","13":"product_tag-espuma-viscoelastica","14":"desktop-align-left","15":"tablet-align-left","16":"mobile-align-left","17":"ast-product-gallery-layout-horizontal-slider","18":"ast-product-single-variable","19":"ast-product-tabs-layout-horizontal","20":"ast-qv-on-image","22":"first","23":"instock","24":"shipping-taxable","25":"purchasable","26":"product-type-variable"},"aioseo_notices":[],"_links":{"self":[{"href":"https:\/\/www.aimycomfort.com\/store\/es\/wp-json\/wp\/v2\/product\/18229","targetHints":{"allow":["GET"]}}],"collection":[{"href":"https:\/\/www.aimycomfort.com\/store\/es\/wp-json\/wp\/v2\/product"}],"about":[{"href":"https:\/\/www.aimycomfort.com\/store\/es\/wp-json\/wp\/v2\/types\/product"}],"replies":[{"embeddable":true,"href":"https:\/\/www.aimycomfort.com\/store\/es\/wp-json\/wp\/v2\/comments?post=18229"}],"wp:featuredmedia":[{"embeddable":true,"href":"https:\/\/www.aimycomfort.com\/store\/es\/wp-json\/wp\/v2\/media\/18142"}],"wp:attachment":[{"href":"https:\/\/www.aimycomfort.com\/store\/es\/wp-json\/wp\/v2\/media?parent=18229"}],"wp:term":[{"taxonomy":"product_brand","embeddable":true,"href":"https:\/\/www.aimycomfort.com\/store\/es\/wp-json\/wp\/v2\/product_brand?post=18229"},{"taxonomy":"product_cat","embeddable":true,"href":"https:\/\/www.aimycomfort.com\/store\/es\/wp-json\/wp\/v2\/product_cat?post=18229"},{"taxonomy":"product_tag","embeddable":true,"href":"https:\/\/www.aimycomfort.com\/store\/es\/wp-json\/wp\/v2\/product_tag?post=18229"}],"curies":[{"name":"wp","href":"https:\/\/api.w.org\/{rel}","templated":true}]}}