{"id":17348,"date":"2024-11-14T08:47:39","date_gmt":"2024-11-14T08:47:39","guid":{"rendered":"https:\/\/www.aimycomfort.com\/store\/product\/japanese-style-futon-tatami-cushion\/"},"modified":"2024-11-14T09:47:33","modified_gmt":"2024-11-14T09:47:33","slug":"japanese-style-futon-tatami-cushion","status":"publish","type":"product","link":"https:\/\/www.aimycomfort.com\/store\/es\/producto\/japanese-style-futon-tatami-cushion\/","title":{"rendered":"Coj\u00edn Tatami Estilo Japon\u00e9s"},"content":{"rendered":"<p>El coj\u00edn tatami estilo japon\u00e9s est\u00e1 dise\u00f1ado para ofrecer comodidad y estilo durante todo el a\u00f1o, lo que lo convierte en una adici\u00f3n perfecta a cualquier espacio habitable. Tejido a mano con hilo de algod\u00f3n de alta calidad, este coj\u00edn cuenta con una superficie de asiento de lino transpirable que no solo es hermosa y generosa, sino tambi\u00e9n f\u00e1cil de mantener.<\/p>\n<h2>Caracter\u00edsticas clave:<\/h2>\n<ul>\n<li><strong>Uso durante todo el a\u00f1o:<\/strong><br \/>\nDise\u00f1ado para ser utilizado en todas las estaciones, este coj\u00edn proporciona comodidad y soporte sin importar la \u00e9poca del a\u00f1o.<\/li>\n<li><strong>Superficie de lino transpirable:<\/strong><br \/>\nLa superficie de asiento de lino es c\u00f3moda, transpirable y visualmente atractiva, asegurando un aspecto limpio y elegante que complementa cualquier decoraci\u00f3n.<\/li>\n<li><strong>Construcci\u00f3n duradera:<\/strong><br \/>\nHecho con hilo de algod\u00f3n de alta calidad, el coj\u00edn es flexible, confiable y amigable con la piel, proporcionando una experiencia de asiento firme pero c\u00f3moda sin colapsar.<\/li>\n<li><strong>F\u00e1cil mantenimiento:<\/strong><br \/>\nLos materiales utilizados son f\u00e1ciles de limpiar, asegurando que el coj\u00edn se mantenga fresco y acogedor.<\/li>\n<\/ul>\n<p>Mejora tu hogar con el coj\u00edn tatami estilo japon\u00e9s, que ofrece una combinaci\u00f3n de comodidad, durabilidad y atractivo est\u00e9tico para cualquier entorno.<\/p>\n","protected":false},"excerpt":{"rendered":"<p>El coj\u00edn tatami estilo japon\u00e9s es una adici\u00f3n vers\u00e1til y elegante a cualquier espacio, dise\u00f1ado para ofrecer comodidad durante todo el a\u00f1o. Tejido a mano con hilo de algod\u00f3n de alta calidad, cuenta con una superficie de asiento de lino transpirable que es tanto hermosa como f\u00e1cil de mantener. Este coj\u00edn proporciona un soporte confiable sin colapsar, asegurando una experiencia de asiento c\u00f3moda. Disponible en varios colores: caf\u00e9, amarillo, marr\u00f3n, azul y gris claro, y con medidas de 40 x 40 x 10 cm o m\u00e1s grande, combina durabilidad con atractivo est\u00e9tico, lo que lo hace perfecto para cualquier decoraci\u00f3n.<\/p>\n","protected":false},"featured_media":17184,"comment_status":"open","ping_status":"closed","template":"","meta":{"site-sidebar-layout":"default","site-content-layout":"","ast-site-content-layout":"default","site-content-style":"default","site-sidebar-style":"default","ast-global-header-display":"","ast-banner-title-visibility":"","ast-main-header-display":"","ast-hfb-above-header-display":"","ast-hfb-below-header-display":"","ast-hfb-mobile-header-display":"","site-post-title":"","ast-breadcrumbs-content":"","ast-featured-img":"","footer-sml-layout":"","theme-transparent-header-meta":"default","adv-header-id-meta":"","stick-header-meta":"","header-above-stick-meta":"","header-main-stick-meta":"","header-below-stick-meta":"","astra-migrate-meta-layouts":"set","ast-page-background-enabled":"default","ast-page-background-meta":{"desktop":{"background-color":"var(--ast-global-color-4)","background-image":"","background-repeat":"repeat","background-position":"center center","background-size":"auto","background-attachment":"scroll","background-type":"","background-media":"","overlay-type":"","overlay-color":"","overlay-opacity":"","overlay-gradient":""},"tablet":{"background-color":"","background-image":"","background-repeat":"repeat","background-position":"center center","background-size":"auto","background-attachment":"scroll","background-type":"","background-media":"","overlay-type":"","overlay-color":"","overlay-opacity":"","overlay-gradient":""},"mobile":{"background-color":"","background-image":"","background-repeat":"repeat","background-position":"center center","background-size":"auto","background-attachment":"scroll","background-type":"","background-media":"","overlay-type":"","overlay-color":"","overlay-opacity":"","overlay-gradient":""}},"ast-content-background-meta":{"desktop":{"background-color":"var(--ast-global-color-5)","background-image":"","background-repeat":"repeat","background-position":"center center","background-size":"auto","background-attachment":"scroll","background-type":"","background-media":"","overlay-type":"","overlay-color":"","overlay-opacity":"","overlay-gradient":""},"tablet":{"background-color":"var(--ast-global-color-5)","background-image":"","background-repeat":"repeat","background-position":"center center","background-size":"auto","background-attachment":"scroll","background-type":"","background-media":"","overlay-type":"","overlay-color":"","overlay-opacity":"","overlay-gradient":""},"mobile":{"background-color":"var(--ast-global-color-5)","background-image":"","background-repeat":"repeat","background-position":"center center","background-size":"auto","background-attachment":"scroll","background-type":"","background-media":"","overlay-type":"","overlay-color":"","overlay-opacity":"","overlay-gradient":""}}},"product_brand":[],"product_cat":[317],"product_tag":[518,318,544],"class_list":{"0":"post-17348","1":"product","2":"type-product","3":"status-publish","4":"has-post-thumbnail","6":"product_cat-cojin","7":"product_tag-comfort-seating-es","8":"product_tag-cojin","9":"product_tag-espuma-viscoelastica","10":"desktop-align-left","11":"tablet-align-left","12":"mobile-align-left","13":"ast-product-gallery-layout-horizontal-slider","14":"ast-product-single-variable","15":"ast-product-tabs-layout-horizontal","16":"ast-qv-on-image","18":"first","19":"instock","20":"shipping-taxable","21":"purchasable","22":"product-type-variable"},"aioseo_notices":[],"_links":{"self":[{"href":"https:\/\/www.aimycomfort.com\/store\/es\/wp-json\/wp\/v2\/product\/17348","targetHints":{"allow":["GET"]}}],"collection":[{"href":"https:\/\/www.aimycomfort.com\/store\/es\/wp-json\/wp\/v2\/product"}],"about":[{"href":"https:\/\/www.aimycomfort.com\/store\/es\/wp-json\/wp\/v2\/types\/product"}],"replies":[{"embeddable":true,"href":"https:\/\/www.aimycomfort.com\/store\/es\/wp-json\/wp\/v2\/comments?post=17348"}],"wp:featuredmedia":[{"embeddable":true,"href":"https:\/\/www.aimycomfort.com\/store\/es\/wp-json\/wp\/v2\/media\/17184"}],"wp:attachment":[{"href":"https:\/\/www.aimycomfort.com\/store\/es\/wp-json\/wp\/v2\/media?parent=17348"}],"wp:term":[{"taxonomy":"product_brand","embeddable":true,"href":"https:\/\/www.aimycomfort.com\/store\/es\/wp-json\/wp\/v2\/product_brand?post=17348"},{"taxonomy":"product_cat","embeddable":true,"href":"https:\/\/www.aimycomfort.com\/store\/es\/wp-json\/wp\/v2\/product_cat?post=17348"},{"taxonomy":"product_tag","embeddable":true,"href":"https:\/\/www.aimycomfort.com\/store\/es\/wp-json\/wp\/v2\/product_tag?post=17348"}],"curies":[{"name":"wp","href":"https:\/\/api.w.org\/{rel}","templated":true}]}}