{"id":13572,"date":"2024-10-31T08:42:57","date_gmt":"2024-10-31T08:42:57","guid":{"rendered":"https:\/\/www.aimycomfort.com\/store\/product\/slow-rebound-memory-foam-butterfly-shaped-pillow\/"},"modified":"2024-10-31T09:05:07","modified_gmt":"2024-10-31T09:05:07","slug":"slow-rebound-memory-foam-butterfly-shaped-pillow","status":"publish","type":"product","link":"https:\/\/www.aimycomfort.com\/store\/es\/producto\/slow-rebound-memory-foam-butterfly-shaped-pillow\/","title":{"rendered":"Almohada Mariposa de Espuma de Memoria de Rebote Lento"},"content":{"rendered":"<p>Experimenta un nuevo nivel de sue\u00f1o con la Almohada Mariposa de Espuma de Memoria de Rebote Lento, dise\u00f1ada para ofrecer un soporte \u00f3ptimo para la cabeza y el cuello. Esta almohada ergon\u00f3mica cuenta con un exclusivo sistema de partici\u00f3n 5D que se adapta a diversas posiciones de sue\u00f1o, asegurando un sue\u00f1o m\u00e1s saludable y reparador.<\/p>\n<h2><strong>Caracter\u00edsticas Clave:<\/strong><\/h2>\n<ul>\n<li><strong>Dise\u00f1o Ergon\u00f3mico:<\/strong><br \/>\nLa protrusi\u00f3n de 10 cm en el cuello y la posici\u00f3n c\u00f3ncava de la cabeza crean una diferencia de altura perfecta, aline\u00e1ndose con la curvatura natural de la columna cervical para aliviar el dolor de cuello.<\/li>\n<li><strong>Soporte de Partici\u00f3n 5D:<\/strong><br \/>\nLa almohada incluye cinco \u00e1reas de soporte distintas: cavidad cerebral, sue\u00f1o lateral, hombro y cuello, extensi\u00f3n del hombro y soporte para el brazo, proporcionando comodidad integral para todos los estilos de sue\u00f1o.<\/li>\n<li><strong>Fuerte Rebote de Memoria:<\/strong><br \/>\nFabricada con algod\u00f3n puro, la almohada ofrece un fuerte soporte y rebote de memoria, adapt\u00e1ndose a los contornos de tu cabeza y cuello para un confort personalizado.<\/li>\n<li><strong>Opciones de Altura:<\/strong><br \/>\nPresenta un \u00e1rea de almohada baja de 8 cm para personas de menos de 165 cm o para quienes duermen de espaldas, y un \u00e1rea de almohada alta de 10 cm para aquellos que miden m\u00e1s de 165 cm o que duermen de lado.<\/li>\n<\/ul>\n<p>La Almohada Mariposa de Espuma de Memoria de Rebote Lento es la elecci\u00f3n perfecta para quienes buscan una experiencia de sue\u00f1o m\u00e1s saludable, proporcionando un soporte personalizado para un descanso reparador.<\/p>\n","protected":false},"excerpt":{"rendered":"<p>La Almohada Mariposa de Espuma de Memoria de Rebote Lento ofrece un innovador dise\u00f1o de partici\u00f3n 5D para un soporte \u00f3ptimo de la cabeza y el cuello, asegurando una experiencia de sue\u00f1o m\u00e1s saludable. Con contornos ergon\u00f3micos que alivian el dolor de cuello y espuma de memoria que se adapta a tu forma, esta almohada es perfecta para todas las posiciones de sue\u00f1o. Presenta un \u00e1rea baja de 8 cm para quienes duermen de espaldas y un \u00e1rea alta de 10 cm para quienes duermen de lado.<\/p>\n","protected":false},"featured_media":13476,"comment_status":"open","ping_status":"closed","template":"","meta":{"site-sidebar-layout":"default","site-content-layout":"","ast-site-content-layout":"default","site-content-style":"default","site-sidebar-style":"default","ast-global-header-display":"","ast-banner-title-visibility":"","ast-main-header-display":"","ast-hfb-above-header-display":"","ast-hfb-below-header-display":"","ast-hfb-mobile-header-display":"","site-post-title":"","ast-breadcrumbs-content":"","ast-featured-img":"","footer-sml-layout":"","theme-transparent-header-meta":"default","adv-header-id-meta":"","stick-header-meta":"","header-above-stick-meta":"","header-main-stick-meta":"","header-below-stick-meta":"","astra-migrate-meta-layouts":"set","ast-page-background-enabled":"default","ast-page-background-meta":{"desktop":{"background-color":"var(--ast-global-color-4)","background-image":"","background-repeat":"repeat","background-position":"center center","background-size":"auto","background-attachment":"scroll","background-type":"","background-media":"","overlay-type":"","overlay-color":"","overlay-opacity":"","overlay-gradient":""},"tablet":{"background-color":"","background-image":"","background-repeat":"repeat","background-position":"center center","background-size":"auto","background-attachment":"scroll","background-type":"","background-media":"","overlay-type":"","overlay-color":"","overlay-opacity":"","overlay-gradient":""},"mobile":{"background-color":"","background-image":"","background-repeat":"repeat","background-position":"center center","background-size":"auto","background-attachment":"scroll","background-type":"","background-media":"","overlay-type":"","overlay-color":"","overlay-opacity":"","overlay-gradient":""}},"ast-content-background-meta":{"desktop":{"background-color":"var(--ast-global-color-5)","background-image":"","background-repeat":"repeat","background-position":"center center","background-size":"auto","background-attachment":"scroll","background-type":"","background-media":"","overlay-type":"","overlay-color":"","overlay-opacity":"","overlay-gradient":""},"tablet":{"background-color":"var(--ast-global-color-5)","background-image":"","background-repeat":"repeat","background-position":"center center","background-size":"auto","background-attachment":"scroll","background-type":"","background-media":"","overlay-type":"","overlay-color":"","overlay-opacity":"","overlay-gradient":""},"mobile":{"background-color":"var(--ast-global-color-5)","background-image":"","background-repeat":"repeat","background-position":"center center","background-size":"auto","background-attachment":"scroll","background-type":"","background-media":"","overlay-type":"","overlay-color":"","overlay-opacity":"","overlay-gradient":""}}},"product_brand":[],"product_cat":[237],"product_tag":[544,601],"class_list":{"0":"post-13572","1":"product","2":"type-product","3":"status-publish","4":"has-post-thumbnail","6":"product_cat-coleccion-de-almohadas","7":"product_tag-espuma-viscoelastica","8":"product_tag-ergonomicsupport-es","9":"desktop-align-left","10":"tablet-align-left","11":"mobile-align-left","12":"ast-product-gallery-layout-horizontal-slider","13":"ast-product-single-variable","14":"ast-product-tabs-layout-horizontal","15":"ast-qv-on-image","17":"first","18":"instock","19":"shipping-taxable","20":"purchasable","21":"product-type-variable"},"aioseo_notices":[],"_links":{"self":[{"href":"https:\/\/www.aimycomfort.com\/store\/es\/wp-json\/wp\/v2\/product\/13572","targetHints":{"allow":["GET"]}}],"collection":[{"href":"https:\/\/www.aimycomfort.com\/store\/es\/wp-json\/wp\/v2\/product"}],"about":[{"href":"https:\/\/www.aimycomfort.com\/store\/es\/wp-json\/wp\/v2\/types\/product"}],"replies":[{"embeddable":true,"href":"https:\/\/www.aimycomfort.com\/store\/es\/wp-json\/wp\/v2\/comments?post=13572"}],"wp:featuredmedia":[{"embeddable":true,"href":"https:\/\/www.aimycomfort.com\/store\/es\/wp-json\/wp\/v2\/media\/13476"}],"wp:attachment":[{"href":"https:\/\/www.aimycomfort.com\/store\/es\/wp-json\/wp\/v2\/media?parent=13572"}],"wp:term":[{"taxonomy":"product_brand","embeddable":true,"href":"https:\/\/www.aimycomfort.com\/store\/es\/wp-json\/wp\/v2\/product_brand?post=13572"},{"taxonomy":"product_cat","embeddable":true,"href":"https:\/\/www.aimycomfort.com\/store\/es\/wp-json\/wp\/v2\/product_cat?post=13572"},{"taxonomy":"product_tag","embeddable":true,"href":"https:\/\/www.aimycomfort.com\/store\/es\/wp-json\/wp\/v2\/product_tag?post=13572"}],"curies":[{"name":"wp","href":"https:\/\/api.w.org\/{rel}","templated":true}]}}