{"id":12863,"date":"2024-10-29T03:16:11","date_gmt":"2024-10-29T03:16:11","guid":{"rendered":"https:\/\/www.aimycomfort.com\/store\/product\/zero-pressure-cloud-pillow\/"},"modified":"2024-10-29T06:08:06","modified_gmt":"2024-10-29T06:08:06","slug":"zero-pressure-cloud-pillow","status":"publish","type":"product","link":"https:\/\/www.aimycomfort.com\/store\/es\/producto\/zero-pressure-cloud-pillow\/","title":{"rendered":"Almohada Zero Pressure Cloud"},"content":{"rendered":"<p>Experimenta una comodidad inigualable con la Almohada Zero Pressure Cloud, dise\u00f1ada para su uso en todas las estaciones. Esta almohada de memoria transpirable cuenta con espuma viscoel\u00e1stica de recuperaci\u00f3n lenta que proporciona una sensaci\u00f3n similar a la de una nube, asegurando un sue\u00f1o reparador.<\/p>\n<h2><strong>Caracter\u00edsticas Clave:<\/strong><\/h2>\n<ul>\n<li><strong>Comodidad Similar a una Nube:<\/strong><br \/>\nDisfruta de una experiencia de rebote suave y el\u00e1stica que abraza tu cabeza, cuello y hombros, permiti\u00e9ndote relajarte y dejar que tus pensamientos vaguen.<\/li>\n<li><strong>Dise\u00f1o Ergon\u00f3mico:<\/strong><br \/>\nLas cuatro particiones de la almohada apoyan las curvas naturales, proporcionando soporte cervical y protegiendo eficazmente tu columna para un sue\u00f1o profundo y restaurador.<\/li>\n<li><strong>Alivio del Estr\u00e9s:<\/strong><br \/>\nLa espuma de recuperaci\u00f3n lenta libera el estr\u00e9s y alivia la fatiga y la ansiedad, promoviendo una sensaci\u00f3n de calma.<\/li>\n<li><strong>Antibacteriana y Resistente a \u00c1caros:<\/strong><br \/>\nFabricada con tecnolog\u00eda de espuma PU, esta almohada es inodora, no t\u00f3xica y resistente a al\u00e9rgenos.<\/li>\n<li><strong>Tejido Ligero y Transpirable:<\/strong><br \/>\nElaborada con tela de seda helada y algod\u00f3n poli\u00e9ster, la almohada es suave, amigable con la piel y transpirable para mayor comodidad.<\/li>\n<\/ul>\n<p>La Almohada Zero Pressure Cloud es tu compa\u00f1era perfecta para una experiencia de sue\u00f1o c\u00f3moda y rejuvenecedora, asegurando que te despiertes renovado y listo para el d\u00eda.<\/p>\n","protected":false},"excerpt":{"rendered":"<p>La Almohada Zero Pressure Cloud ofrece comodidad durante todo el a\u00f1o con su espuma viscoel\u00e1stica transpirable de recuperaci\u00f3n lenta que proporciona una sensaci\u00f3n similar a la de una nube. Dise\u00f1ada con una forma ergon\u00f3mica y cuatro particiones de soporte, abraza la cabeza, el cuello y los hombros, promoviendo un sue\u00f1o profundo y aliviando el estr\u00e9s. Antibacteriana y resistente a los \u00e1caros, esta almohada ligera cuenta con un suave tejido de seda helada para una experiencia amigable con la piel. Disponible en azul, gris y blanco, es la adici\u00f3n perfecta a tu rutina de sue\u00f1o.<\/p>\n","protected":false},"featured_media":12650,"comment_status":"open","ping_status":"closed","template":"","meta":{"site-sidebar-layout":"default","site-content-layout":"","ast-site-content-layout":"default","site-content-style":"default","site-sidebar-style":"default","ast-global-header-display":"","ast-banner-title-visibility":"","ast-main-header-display":"","ast-hfb-above-header-display":"","ast-hfb-below-header-display":"","ast-hfb-mobile-header-display":"","site-post-title":"","ast-breadcrumbs-content":"","ast-featured-img":"","footer-sml-layout":"","theme-transparent-header-meta":"default","adv-header-id-meta":"","stick-header-meta":"","header-above-stick-meta":"","header-main-stick-meta":"","header-below-stick-meta":"","astra-migrate-meta-layouts":"set","ast-page-background-enabled":"default","ast-page-background-meta":{"desktop":{"background-color":"var(--ast-global-color-4)","background-image":"","background-repeat":"repeat","background-position":"center center","background-size":"auto","background-attachment":"scroll","background-type":"","background-media":"","overlay-type":"","overlay-color":"","overlay-opacity":"","overlay-gradient":""},"tablet":{"background-color":"","background-image":"","background-repeat":"repeat","background-position":"center center","background-size":"auto","background-attachment":"scroll","background-type":"","background-media":"","overlay-type":"","overlay-color":"","overlay-opacity":"","overlay-gradient":""},"mobile":{"background-color":"","background-image":"","background-repeat":"repeat","background-position":"center center","background-size":"auto","background-attachment":"scroll","background-type":"","background-media":"","overlay-type":"","overlay-color":"","overlay-opacity":"","overlay-gradient":""}},"ast-content-background-meta":{"desktop":{"background-color":"var(--ast-global-color-5)","background-image":"","background-repeat":"repeat","background-position":"center center","background-size":"auto","background-attachment":"scroll","background-type":"","background-media":"","overlay-type":"","overlay-color":"","overlay-opacity":"","overlay-gradient":""},"tablet":{"background-color":"var(--ast-global-color-5)","background-image":"","background-repeat":"repeat","background-position":"center center","background-size":"auto","background-attachment":"scroll","background-type":"","background-media":"","overlay-type":"","overlay-color":"","overlay-opacity":"","overlay-gradient":""},"mobile":{"background-color":"var(--ast-global-color-5)","background-image":"","background-repeat":"repeat","background-position":"center center","background-size":"auto","background-attachment":"scroll","background-type":"","background-media":"","overlay-type":"","overlay-color":"","overlay-opacity":"","overlay-gradient":""}}},"product_brand":[],"product_cat":[237],"product_tag":[238,544,601],"class_list":{"0":"post-12863","1":"product","2":"type-product","3":"status-publish","4":"has-post-thumbnail","6":"product_cat-coleccion-de-almohadas","7":"product_tag-almohada","8":"product_tag-espuma-viscoelastica","9":"product_tag-ergonomicsupport-es","10":"desktop-align-left","11":"tablet-align-left","12":"mobile-align-left","13":"ast-product-gallery-layout-horizontal-slider","14":"ast-product-single-variable","15":"ast-product-tabs-layout-horizontal","16":"ast-qv-on-image","18":"first","19":"instock","20":"shipping-taxable","21":"purchasable","22":"product-type-variable"},"aioseo_notices":[],"_links":{"self":[{"href":"https:\/\/www.aimycomfort.com\/store\/es\/wp-json\/wp\/v2\/product\/12863","targetHints":{"allow":["GET"]}}],"collection":[{"href":"https:\/\/www.aimycomfort.com\/store\/es\/wp-json\/wp\/v2\/product"}],"about":[{"href":"https:\/\/www.aimycomfort.com\/store\/es\/wp-json\/wp\/v2\/types\/product"}],"replies":[{"embeddable":true,"href":"https:\/\/www.aimycomfort.com\/store\/es\/wp-json\/wp\/v2\/comments?post=12863"}],"wp:featuredmedia":[{"embeddable":true,"href":"https:\/\/www.aimycomfort.com\/store\/es\/wp-json\/wp\/v2\/media\/12650"}],"wp:attachment":[{"href":"https:\/\/www.aimycomfort.com\/store\/es\/wp-json\/wp\/v2\/media?parent=12863"}],"wp:term":[{"taxonomy":"product_brand","embeddable":true,"href":"https:\/\/www.aimycomfort.com\/store\/es\/wp-json\/wp\/v2\/product_brand?post=12863"},{"taxonomy":"product_cat","embeddable":true,"href":"https:\/\/www.aimycomfort.com\/store\/es\/wp-json\/wp\/v2\/product_cat?post=12863"},{"taxonomy":"product_tag","embeddable":true,"href":"https:\/\/www.aimycomfort.com\/store\/es\/wp-json\/wp\/v2\/product_tag?post=12863"}],"curies":[{"name":"wp","href":"https:\/\/api.w.org\/{rel}","templated":true}]}}