{"id":12829,"date":"2024-10-29T03:44:02","date_gmt":"2024-10-29T03:44:02","guid":{"rendered":"https:\/\/www.aimycomfort.com\/store\/product\/cow-horn-memory-foam-pillow\/"},"modified":"2024-10-29T06:27:22","modified_gmt":"2024-10-29T06:27:22","slug":"cow-horn-memory-foam-pillow","status":"publish","type":"product","link":"https:\/\/www.aimycomfort.com\/store\/es\/producto\/cow-horn-memory-foam-pillow\/","title":{"rendered":"Almohada de Espuma Viscoel\u00e1stica en Forma de Cuerno de Vaca"},"content":{"rendered":"<p>La Almohada de Espuma Viscoel\u00e1stica en Forma de Cuerno de Vaca est\u00e1 dise\u00f1ada para una protecci\u00f3n y comodidad \u00f3ptimas del cuello, con una creativa partici\u00f3n 3D que equilibra la presi\u00f3n en la cabeza, los hombros y el cuello. Esta almohada de memoria sin presi\u00f3n permite posiciones de sue\u00f1o libres y sin restricciones, ya sea acostado o durmiendo de lado.<\/p>\n<p><strong>Caracter\u00edsticas Clave:<\/strong><\/p>\n<ul>\n<li><strong>Dise\u00f1o Ergon\u00f3mico:<\/strong><br \/>\nLa forma \u00fanica promueve un sue\u00f1o saludable al distribuir la presi\u00f3n de manera uniforme, asegurando una noche reparadora.<\/li>\n<li><strong>Materiales de Alta Calidad:<\/strong><br \/>\nFabricada con materias primas absolutamente seguras y telas lujosas, esta almohada garantiza una experiencia de sue\u00f1o segura y c\u00f3moda.<\/li>\n<li><strong>Dise\u00f1o de Cremallera Conveniente:<\/strong><br \/>\nLa cremallera invisible es simple y hermosa, permitiendo una f\u00e1cil apertura y cierre.<\/li>\n<li><strong>Funda de Almohada Desmontable y Lavable:<\/strong><br \/>\nLa funda de la almohada cuenta con una textura c\u00f3moda de seda helada y amigable con la piel, lo que facilita su mantenimiento.<\/li>\n<\/ul>\n<p>La Almohada de Espuma Viscoel\u00e1stica en Forma de Cuerno de Vaca es la combinaci\u00f3n perfecta de comodidad y soporte, asegurando que te despiertes renovado y listo para el d\u00eda.<\/p>\n","protected":false},"excerpt":{"rendered":"<p>La Almohada de Espuma Viscoel\u00e1stica en Forma de Cuerno de Vaca ofrece una protecci\u00f3n excepcional para el cuello con su innovador dise\u00f1o de partici\u00f3n 3D, equilibrando la presi\u00f3n en la cabeza, los hombros y el cuello. Esta almohada sin presi\u00f3n permite posiciones de sue\u00f1o sin restricciones y est\u00e1 hecha de materiales seguros y de alta calidad para una experiencia de sue\u00f1o lujosa. La funda de almohada desmontable y lavable presenta una suave textura de seda helada, mientras que la cremallera invisible garantiza un f\u00e1cil mantenimiento.<\/p>\n","protected":false},"featured_media":12662,"comment_status":"open","ping_status":"closed","template":"","meta":{"site-sidebar-layout":"default","site-content-layout":"","ast-site-content-layout":"default","site-content-style":"default","site-sidebar-style":"default","ast-global-header-display":"","ast-banner-title-visibility":"","ast-main-header-display":"","ast-hfb-above-header-display":"","ast-hfb-below-header-display":"","ast-hfb-mobile-header-display":"","site-post-title":"","ast-breadcrumbs-content":"","ast-featured-img":"","footer-sml-layout":"","theme-transparent-header-meta":"default","adv-header-id-meta":"","stick-header-meta":"","header-above-stick-meta":"","header-main-stick-meta":"","header-below-stick-meta":"","astra-migrate-meta-layouts":"set","ast-page-background-enabled":"default","ast-page-background-meta":{"desktop":{"background-color":"var(--ast-global-color-4)","background-image":"","background-repeat":"repeat","background-position":"center center","background-size":"auto","background-attachment":"scroll","background-type":"","background-media":"","overlay-type":"","overlay-color":"","overlay-opacity":"","overlay-gradient":""},"tablet":{"background-color":"","background-image":"","background-repeat":"repeat","background-position":"center center","background-size":"auto","background-attachment":"scroll","background-type":"","background-media":"","overlay-type":"","overlay-color":"","overlay-opacity":"","overlay-gradient":""},"mobile":{"background-color":"","background-image":"","background-repeat":"repeat","background-position":"center center","background-size":"auto","background-attachment":"scroll","background-type":"","background-media":"","overlay-type":"","overlay-color":"","overlay-opacity":"","overlay-gradient":""}},"ast-content-background-meta":{"desktop":{"background-color":"var(--ast-global-color-5)","background-image":"","background-repeat":"repeat","background-position":"center center","background-size":"auto","background-attachment":"scroll","background-type":"","background-media":"","overlay-type":"","overlay-color":"","overlay-opacity":"","overlay-gradient":""},"tablet":{"background-color":"var(--ast-global-color-5)","background-image":"","background-repeat":"repeat","background-position":"center center","background-size":"auto","background-attachment":"scroll","background-type":"","background-media":"","overlay-type":"","overlay-color":"","overlay-opacity":"","overlay-gradient":""},"mobile":{"background-color":"var(--ast-global-color-5)","background-image":"","background-repeat":"repeat","background-position":"center center","background-size":"auto","background-attachment":"scroll","background-type":"","background-media":"","overlay-type":"","overlay-color":"","overlay-opacity":"","overlay-gradient":""}}},"product_brand":[],"product_cat":[237],"product_tag":[238,544,601],"class_list":{"0":"post-12829","1":"product","2":"type-product","3":"status-publish","4":"has-post-thumbnail","6":"product_cat-coleccion-de-almohadas","7":"product_tag-almohada","8":"product_tag-espuma-viscoelastica","9":"product_tag-ergonomicsupport-es","10":"desktop-align-left","11":"tablet-align-left","12":"mobile-align-left","13":"ast-product-gallery-layout-horizontal-slider","14":"ast-product-single-variable","15":"ast-product-tabs-layout-horizontal","16":"ast-qv-on-image","18":"first","19":"instock","20":"shipping-taxable","21":"purchasable","22":"product-type-variable"},"aioseo_notices":[],"_links":{"self":[{"href":"https:\/\/www.aimycomfort.com\/store\/es\/wp-json\/wp\/v2\/product\/12829","targetHints":{"allow":["GET"]}}],"collection":[{"href":"https:\/\/www.aimycomfort.com\/store\/es\/wp-json\/wp\/v2\/product"}],"about":[{"href":"https:\/\/www.aimycomfort.com\/store\/es\/wp-json\/wp\/v2\/types\/product"}],"replies":[{"embeddable":true,"href":"https:\/\/www.aimycomfort.com\/store\/es\/wp-json\/wp\/v2\/comments?post=12829"}],"wp:featuredmedia":[{"embeddable":true,"href":"https:\/\/www.aimycomfort.com\/store\/es\/wp-json\/wp\/v2\/media\/12662"}],"wp:attachment":[{"href":"https:\/\/www.aimycomfort.com\/store\/es\/wp-json\/wp\/v2\/media?parent=12829"}],"wp:term":[{"taxonomy":"product_brand","embeddable":true,"href":"https:\/\/www.aimycomfort.com\/store\/es\/wp-json\/wp\/v2\/product_brand?post=12829"},{"taxonomy":"product_cat","embeddable":true,"href":"https:\/\/www.aimycomfort.com\/store\/es\/wp-json\/wp\/v2\/product_cat?post=12829"},{"taxonomy":"product_tag","embeddable":true,"href":"https:\/\/www.aimycomfort.com\/store\/es\/wp-json\/wp\/v2\/product_tag?post=12829"}],"curies":[{"name":"wp","href":"https:\/\/api.w.org\/{rel}","templated":true}]}}