{"id":12810,"date":"2024-10-29T05:39:44","date_gmt":"2024-10-29T05:39:44","guid":{"rendered":"https:\/\/www.aimycomfort.com\/store\/product\/four-leaf-clover-ice-silk-memory-foam-pillow\/"},"modified":"2024-10-29T06:45:43","modified_gmt":"2024-10-29T06:45:43","slug":"four-leaf-clover-ice-silk-memory-foam-pillow","status":"publish","type":"product","link":"https:\/\/www.aimycomfort.com\/store\/es\/producto\/four-leaf-clover-ice-silk-memory-foam-pillow\/","title":{"rendered":"Almohada de Espuma Viscoel\u00e1stica de Seda Helada en Forma de Tr\u00e9bol de Cuatro Hojas"},"content":{"rendered":"<p>La Almohada de Espuma Viscoel\u00e1stica de Seda Helada en Forma de Tr\u00e9bol de Cuatro Hojas combina comodidad y estilo, presentando un dise\u00f1o \u00fanico inspirado en el tr\u00e9bol de cuatro hojas, que simboliza la paz y el amor. Fabricada con material de seda helada amigable con la piel, esta almohada ofrece una experiencia suave pero de apoyo, perfecta para un sue\u00f1o profundo.<\/p>\n<h2><strong>Caracter\u00edsticas Clave:<\/strong><\/h2>\n<ul>\n<li><strong>Dise\u00f1o Ergon\u00f3mico:<\/strong><br \/>\nAdaptada para diversas posiciones de sue\u00f1o, el dise\u00f1o central hueco reduce la presi\u00f3n en las orejas, mientras que el contorno del hombro y las \u00e1reas de soporte cervical curvadas proporcionan un confort \u00f3ptimo.<\/li>\n<li><strong>Materiales de Calidad:<\/strong><br \/>\nElaborada con espuma viscoel\u00e1stica no t\u00f3xica, esta almohada combina suavidad y firmeza para una experiencia de sue\u00f1o perfecta. El tejido transpirable asegura que te mantengas fresco y c\u00f3modo durante toda la noche.<\/li>\n<li><strong>Soporte Vers\u00e1til:<\/strong><br \/>\nOfrece diferentes niveles de soporte para la cabeza y el cuello, acomodando a quienes duermen de lado sin ejercer presi\u00f3n en la cara.<\/li>\n<li><strong>F\u00e1cil Mantenimiento:<\/strong><br \/>\nCuenta con un cierre de alta calidad y una funda desmontable para una limpieza conveniente.<\/li>\n<\/ul>\n<p>La Almohada de Espuma Viscoel\u00e1stica de Seda Helada en Forma de Tr\u00e9bol de Cuatro Hojas es la combinaci\u00f3n perfecta de comodidad, soporte y estilo, asegurando un sue\u00f1o reparador para todos.<\/p>\n","protected":false},"excerpt":{"rendered":"<p>La Almohada de Espuma Viscoel\u00e1stica de Seda Helada en Forma de Tr\u00e9bol de Cuatro Hojas ofrece una combinaci\u00f3n perfecta de comodidad y soporte, inspirada en el simbolismo de la paz y el amor. Fabricada con seda helada amigable con la piel y espuma viscoel\u00e1stica no t\u00f3xica, cuenta con un dise\u00f1o central hueco que reduce la presi\u00f3n en las orejas y contornos ergon\u00f3micos para un soporte \u00f3ptimo de la cabeza y el cuello. La funda desmontable y la cremallera de alta calidad facilitan el mantenimiento.<\/p>\n","protected":false},"featured_media":12725,"comment_status":"open","ping_status":"closed","template":"","meta":{"site-sidebar-layout":"default","site-content-layout":"","ast-site-content-layout":"default","site-content-style":"default","site-sidebar-style":"default","ast-global-header-display":"","ast-banner-title-visibility":"","ast-main-header-display":"","ast-hfb-above-header-display":"","ast-hfb-below-header-display":"","ast-hfb-mobile-header-display":"","site-post-title":"","ast-breadcrumbs-content":"","ast-featured-img":"","footer-sml-layout":"","theme-transparent-header-meta":"default","adv-header-id-meta":"","stick-header-meta":"","header-above-stick-meta":"","header-main-stick-meta":"","header-below-stick-meta":"","astra-migrate-meta-layouts":"set","ast-page-background-enabled":"default","ast-page-background-meta":{"desktop":{"background-color":"var(--ast-global-color-4)","background-image":"","background-repeat":"repeat","background-position":"center center","background-size":"auto","background-attachment":"scroll","background-type":"","background-media":"","overlay-type":"","overlay-color":"","overlay-opacity":"","overlay-gradient":""},"tablet":{"background-color":"","background-image":"","background-repeat":"repeat","background-position":"center center","background-size":"auto","background-attachment":"scroll","background-type":"","background-media":"","overlay-type":"","overlay-color":"","overlay-opacity":"","overlay-gradient":""},"mobile":{"background-color":"","background-image":"","background-repeat":"repeat","background-position":"center center","background-size":"auto","background-attachment":"scroll","background-type":"","background-media":"","overlay-type":"","overlay-color":"","overlay-opacity":"","overlay-gradient":""}},"ast-content-background-meta":{"desktop":{"background-color":"var(--ast-global-color-5)","background-image":"","background-repeat":"repeat","background-position":"center center","background-size":"auto","background-attachment":"scroll","background-type":"","background-media":"","overlay-type":"","overlay-color":"","overlay-opacity":"","overlay-gradient":""},"tablet":{"background-color":"var(--ast-global-color-5)","background-image":"","background-repeat":"repeat","background-position":"center center","background-size":"auto","background-attachment":"scroll","background-type":"","background-media":"","overlay-type":"","overlay-color":"","overlay-opacity":"","overlay-gradient":""},"mobile":{"background-color":"var(--ast-global-color-5)","background-image":"","background-repeat":"repeat","background-position":"center center","background-size":"auto","background-attachment":"scroll","background-type":"","background-media":"","overlay-type":"","overlay-color":"","overlay-opacity":"","overlay-gradient":""}}},"product_brand":[],"product_cat":[237],"product_tag":[238,544,601],"class_list":{"0":"post-12810","1":"product","2":"type-product","3":"status-publish","4":"has-post-thumbnail","6":"product_cat-coleccion-de-almohadas","7":"product_tag-almohada","8":"product_tag-espuma-viscoelastica","9":"product_tag-ergonomicsupport-es","10":"desktop-align-left","11":"tablet-align-left","12":"mobile-align-left","13":"ast-product-gallery-layout-horizontal-slider","14":"ast-product-single-variable","15":"ast-product-tabs-layout-horizontal","16":"ast-qv-on-image","18":"first","19":"instock","20":"shipping-taxable","21":"purchasable","22":"product-type-variable"},"aioseo_notices":[],"_links":{"self":[{"href":"https:\/\/www.aimycomfort.com\/store\/es\/wp-json\/wp\/v2\/product\/12810","targetHints":{"allow":["GET"]}}],"collection":[{"href":"https:\/\/www.aimycomfort.com\/store\/es\/wp-json\/wp\/v2\/product"}],"about":[{"href":"https:\/\/www.aimycomfort.com\/store\/es\/wp-json\/wp\/v2\/types\/product"}],"replies":[{"embeddable":true,"href":"https:\/\/www.aimycomfort.com\/store\/es\/wp-json\/wp\/v2\/comments?post=12810"}],"wp:featuredmedia":[{"embeddable":true,"href":"https:\/\/www.aimycomfort.com\/store\/es\/wp-json\/wp\/v2\/media\/12725"}],"wp:attachment":[{"href":"https:\/\/www.aimycomfort.com\/store\/es\/wp-json\/wp\/v2\/media?parent=12810"}],"wp:term":[{"taxonomy":"product_brand","embeddable":true,"href":"https:\/\/www.aimycomfort.com\/store\/es\/wp-json\/wp\/v2\/product_brand?post=12810"},{"taxonomy":"product_cat","embeddable":true,"href":"https:\/\/www.aimycomfort.com\/store\/es\/wp-json\/wp\/v2\/product_cat?post=12810"},{"taxonomy":"product_tag","embeddable":true,"href":"https:\/\/www.aimycomfort.com\/store\/es\/wp-json\/wp\/v2\/product_tag?post=12810"}],"curies":[{"name":"wp","href":"https:\/\/api.w.org\/{rel}","templated":true}]}}