{"id":12449,"date":"2024-10-28T02:41:45","date_gmt":"2024-10-28T02:41:45","guid":{"rendered":"https:\/\/www.aimycomfort.com\/store\/product\/baby-shaped-pillow\/"},"modified":"2024-10-28T06:50:06","modified_gmt":"2024-10-28T06:50:06","slug":"baby-shaped-pillow","status":"publish","type":"product","link":"https:\/\/www.aimycomfort.com\/store\/es\/producto\/baby-shaped-pillow\/","title":{"rendered":"Almohada en Forma de Beb\u00e9"},"content":{"rendered":"<p>La Almohada en Forma de Beb\u00e9 est\u00e1 dise\u00f1ada expertamente para prevenir el s\u00edndrome de cabeza plana mientras proporciona un confort \u00f3ptimo para su reci\u00e9n nacido. Esta adorable almohada en forma de peque\u00f1o oso cuenta con un n\u00facleo de espuma viscoel\u00e1stica de recuperaci\u00f3n lenta que ofrece alivio de presi\u00f3n y soporte, asegurando un sue\u00f1o pac\u00edfico y tranquilo.<\/p>\n<h2><strong>Caracter\u00edsticas Clave de la Almohada para Beb\u00e9s:<\/strong><\/h2>\n<ul>\n<li><strong>Dise\u00f1o Ergon\u00f3mico:<\/strong><br \/>\nEl protector de cuello en forma de M se adapta a la forma natural de su beb\u00e9, promoviendo una alineaci\u00f3n adecuada de la cabeza y comodidad.<\/li>\n<li><strong>Transpirable y Disipador de Calor:<\/strong><br \/>\nFabricada con un sistema de enfriamiento circulante, esta almohada absorbe el sudor y previene el sobrecalentamiento, manteniendo a su beb\u00e9 c\u00f3modo durante toda la noche.<\/li>\n<li><strong>Correcci\u00f3n Cient\u00edfica del Estilo:<\/strong><br \/>\nDise\u00f1ada para dar forma y proteger la cabeza de su beb\u00e9, el centro c\u00f3ncavo promueve la circulaci\u00f3n sangu\u00ednea y ayuda a mantener una forma de cabeza saludable.<\/li>\n<li><strong>Calidad Artesanal:<\/strong><br \/>\nUn trabajo exquisito con un enrutamiento ordenado y costuras meticulosas asegura durabilidad y un tacto suave.<\/li>\n<li><strong>Material que Alivia la Presi\u00f3n:<\/strong><br \/>\nHecha de espuma viscoel\u00e1stica que alivia la presi\u00f3n, la almohada dispersa la presi\u00f3n de manera uniforme, proporcionando un soporte suave para la cabeza y las mejillas de su beb\u00e9.<\/li>\n<\/ul>\n<p>La Almohada en Forma de Beb\u00e9 es el compa\u00f1ero perfecto para su peque\u00f1o, asegurando que disfrute de un entorno de sue\u00f1o c\u00f3modo y de apoyo mientras promueve un desarrollo saludable de la cabeza.<\/p>\n","protected":false},"excerpt":{"rendered":"<p>La Almohada en Forma de Beb\u00e9 est\u00e1 dise\u00f1ada para prevenir el s\u00edndrome de cabeza plana mientras proporciona un confort \u00f3ptimo para los reci\u00e9n nacidos. Esta adorable almohada en forma de peque\u00f1o oso cuenta con espuma viscoel\u00e1stica de recuperaci\u00f3n lenta para aliviar la presi\u00f3n y ofrecer soporte, junto con un dise\u00f1o transpirable y disipador de calor. Su protector de cuello en forma de M promueve una alineaci\u00f3n adecuada de la cabeza, mientras que el centro c\u00f3ncavo mejora la circulaci\u00f3n sangu\u00ednea.<\/p>\n","protected":false},"featured_media":12310,"comment_status":"open","ping_status":"closed","template":"","meta":{"site-sidebar-layout":"default","site-content-layout":"","ast-site-content-layout":"default","site-content-style":"default","site-sidebar-style":"default","ast-global-header-display":"","ast-banner-title-visibility":"","ast-main-header-display":"","ast-hfb-above-header-display":"","ast-hfb-below-header-display":"","ast-hfb-mobile-header-display":"","site-post-title":"","ast-breadcrumbs-content":"","ast-featured-img":"","footer-sml-layout":"","theme-transparent-header-meta":"default","adv-header-id-meta":"","stick-header-meta":"","header-above-stick-meta":"","header-main-stick-meta":"","header-below-stick-meta":"","astra-migrate-meta-layouts":"set","ast-page-background-enabled":"default","ast-page-background-meta":{"desktop":{"background-color":"var(--ast-global-color-4)","background-image":"","background-repeat":"repeat","background-position":"center center","background-size":"auto","background-attachment":"scroll","background-type":"","background-media":"","overlay-type":"","overlay-color":"","overlay-opacity":"","overlay-gradient":""},"tablet":{"background-color":"","background-image":"","background-repeat":"repeat","background-position":"center center","background-size":"auto","background-attachment":"scroll","background-type":"","background-media":"","overlay-type":"","overlay-color":"","overlay-opacity":"","overlay-gradient":""},"mobile":{"background-color":"","background-image":"","background-repeat":"repeat","background-position":"center center","background-size":"auto","background-attachment":"scroll","background-type":"","background-media":"","overlay-type":"","overlay-color":"","overlay-opacity":"","overlay-gradient":""}},"ast-content-background-meta":{"desktop":{"background-color":"var(--ast-global-color-5)","background-image":"","background-repeat":"repeat","background-position":"center center","background-size":"auto","background-attachment":"scroll","background-type":"","background-media":"","overlay-type":"","overlay-color":"","overlay-opacity":"","overlay-gradient":""},"tablet":{"background-color":"var(--ast-global-color-5)","background-image":"","background-repeat":"repeat","background-position":"center center","background-size":"auto","background-attachment":"scroll","background-type":"","background-media":"","overlay-type":"","overlay-color":"","overlay-opacity":"","overlay-gradient":""},"mobile":{"background-color":"var(--ast-global-color-5)","background-image":"","background-repeat":"repeat","background-position":"center center","background-size":"auto","background-attachment":"scroll","background-type":"","background-media":"","overlay-type":"","overlay-color":"","overlay-opacity":"","overlay-gradient":""}}},"product_brand":[],"product_cat":[237],"product_tag":[542,543,601],"class_list":{"0":"post-12449","1":"product","2":"type-product","3":"status-publish","4":"has-post-thumbnail","6":"product_cat-coleccion-de-almohadas","7":"product_tag-almohada-bebe","8":"product_tag-protector-de-cuello","9":"product_tag-ergonomicsupport-es","10":"desktop-align-left","11":"tablet-align-left","12":"mobile-align-left","13":"ast-product-gallery-layout-horizontal-slider","14":"ast-product-single-variable","15":"ast-product-tabs-layout-horizontal","16":"ast-qv-on-image","18":"first","19":"instock","20":"shipping-taxable","21":"purchasable","22":"product-type-variable"},"aioseo_notices":[],"_links":{"self":[{"href":"https:\/\/www.aimycomfort.com\/store\/es\/wp-json\/wp\/v2\/product\/12449","targetHints":{"allow":["GET"]}}],"collection":[{"href":"https:\/\/www.aimycomfort.com\/store\/es\/wp-json\/wp\/v2\/product"}],"about":[{"href":"https:\/\/www.aimycomfort.com\/store\/es\/wp-json\/wp\/v2\/types\/product"}],"replies":[{"embeddable":true,"href":"https:\/\/www.aimycomfort.com\/store\/es\/wp-json\/wp\/v2\/comments?post=12449"}],"wp:featuredmedia":[{"embeddable":true,"href":"https:\/\/www.aimycomfort.com\/store\/es\/wp-json\/wp\/v2\/media\/12310"}],"wp:attachment":[{"href":"https:\/\/www.aimycomfort.com\/store\/es\/wp-json\/wp\/v2\/media?parent=12449"}],"wp:term":[{"taxonomy":"product_brand","embeddable":true,"href":"https:\/\/www.aimycomfort.com\/store\/es\/wp-json\/wp\/v2\/product_brand?post=12449"},{"taxonomy":"product_cat","embeddable":true,"href":"https:\/\/www.aimycomfort.com\/store\/es\/wp-json\/wp\/v2\/product_cat?post=12449"},{"taxonomy":"product_tag","embeddable":true,"href":"https:\/\/www.aimycomfort.com\/store\/es\/wp-json\/wp\/v2\/product_tag?post=12449"}],"curies":[{"name":"wp","href":"https:\/\/api.w.org\/{rel}","templated":true}]}}