{"id":11633,"date":"2024-10-23T07:15:09","date_gmt":"2024-10-23T07:15:09","guid":{"rendered":"https:\/\/www.aimycomfort.com\/store\/product\/almohada-de-espuma-con-memoria-four-seasons-baby-neck-protection\/"},"modified":"2025-05-14T20:38:07","modified_gmt":"2025-05-14T20:38:07","slug":"almohada-cervical-de-espuma-viscoelastica-cuatro-estaciones-para-bebe","status":"publish","type":"product","link":"https:\/\/www.aimycomfort.com\/store\/es\/producto\/almohada-cervical-de-espuma-viscoelastica-cuatro-estaciones-para-bebe\/","title":{"rendered":"Almohada Cervical de Espuma Viscoel\u00e1stica Cuatro Estaciones para Beb\u00e9"},"content":{"rendered":"<p>Almohada Cervical Cuatro Estaciones para Beb\u00e9: Introduzca a su hijo al m\u00e1ximo confort y soporte con la Almohada Cervical Cuatro Estaciones para Beb\u00e9. Esta adorable almohada lavable con forma de gato est\u00e1 dise\u00f1ada para proporcionar una experiencia de sue\u00f1o relajante y reconfortante para los ni\u00f1os.<\/p>\n<h2><strong>Caracter\u00edsticas Principales:<\/strong><\/h2>\n<ul>\n<li>\n<ul>\n<li><strong>Dise\u00f1o Suave y Adorable:<\/strong><br \/>\nLa encantadora forma de gato de la almohada es suave y acogedora, convirti\u00e9ndola en una deliciosa adici\u00f3n a cualquier habitaci\u00f3n infantil.<\/li>\n<li><strong>Gr\u00e1nulos de Masaje 3D:<\/strong><br \/>\nLa almohada cuenta con gr\u00e1nulos de masaje 3D que convergen en formas el\u00edpticas, ofreciendo un suave masaje y una experiencia t\u00e1ctil multicapa para mayor comodidad.<\/li>\n<li><strong>Espuma Viscoel\u00e1stica de Presi\u00f3n Cero:<\/strong><br \/>\nEl n\u00facleo de la almohada est\u00e1 relleno de algod\u00f3n viscoel\u00e1stico de presi\u00f3n cero, proporcionando una sensaci\u00f3n similar a una nube. Este material es suave, el\u00e1stico y ofrece soporte tridimensional, distribuyendo la presi\u00f3n uniformemente sin hundirse.<\/li>\n<li><strong>Tecnolog\u00eda de Enfriamiento:<\/strong><br \/>\nInfundida con seda refrescante avanzada, la almohada se mantiene fresca pero no helada, proporcionando alivio instant\u00e1neo del calor del verano y mejorando la comodidad.<\/li>\n<li><strong>Transpirable y Confiable:<\/strong><br \/>\nLa funda es fresca y transpirable, asegurando un ambiente de sue\u00f1o c\u00f3modo para su hijo.<\/li>\n<\/ul>\n<\/li>\n<\/ul>\n<p>La Almohada Cervical Cuatro Estaciones para Beb\u00e9 es la combinaci\u00f3n perfecta de comodidad, soporte y dise\u00f1o l\u00fadico, asegurando que su hijo disfrute de un sue\u00f1o reparador y rejuvenecedor durante todo el a\u00f1o.<\/p>\n","protected":false},"excerpt":{"rendered":"<p>La Almohada Cervical Cuatro Estaciones para Beb\u00e9 es una combinaci\u00f3n perfecta de comodidad, soporte y dise\u00f1o divertido, asegurando que su beb\u00e9 pueda disfrutar de un sue\u00f1o restaurador y energizante durante todo el a\u00f1o.<\/p>\n","protected":false},"featured_media":11572,"comment_status":"open","ping_status":"closed","template":"","meta":{"site-sidebar-layout":"default","site-content-layout":"","ast-site-content-layout":"default","site-content-style":"default","site-sidebar-style":"default","ast-global-header-display":"","ast-banner-title-visibility":"","ast-main-header-display":"","ast-hfb-above-header-display":"","ast-hfb-below-header-display":"","ast-hfb-mobile-header-display":"","site-post-title":"","ast-breadcrumbs-content":"","ast-featured-img":"","footer-sml-layout":"","theme-transparent-header-meta":"default","adv-header-id-meta":"","stick-header-meta":"","header-above-stick-meta":"","header-main-stick-meta":"","header-below-stick-meta":"","astra-migrate-meta-layouts":"set","ast-page-background-enabled":"default","ast-page-background-meta":{"desktop":{"background-color":"var(--ast-global-color-4)","background-image":"","background-repeat":"repeat","background-position":"center center","background-size":"auto","background-attachment":"scroll","background-type":"","background-media":"","overlay-type":"","overlay-color":"","overlay-opacity":"","overlay-gradient":""},"tablet":{"background-color":"","background-image":"","background-repeat":"repeat","background-position":"center center","background-size":"auto","background-attachment":"scroll","background-type":"","background-media":"","overlay-type":"","overlay-color":"","overlay-opacity":"","overlay-gradient":""},"mobile":{"background-color":"","background-image":"","background-repeat":"repeat","background-position":"center center","background-size":"auto","background-attachment":"scroll","background-type":"","background-media":"","overlay-type":"","overlay-color":"","overlay-opacity":"","overlay-gradient":""}},"ast-content-background-meta":{"desktop":{"background-color":"var(--ast-global-color-5)","background-image":"","background-repeat":"repeat","background-position":"center center","background-size":"auto","background-attachment":"scroll","background-type":"","background-media":"","overlay-type":"","overlay-color":"","overlay-opacity":"","overlay-gradient":""},"tablet":{"background-color":"var(--ast-global-color-5)","background-image":"","background-repeat":"repeat","background-position":"center center","background-size":"auto","background-attachment":"scroll","background-type":"","background-media":"","overlay-type":"","overlay-color":"","overlay-opacity":"","overlay-gradient":""},"mobile":{"background-color":"var(--ast-global-color-5)","background-image":"","background-repeat":"repeat","background-position":"center center","background-size":"auto","background-attachment":"scroll","background-type":"","background-media":"","overlay-type":"","overlay-color":"","overlay-opacity":"","overlay-gradient":""}}},"product_brand":[],"product_cat":[237],"product_tag":[542,544,543],"class_list":{"0":"post-11633","1":"product","2":"type-product","3":"status-publish","4":"has-post-thumbnail","6":"product_cat-coleccion-de-almohadas","7":"product_tag-almohada-bebe","8":"product_tag-espuma-viscoelastica","9":"product_tag-protector-de-cuello","10":"desktop-align-left","11":"tablet-align-left","12":"mobile-align-left","13":"ast-product-gallery-layout-horizontal-slider","14":"ast-product-single-variable","15":"ast-product-tabs-layout-horizontal","16":"ast-qv-on-image","18":"first","19":"instock","20":"shipping-taxable","21":"purchasable","22":"product-type-variable"},"aioseo_notices":[],"_links":{"self":[{"href":"https:\/\/www.aimycomfort.com\/store\/es\/wp-json\/wp\/v2\/product\/11633","targetHints":{"allow":["GET"]}}],"collection":[{"href":"https:\/\/www.aimycomfort.com\/store\/es\/wp-json\/wp\/v2\/product"}],"about":[{"href":"https:\/\/www.aimycomfort.com\/store\/es\/wp-json\/wp\/v2\/types\/product"}],"replies":[{"embeddable":true,"href":"https:\/\/www.aimycomfort.com\/store\/es\/wp-json\/wp\/v2\/comments?post=11633"}],"wp:featuredmedia":[{"embeddable":true,"href":"https:\/\/www.aimycomfort.com\/store\/es\/wp-json\/wp\/v2\/media\/11572"}],"wp:attachment":[{"href":"https:\/\/www.aimycomfort.com\/store\/es\/wp-json\/wp\/v2\/media?parent=11633"}],"wp:term":[{"taxonomy":"product_brand","embeddable":true,"href":"https:\/\/www.aimycomfort.com\/store\/es\/wp-json\/wp\/v2\/product_brand?post=11633"},{"taxonomy":"product_cat","embeddable":true,"href":"https:\/\/www.aimycomfort.com\/store\/es\/wp-json\/wp\/v2\/product_cat?post=11633"},{"taxonomy":"product_tag","embeddable":true,"href":"https:\/\/www.aimycomfort.com\/store\/es\/wp-json\/wp\/v2\/product_tag?post=11633"}],"curies":[{"name":"wp","href":"https:\/\/api.w.org\/{rel}","templated":true}]}}