{"id":8337,"date":"2024-08-05T07:30:29","date_gmt":"2024-08-05T07:30:29","guid":{"rendered":"https:\/\/www.aimycomfort.com\/store\/product\/360-multifunktionales-nickerchen-kissen\/"},"modified":"2024-08-05T07:30:29","modified_gmt":"2024-08-05T07:30:29","slug":"360-multifunktionales-nickerchen-kissen","status":"publish","type":"product","link":"https:\/\/www.aimycomfort.com\/store\/de\/produkt\/360-multifunktionales-nickerchen-kissen\/","title":{"rendered":"360\u00b0 Multifunktionales Nickerchen-Kissen"},"content":{"rendered":"<p>Unser 360\u00b0 multifunktionales Nickerchen-Kissen ist nicht nur ein Kissen \u2013 es ist Ihre pers\u00f6nliche Komfortzone, die sich Ihren Bed\u00fcrfnissen anpasst. Ob Sie im B\u00fcro ein kurzes Nickerchen machen, einen langen Flug genie\u00dfen oder einfach zu Hause entspannen, dieses Kissen sorgt daf\u00fcr, dass Sie immer entspannt sind.<\/p>\n<p><strong>Warum unser 360\u00b0 multifunktionales Nickerchen-Kissen w\u00e4hlen?<\/strong><\/p>\n<ol>\n<li>Un\u00fcbertroffene Vielseitigkeit: Ein Kissen, endlose Komfortl\u00f6sungen<\/li>\n<li>Qualit\u00e4tsmaterialien: Premium-Memory-Schaum und k\u00fchlender Stoff<\/li>\n<li>Ergonomisches Design: Unterst\u00fctzt die richtige Ausrichtung in mehreren Positionen<\/li>\n<li>Stilvolle Optionen: Vier Farben, die Ihrem pers\u00f6nlichen Geschmack entsprechen<\/li>\n<\/ol>\n<p><strong>Hauptmerkmale:<\/strong><\/p>\n<ol>\n<li>Patentiertes Cool-Touch-Design: Perfekt f\u00fcr das Schlafen mit dem Gesicht nach unten<\/li>\n<li>360\u00b0 Rundum-Unterst\u00fctzung: Wiegt Ihren Kopf und Nacken f\u00fcr ein Spa-\u00e4hnliches Erlebnis<\/li>\n<li>Dynamischer Unterst\u00fctzungskern: Absorbiert Nacken Druck f\u00fcr ultimative Entspannung<\/li>\n<li>Vielseitiges 4-in-1-Design:\n<ul>\n<li>Nickerchen-Kissen<\/li>\n<li>U-f\u00f6rmiges Reisekissen<\/li>\n<li>Kissen f\u00fcr das Schlafen mit dem Gesicht nach unten<\/li>\n<li>Kissen f\u00fcr Seitenschl\u00e4fer<\/li>\n<\/ul>\n<\/li>\n<li>7 cm Arm-Einsatz: Verhindert Taubheitsgef\u00fchle im Arm beim Seitenschlafen<\/li>\n<li>Ergonomische Kurve: Beh\u00e4lt ihre Form f\u00fcr konsistente Unterst\u00fctzung<\/li>\n<li>Hochdichter, langsamer R\u00fcckfederungsschaum: Passt sich Ihren einzigartigen Konturen an<\/li>\n<\/ol>\n<p><strong>Multifunktionale Verwendung:<\/strong><\/p>\n<ul>\n<li>Power-Nickerchen bei der Arbeit oder zu Hause<\/li>\n<li>Lange Fl\u00fcge oder Autofahrten<\/li>\n<li>Lendenwirbelst\u00fctze w\u00e4hrend l\u00e4ngerer Sitzperioden<\/li>\n<li>Bequemes Seitenschlafen<\/li>\n<\/ul>\n","protected":false},"excerpt":{"rendered":"<p>Einf\u00fchrung des 360\u00b0 multifunktionalen Nickerchen-Kissens: Ihr ultimativer Komfortbegleiter<\/p>\n<p>Erleben Sie unvergleichliche Vielseitigkeit und Komfort mit unserem innovativen 360\u00b0 multifunktionalen Nickerchen-Kissen. Entwickelt, um sich Ihren Bed\u00fcrfnissen anzupassen, ist dieses Kissen Ihr Ticket zu erfrischenden Nickerchen und ganzj\u00e4hrigem Komfort, egal wohin das Leben Sie f\u00fchrt.<\/p>\n","protected":false},"featured_media":6535,"comment_status":"open","ping_status":"closed","template":"","meta":{"site-sidebar-layout":"default","site-content-layout":"content-boxed-container","ast-site-content-layout":"normal-width-container","site-content-style":"boxed","site-sidebar-style":"unboxed","ast-global-header-display":"","ast-banner-title-visibility":"","ast-main-header-display":"","ast-hfb-above-header-display":"","ast-hfb-below-header-display":"","ast-hfb-mobile-header-display":"","site-post-title":"","ast-breadcrumbs-content":"","ast-featured-img":"","footer-sml-layout":"","theme-transparent-header-meta":"default","adv-header-id-meta":"","stick-header-meta":"","header-above-stick-meta":"","header-main-stick-meta":"","header-below-stick-meta":"","astra-migrate-meta-layouts":"default","ast-page-background-enabled":"default","ast-page-background-meta":{"desktop":{"background-color":"var(--ast-global-color-4)","background-image":"","background-repeat":"repeat","background-position":"center center","background-size":"auto","background-attachment":"scroll","background-type":"","background-media":"","overlay-type":"","overlay-color":"","overlay-opacity":"","overlay-gradient":""},"tablet":{"background-color":"","background-image":"","background-repeat":"repeat","background-position":"center center","background-size":"auto","background-attachment":"scroll","background-type":"","background-media":"","overlay-type":"","overlay-color":"","overlay-opacity":"","overlay-gradient":""},"mobile":{"background-color":"","background-image":"","background-repeat":"repeat","background-position":"center center","background-size":"auto","background-attachment":"scroll","background-type":"","background-media":"","overlay-type":"","overlay-color":"","overlay-opacity":"","overlay-gradient":""}},"ast-content-background-meta":{"desktop":{"background-color":"var(--ast-global-color-5)","background-image":"","background-repeat":"repeat","background-position":"center center","background-size":"auto","background-attachment":"scroll","background-type":"","background-media":"","overlay-type":"","overlay-color":"","overlay-opacity":"","overlay-gradient":""},"tablet":{"background-color":"var(--ast-global-color-5)","background-image":"","background-repeat":"repeat","background-position":"center center","background-size":"auto","background-attachment":"scroll","background-type":"","background-media":"","overlay-type":"","overlay-color":"","overlay-opacity":"","overlay-gradient":""},"mobile":{"background-color":"var(--ast-global-color-5)","background-image":"","background-repeat":"repeat","background-position":"center center","background-size":"auto","background-attachment":"scroll","background-type":"","background-media":"","overlay-type":"","overlay-color":"","overlay-opacity":"","overlay-gradient":""}}},"product_brand":[],"product_cat":[205,712],"product_tag":[206],"class_list":{"0":"post-8337","1":"product","2":"type-product","3":"status-publish","4":"has-post-thumbnail","6":"product_cat-kissenkollektion","7":"product_cat-travel-pillow-de","8":"product_tag-druckentlastung","9":"desktop-align-left","10":"tablet-align-left","11":"mobile-align-left","12":"ast-product-gallery-layout-horizontal-slider","13":"ast-product-single-variable","14":"ast-product-tabs-layout-horizontal","15":"ast-qv-on-image","17":"first","18":"instock","19":"shipping-taxable","20":"purchasable","21":"product-type-variable"},"aioseo_notices":[],"_links":{"self":[{"href":"https:\/\/www.aimycomfort.com\/store\/de\/wp-json\/wp\/v2\/product\/8337","targetHints":{"allow":["GET"]}}],"collection":[{"href":"https:\/\/www.aimycomfort.com\/store\/de\/wp-json\/wp\/v2\/product"}],"about":[{"href":"https:\/\/www.aimycomfort.com\/store\/de\/wp-json\/wp\/v2\/types\/product"}],"replies":[{"embeddable":true,"href":"https:\/\/www.aimycomfort.com\/store\/de\/wp-json\/wp\/v2\/comments?post=8337"}],"wp:featuredmedia":[{"embeddable":true,"href":"https:\/\/www.aimycomfort.com\/store\/de\/wp-json\/wp\/v2\/media\/6535"}],"wp:attachment":[{"href":"https:\/\/www.aimycomfort.com\/store\/de\/wp-json\/wp\/v2\/media?parent=8337"}],"wp:term":[{"taxonomy":"product_brand","embeddable":true,"href":"https:\/\/www.aimycomfort.com\/store\/de\/wp-json\/wp\/v2\/product_brand?post=8337"},{"taxonomy":"product_cat","embeddable":true,"href":"https:\/\/www.aimycomfort.com\/store\/de\/wp-json\/wp\/v2\/product_cat?post=8337"},{"taxonomy":"product_tag","embeddable":true,"href":"https:\/\/www.aimycomfort.com\/store\/de\/wp-json\/wp\/v2\/product_tag?post=8337"}],"curies":[{"name":"wp","href":"https:\/\/api.w.org\/{rel}","templated":true}]}}