{"id":8218,"date":"2024-08-05T07:30:29","date_gmt":"2024-08-05T07:30:29","guid":{"rendered":"https:\/\/www.aimycomfort.com\/store\/product\/ergonomisches-zervikales-traktionskissen\/"},"modified":"2024-09-02T10:24:32","modified_gmt":"2024-09-02T10:24:32","slug":"ergonomisches-zervikales-traktionskissen","status":"publish","type":"product","link":"https:\/\/www.aimycomfort.com\/store\/de\/produkt\/ergonomisches-zervikales-traktionskissen\/","title":{"rendered":"Ergonomisches Zervikales Traktionskissen"},"content":{"rendered":"<p>Haben Sie Probleme mit<\/p>\n<ul>\n<li>Nackenbeschwerden?<\/li>\n<li>Schlechter Schlafqualit\u00e4t?<\/li>\n<li>Mangel an Energie w\u00e4hrend des Tages?<\/li>\n<\/ul>\n<p>Es ist an der Zeit, Ihren Komfort und Ihr Wohlbefinden mit unserem ergonomischen zervikalen Traktionskissen zu priorisieren. Erleben Sie den Unterschied, den ein wirklich unterst\u00fctzendes Kissen in Ihrem Leben ausmachen kann!<\/p>\n<p><strong>Ergonomisches Zervikales Traktionskissen: Ihr Weg zu Nackengesundheit und erholsamem Schlaf<\/strong><\/p>\n<p>Hauptmerkmale:<\/p>\n<ul>\n<li><strong>Goldene H\u00f6henkurve:<\/strong>\u00a0Wissenschaftlich entworfen, um optimale Nackenunterst\u00fctzung und Traktion zu bieten.<\/li>\n<li><strong>Vergr\u00f6\u00dferte Kissenfl\u00e4che:<\/strong>\u00a0Bietet \u00fcberlegene Kopfunterst\u00fctzung und entlastet den Druck auf Ihren Nacken.<\/li>\n<li><strong>Konturiertes Design:<\/strong>\u00a0Wiegt Ihren Kopf und unterst\u00fctzt gleichzeitig Ihren Nacken f\u00fcr maximalen Komfort.<\/li>\n<li><strong>Hochdichter Memory-Schaum:<\/strong>\u00a0Passt sich sanft Ihrer Form f\u00fcr personalisierte Unterst\u00fctzung an.<\/li>\n<li><strong>Langsame R\u00fcckfederungstechnologie:<\/strong>\u00a0Beh\u00e4lt Nacht f\u00fcr Nacht seine Form f\u00fcr langanhaltenden Komfort.<\/li>\n<\/ul>\n<p>Investieren Sie heute in Ihre Gesundheit und Ihren Komfort. Wachen Sie erfrischt, verj\u00fcngt und bereit auf, Ihren Tag mit unserem ergonomischen zervikalen Traktionskissen zu meistern!<\/p>\n","protected":false},"excerpt":{"rendered":"<p>Entdecken Sie die ultimative L\u00f6sung f\u00fcr Nackenschmerzen und schlechte Schlafqualit\u00e4t! Unser innovatives ergonomisches zervikales Traktionskissen ist so konzipiert, dass es Ihren Kopf, Nacken und Schultern sanft dehnt und unterst\u00fctzt, die richtige Ausrichtung f\u00f6rdert und Ihre Halswirbels\u00e4ule in ihre nat\u00fcrliche, gesunde &#8222;C&#8220;-Kurve zur\u00fcckbringt.<\/p>\n","protected":false},"featured_media":6652,"comment_status":"open","ping_status":"closed","template":"","meta":{"site-sidebar-layout":"default","site-content-layout":"content-boxed-container","ast-site-content-layout":"normal-width-container","site-content-style":"boxed","site-sidebar-style":"unboxed","ast-global-header-display":"","ast-banner-title-visibility":"","ast-main-header-display":"","ast-hfb-above-header-display":"","ast-hfb-below-header-display":"","ast-hfb-mobile-header-display":"","site-post-title":"","ast-breadcrumbs-content":"","ast-featured-img":"","footer-sml-layout":"","theme-transparent-header-meta":"default","adv-header-id-meta":"","stick-header-meta":"","header-above-stick-meta":"","header-main-stick-meta":"","header-below-stick-meta":"","astra-migrate-meta-layouts":"set","ast-page-background-enabled":"default","ast-page-background-meta":{"desktop":{"background-color":"var(--ast-global-color-4)","background-image":"","background-repeat":"repeat","background-position":"center center","background-size":"auto","background-attachment":"scroll","background-type":"","background-media":"","overlay-type":"","overlay-color":"","overlay-opacity":"","overlay-gradient":""},"tablet":{"background-color":"","background-image":"","background-repeat":"repeat","background-position":"center center","background-size":"auto","background-attachment":"scroll","background-type":"","background-media":"","overlay-type":"","overlay-color":"","overlay-opacity":"","overlay-gradient":""},"mobile":{"background-color":"","background-image":"","background-repeat":"repeat","background-position":"center center","background-size":"auto","background-attachment":"scroll","background-type":"","background-media":"","overlay-type":"","overlay-color":"","overlay-opacity":"","overlay-gradient":""}},"ast-content-background-meta":{"desktop":{"background-color":"var(--ast-global-color-5)","background-image":"","background-repeat":"repeat","background-position":"center center","background-size":"auto","background-attachment":"scroll","background-type":"","background-media":"","overlay-type":"","overlay-color":"","overlay-opacity":"","overlay-gradient":""},"tablet":{"background-color":"var(--ast-global-color-5)","background-image":"","background-repeat":"repeat","background-position":"center center","background-size":"auto","background-attachment":"scroll","background-type":"","background-media":"","overlay-type":"","overlay-color":"","overlay-opacity":"","overlay-gradient":""},"mobile":{"background-color":"var(--ast-global-color-5)","background-image":"","background-repeat":"repeat","background-position":"center center","background-size":"auto","background-attachment":"scroll","background-type":"","background-media":"","overlay-type":"","overlay-color":"","overlay-opacity":"","overlay-gradient":""}}},"product_brand":[],"product_cat":[205],"product_tag":[206,207],"class_list":{"0":"post-8218","1":"product","2":"type-product","3":"status-publish","4":"has-post-thumbnail","6":"product_cat-kissenkollektion","7":"product_tag-druckentlastung","8":"product_tag-kissen","9":"desktop-align-left","10":"tablet-align-left","11":"mobile-align-left","12":"ast-product-gallery-layout-horizontal-slider","13":"ast-product-single-variable","14":"ast-product-tabs-layout-horizontal","15":"ast-qv-on-image","17":"first","18":"instock","19":"sale","20":"shipping-taxable","21":"purchasable","22":"product-type-variable"},"aioseo_notices":[],"_links":{"self":[{"href":"https:\/\/www.aimycomfort.com\/store\/de\/wp-json\/wp\/v2\/product\/8218","targetHints":{"allow":["GET"]}}],"collection":[{"href":"https:\/\/www.aimycomfort.com\/store\/de\/wp-json\/wp\/v2\/product"}],"about":[{"href":"https:\/\/www.aimycomfort.com\/store\/de\/wp-json\/wp\/v2\/types\/product"}],"replies":[{"embeddable":true,"href":"https:\/\/www.aimycomfort.com\/store\/de\/wp-json\/wp\/v2\/comments?post=8218"}],"wp:featuredmedia":[{"embeddable":true,"href":"https:\/\/www.aimycomfort.com\/store\/de\/wp-json\/wp\/v2\/media\/6652"}],"wp:attachment":[{"href":"https:\/\/www.aimycomfort.com\/store\/de\/wp-json\/wp\/v2\/media?parent=8218"}],"wp:term":[{"taxonomy":"product_brand","embeddable":true,"href":"https:\/\/www.aimycomfort.com\/store\/de\/wp-json\/wp\/v2\/product_brand?post=8218"},{"taxonomy":"product_cat","embeddable":true,"href":"https:\/\/www.aimycomfort.com\/store\/de\/wp-json\/wp\/v2\/product_cat?post=8218"},{"taxonomy":"product_tag","embeddable":true,"href":"https:\/\/www.aimycomfort.com\/store\/de\/wp-json\/wp\/v2\/product_tag?post=8218"}],"curies":[{"name":"wp","href":"https:\/\/api.w.org\/{rel}","templated":true}]}}