{"id":8077,"date":"2024-08-05T07:30:29","date_gmt":"2024-08-05T07:30:29","guid":{"rendered":"https:\/\/www.aimycomfort.com\/store\/product\/4d-mesh-brot-kissen\/"},"modified":"2024-08-23T02:04:32","modified_gmt":"2024-08-23T02:04:32","slug":"4d-mesh-brot-kissen","status":"publish","type":"product","link":"https:\/\/www.aimycomfort.com\/store\/de\/produkt\/4d-mesh-brot-kissen\/","title":{"rendered":"4D Mesh Brot-Kissen"},"content":{"rendered":"<p>Unser 4D Mesh Brot-Kissen dreht sich nicht nur um Komfort \u2013 es bietet die perfekte Balance aus Unterst\u00fctzung und Atmungsaktivit\u00e4t f\u00fcr einen ges\u00fcnderen, erholsameren Schlaf. Wachen Sie erfrischt, verj\u00fcngt und bereit auf, Ihren Tag zu meistern.<\/p>\n<p>Hauptmerkmale:<\/p>\n<ul>\n<li><strong>4D Mesh-Technologie:<\/strong>\u00a0Gew\u00e4hrleistet \u00fcberlegene Luftzirkulation f\u00fcr eine k\u00fchle, trockene Schlafumgebung.<\/li>\n<li><strong>Memory-Schaum-Kern:<\/strong>\u00a0Bietet langsame R\u00fcckfederung, die sich perfekt an Ihren Kopf und Nacken anpasst.<\/li>\n<li><strong>Ergonomische Brotform:<\/strong>\u00a0Bietet volle Unterst\u00fctzung f\u00fcr Kopf, Nacken und Schultern.<\/li>\n<li><strong>3D ma\u00dfgeschneiderter Bezug:<\/strong>\u00a0Verf\u00fcgt \u00fcber einen versteckten Rei\u00dfverschluss f\u00fcr einfache Entfernung und Reinigung.<\/li>\n<li><strong>Luftschichtstoff:<\/strong>\u00a0Verbessert die Atmungsaktivit\u00e4t und hautfreundlichen Komfort.<\/li>\n<\/ul>\n<p>Perfekte Unterst\u00fctzung f\u00fcr jede Schlafposition:<\/p>\n<ul>\n<li><strong>R\u00fcckenschl\u00e4fer:<\/strong> Wiegt sanft Ihren Kopf und Nacken und f\u00f6rdert die richtige Wirbels\u00e4ulenausrichtung.<\/li>\n<li><strong>Seitenschl\u00e4fer:<\/strong> H\u00e4lt Kopf, Nacken und Schultern parallel und verhindert Druck auf die Schultern.<\/li>\n<li><strong>Wissenschaftliches zoniertes Design:<\/strong> Unser Kissen ist mit verschiedenen Unterst\u00fctzungszonen konstruiert, um gezielten Komfort und Pflege f\u00fcr verschiedene Teile Ihres Kopfes und Nackens zu bieten.<\/li>\n<\/ul>\n<p>Un\u00fcbertroffener Komfort:<\/p>\n<ul>\n<li><strong>Weich, aber unterst\u00fctzend:<\/strong>\u00a0F\u00e4llt nicht unter Druck zusammen.<\/li>\n<li><strong>Passt sich Ihrer einzigartigen Form f\u00fcr personalisierten Komfort an.<\/strong><\/li>\n<li><strong>Bietet ausreichend Unterst\u00fctzung, ohne zu fest zu sein.<\/strong><\/li>\n<\/ul>\n<p>Luxuri\u00f6se Details:<\/p>\n<ul>\n<li><strong>4D-Mesh-Stoffkante kombiniert mit Luftschichtstoff f\u00fcr maximale Atmungsaktivit\u00e4t.<\/strong><\/li>\n<li><strong>Glatter, langlebiger Rei\u00dfverschluss f\u00fcr einfache Bezugentfernung.<\/strong><\/li>\n<li><strong>Ultraweicher, hautfreundlicher Stoff f\u00fcr ein luxuri\u00f6ses Gef\u00fchl.<\/strong><\/li>\n<\/ul>\n<p>Pflege und Wartung: Abnehmbarer, maschinenwaschbarer Bezug f\u00fcr einfache Reinigung und langanhaltende Frische.<\/p>\n<p>Investieren Sie heute in Ihre Schlafqualit\u00e4t. Erleben Sie den Unterschied, den richtige Unterst\u00fctzung und fortschrittliche Atmungsaktivit\u00e4t in Ihrer n\u00e4chtlichen Ruhe mit unserem 4D Mesh Brot-Kissen ausmachen k\u00f6nnen!<\/p>\n","protected":false},"excerpt":{"rendered":"<p>4D Mesh Brot-Kissen: Das Ultimative in Komfort und Unterst\u00fctzung<\/p>\n<p>Erleben Sie eine neue Ebene des Schlafkomforts mit unserem innovativen 4D Mesh Brot-Kissen. Entwickelt, um optimale Unterst\u00fctzung und Atmungsaktivit\u00e4t zu bieten, ist dieses Kissen Ihr Ticket zu einem k\u00fchleren, erholsameren Schlaf in der Nacht.<\/p>\n","protected":false},"featured_media":6544,"comment_status":"open","ping_status":"closed","template":"","meta":{"site-sidebar-layout":"default","site-content-layout":"content-boxed-container","ast-site-content-layout":"normal-width-container","site-content-style":"boxed","site-sidebar-style":"unboxed","ast-global-header-display":"","ast-banner-title-visibility":"","ast-main-header-display":"","ast-hfb-above-header-display":"","ast-hfb-below-header-display":"","ast-hfb-mobile-header-display":"","site-post-title":"","ast-breadcrumbs-content":"","ast-featured-img":"","footer-sml-layout":"","theme-transparent-header-meta":"default","adv-header-id-meta":"","stick-header-meta":"","header-above-stick-meta":"","header-main-stick-meta":"","header-below-stick-meta":"","astra-migrate-meta-layouts":"set","ast-page-background-enabled":"default","ast-page-background-meta":{"desktop":{"background-color":"var(--ast-global-color-4)","background-image":"","background-repeat":"repeat","background-position":"center center","background-size":"auto","background-attachment":"scroll","background-type":"","background-media":"","overlay-type":"","overlay-color":"","overlay-opacity":"","overlay-gradient":""},"tablet":{"background-color":"","background-image":"","background-repeat":"repeat","background-position":"center center","background-size":"auto","background-attachment":"scroll","background-type":"","background-media":"","overlay-type":"","overlay-color":"","overlay-opacity":"","overlay-gradient":""},"mobile":{"background-color":"","background-image":"","background-repeat":"repeat","background-position":"center center","background-size":"auto","background-attachment":"scroll","background-type":"","background-media":"","overlay-type":"","overlay-color":"","overlay-opacity":"","overlay-gradient":""}},"ast-content-background-meta":{"desktop":{"background-color":"var(--ast-global-color-5)","background-image":"","background-repeat":"repeat","background-position":"center center","background-size":"auto","background-attachment":"scroll","background-type":"","background-media":"","overlay-type":"","overlay-color":"","overlay-opacity":"","overlay-gradient":""},"tablet":{"background-color":"var(--ast-global-color-5)","background-image":"","background-repeat":"repeat","background-position":"center center","background-size":"auto","background-attachment":"scroll","background-type":"","background-media":"","overlay-type":"","overlay-color":"","overlay-opacity":"","overlay-gradient":""},"mobile":{"background-color":"var(--ast-global-color-5)","background-image":"","background-repeat":"repeat","background-position":"center center","background-size":"auto","background-attachment":"scroll","background-type":"","background-media":"","overlay-type":"","overlay-color":"","overlay-opacity":"","overlay-gradient":""}}},"product_brand":[],"product_cat":[205],"product_tag":[206,207],"class_list":{"0":"post-8077","1":"product","2":"type-product","3":"status-publish","4":"has-post-thumbnail","6":"product_cat-kissenkollektion","7":"product_tag-druckentlastung","8":"product_tag-kissen","9":"desktop-align-left","10":"tablet-align-left","11":"mobile-align-left","12":"ast-product-gallery-layout-horizontal-slider","13":"ast-product-single-variable","14":"ast-product-tabs-layout-horizontal","15":"ast-qv-on-image","17":"first","18":"instock","19":"shipping-taxable","20":"purchasable","21":"product-type-variable"},"aioseo_notices":[],"_links":{"self":[{"href":"https:\/\/www.aimycomfort.com\/store\/de\/wp-json\/wp\/v2\/product\/8077","targetHints":{"allow":["GET"]}}],"collection":[{"href":"https:\/\/www.aimycomfort.com\/store\/de\/wp-json\/wp\/v2\/product"}],"about":[{"href":"https:\/\/www.aimycomfort.com\/store\/de\/wp-json\/wp\/v2\/types\/product"}],"replies":[{"embeddable":true,"href":"https:\/\/www.aimycomfort.com\/store\/de\/wp-json\/wp\/v2\/comments?post=8077"}],"wp:featuredmedia":[{"embeddable":true,"href":"https:\/\/www.aimycomfort.com\/store\/de\/wp-json\/wp\/v2\/media\/6544"}],"wp:attachment":[{"href":"https:\/\/www.aimycomfort.com\/store\/de\/wp-json\/wp\/v2\/media?parent=8077"}],"wp:term":[{"taxonomy":"product_brand","embeddable":true,"href":"https:\/\/www.aimycomfort.com\/store\/de\/wp-json\/wp\/v2\/product_brand?post=8077"},{"taxonomy":"product_cat","embeddable":true,"href":"https:\/\/www.aimycomfort.com\/store\/de\/wp-json\/wp\/v2\/product_cat?post=8077"},{"taxonomy":"product_tag","embeddable":true,"href":"https:\/\/www.aimycomfort.com\/store\/de\/wp-json\/wp\/v2\/product_tag?post=8077"}],"curies":[{"name":"wp","href":"https:\/\/api.w.org\/{rel}","templated":true}]}}