{"id":8066,"date":"2024-08-05T07:30:29","date_gmt":"2024-08-05T07:30:29","guid":{"rendered":"https:\/\/www.aimycomfort.com\/store\/product\/cervical-traction-pillow\/"},"modified":"2024-08-23T02:06:43","modified_gmt":"2024-08-23T02:06:43","slug":"cervical-traction-pillow","status":"publish","type":"product","link":"https:\/\/www.aimycomfort.com\/store\/de\/produkt\/cervical-traction-pillow\/","title":{"rendered":"Zervikales Traktionskissen"},"content":{"rendered":"<p>W\u00e4hlen Sie Komfort, w\u00e4hlen Sie Gesundheit: Unser Zervikales Traktionskissen kombiniert das Neueste im ergonomischen Design mit luxuri\u00f6sem Komfort. Es ist mehr als nur ein Kissen \u2013 es ist Ihre n\u00e4chtliche Therapiesitzung f\u00fcr einen ges\u00fcnderen, bequemeren Nacken.<\/p>\n<p>Hauptmerkmale:<\/p>\n<ol>\n<li>Ergonomisches, knochenf\u00f6rmiges Design: Passt sich perfekt der nat\u00fcrlichen Kurve Ihres Nackens an.<\/li>\n<li>Dreiachsige Traktion: Nutzt die Schwerkraft, um Ihre Halswirbels\u00e4ule sanft zu dehnen und zu entlasten.<\/li>\n<li>Hochwertiger Memory-Schaum-Kern: Bietet \u00fcberlegene R\u00fcckfederung und Unterst\u00fctzung f\u00fcr ultimativen Komfort.<\/li>\n<li>Hochwertige synthetische Faserau\u00dfenschicht: Weich, atmungsaktiv und hautfreundlich.<\/li>\n<li>Zervikale F\u00fchrungsrille: F\u00f6rdert die richtige Schlafhaltung.<\/li>\n<li>Sanfter Schulter\u00fcbergang: Gew\u00e4hrleistet volle Unterst\u00fctzung vom Nacken bis zu den Schultern.<\/li>\n<\/ol>\n<p>Vorteile:<\/p>\n<ul>\n<li>Lindert effektiv Nackenerm\u00fcdung und -schmerzen.<\/li>\n<li>Hilft, die nat\u00fcrliche C-Kurve Ihrer Halswirbels\u00e4ule wiederherzustellen.<\/li>\n<li>Verbessert die Schlafqualit\u00e4t durch Aufrechterhaltung der richtigen Nackenausrichtung.<\/li>\n<li>Entspannt die Nackenmuskulatur und reduziert den Druck auf die Wirbels\u00e4ule.<\/li>\n<\/ul>\n<p>Perfekt f\u00fcr:<\/p>\n<ul>\n<li>B\u00fcroangestellte mit h\u00e4ufigen Nackenverspannungen.<\/li>\n<li>Personen, die unter zervikaler Spondylose leiden.<\/li>\n<li>Jeder, der seine Schlafqualit\u00e4t und Nackengesundheit verbessern m\u00f6chte.<\/li>\n<\/ul>\n<p>Pflege und Wartung: Abnehmbarer, maschinenwaschbarer Bezug mit einem glatten Rei\u00dfverschluss f\u00fcr einfache Reinigung.<br \/>\nEinteilige, geformte Konstruktion f\u00fcr langanhaltende Haltbarkeit.<\/p>\n<p>Wachen Sie erfrischt, verj\u00fcngt und schmerzfrei auf mit unserem Zervikalen Traktionskissen!<\/p>\n","protected":false},"excerpt":{"rendered":"<p>Einf\u00fchrung des revolution\u00e4ren Zervikalen Traktionskissens: Ihr Weg zu Nackengesundheit und erholsamem Schlaf.<br \/>\nErleben Sie das Beste in der Nackenpflege und im Schlafkomfort mit unserem innovativen Zervikalen Traktionskissen.<\/p>\n<p>Entwickelt, um Ihre Halswirbels\u00e4ule sanft zu dehnen und zu unterst\u00fctzen, bietet dieses Kissen eine einzigartige Mischung aus therapeutischen Vorteilen und luxuri\u00f6sem Komfort.<\/p>\n<p>Verbringen Sie jede Nacht vor dem Schlafengehen nur 10 Minuten auf dem Kissen. Bei konsequenter Anwendung werden Sie eine erh\u00f6hte Nackenkomfort und Flexibilit\u00e4t bemerken.<\/p>\n","protected":false},"featured_media":6391,"comment_status":"open","ping_status":"closed","template":"","meta":{"site-sidebar-layout":"default","site-content-layout":"content-boxed-container","ast-site-content-layout":"normal-width-container","site-content-style":"boxed","site-sidebar-style":"unboxed","ast-global-header-display":"","ast-banner-title-visibility":"","ast-main-header-display":"","ast-hfb-above-header-display":"","ast-hfb-below-header-display":"","ast-hfb-mobile-header-display":"","site-post-title":"","ast-breadcrumbs-content":"","ast-featured-img":"","footer-sml-layout":"","theme-transparent-header-meta":"default","adv-header-id-meta":"","stick-header-meta":"","header-above-stick-meta":"","header-main-stick-meta":"","header-below-stick-meta":"","astra-migrate-meta-layouts":"set","ast-page-background-enabled":"default","ast-page-background-meta":{"desktop":{"background-color":"var(--ast-global-color-4)","background-image":"","background-repeat":"repeat","background-position":"center center","background-size":"auto","background-attachment":"scroll","background-type":"","background-media":"","overlay-type":"","overlay-color":"","overlay-opacity":"","overlay-gradient":""},"tablet":{"background-color":"","background-image":"","background-repeat":"repeat","background-position":"center center","background-size":"auto","background-attachment":"scroll","background-type":"","background-media":"","overlay-type":"","overlay-color":"","overlay-opacity":"","overlay-gradient":""},"mobile":{"background-color":"","background-image":"","background-repeat":"repeat","background-position":"center center","background-size":"auto","background-attachment":"scroll","background-type":"","background-media":"","overlay-type":"","overlay-color":"","overlay-opacity":"","overlay-gradient":""}},"ast-content-background-meta":{"desktop":{"background-color":"var(--ast-global-color-5)","background-image":"","background-repeat":"repeat","background-position":"center center","background-size":"auto","background-attachment":"scroll","background-type":"","background-media":"","overlay-type":"","overlay-color":"","overlay-opacity":"","overlay-gradient":""},"tablet":{"background-color":"var(--ast-global-color-5)","background-image":"","background-repeat":"repeat","background-position":"center center","background-size":"auto","background-attachment":"scroll","background-type":"","background-media":"","overlay-type":"","overlay-color":"","overlay-opacity":"","overlay-gradient":""},"mobile":{"background-color":"var(--ast-global-color-5)","background-image":"","background-repeat":"repeat","background-position":"center center","background-size":"auto","background-attachment":"scroll","background-type":"","background-media":"","overlay-type":"","overlay-color":"","overlay-opacity":"","overlay-gradient":""}}},"product_brand":[],"product_cat":[205],"product_tag":[206,207],"class_list":{"0":"post-8066","1":"product","2":"type-product","3":"status-publish","4":"has-post-thumbnail","6":"product_cat-kissenkollektion","7":"product_tag-druckentlastung","8":"product_tag-kissen","9":"desktop-align-left","10":"tablet-align-left","11":"mobile-align-left","12":"ast-product-gallery-layout-horizontal-slider","13":"ast-product-single-variable","14":"ast-product-tabs-layout-horizontal","15":"ast-qv-on-image","17":"first","18":"instock","19":"shipping-taxable","20":"purchasable","21":"product-type-variable"},"aioseo_notices":[],"_links":{"self":[{"href":"https:\/\/www.aimycomfort.com\/store\/de\/wp-json\/wp\/v2\/product\/8066","targetHints":{"allow":["GET"]}}],"collection":[{"href":"https:\/\/www.aimycomfort.com\/store\/de\/wp-json\/wp\/v2\/product"}],"about":[{"href":"https:\/\/www.aimycomfort.com\/store\/de\/wp-json\/wp\/v2\/types\/product"}],"replies":[{"embeddable":true,"href":"https:\/\/www.aimycomfort.com\/store\/de\/wp-json\/wp\/v2\/comments?post=8066"}],"wp:featuredmedia":[{"embeddable":true,"href":"https:\/\/www.aimycomfort.com\/store\/de\/wp-json\/wp\/v2\/media\/6391"}],"wp:attachment":[{"href":"https:\/\/www.aimycomfort.com\/store\/de\/wp-json\/wp\/v2\/media?parent=8066"}],"wp:term":[{"taxonomy":"product_brand","embeddable":true,"href":"https:\/\/www.aimycomfort.com\/store\/de\/wp-json\/wp\/v2\/product_brand?post=8066"},{"taxonomy":"product_cat","embeddable":true,"href":"https:\/\/www.aimycomfort.com\/store\/de\/wp-json\/wp\/v2\/product_cat?post=8066"},{"taxonomy":"product_tag","embeddable":true,"href":"https:\/\/www.aimycomfort.com\/store\/de\/wp-json\/wp\/v2\/product_tag?post=8066"}],"curies":[{"name":"wp","href":"https:\/\/api.w.org\/{rel}","templated":true}]}}