{"id":7923,"date":"2024-08-09T02:47:02","date_gmt":"2024-08-09T02:47:02","guid":{"rendered":"https:\/\/www.aimycomfort.com\/store\/product\/ultimatives-komfort-memory-schaum-sitzkissen\/"},"modified":"2024-08-23T01:42:35","modified_gmt":"2024-08-23T01:42:35","slug":"ultimatives-komfort-memory-schaum-sitzkissen","status":"publish","type":"product","link":"https:\/\/www.aimycomfort.com\/store\/de\/produkt\/ultimatives-komfort-memory-schaum-sitzkissen\/","title":{"rendered":"Ultimatives Komfort-Memory-Schaum-Sitzkissen"},"content":{"rendered":"<p>Unser Ultimatives Komfort-Memory-Schaum-Sitzkissen ist nicht nur ein Kissen \u2013 es ist eine Revolution im Sitzkomfort. Ob Sie lange Stunden im B\u00fcro arbeiten, f\u00fcr Pr\u00fcfungen lernen oder einen entspannten Tag zu Hause genie\u00dfen, dieses Kissen sorgt daf\u00fcr, dass Sie immer in h\u00f6chstem Komfort sitzen.<\/p>\n<p>Hauptmerkmale:<\/p>\n<ol>\n<li>Fortschrittlicher langsamer Memory-Schaum:<\/li>\n<\/ol>\n<ul>\n<li>Jahre der technologischen Verfeinerung<\/li>\n<li>H\u00f6here Dichte f\u00fcr \u00fcberlegene Haltbarkeit<\/li>\n<li>Weicher, komfortabler Touch, der sich Ihrem K\u00f6rper anpasst<\/li>\n<\/ul>\n<ol start=\"2\">\n<li>Ergonomisches Design mit zonierter Druckentlastung:<\/li>\n<\/ol>\n<ul>\n<li>Vollst\u00e4ndige Umschlie\u00dfung st\u00fctzt Ihren K\u00f6rper<\/li>\n<li>Sch\u00fctzt das Stei\u00dfbein und entlastet den H\u00fcftdruck<\/li>\n<\/ul>\n<ol start=\"3\">\n<li>U-f\u00f6rmige Stei\u00dfbeinentlastung:<\/li>\n<\/ol>\n<ul>\n<li>Vergr\u00f6\u00dfertes U-f\u00f6rmiges Ausschnittdesign<\/li>\n<li>Bietet Stei\u00dfbeinschutz und druckfreien Komfort<\/li>\n<\/ul>\n<ol start=\"4\">\n<li>Beinkontur f\u00fcr reduzierten Druck:<\/li>\n<\/ol>\n<ul>\n<li>Gebogenes Vorderkantendesign<\/li>\n<li>Minimiert den Druck auf die Oberschenkel f\u00fcr verbesserte Zirkulation<\/li>\n<\/ul>\n<ol start=\"5\">\n<li>Atmungsaktive zentrale Aussparung:<\/li>\n<\/ol>\n<ul>\n<li>Verbessert die Luftzirkulation<\/li>\n<li>Reduziert die W\u00e4rmeentwicklung f\u00fcr ein k\u00fchles, komfortables Sitzen<\/li>\n<\/ul>\n<p>Warum unser Ultimatives Komfort-Memory-Schaum-Sitzkissen w\u00e4hlen?<\/p>\n<ol>\n<li>\u00dcberlegene Materialien: Hochdichter Memory-Schaum f\u00fcr langanhaltende Unterst\u00fctzung<\/li>\n<li>Durchdachtes Design: Ergonomische Merkmale basierend auf der Mechanik des menschlichen K\u00f6rpers<\/li>\n<li>Vielseitige Verwendung: Passt auf die meisten St\u00fchle und Sitzfl\u00e4chen<\/li>\n<li>Einfache Wartung: Abnehmbarer, waschbarer Bezug f\u00fcr anhaltende Frische<\/li>\n<\/ol>\n","protected":false},"excerpt":{"rendered":"<p>Ultimatives Komfort-Memory-Schaum-Sitzkissen: Sitzen Sie l\u00e4nger, f\u00fchlen Sie sich besser<\/p>\n<p>Erleben Sie eine neue Ebene des Sitzkomforts mit unserem innovativen Memory-Schaum-Sitzkissen. Entworfen, um un\u00fcbertroffene Unterst\u00fctzung und Druckentlastung zu bieten, verwandelt dieses Kissen jeden Sitz in eine Oase des Komforts, die es Ihnen erm\u00f6glicht, lange Perioden ohne Unbehagen oder Erm\u00fcdung zu sitzen.<\/p>\n","protected":false},"featured_media":6589,"comment_status":"open","ping_status":"closed","template":"","meta":{"site-sidebar-layout":"default","site-content-layout":"","ast-site-content-layout":"default","site-content-style":"default","site-sidebar-style":"default","ast-global-header-display":"","ast-banner-title-visibility":"","ast-main-header-display":"","ast-hfb-above-header-display":"","ast-hfb-below-header-display":"","ast-hfb-mobile-header-display":"","site-post-title":"","ast-breadcrumbs-content":"","ast-featured-img":"","footer-sml-layout":"","theme-transparent-header-meta":"default","adv-header-id-meta":"","stick-header-meta":"","header-above-stick-meta":"","header-main-stick-meta":"","header-below-stick-meta":"","astra-migrate-meta-layouts":"set","ast-page-background-enabled":"default","ast-page-background-meta":{"desktop":{"background-color":"var(--ast-global-color-4)","background-image":"","background-repeat":"repeat","background-position":"center center","background-size":"auto","background-attachment":"scroll","background-type":"","background-media":"","overlay-type":"","overlay-color":"","overlay-opacity":"","overlay-gradient":""},"tablet":{"background-color":"","background-image":"","background-repeat":"repeat","background-position":"center center","background-size":"auto","background-attachment":"scroll","background-type":"","background-media":"","overlay-type":"","overlay-color":"","overlay-opacity":"","overlay-gradient":""},"mobile":{"background-color":"","background-image":"","background-repeat":"repeat","background-position":"center center","background-size":"auto","background-attachment":"scroll","background-type":"","background-media":"","overlay-type":"","overlay-color":"","overlay-opacity":"","overlay-gradient":""}},"ast-content-background-meta":{"desktop":{"background-color":"var(--ast-global-color-5)","background-image":"","background-repeat":"repeat","background-position":"center center","background-size":"auto","background-attachment":"scroll","background-type":"","background-media":"","overlay-type":"","overlay-color":"","overlay-opacity":"","overlay-gradient":""},"tablet":{"background-color":"var(--ast-global-color-5)","background-image":"","background-repeat":"repeat","background-position":"center center","background-size":"auto","background-attachment":"scroll","background-type":"","background-media":"","overlay-type":"","overlay-color":"","overlay-opacity":"","overlay-gradient":""},"mobile":{"background-color":"var(--ast-global-color-5)","background-image":"","background-repeat":"repeat","background-position":"center center","background-size":"auto","background-attachment":"scroll","background-type":"","background-media":"","overlay-type":"","overlay-color":"","overlay-opacity":"","overlay-gradient":""}}},"product_brand":[],"product_cat":[342],"product_tag":[206,343],"class_list":{"0":"post-7923","1":"product","2":"type-product","3":"status-publish","4":"has-post-thumbnail","6":"product_cat-kissen","7":"product_tag-druckentlastung","8":"product_tag-kissen-de","9":"desktop-align-left","10":"tablet-align-left","11":"mobile-align-left","12":"ast-product-gallery-layout-horizontal-slider","13":"ast-product-single-variable","14":"ast-product-tabs-layout-horizontal","15":"ast-qv-on-image","17":"first","18":"instock","19":"shipping-taxable","20":"purchasable","21":"product-type-variable"},"aioseo_notices":[],"_links":{"self":[{"href":"https:\/\/www.aimycomfort.com\/store\/de\/wp-json\/wp\/v2\/product\/7923","targetHints":{"allow":["GET"]}}],"collection":[{"href":"https:\/\/www.aimycomfort.com\/store\/de\/wp-json\/wp\/v2\/product"}],"about":[{"href":"https:\/\/www.aimycomfort.com\/store\/de\/wp-json\/wp\/v2\/types\/product"}],"replies":[{"embeddable":true,"href":"https:\/\/www.aimycomfort.com\/store\/de\/wp-json\/wp\/v2\/comments?post=7923"}],"wp:featuredmedia":[{"embeddable":true,"href":"https:\/\/www.aimycomfort.com\/store\/de\/wp-json\/wp\/v2\/media\/6589"}],"wp:attachment":[{"href":"https:\/\/www.aimycomfort.com\/store\/de\/wp-json\/wp\/v2\/media?parent=7923"}],"wp:term":[{"taxonomy":"product_brand","embeddable":true,"href":"https:\/\/www.aimycomfort.com\/store\/de\/wp-json\/wp\/v2\/product_brand?post=7923"},{"taxonomy":"product_cat","embeddable":true,"href":"https:\/\/www.aimycomfort.com\/store\/de\/wp-json\/wp\/v2\/product_cat?post=7923"},{"taxonomy":"product_tag","embeddable":true,"href":"https:\/\/www.aimycomfort.com\/store\/de\/wp-json\/wp\/v2\/product_tag?post=7923"}],"curies":[{"name":"wp","href":"https:\/\/api.w.org\/{rel}","templated":true}]}}