{"id":7911,"date":"2024-08-08T08:36:02","date_gmt":"2024-08-08T08:36:02","guid":{"rendered":"https:\/\/www.aimycomfort.com\/store\/product\/eis-seiden-memory-schaum-schlafkissen\/"},"modified":"2024-08-08T08:36:02","modified_gmt":"2024-08-08T08:36:02","slug":"eis-seiden-memory-schaum-schlafkissen","status":"publish","type":"product","link":"https:\/\/www.aimycomfort.com\/store\/de\/produkt\/eis-seiden-memory-schaum-schlafkissen\/","title":{"rendered":"Eis-Seiden Memory-Schaum Schlafkissen"},"content":{"rendered":"<p>Unser Eis-Seiden Memory-Schaum Schlafkissen ist nicht nur ein Kissen \u2013 es ist Ihre pers\u00f6nliche Komfortoase mitten in einem gesch\u00e4ftigen Tag. Ob Sie sich im B\u00fcro, auf einem Flug oder zu Hause wieder aufladen, dieses Kissen sorgt daf\u00fcr, dass Sie aufgeweckt aussehen und sich von Ihrer besten Seite f\u00fchlen.<\/p>\n<p>Hauptmerkmale:<\/p>\n<ol>\n<li>Patentiertes atmungsaktives Design:<\/li>\n<\/ol>\n<ul>\n<li>Verhindert \u00dcberhitzung beim Schlafen mit dem Gesicht nach unten<\/li>\n<li>Bewahrt Ihr Make-up und verhindert Gesichtsabdr\u00fccke<\/li>\n<\/ul>\n<ol start=\"2\">\n<li>Ergonomischer Arm-Einsatz: 7 cm H\u00f6he verhindert Taubheitsgef\u00fchle im Arm beim Seitenschlafen<\/li>\n<li>Gesichtsschonende Kurve: Erh\u00e4lt die Gesundheit Ihrer Haut und die Integrit\u00e4t Ihres Make-ups<\/li>\n<li>Zentrales Bel\u00fcftungssystem: Gew\u00e4hrleistet reibungsloses Atmen und Komfort<\/li>\n<li>Unterst\u00fctzung f\u00fcr mehrere Positionen:<\/li>\n<\/ol>\n<ul>\n<li>Seitenschlafen ohne Druck auf den Arm<\/li>\n<li>Schlafen mit dem Gesicht nach unten bei Wirbels\u00e4ulenausrichtung<\/li>\n<li>Aufrechtes Sitzen mit Unterst\u00fctzung des unteren R\u00fcckens<\/li>\n<\/ul>\n<ol start=\"6\">\n<li>Hochwertiger langsamer Memory-Schaum<\/li>\n<\/ol>\n<p>Warum unser Eis-Seiden Memory-Schaum Schlafkissen w\u00e4hlen?<\/p>\n<ol>\n<li>Innovatives Design: Geht auf mehrere Unannehmlichkeiten beim Nickerchen ein<\/li>\n<li>Qualit\u00e4tsmaterialien: Premium Memory-Schaum und k\u00fchlender Eis-Seidenstoff<\/li>\n<li>Vielseitigkeit: Geeignet f\u00fcr verschiedene Schlafpositionen und Umgebungen<\/li>\n<\/ol>\n","protected":false},"excerpt":{"rendered":"<p>Eis-Seiden Memory-Schaum Schlafkissen: Ihr Tor zu erfrischenden Power-Naps<\/p>\n<p>Revolutionieren Sie Ihre Mittagsruhe mit unserem innovativen Eis-Seiden Memory-Schaum Schlafkissen. Entworfen, um g\u00e4ngige Unannehmlichkeiten beim Nickerchen zu adressieren, stellt dieses Kissen sicher, dass Sie erfrischt, verj\u00fcngt und bereit sind, den Rest Ihres Tages zu meistern.<\/p>\n","protected":false},"featured_media":6508,"comment_status":"open","ping_status":"closed","template":"","meta":{"site-sidebar-layout":"default","site-content-layout":"","ast-site-content-layout":"default","site-content-style":"default","site-sidebar-style":"default","ast-global-header-display":"","ast-banner-title-visibility":"","ast-main-header-display":"","ast-hfb-above-header-display":"","ast-hfb-below-header-display":"","ast-hfb-mobile-header-display":"","site-post-title":"","ast-breadcrumbs-content":"","ast-featured-img":"","footer-sml-layout":"","theme-transparent-header-meta":"default","adv-header-id-meta":"","stick-header-meta":"","header-above-stick-meta":"","header-main-stick-meta":"","header-below-stick-meta":"","astra-migrate-meta-layouts":"default","ast-page-background-enabled":"default","ast-page-background-meta":{"desktop":{"background-color":"var(--ast-global-color-4)","background-image":"","background-repeat":"repeat","background-position":"center center","background-size":"auto","background-attachment":"scroll","background-type":"","background-media":"","overlay-type":"","overlay-color":"","overlay-opacity":"","overlay-gradient":""},"tablet":{"background-color":"","background-image":"","background-repeat":"repeat","background-position":"center center","background-size":"auto","background-attachment":"scroll","background-type":"","background-media":"","overlay-type":"","overlay-color":"","overlay-opacity":"","overlay-gradient":""},"mobile":{"background-color":"","background-image":"","background-repeat":"repeat","background-position":"center center","background-size":"auto","background-attachment":"scroll","background-type":"","background-media":"","overlay-type":"","overlay-color":"","overlay-opacity":"","overlay-gradient":""}},"ast-content-background-meta":{"desktop":{"background-color":"var(--ast-global-color-5)","background-image":"","background-repeat":"repeat","background-position":"center center","background-size":"auto","background-attachment":"scroll","background-type":"","background-media":"","overlay-type":"","overlay-color":"","overlay-opacity":"","overlay-gradient":""},"tablet":{"background-color":"var(--ast-global-color-5)","background-image":"","background-repeat":"repeat","background-position":"center center","background-size":"auto","background-attachment":"scroll","background-type":"","background-media":"","overlay-type":"","overlay-color":"","overlay-opacity":"","overlay-gradient":""},"mobile":{"background-color":"var(--ast-global-color-5)","background-image":"","background-repeat":"repeat","background-position":"center center","background-size":"auto","background-attachment":"scroll","background-type":"","background-media":"","overlay-type":"","overlay-color":"","overlay-opacity":"","overlay-gradient":""}}},"product_brand":[],"product_cat":[205],"product_tag":[206,207],"class_list":{"0":"post-7911","1":"product","2":"type-product","3":"status-publish","4":"has-post-thumbnail","6":"product_cat-kissenkollektion","7":"product_tag-druckentlastung","8":"product_tag-kissen","9":"desktop-align-left","10":"tablet-align-left","11":"mobile-align-left","12":"ast-product-gallery-layout-horizontal-slider","13":"ast-product-single-variable","14":"ast-product-tabs-layout-horizontal","15":"ast-qv-on-image","17":"first","18":"instock","19":"shipping-taxable","20":"purchasable","21":"product-type-variable"},"aioseo_notices":[],"_links":{"self":[{"href":"https:\/\/www.aimycomfort.com\/store\/de\/wp-json\/wp\/v2\/product\/7911","targetHints":{"allow":["GET"]}}],"collection":[{"href":"https:\/\/www.aimycomfort.com\/store\/de\/wp-json\/wp\/v2\/product"}],"about":[{"href":"https:\/\/www.aimycomfort.com\/store\/de\/wp-json\/wp\/v2\/types\/product"}],"replies":[{"embeddable":true,"href":"https:\/\/www.aimycomfort.com\/store\/de\/wp-json\/wp\/v2\/comments?post=7911"}],"wp:featuredmedia":[{"embeddable":true,"href":"https:\/\/www.aimycomfort.com\/store\/de\/wp-json\/wp\/v2\/media\/6508"}],"wp:attachment":[{"href":"https:\/\/www.aimycomfort.com\/store\/de\/wp-json\/wp\/v2\/media?parent=7911"}],"wp:term":[{"taxonomy":"product_brand","embeddable":true,"href":"https:\/\/www.aimycomfort.com\/store\/de\/wp-json\/wp\/v2\/product_brand?post=7911"},{"taxonomy":"product_cat","embeddable":true,"href":"https:\/\/www.aimycomfort.com\/store\/de\/wp-json\/wp\/v2\/product_cat?post=7911"},{"taxonomy":"product_tag","embeddable":true,"href":"https:\/\/www.aimycomfort.com\/store\/de\/wp-json\/wp\/v2\/product_tag?post=7911"}],"curies":[{"name":"wp","href":"https:\/\/api.w.org\/{rel}","templated":true}]}}