{"id":7736,"date":"2024-08-08T10:27:23","date_gmt":"2024-08-08T10:27:23","guid":{"rendered":"https:\/\/www.aimycomfort.com\/store\/product\/ultimatives-schwangerschafts-stuetzkissen\/"},"modified":"2024-08-23T01:46:06","modified_gmt":"2024-08-23T01:46:06","slug":"ultimatives-schwangerschafts-stuetzkissen","status":"publish","type":"product","link":"https:\/\/www.aimycomfort.com\/store\/de\/produkt\/ultimatives-schwangerschafts-stuetzkissen\/","title":{"rendered":"Ultimatives Schwangerschafts-St\u00fctzkissen"},"content":{"rendered":"<p>Unser Schwangerschafts-St\u00fctzkissen ist nicht nur ein Kissen \u2013 es ist Ihre pers\u00f6nliche Komfortstation, die mit Ihnen w\u00e4chst. Von den fr\u00fchen Schwangerschaftsbeschwerden bis zur Unterst\u00fctzung nach der Geburt passt sich dieses Kissen Ihren sich \u00e4ndernden Bed\u00fcrfnissen an und sorgt daf\u00fcr, dass Sie immer bequem und unterst\u00fctzt sind.<\/p>\n<p>Vorteile:<\/p>\n<ul>\n<li>Lindert Schmerzen und Beschwerden im unteren R\u00fccken<\/li>\n<li>Bietet entscheidende Unterst\u00fctzung f\u00fcr Ihren wachsenden Bauch<\/li>\n<li>Verbessert die Schlafqualit\u00e4t w\u00e4hrend der Schwangerschaft<\/li>\n<li>Bietet vielseitige Unterst\u00fctzung von der Schwangerschaft bis zum Stillen<\/li>\n<li>Passt sich den sich \u00e4ndernden Bed\u00fcrfnissen Ihres K\u00f6rpers an<\/li>\n<\/ul>\n<p>Warum unser Schwangerschafts-St\u00fctzkissen w\u00e4hlen?<\/p>\n<ol>\n<li>Un\u00fcbertroffene Vielseitigkeit: Ein Kissen, mehrere Anwendungen w\u00e4hrend Ihrer Reise<\/li>\n<li>Qualit\u00e4tsmaterialien: Langlebig, bequem und sicher f\u00fcr Sie und Ihr Baby<\/li>\n<li>Anpassbare Unterst\u00fctzung: Verstellbare Gurte f\u00fcr die perfekte Passform in jeder Phase<\/li>\n<li>Einfache Pflege: Maschinenwaschbarer Bezug f\u00fcr anhaltende Frische<\/li>\n<\/ol>\n","protected":false},"excerpt":{"rendered":"<p>Einf\u00fchrung des ultimativen Schwangerschafts-St\u00fctzkissens: Komfort von der Beule bis zum Baby<\/p>\n<p>Erleben Sie unvergleichlichen Komfort und Unterst\u00fctzung w\u00e4hrend Ihrer gesamten Schwangerschaftsreise mit unserem innovativen Schwangerschafts-St\u00fctzkissen. Entwickelt, um sich Ihren sich \u00e4ndernden Bed\u00fcrfnissen anzupassen, ist dieses vielseitige Kissen Ihr perfekter Begleiter von der fr\u00fchen Schwangerschaft bis zum Stillen und dar\u00fcber hinaus.<\/p>\n","protected":false},"featured_media":6526,"comment_status":"open","ping_status":"closed","template":"","meta":{"site-sidebar-layout":"default","site-content-layout":"","ast-site-content-layout":"default","site-content-style":"default","site-sidebar-style":"default","ast-global-header-display":"","ast-banner-title-visibility":"","ast-main-header-display":"","ast-hfb-above-header-display":"","ast-hfb-below-header-display":"","ast-hfb-mobile-header-display":"","site-post-title":"","ast-breadcrumbs-content":"","ast-featured-img":"","footer-sml-layout":"","theme-transparent-header-meta":"default","adv-header-id-meta":"","stick-header-meta":"","header-above-stick-meta":"","header-main-stick-meta":"","header-below-stick-meta":"","astra-migrate-meta-layouts":"set","ast-page-background-enabled":"default","ast-page-background-meta":{"desktop":{"background-color":"var(--ast-global-color-4)","background-image":"","background-repeat":"repeat","background-position":"center center","background-size":"auto","background-attachment":"scroll","background-type":"","background-media":"","overlay-type":"","overlay-color":"","overlay-opacity":"","overlay-gradient":""},"tablet":{"background-color":"","background-image":"","background-repeat":"repeat","background-position":"center center","background-size":"auto","background-attachment":"scroll","background-type":"","background-media":"","overlay-type":"","overlay-color":"","overlay-opacity":"","overlay-gradient":""},"mobile":{"background-color":"","background-image":"","background-repeat":"repeat","background-position":"center center","background-size":"auto","background-attachment":"scroll","background-type":"","background-media":"","overlay-type":"","overlay-color":"","overlay-opacity":"","overlay-gradient":""}},"ast-content-background-meta":{"desktop":{"background-color":"var(--ast-global-color-5)","background-image":"","background-repeat":"repeat","background-position":"center center","background-size":"auto","background-attachment":"scroll","background-type":"","background-media":"","overlay-type":"","overlay-color":"","overlay-opacity":"","overlay-gradient":""},"tablet":{"background-color":"var(--ast-global-color-5)","background-image":"","background-repeat":"repeat","background-position":"center center","background-size":"auto","background-attachment":"scroll","background-type":"","background-media":"","overlay-type":"","overlay-color":"","overlay-opacity":"","overlay-gradient":""},"mobile":{"background-color":"var(--ast-global-color-5)","background-image":"","background-repeat":"repeat","background-position":"center center","background-size":"auto","background-attachment":"scroll","background-type":"","background-media":"","overlay-type":"","overlay-color":"","overlay-opacity":"","overlay-gradient":""}}},"product_brand":[],"product_cat":[205,725],"product_tag":[206,207],"class_list":{"0":"post-7736","1":"product","2":"type-product","3":"status-publish","4":"has-post-thumbnail","6":"product_cat-kissenkollektion","7":"product_cat-pregnancy-pillow-de","8":"product_tag-druckentlastung","9":"product_tag-kissen","10":"desktop-align-left","11":"tablet-align-left","12":"mobile-align-left","13":"ast-product-gallery-layout-horizontal-slider","14":"ast-product-single-variable","15":"ast-product-tabs-layout-horizontal","16":"ast-qv-on-image","18":"first","19":"instock","20":"shipping-taxable","21":"purchasable","22":"product-type-variable"},"aioseo_notices":[],"_links":{"self":[{"href":"https:\/\/www.aimycomfort.com\/store\/de\/wp-json\/wp\/v2\/product\/7736","targetHints":{"allow":["GET"]}}],"collection":[{"href":"https:\/\/www.aimycomfort.com\/store\/de\/wp-json\/wp\/v2\/product"}],"about":[{"href":"https:\/\/www.aimycomfort.com\/store\/de\/wp-json\/wp\/v2\/types\/product"}],"replies":[{"embeddable":true,"href":"https:\/\/www.aimycomfort.com\/store\/de\/wp-json\/wp\/v2\/comments?post=7736"}],"wp:featuredmedia":[{"embeddable":true,"href":"https:\/\/www.aimycomfort.com\/store\/de\/wp-json\/wp\/v2\/media\/6526"}],"wp:attachment":[{"href":"https:\/\/www.aimycomfort.com\/store\/de\/wp-json\/wp\/v2\/media?parent=7736"}],"wp:term":[{"taxonomy":"product_brand","embeddable":true,"href":"https:\/\/www.aimycomfort.com\/store\/de\/wp-json\/wp\/v2\/product_brand?post=7736"},{"taxonomy":"product_cat","embeddable":true,"href":"https:\/\/www.aimycomfort.com\/store\/de\/wp-json\/wp\/v2\/product_cat?post=7736"},{"taxonomy":"product_tag","embeddable":true,"href":"https:\/\/www.aimycomfort.com\/store\/de\/wp-json\/wp\/v2\/product_tag?post=7736"}],"curies":[{"name":"wp","href":"https:\/\/api.w.org\/{rel}","templated":true}]}}