{"id":7356,"date":"2024-08-09T08:35:22","date_gmt":"2024-08-09T08:35:22","guid":{"rendered":"https:\/\/www.aimycomfort.com\/store\/product\/ultimate-memory-schaum-auto-komfort-set\/"},"modified":"2024-08-22T09:46:32","modified_gmt":"2024-08-22T09:46:32","slug":"ultimate-memory-schaum-auto-komfort-set","status":"publish","type":"product","link":"https:\/\/www.aimycomfort.com\/store\/de\/produkt\/ultimate-memory-schaum-auto-komfort-set\/","title":{"rendered":"Ultimate Memory-Schaum Auto-Komfort-Set"},"content":{"rendered":"<p>Unser Memory-Schaum Auto-Komfort-Set ist nicht nur ein Zubeh\u00f6r \u2013 es ist Ihre pers\u00f6nliche Komfortstation auf R\u00e4dern. Ob Sie den t\u00e4glichen Arbeitsweg bew\u00e4ltigen oder zu einem Abenteuer quer durchs Land aufbrechen, dieses Set sorgt daf\u00fcr, dass Sie und Ihre Passagiere immer in h\u00f6chstem Komfort und Stil reisen.<\/p>\n<p>Vorteile:<\/p>\n<ul>\n<li>Lindert Nacken- und R\u00fcckenschmerzen bei langen Fahrten<\/li>\n<li>Verbessert die K\u00f6rperhaltung und reduziert die Erm\u00fcdung des Fahrers<\/li>\n<li>Erh\u00f6ht den allgemeinen Fahrkomfort f\u00fcr alle Passagiere<\/li>\n<li>Passt sich Ihrem K\u00f6rper f\u00fcr personalisierte Unterst\u00fctzung an<\/li>\n<li>Bleibt durch strategisches Design und Befestigungen sicher an Ort und Stelle<\/li>\n<\/ul>\n<p>Warum unser Memory-Schaum Auto-Komfort-Set w\u00e4hlen?<\/p>\n<ol>\n<li>Umfassende Unterst\u00fctzung: Adressiert sowohl Nacken- als auch Lendenwirbelkomfort<\/li>\n<li>Qualit\u00e4tsmaterialien: Hochwertiger thermosensitiver Memory-Schaum<\/li>\n<li>Durchdachtes Design: Ergonomische Merkmale basierend auf der Mechanik des menschlichen K\u00f6rpers<\/li>\n<li>Vielseitige Verwendung: Geeignet f\u00fcr verschiedene Sitzpositionen und alle Autopassagiere<\/li>\n<\/ol>\n","protected":false},"excerpt":{"rendered":"<p>Nacken- und Lendenwirbelst\u00fctze f\u00fcr erm\u00fcdungsfreies Fahren<\/p>\n<p>Erleben Sie eine neue Ebene des Fahrkomforts mit unserem innovativen Memory-Schaum Auto-Komfort-Set. Entwickelt, um Ihren Nacken und unteren R\u00fccken gleichzeitig zu unterst\u00fctzen, sorgt dieses Set daf\u00fcr, dass Sie erfrischt und schmerzfrei an Ihrem Ziel ankommen, egal wie lang die Reise ist.<\/p>\n","protected":false},"featured_media":6445,"comment_status":"open","ping_status":"closed","template":"","meta":{"site-sidebar-layout":"default","site-content-layout":"","ast-site-content-layout":"default","site-content-style":"default","site-sidebar-style":"default","ast-global-header-display":"","ast-banner-title-visibility":"","ast-main-header-display":"","ast-hfb-above-header-display":"","ast-hfb-below-header-display":"","ast-hfb-mobile-header-display":"","site-post-title":"","ast-breadcrumbs-content":"","ast-featured-img":"","footer-sml-layout":"","theme-transparent-header-meta":"default","adv-header-id-meta":"","stick-header-meta":"","header-above-stick-meta":"","header-main-stick-meta":"","header-below-stick-meta":"","astra-migrate-meta-layouts":"set","ast-page-background-enabled":"default","ast-page-background-meta":{"desktop":{"background-color":"var(--ast-global-color-4)","background-image":"","background-repeat":"repeat","background-position":"center center","background-size":"auto","background-attachment":"scroll","background-type":"","background-media":"","overlay-type":"","overlay-color":"","overlay-opacity":"","overlay-gradient":""},"tablet":{"background-color":"","background-image":"","background-repeat":"repeat","background-position":"center center","background-size":"auto","background-attachment":"scroll","background-type":"","background-media":"","overlay-type":"","overlay-color":"","overlay-opacity":"","overlay-gradient":""},"mobile":{"background-color":"","background-image":"","background-repeat":"repeat","background-position":"center center","background-size":"auto","background-attachment":"scroll","background-type":"","background-media":"","overlay-type":"","overlay-color":"","overlay-opacity":"","overlay-gradient":""}},"ast-content-background-meta":{"desktop":{"background-color":"var(--ast-global-color-5)","background-image":"","background-repeat":"repeat","background-position":"center center","background-size":"auto","background-attachment":"scroll","background-type":"","background-media":"","overlay-type":"","overlay-color":"","overlay-opacity":"","overlay-gradient":""},"tablet":{"background-color":"var(--ast-global-color-5)","background-image":"","background-repeat":"repeat","background-position":"center center","background-size":"auto","background-attachment":"scroll","background-type":"","background-media":"","overlay-type":"","overlay-color":"","overlay-opacity":"","overlay-gradient":""},"mobile":{"background-color":"var(--ast-global-color-5)","background-image":"","background-repeat":"repeat","background-position":"center center","background-size":"auto","background-attachment":"scroll","background-type":"","background-media":"","overlay-type":"","overlay-color":"","overlay-opacity":"","overlay-gradient":""}}},"product_brand":[],"product_cat":[214],"product_tag":[206,215],"class_list":{"0":"post-7356","1":"product","2":"type-product","3":"status-publish","4":"has-post-thumbnail","6":"product_cat-lendenwirbelstutze","7":"product_tag-druckentlastung","8":"product_tag-lendenwirbelstutze","9":"desktop-align-left","10":"tablet-align-left","11":"mobile-align-left","12":"ast-product-gallery-layout-horizontal-slider","13":"ast-product-single-variable","14":"ast-product-tabs-layout-horizontal","15":"ast-qv-on-image","17":"first","18":"instock","19":"shipping-taxable","20":"purchasable","21":"product-type-variable"},"aioseo_notices":[],"_links":{"self":[{"href":"https:\/\/www.aimycomfort.com\/store\/de\/wp-json\/wp\/v2\/product\/7356","targetHints":{"allow":["GET"]}}],"collection":[{"href":"https:\/\/www.aimycomfort.com\/store\/de\/wp-json\/wp\/v2\/product"}],"about":[{"href":"https:\/\/www.aimycomfort.com\/store\/de\/wp-json\/wp\/v2\/types\/product"}],"replies":[{"embeddable":true,"href":"https:\/\/www.aimycomfort.com\/store\/de\/wp-json\/wp\/v2\/comments?post=7356"}],"wp:featuredmedia":[{"embeddable":true,"href":"https:\/\/www.aimycomfort.com\/store\/de\/wp-json\/wp\/v2\/media\/6445"}],"wp:attachment":[{"href":"https:\/\/www.aimycomfort.com\/store\/de\/wp-json\/wp\/v2\/media?parent=7356"}],"wp:term":[{"taxonomy":"product_brand","embeddable":true,"href":"https:\/\/www.aimycomfort.com\/store\/de\/wp-json\/wp\/v2\/product_brand?post=7356"},{"taxonomy":"product_cat","embeddable":true,"href":"https:\/\/www.aimycomfort.com\/store\/de\/wp-json\/wp\/v2\/product_cat?post=7356"},{"taxonomy":"product_tag","embeddable":true,"href":"https:\/\/www.aimycomfort.com\/store\/de\/wp-json\/wp\/v2\/product_tag?post=7356"}],"curies":[{"name":"wp","href":"https:\/\/api.w.org\/{rel}","templated":true}]}}