{"id":7317,"date":"2024-08-09T08:44:48","date_gmt":"2024-08-09T08:44:48","guid":{"rendered":"https:\/\/www.aimycomfort.com\/store\/product\/ultimate-memory-schaum-autositz-lendenwirbelstuetze\/"},"modified":"2024-08-22T09:22:08","modified_gmt":"2024-08-22T09:22:08","slug":"ultimate-memory-schaum-autositz-lendenwirbelstuetze","status":"publish","type":"product","link":"https:\/\/www.aimycomfort.com\/store\/de\/produkt\/ultimate-memory-schaum-autositz-lendenwirbelstuetze\/","title":{"rendered":"Ultimate Memory-Schaum Autositz-Lendenwirbelst\u00fctze"},"content":{"rendered":"<p>Unsere Memory-Schaum Autositz-Lendenwirbelst\u00fctze ist nicht nur ein Zubeh\u00f6r \u2013 sie ist Ihr pers\u00f6nlicher R\u00fcckenpflegespezialist auf R\u00e4dern. Ob Sie den t\u00e4glichen Arbeitsweg bew\u00e4ltigen oder zu einem Abenteuer quer durchs Land aufbrechen, diese Lendenwirbelst\u00fctze sorgt daf\u00fcr, dass Sie immer mit optimalem Komfort und richtiger R\u00fcckenunterst\u00fctzung fahren.<\/p>\n<p>Vorteile:<\/p>\n<ul>\n<li>Lindert Schmerzen und Erm\u00fcdung im unteren R\u00fcckenbereich bei langen Fahrten<\/li>\n<li>Verbessert die K\u00f6rperhaltung und Wirbels\u00e4ulenausrichtung<\/li>\n<li>Erh\u00f6ht den allgemeinen Fahrkomfort<\/li>\n<li>Bietet angepasste Unterst\u00fctzung, die sich Ihrem K\u00f6rper anpasst<\/li>\n<li>F\u00f6rdert bessere Luftzirkulation f\u00fcr eine k\u00fchle, komfortable Fahrt<\/li>\n<\/ul>\n<p>Warum unsere Memory-Schaum Autositz-Lendenwirbelst\u00fctze w\u00e4hlen?<\/p>\n<ol>\n<li>Fortschrittliche Technologie: Pneumatisches System f\u00fcr optimale Druckentlastung<\/li>\n<li>Qualit\u00e4tsmaterialien: Hochwertiger Memory-Schaum und sorgf\u00e4ltig ausgew\u00e4hlte Stoffe<\/li>\n<li>Durchdachtes Design: Ergonomische Merkmale basierend auf der Mechanik des menschlichen K\u00f6rpers<\/li>\n<li>Einfache Pflege: Abnehmbarer, waschbarer Bezug f\u00fcr anhaltende Frische<\/li>\n<li>Vielseitige Verwendung: Geeignet f\u00fcr verschiedene Fahrzeugtypen und Sitzdesigns<\/li>\n<\/ol>\n","protected":false},"excerpt":{"rendered":"<p>Ihr pers\u00f6nlicher R\u00fcckenpflegeexperte<\/p>\n<p>Erleben Sie unvergleichlichen Komfort und Unterst\u00fctzung mit unserer innovativen Memory-Schaum Autositz-Lendenwirbelst\u00fctze. Entwickelt mit modernster Technologie und ergonomischen Prinzipien, sorgt diese Lendenwirbelst\u00fctze f\u00fcr eine schmerzfreie, komfortable Reise, egal wie lang die Fahrt ist.<\/p>\n","protected":false},"featured_media":6472,"comment_status":"open","ping_status":"closed","template":"","meta":{"site-sidebar-layout":"default","site-content-layout":"","ast-site-content-layout":"default","site-content-style":"default","site-sidebar-style":"default","ast-global-header-display":"","ast-banner-title-visibility":"","ast-main-header-display":"","ast-hfb-above-header-display":"","ast-hfb-below-header-display":"","ast-hfb-mobile-header-display":"","site-post-title":"","ast-breadcrumbs-content":"","ast-featured-img":"","footer-sml-layout":"","theme-transparent-header-meta":"default","adv-header-id-meta":"","stick-header-meta":"","header-above-stick-meta":"","header-main-stick-meta":"","header-below-stick-meta":"","astra-migrate-meta-layouts":"set","ast-page-background-enabled":"default","ast-page-background-meta":{"desktop":{"background-color":"var(--ast-global-color-4)","background-image":"","background-repeat":"repeat","background-position":"center center","background-size":"auto","background-attachment":"scroll","background-type":"","background-media":"","overlay-type":"","overlay-color":"","overlay-opacity":"","overlay-gradient":""},"tablet":{"background-color":"","background-image":"","background-repeat":"repeat","background-position":"center center","background-size":"auto","background-attachment":"scroll","background-type":"","background-media":"","overlay-type":"","overlay-color":"","overlay-opacity":"","overlay-gradient":""},"mobile":{"background-color":"","background-image":"","background-repeat":"repeat","background-position":"center center","background-size":"auto","background-attachment":"scroll","background-type":"","background-media":"","overlay-type":"","overlay-color":"","overlay-opacity":"","overlay-gradient":""}},"ast-content-background-meta":{"desktop":{"background-color":"var(--ast-global-color-5)","background-image":"","background-repeat":"repeat","background-position":"center center","background-size":"auto","background-attachment":"scroll","background-type":"","background-media":"","overlay-type":"","overlay-color":"","overlay-opacity":"","overlay-gradient":""},"tablet":{"background-color":"var(--ast-global-color-5)","background-image":"","background-repeat":"repeat","background-position":"center center","background-size":"auto","background-attachment":"scroll","background-type":"","background-media":"","overlay-type":"","overlay-color":"","overlay-opacity":"","overlay-gradient":""},"mobile":{"background-color":"var(--ast-global-color-5)","background-image":"","background-repeat":"repeat","background-position":"center center","background-size":"auto","background-attachment":"scroll","background-type":"","background-media":"","overlay-type":"","overlay-color":"","overlay-opacity":"","overlay-gradient":""}}},"product_brand":[],"product_cat":[214],"product_tag":[206,215],"class_list":{"0":"post-7317","1":"product","2":"type-product","3":"status-publish","4":"has-post-thumbnail","6":"product_cat-lendenwirbelstutze","7":"product_tag-druckentlastung","8":"product_tag-lendenwirbelstutze","9":"desktop-align-left","10":"tablet-align-left","11":"mobile-align-left","12":"ast-product-gallery-layout-horizontal-slider","13":"ast-product-tabs-layout-horizontal","14":"ast-qv-on-image","16":"first","17":"instock","18":"shipping-taxable","19":"purchasable","20":"product-type-simple"},"aioseo_notices":[],"_links":{"self":[{"href":"https:\/\/www.aimycomfort.com\/store\/de\/wp-json\/wp\/v2\/product\/7317","targetHints":{"allow":["GET"]}}],"collection":[{"href":"https:\/\/www.aimycomfort.com\/store\/de\/wp-json\/wp\/v2\/product"}],"about":[{"href":"https:\/\/www.aimycomfort.com\/store\/de\/wp-json\/wp\/v2\/types\/product"}],"replies":[{"embeddable":true,"href":"https:\/\/www.aimycomfort.com\/store\/de\/wp-json\/wp\/v2\/comments?post=7317"}],"wp:featuredmedia":[{"embeddable":true,"href":"https:\/\/www.aimycomfort.com\/store\/de\/wp-json\/wp\/v2\/media\/6472"}],"wp:attachment":[{"href":"https:\/\/www.aimycomfort.com\/store\/de\/wp-json\/wp\/v2\/media?parent=7317"}],"wp:term":[{"taxonomy":"product_brand","embeddable":true,"href":"https:\/\/www.aimycomfort.com\/store\/de\/wp-json\/wp\/v2\/product_brand?post=7317"},{"taxonomy":"product_cat","embeddable":true,"href":"https:\/\/www.aimycomfort.com\/store\/de\/wp-json\/wp\/v2\/product_cat?post=7317"},{"taxonomy":"product_tag","embeddable":true,"href":"https:\/\/www.aimycomfort.com\/store\/de\/wp-json\/wp\/v2\/product_tag?post=7317"}],"curies":[{"name":"wp","href":"https:\/\/api.w.org\/{rel}","templated":true}]}}