{"id":7311,"date":"2024-08-09T08:50:16","date_gmt":"2024-08-09T08:50:16","guid":{"rendered":"https:\/\/www.aimycomfort.com\/store\/product\/klassisches-lendenwirbelstuetzkissen\/"},"modified":"2024-08-22T09:21:19","modified_gmt":"2024-08-22T09:21:19","slug":"klassisches-lendenwirbelstuetzkissen","status":"publish","type":"product","link":"https:\/\/www.aimycomfort.com\/store\/de\/produkt\/klassisches-lendenwirbelstuetzkissen\/","title":{"rendered":"Klassisches Lendenwirbelst\u00fctzkissen"},"content":{"rendered":"<p>Unser klassisches Lendenwirbelst\u00fctzkissen ist nicht nur ein Kissen \u2013 es ist Ihre pers\u00f6nliche Komfort- und Organisationsstation. Ob Sie lange Stunden im B\u00fcro arbeiten, Auto fahren oder Freizeit zu Hause genie\u00dfen, dieses Kissen sorgt daf\u00fcr, dass Sie immer bequem und stilvoll sitzen, mit Ihren wichtigsten Utensilien in Reichweite.<\/p>\n<p>Vorteile:<\/p>\n<ul>\n<li>Lindert Schmerzen und Beschwerden im unteren R\u00fcckenbereich<\/li>\n<li>Verbessert die K\u00f6rperhaltung und reduziert Sitzerm\u00fcdung<\/li>\n<li>Erh\u00f6ht den Komfort bei l\u00e4ngerem Sitzen<\/li>\n<li>Passt sich Ihrer K\u00f6rperform f\u00fcr personalisierte Unterst\u00fctzung an<\/li>\n<li>F\u00fcgt Ihrem Sitzbereich eine organisatorische Note hinzu<\/li>\n<\/ul>\n<p>Warum unser klassisches Lendenwirbelst\u00fctzkissen w\u00e4hlen?<\/p>\n<ol>\n<li>Ergonomisches Design: Basierend auf der nat\u00fcrlichen Kr\u00fcmmung der menschlichen Wirbels\u00e4ule<\/li>\n<li>Multifunktional: Kombiniert Unterst\u00fctzung mit praktischer Aufbewahrung<\/li>\n<li>Qualit\u00e4tsmaterialien: Weltraum-tauglicher Memory-Schaum f\u00fcr lang anhaltenden Komfort<\/li>\n<li>Vielseitige Verwendung: Geeignet f\u00fcr verschiedene Umgebungen &#8211; B\u00fcro, Auto, Zuhause und mehr<\/li>\n<\/ol>\n","protected":false},"excerpt":{"rendered":"<p>Komfort neu definiert<\/p>\n<p>Erleben Sie unvergleichliche R\u00fcckenunterst\u00fctzung mit unserem innovativen klassischen Lendenwirbelst\u00fctzkissen. Entwickelt mit Blick auf Komfort und Funktionalit\u00e4t, sorgt dieses Kissen f\u00fcr einen schmerzfreien, produktiven Tag, ob Sie im B\u00fcro sind, Auto fahren oder zu Hause entspannen.<\/p>\n","protected":false},"featured_media":6463,"comment_status":"open","ping_status":"closed","template":"","meta":{"site-sidebar-layout":"default","site-content-layout":"","ast-site-content-layout":"default","site-content-style":"default","site-sidebar-style":"default","ast-global-header-display":"","ast-banner-title-visibility":"","ast-main-header-display":"","ast-hfb-above-header-display":"","ast-hfb-below-header-display":"","ast-hfb-mobile-header-display":"","site-post-title":"","ast-breadcrumbs-content":"","ast-featured-img":"","footer-sml-layout":"","theme-transparent-header-meta":"default","adv-header-id-meta":"","stick-header-meta":"","header-above-stick-meta":"","header-main-stick-meta":"","header-below-stick-meta":"","astra-migrate-meta-layouts":"set","ast-page-background-enabled":"default","ast-page-background-meta":{"desktop":{"background-color":"var(--ast-global-color-4)","background-image":"","background-repeat":"repeat","background-position":"center center","background-size":"auto","background-attachment":"scroll","background-type":"","background-media":"","overlay-type":"","overlay-color":"","overlay-opacity":"","overlay-gradient":""},"tablet":{"background-color":"","background-image":"","background-repeat":"repeat","background-position":"center center","background-size":"auto","background-attachment":"scroll","background-type":"","background-media":"","overlay-type":"","overlay-color":"","overlay-opacity":"","overlay-gradient":""},"mobile":{"background-color":"","background-image":"","background-repeat":"repeat","background-position":"center center","background-size":"auto","background-attachment":"scroll","background-type":"","background-media":"","overlay-type":"","overlay-color":"","overlay-opacity":"","overlay-gradient":""}},"ast-content-background-meta":{"desktop":{"background-color":"var(--ast-global-color-5)","background-image":"","background-repeat":"repeat","background-position":"center center","background-size":"auto","background-attachment":"scroll","background-type":"","background-media":"","overlay-type":"","overlay-color":"","overlay-opacity":"","overlay-gradient":""},"tablet":{"background-color":"var(--ast-global-color-5)","background-image":"","background-repeat":"repeat","background-position":"center center","background-size":"auto","background-attachment":"scroll","background-type":"","background-media":"","overlay-type":"","overlay-color":"","overlay-opacity":"","overlay-gradient":""},"mobile":{"background-color":"var(--ast-global-color-5)","background-image":"","background-repeat":"repeat","background-position":"center center","background-size":"auto","background-attachment":"scroll","background-type":"","background-media":"","overlay-type":"","overlay-color":"","overlay-opacity":"","overlay-gradient":""}}},"product_brand":[],"product_cat":[214],"product_tag":[206],"class_list":{"0":"post-7311","1":"product","2":"type-product","3":"status-publish","4":"has-post-thumbnail","6":"product_cat-lendenwirbelstutze","7":"product_tag-druckentlastung","8":"desktop-align-left","9":"tablet-align-left","10":"mobile-align-left","11":"ast-product-gallery-layout-horizontal-slider","12":"ast-product-single-variable","13":"ast-product-tabs-layout-horizontal","14":"ast-qv-on-image","16":"first","17":"instock","18":"shipping-taxable","19":"purchasable","20":"product-type-variable"},"aioseo_notices":[],"_links":{"self":[{"href":"https:\/\/www.aimycomfort.com\/store\/de\/wp-json\/wp\/v2\/product\/7311","targetHints":{"allow":["GET"]}}],"collection":[{"href":"https:\/\/www.aimycomfort.com\/store\/de\/wp-json\/wp\/v2\/product"}],"about":[{"href":"https:\/\/www.aimycomfort.com\/store\/de\/wp-json\/wp\/v2\/types\/product"}],"replies":[{"embeddable":true,"href":"https:\/\/www.aimycomfort.com\/store\/de\/wp-json\/wp\/v2\/comments?post=7311"}],"wp:featuredmedia":[{"embeddable":true,"href":"https:\/\/www.aimycomfort.com\/store\/de\/wp-json\/wp\/v2\/media\/6463"}],"wp:attachment":[{"href":"https:\/\/www.aimycomfort.com\/store\/de\/wp-json\/wp\/v2\/media?parent=7311"}],"wp:term":[{"taxonomy":"product_brand","embeddable":true,"href":"https:\/\/www.aimycomfort.com\/store\/de\/wp-json\/wp\/v2\/product_brand?post=7311"},{"taxonomy":"product_cat","embeddable":true,"href":"https:\/\/www.aimycomfort.com\/store\/de\/wp-json\/wp\/v2\/product_cat?post=7311"},{"taxonomy":"product_tag","embeddable":true,"href":"https:\/\/www.aimycomfort.com\/store\/de\/wp-json\/wp\/v2\/product_tag?post=7311"}],"curies":[{"name":"wp","href":"https:\/\/api.w.org\/{rel}","templated":true}]}}