{"id":7301,"date":"2024-08-09T09:00:15","date_gmt":"2024-08-09T09:00:15","guid":{"rendered":"https:\/\/www.aimycomfort.com\/store\/product\/4-in-1-multifunktionale-kopfteil-rueckenlehne\/"},"modified":"2024-08-22T09:20:27","modified_gmt":"2024-08-22T09:20:27","slug":"4-in-1-multifunktionale-kopfteil-rueckenlehne","status":"publish","type":"product","link":"https:\/\/www.aimycomfort.com\/store\/de\/produkt\/4-in-1-multifunktionale-kopfteil-rueckenlehne\/","title":{"rendered":"4-in-1 Multifunktionale Kopfteil-R\u00fcckenlehne"},"content":{"rendered":"<p>Ob Sie lesen, fernsehen, arbeiten oder einfach nur entspannen, unsere Multifunktionale Bettr\u00fcckenlehne passt sich Ihren Bed\u00fcrfnissen an. Erleben Sie die perfekte Mischung aus Unterst\u00fctzung und Komfort.<\/p>\n<p>Hauptmerkmale:<\/p>\n<ol>\n<li>Ergonomisches Wunderwerk:<\/li>\n<\/ol>\n<ul>\n<li>Ahmt die nat\u00fcrliche Kurve Ihrer Wirbels\u00e4ule f\u00fcr perfekte Unterst\u00fctzung nach<\/li>\n<li>Zoniertes Design pflegt jeden Teil Ihres R\u00fcckens<\/li>\n<\/ul>\n<ol start=\"2\">\n<li>4-in-1 Funktionalit\u00e4t:<\/li>\n<\/ol>\n<ul>\n<li>Verwandelt sich nahtlos von einer Bettr\u00fcckenlehne in ein Kissen, eine Nackenst\u00fctze oder eine Beinauflage<\/li>\n<li>Mischen und kombinieren Sie die Komponenten f\u00fcr Ihre ideale Komforteinstellung<\/li>\n<\/ul>\n<ol start=\"3\">\n<li>Umarmungs\u00e4hnliche Unterst\u00fctzung:<\/li>\n<\/ol>\n<ul>\n<li>Erh\u00f6hte Seiten mit 3D-Wrap-around-Design<\/li>\n<li>F\u00fchlt sich wie eine sanfte Umarmung f\u00fcr Ihren unteren R\u00fccken an<\/li>\n<\/ul>\n<ol start=\"4\">\n<li>Einheitsgr\u00f6\u00dfe f\u00fcr alle Komfort:<\/li>\n<\/ol>\n<ul>\n<li>Gro\u00dfz\u00fcgige Oberfl\u00e4che passt sich allen K\u00f6rpertypen an<\/li>\n<li>Luxuri\u00f6ser Komfort in jeder Position &#8211; liegend, sitzend oder lounging<\/li>\n<\/ul>\n<ol start=\"5\">\n<li>Garantierte Stabilit\u00e4t:<\/li>\n<\/ol>\n<ul>\n<li>Verstecktes Gurtsystem h\u00e4lt die R\u00fcckenlehne fest an Ort und Stelle<\/li>\n<\/ul>\n<ol start=\"6\">\n<li>Hochwertige Materialien:<\/li>\n<\/ol>\n<ul>\n<li>Langsam zur\u00fcckfedernder Memory-Schaum-Kern f\u00fcr druckentlastenden Komfort<\/li>\n<li>Geb\u00fcrsteter Yoga-Stoffbezug &#8211; atmungsaktiv, seidenweich und hautfreundlich<\/li>\n<\/ul>\n<ol start=\"7\">\n<li>Benutzerfreundliches Design:<\/li>\n<\/ol>\n<ul>\n<li>Glatter Rei\u00dfverschluss f\u00fcr einfaches Abnehmen und Reinigen des Bezugs<\/li>\n<\/ul>\n","protected":false},"excerpt":{"rendered":"<p>Die vielseitige Bettr\u00fcckenlehne<\/p>\n<p>Verwandeln Sie Ihr Bett in eine Oase der Entspannung mit unserer Multifunktionalen Bettr\u00fcckenlehne. Entwickelt, um Ihren gesamten R\u00fccken zu umschlie\u00dfen, bietet dieses innovative Produkt unvergleichlichen Komfort und Unterst\u00fctzung f\u00fcr jede Position.<\/p>\n","protected":false},"featured_media":6436,"comment_status":"open","ping_status":"closed","template":"","meta":{"site-sidebar-layout":"default","site-content-layout":"","ast-site-content-layout":"default","site-content-style":"default","site-sidebar-style":"default","ast-global-header-display":"","ast-banner-title-visibility":"","ast-main-header-display":"","ast-hfb-above-header-display":"","ast-hfb-below-header-display":"","ast-hfb-mobile-header-display":"","site-post-title":"","ast-breadcrumbs-content":"","ast-featured-img":"","footer-sml-layout":"","theme-transparent-header-meta":"default","adv-header-id-meta":"","stick-header-meta":"","header-above-stick-meta":"","header-main-stick-meta":"","header-below-stick-meta":"","astra-migrate-meta-layouts":"set","ast-page-background-enabled":"default","ast-page-background-meta":{"desktop":{"background-color":"var(--ast-global-color-4)","background-image":"","background-repeat":"repeat","background-position":"center center","background-size":"auto","background-attachment":"scroll","background-type":"","background-media":"","overlay-type":"","overlay-color":"","overlay-opacity":"","overlay-gradient":""},"tablet":{"background-color":"","background-image":"","background-repeat":"repeat","background-position":"center center","background-size":"auto","background-attachment":"scroll","background-type":"","background-media":"","overlay-type":"","overlay-color":"","overlay-opacity":"","overlay-gradient":""},"mobile":{"background-color":"","background-image":"","background-repeat":"repeat","background-position":"center center","background-size":"auto","background-attachment":"scroll","background-type":"","background-media":"","overlay-type":"","overlay-color":"","overlay-opacity":"","overlay-gradient":""}},"ast-content-background-meta":{"desktop":{"background-color":"var(--ast-global-color-5)","background-image":"","background-repeat":"repeat","background-position":"center center","background-size":"auto","background-attachment":"scroll","background-type":"","background-media":"","overlay-type":"","overlay-color":"","overlay-opacity":"","overlay-gradient":""},"tablet":{"background-color":"var(--ast-global-color-5)","background-image":"","background-repeat":"repeat","background-position":"center center","background-size":"auto","background-attachment":"scroll","background-type":"","background-media":"","overlay-type":"","overlay-color":"","overlay-opacity":"","overlay-gradient":""},"mobile":{"background-color":"var(--ast-global-color-5)","background-image":"","background-repeat":"repeat","background-position":"center center","background-size":"auto","background-attachment":"scroll","background-type":"","background-media":"","overlay-type":"","overlay-color":"","overlay-opacity":"","overlay-gradient":""}}},"product_brand":[],"product_cat":[205,214],"product_tag":[206,215],"class_list":{"0":"post-7301","1":"product","2":"type-product","3":"status-publish","4":"has-post-thumbnail","6":"product_cat-kissenkollektion","7":"product_cat-lendenwirbelstutze","8":"product_tag-druckentlastung","9":"product_tag-lendenwirbelstutze","10":"desktop-align-left","11":"tablet-align-left","12":"mobile-align-left","13":"ast-product-gallery-layout-horizontal-slider","14":"ast-product-single-variable","15":"ast-product-tabs-layout-horizontal","16":"ast-qv-on-image","18":"first","19":"instock","20":"shipping-taxable","21":"purchasable","22":"product-type-variable"},"aioseo_notices":[],"_links":{"self":[{"href":"https:\/\/www.aimycomfort.com\/store\/de\/wp-json\/wp\/v2\/product\/7301","targetHints":{"allow":["GET"]}}],"collection":[{"href":"https:\/\/www.aimycomfort.com\/store\/de\/wp-json\/wp\/v2\/product"}],"about":[{"href":"https:\/\/www.aimycomfort.com\/store\/de\/wp-json\/wp\/v2\/types\/product"}],"replies":[{"embeddable":true,"href":"https:\/\/www.aimycomfort.com\/store\/de\/wp-json\/wp\/v2\/comments?post=7301"}],"wp:featuredmedia":[{"embeddable":true,"href":"https:\/\/www.aimycomfort.com\/store\/de\/wp-json\/wp\/v2\/media\/6436"}],"wp:attachment":[{"href":"https:\/\/www.aimycomfort.com\/store\/de\/wp-json\/wp\/v2\/media?parent=7301"}],"wp:term":[{"taxonomy":"product_brand","embeddable":true,"href":"https:\/\/www.aimycomfort.com\/store\/de\/wp-json\/wp\/v2\/product_brand?post=7301"},{"taxonomy":"product_cat","embeddable":true,"href":"https:\/\/www.aimycomfort.com\/store\/de\/wp-json\/wp\/v2\/product_cat?post=7301"},{"taxonomy":"product_tag","embeddable":true,"href":"https:\/\/www.aimycomfort.com\/store\/de\/wp-json\/wp\/v2\/product_tag?post=7301"}],"curies":[{"name":"wp","href":"https:\/\/api.w.org\/{rel}","templated":true}]}}