{"id":7276,"date":"2024-08-09T09:07:19","date_gmt":"2024-08-09T09:07:19","guid":{"rendered":"https:\/\/www.aimycomfort.com\/store\/product\/zweifarbige-komfort-lendenwirbelstuetze\/"},"modified":"2024-08-09T09:07:19","modified_gmt":"2024-08-09T09:07:19","slug":"zweifarbige-komfort-lendenwirbelstuetze","status":"publish","type":"product","link":"https:\/\/www.aimycomfort.com\/store\/de\/produkt\/zweifarbige-komfort-lendenwirbelstuetze\/","title":{"rendered":"Zweifarbige Komfort-Lendenwirbelst\u00fctze"},"content":{"rendered":"<p>Ob Sie durch den Berufsverkehr navigieren, einen Arbeitstag bew\u00e4ltigen oder zu Hause entspannen, unsere Memory-Schaum-R\u00fcckenst\u00fctze hat Ihren R\u00fccken im Griff &#8211; buchst\u00e4blich! Verabschieden Sie sich von Unbehagen und begr\u00fc\u00dfen Sie eine neue Ebene des Sitzkomforts.<\/p>\n<p>Hauptmerkmale:<\/p>\n<ol>\n<li>R\u00fcckenfreundliches Design:<\/li>\n<\/ol>\n<ul>\n<li>Ergonomisch gekr\u00fcmmt, um sich den nat\u00fcrlichen Konturen Ihres R\u00fcckens anzupassen<\/li>\n<li>Bietet sanfte Druckentlastung f\u00fcr lang anhaltenden Komfort<\/li>\n<\/ul>\n<ol start=\"2\">\n<li>Ganzt\u00e4giger Komfort:<\/li>\n<\/ol>\n<ul>\n<li>Entlastet den unteren R\u00fccken und die Wirbels\u00e4ule bei l\u00e4ngerem Sitzen<\/li>\n<li>Perfekt f\u00fcr lange Autofahrten, B\u00fcroarbeit oder Entspannung zu Hause<\/li>\n<\/ul>\n<ol start=\"3\">\n<li>Umarmende Unterst\u00fctzung:<\/li>\n<\/ol>\n<ul>\n<li>F\u00fchlt sich an wie zwei H\u00e4nde, die sanft Ihren R\u00fccken umschlie\u00dfen<\/li>\n<li>Erweiterte Seitenfl\u00fcgel bieten umfassende seitliche Unterst\u00fctzung<\/li>\n<\/ul>\n<ol start=\"4\">\n<li>L\u00fcckenlose Passform:<\/li>\n<\/ol>\n<ul>\n<li>Dehnt sich aus, um den Raum zwischen Ihnen und Ihrem Sitz zu f\u00fcllen<\/li>\n<li>Beseitigt unangenehme Luftspalten f\u00fcr kontinuierliche Unterst\u00fctzung<\/li>\n<\/ul>\n<ol start=\"5\">\n<li>Hochwertige Materialien:<\/li>\n<\/ol>\n<ul>\n<li>Hochdichter, langsam zur\u00fcckfedernder Memory-Schaum passt sich Ihrer einzigartigen Form an<\/li>\n<li>Beh\u00e4lt seine st\u00fctzenden Eigenschaften \u00fcber die Zeit bei<\/li>\n<\/ul>\n<ol start=\"6\">\n<li>Stilvolle Vielseitigkeit:<\/li>\n<\/ol>\n<ul>\n<li>Erh\u00e4ltlich in einer Reihe von Farben, um Ihrem pers\u00f6nlichen Stil zu entsprechen<\/li>\n<li>Schlankes Design erg\u00e4nzt jede Umgebung &#8211; Auto, B\u00fcro oder Zuhause<\/li>\n<\/ul>\n","protected":false},"excerpt":{"rendered":"<p>Die vielseitige Memory-Schaum-R\u00fcckenst\u00fctze<\/p>\n<p>Erleben Sie unvergleichlichen Komfort und Unterst\u00fctzung mit unserer innovativen Memory-Schaum-R\u00fcckenst\u00fctze. Entwickelt f\u00fcr den Einsatz im B\u00fcro, zu Hause oder in Ihrem Auto, sorgt dieses ergonomische Wunderwerk daf\u00fcr, dass Ihre Wirbels\u00e4ule gl\u00fccklich bleibt, egal wo Sie sitzen.<\/p>\n","protected":false},"featured_media":6409,"comment_status":"open","ping_status":"closed","template":"","meta":{"site-sidebar-layout":"default","site-content-layout":"","ast-site-content-layout":"default","site-content-style":"default","site-sidebar-style":"default","ast-global-header-display":"","ast-banner-title-visibility":"","ast-main-header-display":"","ast-hfb-above-header-display":"","ast-hfb-below-header-display":"","ast-hfb-mobile-header-display":"","site-post-title":"","ast-breadcrumbs-content":"","ast-featured-img":"","footer-sml-layout":"","theme-transparent-header-meta":"default","adv-header-id-meta":"","stick-header-meta":"","header-above-stick-meta":"","header-main-stick-meta":"","header-below-stick-meta":"","astra-migrate-meta-layouts":"default","ast-page-background-enabled":"default","ast-page-background-meta":{"desktop":{"background-color":"var(--ast-global-color-4)","background-image":"","background-repeat":"repeat","background-position":"center center","background-size":"auto","background-attachment":"scroll","background-type":"","background-media":"","overlay-type":"","overlay-color":"","overlay-opacity":"","overlay-gradient":""},"tablet":{"background-color":"","background-image":"","background-repeat":"repeat","background-position":"center center","background-size":"auto","background-attachment":"scroll","background-type":"","background-media":"","overlay-type":"","overlay-color":"","overlay-opacity":"","overlay-gradient":""},"mobile":{"background-color":"","background-image":"","background-repeat":"repeat","background-position":"center center","background-size":"auto","background-attachment":"scroll","background-type":"","background-media":"","overlay-type":"","overlay-color":"","overlay-opacity":"","overlay-gradient":""}},"ast-content-background-meta":{"desktop":{"background-color":"var(--ast-global-color-5)","background-image":"","background-repeat":"repeat","background-position":"center center","background-size":"auto","background-attachment":"scroll","background-type":"","background-media":"","overlay-type":"","overlay-color":"","overlay-opacity":"","overlay-gradient":""},"tablet":{"background-color":"var(--ast-global-color-5)","background-image":"","background-repeat":"repeat","background-position":"center center","background-size":"auto","background-attachment":"scroll","background-type":"","background-media":"","overlay-type":"","overlay-color":"","overlay-opacity":"","overlay-gradient":""},"mobile":{"background-color":"var(--ast-global-color-5)","background-image":"","background-repeat":"repeat","background-position":"center center","background-size":"auto","background-attachment":"scroll","background-type":"","background-media":"","overlay-type":"","overlay-color":"","overlay-opacity":"","overlay-gradient":""}}},"product_brand":[],"product_cat":[214],"product_tag":[206,207],"class_list":{"0":"post-7276","1":"product","2":"type-product","3":"status-publish","4":"has-post-thumbnail","6":"product_cat-lendenwirbelstutze","7":"product_tag-druckentlastung","8":"product_tag-kissen","9":"desktop-align-left","10":"tablet-align-left","11":"mobile-align-left","12":"ast-product-gallery-layout-horizontal-slider","13":"ast-product-single-variable","14":"ast-product-tabs-layout-horizontal","15":"ast-qv-on-image","17":"first","18":"instock","19":"shipping-taxable","20":"purchasable","21":"product-type-variable"},"aioseo_notices":[],"_links":{"self":[{"href":"https:\/\/www.aimycomfort.com\/store\/de\/wp-json\/wp\/v2\/product\/7276","targetHints":{"allow":["GET"]}}],"collection":[{"href":"https:\/\/www.aimycomfort.com\/store\/de\/wp-json\/wp\/v2\/product"}],"about":[{"href":"https:\/\/www.aimycomfort.com\/store\/de\/wp-json\/wp\/v2\/types\/product"}],"replies":[{"embeddable":true,"href":"https:\/\/www.aimycomfort.com\/store\/de\/wp-json\/wp\/v2\/comments?post=7276"}],"wp:featuredmedia":[{"embeddable":true,"href":"https:\/\/www.aimycomfort.com\/store\/de\/wp-json\/wp\/v2\/media\/6409"}],"wp:attachment":[{"href":"https:\/\/www.aimycomfort.com\/store\/de\/wp-json\/wp\/v2\/media?parent=7276"}],"wp:term":[{"taxonomy":"product_brand","embeddable":true,"href":"https:\/\/www.aimycomfort.com\/store\/de\/wp-json\/wp\/v2\/product_brand?post=7276"},{"taxonomy":"product_cat","embeddable":true,"href":"https:\/\/www.aimycomfort.com\/store\/de\/wp-json\/wp\/v2\/product_cat?post=7276"},{"taxonomy":"product_tag","embeddable":true,"href":"https:\/\/www.aimycomfort.com\/store\/de\/wp-json\/wp\/v2\/product_tag?post=7276"}],"curies":[{"name":"wp","href":"https:\/\/api.w.org\/{rel}","templated":true}]}}