{"id":7166,"date":"2024-08-13T03:58:06","date_gmt":"2024-08-13T03:58:06","guid":{"rendered":"https:\/\/www.aimycomfort.com\/store\/product\/premium-pp-baumwolle-geschreddertes-schaumstoffkissen\/"},"modified":"2024-08-22T09:10:19","modified_gmt":"2024-08-22T09:10:19","slug":"premium-pp-baumwolle-geschreddertes-schaumstoffkissen","status":"publish","type":"product","link":"https:\/\/www.aimycomfort.com\/store\/de\/produkt\/premium-pp-baumwolle-geschreddertes-schaumstoffkissen\/","title":{"rendered":"Premium PP-Baumwolle &amp; Geschreddertes Schaumstoffkissen"},"content":{"rendered":"<p>Verabschieden Sie sich von schlaflosen N\u00e4chten und begr\u00fc\u00dfen Sie erfrischte Morgen. Ihre Reise zu besserem Schlaf beginnt hier!<\/p>\n<p>Ob Sie Seitenschl\u00e4fer, R\u00fcckenschl\u00e4fer oder irgendwo dazwischen sind, unser PP-Baumwolle &amp; Geschreddertes Schaumstoffkissen passt sich Ihren Bed\u00fcrfnissen an. Erleben Sie die perfekte Balance aus weichem Komfort und st\u00fctzender Struktur, die sich Ihnen anpasst, nicht umgekehrt.<\/p>\n<p>Hauptmerkmale:<\/p>\n<ol>\n<li>Hotelqualit\u00e4t Luxus:<\/li>\n<\/ol>\n<ul>\n<li>Genie\u00dfen Sie den gleichen weichen Komfort wie in Spitzenhotels<\/li>\n<li>Verwandeln Sie Ihr Schlafzimmer in eine Oase der Entspannung<\/li>\n<\/ul>\n<ol start=\"2\">\n<li>Hochelastische Fasern:<\/li>\n<\/ol>\n<ul>\n<li>Hochwertige, elastische Fasern f\u00fcr \u00fcberlegene R\u00fcckfederung<\/li>\n<li>Au\u00dfergew\u00f6hnliche Haltbarkeit f\u00fcr lang anhaltenden Komfort<\/li>\n<\/ul>\n<ol start=\"3\">\n<li>Dreifacher Komfort:<\/li>\n<\/ol>\n<ul>\n<li>Hohe R\u00fcckfederung f\u00fcr reaktionsschnelle Unterst\u00fctzung<\/li>\n<li>Starke, stabile Unterst\u00fctzung f\u00fcr richtige Ausrichtung<\/li>\n<li>Feuchtigkeitsableitend und atmungsaktiv f\u00fcr einen k\u00fchlen Schlaf<\/li>\n<\/ul>\n<ol start=\"4\">\n<li>Mehrschichtige Freiheit:<\/li>\n<\/ol>\n<ul>\n<li>Innovatives Mehrschichtdesign balanciert Weichheit und Unterst\u00fctzung<\/li>\n<li>Passt sich Ihrem einzigartigen Schlafstil an und befreit Sie von Unbehagen<\/li>\n<\/ul>\n<ol start=\"5\">\n<li>Vielseitiger Komfort:<\/li>\n<\/ol>\n<ul>\n<li>Perfekt f\u00fcr alle Schlafpositionen<\/li>\n<li>Anpassbare Unterst\u00fctzung f\u00fcr Ihre pers\u00f6nlichen Vorlieben<\/li>\n<\/ul>\n<p>Steigen Sie noch heute auf F\u00fcnf-Sterne-Schlaf um. Denn wenn Sie besser schlafen, leben Sie besser!<\/p>\n","protected":false},"excerpt":{"rendered":"<p>Ihr Ticket zum F\u00fcnf-Sterne-Schlaf<\/p>\n<p>Halten Sie schlaflose N\u00e4chte zur\u00fcck? Verabschieden Sie sich vom Hin- und Herw\u00e4lzen und begr\u00fc\u00dfen Sie den luxuri\u00f6sen Komfort eines F\u00fcnf-Sterne-Hotels &#8211; direkt in Ihrem eigenen Schlafzimmer!<\/p>\n<p>Tauchen Sie ein in eine Welt des weichen, drucklosen Komforts mit unserem innovativen PP-Baumwolle &amp; Geschreddertes Schaumstoffkissen. Es ist nicht nur ein Kissen; es ist Ihr pers\u00f6nliches Schlafheiligtum.<\/p>\n","protected":false},"featured_media":6850,"comment_status":"open","ping_status":"closed","template":"","meta":{"site-sidebar-layout":"default","site-content-layout":"","ast-site-content-layout":"default","site-content-style":"default","site-sidebar-style":"default","ast-global-header-display":"","ast-banner-title-visibility":"","ast-main-header-display":"","ast-hfb-above-header-display":"","ast-hfb-below-header-display":"","ast-hfb-mobile-header-display":"","site-post-title":"","ast-breadcrumbs-content":"","ast-featured-img":"","footer-sml-layout":"","theme-transparent-header-meta":"default","adv-header-id-meta":"","stick-header-meta":"","header-above-stick-meta":"","header-main-stick-meta":"","header-below-stick-meta":"","astra-migrate-meta-layouts":"set","ast-page-background-enabled":"default","ast-page-background-meta":{"desktop":{"background-color":"var(--ast-global-color-4)","background-image":"","background-repeat":"repeat","background-position":"center center","background-size":"auto","background-attachment":"scroll","background-type":"","background-media":"","overlay-type":"","overlay-color":"","overlay-opacity":"","overlay-gradient":""},"tablet":{"background-color":"","background-image":"","background-repeat":"repeat","background-position":"center center","background-size":"auto","background-attachment":"scroll","background-type":"","background-media":"","overlay-type":"","overlay-color":"","overlay-opacity":"","overlay-gradient":""},"mobile":{"background-color":"","background-image":"","background-repeat":"repeat","background-position":"center center","background-size":"auto","background-attachment":"scroll","background-type":"","background-media":"","overlay-type":"","overlay-color":"","overlay-opacity":"","overlay-gradient":""}},"ast-content-background-meta":{"desktop":{"background-color":"var(--ast-global-color-5)","background-image":"","background-repeat":"repeat","background-position":"center center","background-size":"auto","background-attachment":"scroll","background-type":"","background-media":"","overlay-type":"","overlay-color":"","overlay-opacity":"","overlay-gradient":""},"tablet":{"background-color":"var(--ast-global-color-5)","background-image":"","background-repeat":"repeat","background-position":"center center","background-size":"auto","background-attachment":"scroll","background-type":"","background-media":"","overlay-type":"","overlay-color":"","overlay-opacity":"","overlay-gradient":""},"mobile":{"background-color":"var(--ast-global-color-5)","background-image":"","background-repeat":"repeat","background-position":"center center","background-size":"auto","background-attachment":"scroll","background-type":"","background-media":"","overlay-type":"","overlay-color":"","overlay-opacity":"","overlay-gradient":""}}},"product_brand":[],"product_cat":[205],"product_tag":[206,207],"class_list":{"0":"post-7166","1":"product","2":"type-product","3":"status-publish","4":"has-post-thumbnail","6":"product_cat-kissenkollektion","7":"product_tag-druckentlastung","8":"product_tag-kissen","9":"desktop-align-left","10":"tablet-align-left","11":"mobile-align-left","12":"ast-product-gallery-layout-horizontal-slider","13":"ast-product-tabs-layout-horizontal","14":"ast-qv-on-image","16":"first","17":"instock","18":"shipping-taxable","19":"purchasable","20":"product-type-simple"},"aioseo_notices":[],"_links":{"self":[{"href":"https:\/\/www.aimycomfort.com\/store\/de\/wp-json\/wp\/v2\/product\/7166","targetHints":{"allow":["GET"]}}],"collection":[{"href":"https:\/\/www.aimycomfort.com\/store\/de\/wp-json\/wp\/v2\/product"}],"about":[{"href":"https:\/\/www.aimycomfort.com\/store\/de\/wp-json\/wp\/v2\/types\/product"}],"replies":[{"embeddable":true,"href":"https:\/\/www.aimycomfort.com\/store\/de\/wp-json\/wp\/v2\/comments?post=7166"}],"wp:featuredmedia":[{"embeddable":true,"href":"https:\/\/www.aimycomfort.com\/store\/de\/wp-json\/wp\/v2\/media\/6850"}],"wp:attachment":[{"href":"https:\/\/www.aimycomfort.com\/store\/de\/wp-json\/wp\/v2\/media?parent=7166"}],"wp:term":[{"taxonomy":"product_brand","embeddable":true,"href":"https:\/\/www.aimycomfort.com\/store\/de\/wp-json\/wp\/v2\/product_brand?post=7166"},{"taxonomy":"product_cat","embeddable":true,"href":"https:\/\/www.aimycomfort.com\/store\/de\/wp-json\/wp\/v2\/product_cat?post=7166"},{"taxonomy":"product_tag","embeddable":true,"href":"https:\/\/www.aimycomfort.com\/store\/de\/wp-json\/wp\/v2\/product_tag?post=7166"}],"curies":[{"name":"wp","href":"https:\/\/api.w.org\/{rel}","templated":true}]}}