{"id":30704,"date":"2025-02-19T06:59:37","date_gmt":"2025-02-19T06:59:37","guid":{"rendered":"https:\/\/www.aimycomfort.com\/store\/product\/cushion-high-density-60d-sponge-thickened-sofa-tatami-bay-window-cushion\/"},"modified":"2025-02-19T07:36:32","modified_gmt":"2025-02-19T07:36:32","slug":"cushion-high-density-60d-sponge-thickened-sofa-tatami-bay-window-cushion","status":"publish","type":"product","link":"https:\/\/www.aimycomfort.com\/store\/de\/produkt\/cushion-high-density-60d-sponge-thickened-sofa-tatami-bay-window-cushion\/","title":{"rendered":"Kissen aus hochdichtem 60D-Schaumstoff, dick, f\u00fcr Sofa, Tatami und Erkerfenster"},"content":{"rendered":"<p class=\"first:mt-1.5\">Das Hochdichte 60D-Schaumstoff-Polster ist so konzipiert, dass es langanhaltenden Komfort und Unterst\u00fctzung f\u00fcr Sofas, Tatamis, Erkerfenster und Esszimmerst\u00fchle bietet. Hergestellt aus umweltfreundlichem Schaumstoff mit hoher Dichte, widersteht es dem Einsinken und der Verformung und sorgt f\u00fcr Langlebigkeit sowie Schutz der H\u00fcften bei l\u00e4ngerem Sitzen. Der atmungsaktive, hautfreundliche Stoff ist f\u00fcr alle Jahreszeiten und Altersgruppen geeignet und bietet ein weiches und angenehmes Erlebnis. Mit einem abnehmbaren, waschbaren Bezug und einem eleganten Design ist dieses Kissen sowohl praktisch als auch stilvoll und perfekt, um Ihre Wohnkultur zu verbessern.<\/p>\n<h2><strong>Hauptmerkmale des Kissens:<\/strong><\/h2>\n<h4><strong>Hochdichter Schaumstoffkern<\/strong><\/h4>\n<ul class=\"\">\n<li class=\"ml-4 list-disc\">Hergestellt aus 60D umweltfreundlichem Schaumstoff, bietet es festen Halt, ohne einzusinken oder sich zu verformen, selbst bei h\u00e4ufiger Nutzung.<\/li>\n<li class=\"ml-4 list-disc\">Sch\u00fctzt die H\u00fcften und sorgt f\u00fcr Komfort bei l\u00e4ngerem Sitzen.<\/li>\n<\/ul>\n<h4><strong>Atmungsaktiver, hautfreundlicher Stoff<\/strong><\/h4>\n<ul class=\"\">\n<li class=\"ml-4 list-disc\">Doppelt atmungsaktiver Stoff, weich, bequem und f\u00fcr alle Jahreszeiten geeignet.<\/li>\n<li class=\"ml-4 list-disc\">Sanft zur Haut, ideal f\u00fcr alle Altersgruppen.<\/li>\n<\/ul>\n<h4><strong>Abnehmbarer und waschbarer Bezug<\/strong><\/h4>\n<ul class=\"\">\n<li class=\"ml-4 list-disc\">Mit einem Rei\u00dfverschluss ausgestattet, der eine einfache Entfernung und Reinigung erm\u00f6glicht, sodass Sie die Hygiene aufrechterhalten und die Bez\u00fcge bei Bedarf austauschen k\u00f6nnen.<\/li>\n<li class=\"ml-4 list-disc\">Praktisch f\u00fcr h\u00e4ufige Updates, die zu Ihrem Wohnstil passen.<\/li>\n<\/ul>\n<h4><strong>Elegantes und langlebiges Design<\/strong><\/h4>\n<ul class=\"\">\n<li class=\"ml-4 list-disc\">Exquisite Kanten mit einem starken dreidimensionalen Effekt verleihen einen Hauch von Eleganz und Sch\u00f6nheit.<\/li>\n<li class=\"ml-4 list-disc\">Jede Naht ist sorgf\u00e4ltig verarbeitet, um Langlebigkeit und ein gepflegtes Aussehen zu gew\u00e4hrleisten.<\/li>\n<\/ul>\n<h4><strong>Vielseitige Verwendung<\/strong><\/h4>\n<ul class=\"\">\n<li class=\"ml-4 list-disc\">Speziell f\u00fcr Esszimmerst\u00fchle entwickelt, aber auch perfekt f\u00fcr Sofas, Tatamis, Erkerfenster und mehr.<\/li>\n<\/ul>\n<h4><strong>Verf\u00fcgbare Farben und Gr\u00f6\u00dfe<\/strong><\/h4>\n<ul class=\"\">\n<li class=\"ml-4 list-disc\">Farben: <strong>Beige, Hellkaffee, Oma-Grau, Braun, Hellgr\u00fcn, Grasgr\u00fcn, Weinrot, Dunkelblau, Lila, Grau, Blau, Dunkelgrau, Rosa, Schwarz, Orange<\/strong><\/li>\n<li class=\"ml-4 list-disc\">Gr\u00f6\u00dfe: <strong>40 x 40 x 5 cm<\/strong><\/li>\n<\/ul>\n<p class=\"first:mt-1.5\">Das Hochdichte 60D-Schaumstoff-Polster kombiniert Komfort, Langlebigkeit und Stil und ist eine vielseitige und praktische Erg\u00e4nzung f\u00fcr jedes Zuhause.<\/p>\n","protected":false},"excerpt":{"rendered":"<p class=\"first:mt-1.5\">Das Hochdichte 60D-Schaumstoff-Polster verf\u00fcgt \u00fcber einen langlebigen Schaumstoffkern, atmungsaktiven Stoff und einen abnehmbaren, waschbaren Bezug. Es ist f\u00fcr l\u00e4ngeres Sitzen konzipiert, widersteht dem Einsinken und der Verformung und bietet Komfort und Eleganz f\u00fcr Esszimmerst\u00fchle, Sofas und mehr. Erh\u00e4ltlich in verschiedenen Farben.<\/p>\n","protected":false},"featured_media":30662,"comment_status":"open","ping_status":"closed","template":"","meta":{"site-sidebar-layout":"default","site-content-layout":"","ast-site-content-layout":"default","site-content-style":"default","site-sidebar-style":"default","ast-global-header-display":"","ast-banner-title-visibility":"","ast-main-header-display":"","ast-hfb-above-header-display":"","ast-hfb-below-header-display":"","ast-hfb-mobile-header-display":"","site-post-title":"","ast-breadcrumbs-content":"","ast-featured-img":"","footer-sml-layout":"","theme-transparent-header-meta":"default","adv-header-id-meta":"","stick-header-meta":"","header-above-stick-meta":"","header-main-stick-meta":"","header-below-stick-meta":"","astra-migrate-meta-layouts":"set","ast-page-background-enabled":"default","ast-page-background-meta":{"desktop":{"background-color":"var(--ast-global-color-4)","background-image":"","background-repeat":"repeat","background-position":"center center","background-size":"auto","background-attachment":"scroll","background-type":"","background-media":"","overlay-type":"","overlay-color":"","overlay-opacity":"","overlay-gradient":""},"tablet":{"background-color":"","background-image":"","background-repeat":"repeat","background-position":"center center","background-size":"auto","background-attachment":"scroll","background-type":"","background-media":"","overlay-type":"","overlay-color":"","overlay-opacity":"","overlay-gradient":""},"mobile":{"background-color":"","background-image":"","background-repeat":"repeat","background-position":"center center","background-size":"auto","background-attachment":"scroll","background-type":"","background-media":"","overlay-type":"","overlay-color":"","overlay-opacity":"","overlay-gradient":""}},"ast-content-background-meta":{"desktop":{"background-color":"var(--ast-global-color-5)","background-image":"","background-repeat":"repeat","background-position":"center center","background-size":"auto","background-attachment":"scroll","background-type":"","background-media":"","overlay-type":"","overlay-color":"","overlay-opacity":"","overlay-gradient":""},"tablet":{"background-color":"var(--ast-global-color-5)","background-image":"","background-repeat":"repeat","background-position":"center center","background-size":"auto","background-attachment":"scroll","background-type":"","background-media":"","overlay-type":"","overlay-color":"","overlay-opacity":"","overlay-gradient":""},"mobile":{"background-color":"var(--ast-global-color-5)","background-image":"","background-repeat":"repeat","background-position":"center center","background-size":"auto","background-attachment":"scroll","background-type":"","background-media":"","overlay-type":"","overlay-color":"","overlay-opacity":"","overlay-gradient":""}}},"product_brand":[],"product_cat":[342],"product_tag":[792,791,494],"class_list":{"0":"post-30704","1":"product","2":"type-product","3":"status-publish","4":"has-post-thumbnail","6":"product_cat-kissen","7":"product_tag-comfort-seating-de-2","8":"product_tag-cushion-de","9":"product_tag-pain-relief-de","10":"desktop-align-left","11":"tablet-align-left","12":"mobile-align-left","13":"ast-product-gallery-layout-horizontal-slider","14":"ast-product-gallery-with-no-image","15":"ast-product-single-variable","16":"ast-product-tabs-layout-horizontal","17":"ast-qv-on-image","19":"first","20":"instock","21":"shipping-taxable","22":"purchasable","23":"product-type-variable"},"aioseo_notices":[],"_links":{"self":[{"href":"https:\/\/www.aimycomfort.com\/store\/de\/wp-json\/wp\/v2\/product\/30704","targetHints":{"allow":["GET"]}}],"collection":[{"href":"https:\/\/www.aimycomfort.com\/store\/de\/wp-json\/wp\/v2\/product"}],"about":[{"href":"https:\/\/www.aimycomfort.com\/store\/de\/wp-json\/wp\/v2\/types\/product"}],"replies":[{"embeddable":true,"href":"https:\/\/www.aimycomfort.com\/store\/de\/wp-json\/wp\/v2\/comments?post=30704"}],"wp:featuredmedia":[{"embeddable":true,"href":"https:\/\/www.aimycomfort.com\/store\/de\/wp-json\/wp\/v2\/media\/30662"}],"wp:attachment":[{"href":"https:\/\/www.aimycomfort.com\/store\/de\/wp-json\/wp\/v2\/media?parent=30704"}],"wp:term":[{"taxonomy":"product_brand","embeddable":true,"href":"https:\/\/www.aimycomfort.com\/store\/de\/wp-json\/wp\/v2\/product_brand?post=30704"},{"taxonomy":"product_cat","embeddable":true,"href":"https:\/\/www.aimycomfort.com\/store\/de\/wp-json\/wp\/v2\/product_cat?post=30704"},{"taxonomy":"product_tag","embeddable":true,"href":"https:\/\/www.aimycomfort.com\/store\/de\/wp-json\/wp\/v2\/product_tag?post=30704"}],"curies":[{"name":"wp","href":"https:\/\/api.w.org\/{rel}","templated":true}]}}