{"id":30271,"date":"2025-02-14T07:25:46","date_gmt":"2025-02-14T07:25:46","guid":{"rendered":"https:\/\/www.aimycomfort.com\/store\/product\/multi-functional-nap-pillow\/"},"modified":"2025-02-14T09:33:01","modified_gmt":"2025-02-14T09:33:01","slug":"multi-functional-nap-pillow","status":"publish","type":"product","link":"https:\/\/www.aimycomfort.com\/store\/de\/produkt\/multi-functional-nap-pillow\/","title":{"rendered":"Multifunktionales Nackenkissen"},"content":{"rendered":"<p class=\"first:mt-1.5\">unktionales Nackenkissen wurde entwickelt, um ultimativen Komfort und Unterst\u00fctzung f\u00fcr Nickerchen in jeder Position zu bieten, egal ob Sie auf dem R\u00fccken, der Seite oder dem Bauch schlafen. Mit einem wissenschaftlichen Zonendesign bietet es gezielte Unterst\u00fctzung f\u00fcr Kopf, Nacken, Gesicht und Arme, sorgt f\u00fcr eine korrekte Ausrichtung und lindert Druck. Das ergonomische Design mit geschwungenen Oberfl\u00e4chen passt sich den Konturen von Kopf, Wangen und Nacken an, w\u00e4hrend der atmungsaktive Memory-Schaumkern weiche, elastische Unterst\u00fctzung bietet. Mit einem abnehmbaren, waschbaren Bezug und durchdachten Bel\u00fcftungsfunktionen ist dieses Kissen perfekt f\u00fcr lange, bequeme Nickerchen zu Hause, im B\u00fcro oder unterwegs.<\/p>\n<h2><strong>Hauptmerkmale des Nackenkissens:<\/strong><\/h2>\n<h4><strong>Wissenschaftliche Zoneneinteilung f\u00fcr gezielte Unterst\u00fctzung<\/strong><\/h4>\n<ul class=\"\">\n<li class=\"ml-4 list-disc\"><strong>A: Seiten-Nacken-Umh\u00fcllungsbereich<\/strong> &#8212; Bietet Unterst\u00fctzung f\u00fcr das Schlafen auf dem R\u00fccken und entlastet den Nacken.<\/li>\n<li class=\"ml-4 list-disc\"><strong>B: Kopfst\u00fctzbereich<\/strong> &#8212; Bietet vollst\u00e4ndige Unterst\u00fctzung f\u00fcr das Schlafen auf dem R\u00fccken und sorgt f\u00fcr eine korrekte Ausrichtung.<\/li>\n<li class=\"ml-4 list-disc\"><strong>C: Gesichtsst\u00fctzbereich<\/strong> &#8212; St\u00fctzt sanft das Gesicht beim Schlafen auf dem Bauch und passt sich den Gesichtskonturen an.<\/li>\n<li class=\"ml-4 list-disc\"><strong>D: Armablagebereich<\/strong> &#8212; Entlastet die Arme beim Schlafen auf dem Bauch und sorgt f\u00fcr Komfort.<\/li>\n<\/ul>\n<h4><strong>Ergonomisches Design<\/strong><\/h4>\n<ul class=\"\">\n<li class=\"ml-4 list-disc\">Geschwungene Oberfl\u00e4chen passen sich Kopf, Wangen und Nacken an, st\u00fctzen die Halswirbels\u00e4ule und reduzieren den Druck.<\/li>\n<li class=\"ml-4 list-disc\"><strong>Dreidimensionale Seiten-Schlafneigung<\/strong> &#8212; Hebt Kopf und Nacken beim Schlafen auf der Seite an und entlastet die Arme.<\/li>\n<li class=\"ml-4 list-disc\"><strong>Bel\u00fcftungsdesign<\/strong> &#8212; Vergr\u00f6\u00dferte atmungsaktive L\u00f6cher verhindern ein stickiges Gef\u00fchl und halten Sie k\u00fchl und bequem.<\/li>\n<\/ul>\n<h4><strong>Komfortabler Memory-Schaumkern<\/strong><\/h4>\n<ul class=\"\">\n<li class=\"ml-4 list-disc\">Weicher, elastischer Memory-Schaum bietet sanfte Unterst\u00fctzung und passt sich Ihrem K\u00f6rper f\u00fcr langanhaltenden Komfort an.<\/li>\n<li class=\"ml-4 list-disc\">Beh\u00e4lt seine Form und Elastizit\u00e4t f\u00fcr gleichbleibende Unterst\u00fctzung.<\/li>\n<\/ul>\n<h4><strong>Abnehmbarer und waschbarer Bezug<\/strong><\/h4>\n<ul class=\"\">\n<li class=\"ml-4 list-disc\">Der glatte Rei\u00dfverschluss erm\u00f6glicht ein einfaches Entfernen des Au\u00dfenbezugs, was die Reinigung und Pflege erleichtert.<\/li>\n<li class=\"ml-4 list-disc\">Hergestellt aus <strong>bequemem, atmungsaktivem Stoff<\/strong> f\u00fcr ein erfrischendes Nickerchen.<\/li>\n<\/ul>\n<h4><strong>Vielseitiges und stilvolles Design<\/strong><\/h4>\n<ul class=\"\">\n<li class=\"ml-4 list-disc\">Geeignet f\u00fcr Nickerchen zu Hause, im B\u00fcro oder auf Reisen.<\/li>\n<li class=\"ml-4 list-disc\">Erh\u00e4ltlich in verschiedenen Farben, darunter Blau+Grau, Rosa+Grau, Gr\u00fcn+Grau, Dunkelgrau+Hellgrau, Hellgrau+Schwarz, Hellgrau, Schwarz, Blau, Rosa und Grau.<\/li>\n<\/ul>\n<h4><strong>Gr\u00f6\u00dfe und Material<\/strong><\/h4>\n<ul class=\"\">\n<li class=\"ml-4 list-disc\">Abmessungen: <strong>26 x 25 x 15 cm<\/strong><\/li>\n<li class=\"ml-4 list-disc\">Stoff: <strong>Bequemer, atmungsaktiver Stoff<\/strong><\/li>\n<\/ul>\n<p class=\"first:mt-1.5\">Das Multifunktionale Nackenkissen kombiniert innovatives Design, hochwertige Materialien und ergonomische Unterst\u00fctzung, um ein komfortables und erfrischendes Nickerchen zu gew\u00e4hrleisten, unabh\u00e4ngig von Ihrer Schlafposition.<\/p>\n","protected":false},"excerpt":{"rendered":"<p>Das Multifunktionale Nackenkissen verf\u00fcgt \u00fcber ergonomische Zoneneinteilung f\u00fcr gezielte Unterst\u00fctzung, atmungsaktiven Memory-Schaum und einen waschbaren Bezug. Perfekt f\u00fcr das Schlafen auf dem R\u00fccken, der Seite oder dem Bauch, bietet es ultimativen Komfort und Druckentlastung f\u00fcr Nickerchen zu Hause, im B\u00fcro oder unterwegs.<\/p>\n","protected":false},"featured_media":30112,"comment_status":"open","ping_status":"closed","template":"","meta":{"site-sidebar-layout":"default","site-content-layout":"","ast-site-content-layout":"default","site-content-style":"default","site-sidebar-style":"default","ast-global-header-display":"","ast-banner-title-visibility":"","ast-main-header-display":"","ast-hfb-above-header-display":"","ast-hfb-below-header-display":"","ast-hfb-mobile-header-display":"","site-post-title":"","ast-breadcrumbs-content":"","ast-featured-img":"","footer-sml-layout":"","theme-transparent-header-meta":"default","adv-header-id-meta":"","stick-header-meta":"","header-above-stick-meta":"","header-main-stick-meta":"","header-below-stick-meta":"","astra-migrate-meta-layouts":"set","ast-page-background-enabled":"default","ast-page-background-meta":{"desktop":{"background-color":"var(--ast-global-color-4)","background-image":"","background-repeat":"repeat","background-position":"center center","background-size":"auto","background-attachment":"scroll","background-type":"","background-media":"","overlay-type":"","overlay-color":"","overlay-opacity":"","overlay-gradient":""},"tablet":{"background-color":"","background-image":"","background-repeat":"repeat","background-position":"center center","background-size":"auto","background-attachment":"scroll","background-type":"","background-media":"","overlay-type":"","overlay-color":"","overlay-opacity":"","overlay-gradient":""},"mobile":{"background-color":"","background-image":"","background-repeat":"repeat","background-position":"center center","background-size":"auto","background-attachment":"scroll","background-type":"","background-media":"","overlay-type":"","overlay-color":"","overlay-opacity":"","overlay-gradient":""}},"ast-content-background-meta":{"desktop":{"background-color":"var(--ast-global-color-5)","background-image":"","background-repeat":"repeat","background-position":"center center","background-size":"auto","background-attachment":"scroll","background-type":"","background-media":"","overlay-type":"","overlay-color":"","overlay-opacity":"","overlay-gradient":""},"tablet":{"background-color":"var(--ast-global-color-5)","background-image":"","background-repeat":"repeat","background-position":"center center","background-size":"auto","background-attachment":"scroll","background-type":"","background-media":"","overlay-type":"","overlay-color":"","overlay-opacity":"","overlay-gradient":""},"mobile":{"background-color":"var(--ast-global-color-5)","background-image":"","background-repeat":"repeat","background-position":"center center","background-size":"auto","background-attachment":"scroll","background-type":"","background-media":"","overlay-type":"","overlay-color":"","overlay-opacity":"","overlay-gradient":""}}},"product_brand":[],"product_cat":[885],"product_tag":[790,1085,562,494],"class_list":{"0":"post-30271","1":"product","2":"type-product","3":"status-publish","4":"has-post-thumbnail","6":"product_cat-nickerchen-kissen","7":"product_tag-ergonomic-support-de","8":"product_tag-pillow-de","9":"product_tag-neck-protect-de","10":"product_tag-pain-relief-de","11":"desktop-align-left","12":"tablet-align-left","13":"mobile-align-left","14":"ast-product-gallery-layout-horizontal-slider","15":"ast-product-single-variable","16":"ast-product-tabs-layout-horizontal","17":"ast-qv-on-image","19":"first","20":"instock","21":"shipping-taxable","22":"purchasable","23":"product-type-variable"},"aioseo_notices":[],"_links":{"self":[{"href":"https:\/\/www.aimycomfort.com\/store\/de\/wp-json\/wp\/v2\/product\/30271","targetHints":{"allow":["GET"]}}],"collection":[{"href":"https:\/\/www.aimycomfort.com\/store\/de\/wp-json\/wp\/v2\/product"}],"about":[{"href":"https:\/\/www.aimycomfort.com\/store\/de\/wp-json\/wp\/v2\/types\/product"}],"replies":[{"embeddable":true,"href":"https:\/\/www.aimycomfort.com\/store\/de\/wp-json\/wp\/v2\/comments?post=30271"}],"wp:featuredmedia":[{"embeddable":true,"href":"https:\/\/www.aimycomfort.com\/store\/de\/wp-json\/wp\/v2\/media\/30112"}],"wp:attachment":[{"href":"https:\/\/www.aimycomfort.com\/store\/de\/wp-json\/wp\/v2\/media?parent=30271"}],"wp:term":[{"taxonomy":"product_brand","embeddable":true,"href":"https:\/\/www.aimycomfort.com\/store\/de\/wp-json\/wp\/v2\/product_brand?post=30271"},{"taxonomy":"product_cat","embeddable":true,"href":"https:\/\/www.aimycomfort.com\/store\/de\/wp-json\/wp\/v2\/product_cat?post=30271"},{"taxonomy":"product_tag","embeddable":true,"href":"https:\/\/www.aimycomfort.com\/store\/de\/wp-json\/wp\/v2\/product_tag?post=30271"}],"curies":[{"name":"wp","href":"https:\/\/api.w.org\/{rel}","templated":true}]}}