{"id":30075,"date":"2025-02-13T07:22:38","date_gmt":"2025-02-13T07:22:38","guid":{"rendered":"https:\/\/www.aimycomfort.com\/store\/product\/aimycomfort-curved-sleeping-pillow\/"},"modified":"2025-02-13T08:05:05","modified_gmt":"2025-02-13T08:05:05","slug":"aimycomfort-curved-sleeping-pillow","status":"publish","type":"product","link":"https:\/\/www.aimycomfort.com\/store\/de\/produkt\/aimycomfort-curved-sleeping-pillow\/","title":{"rendered":"ogenes Schlafkissen"},"content":{"rendered":"<p>Gebogene Schlafkissen wurde entwickelt, um unvergleichlichen Halt und Komfort in allen Schlafpositionen zu bieten, insbesondere f\u00fcr Seitenschl\u00e4fer. Mit goldenem Memory-Schaum mit langsamer R\u00fcckfederung bietet es druckfreien Halt und reduziert Stress auf Nacken, Schultern und Wirbels\u00e4ule. Das ergonomische Design mit Zonen sorgt f\u00fcr eine korrekte Ausrichtung und passt sich den nat\u00fcrlichen Kurven des K\u00f6rpers an, w\u00e4hrend der temperaturregulierte, hautfreundliche Stoff die Atmungsaktivit\u00e4t und den Komfort verbessert. Mit einem abnehmbaren, waschbaren Bezug und langlebigen Materialien ist dieses Kissen perfekt f\u00fcr Menschen, die leicht schlafen, leicht schwitzen oder ein luxuri\u00f6ses Schlaferlebnis suchen.<\/p>\n<h2><strong>Hauptmerkmale des Gebogenen Schlafkissens:<\/strong><\/h2>\n<h4><strong>Ergonomisches Design f\u00fcr alle Schlafpositionen<\/strong><\/h4>\n<ul class=\"\">\n<li class=\"ml-4 list-disc\"><strong>Seitenschlafbereich<\/strong>: Verhindert das Biegen der Wirbels\u00e4ule, reduziert den Druck auf Gesicht, Ohren und Nacken und bietet eine enge Nackenst\u00fctze.<\/li>\n<li class=\"ml-4 list-disc\"><strong>R\u00fcckenschlafbereich<\/strong>: Bietet starken Halt und ein sicheres, umh\u00fcllendes Gef\u00fchl f\u00fcr Kopf und Nacken.<\/li>\n<li class=\"ml-4 list-disc\"><strong>Bauchschlafbereich<\/strong>: Erm\u00f6glicht freie Bewegung und druckfreien Komfort f\u00fcr Schultern und R\u00fccken.<\/li>\n<\/ul>\n<h4><strong>Goldener Memory-Schaum mit langsamer R\u00fcckfederung<\/strong><\/h4>\n<ul class=\"\">\n<li class=\"ml-4 list-disc\">Passt sich der nat\u00fcrlichen Kurve von Nacken und Schultern an und bietet genau die richtige Druckentlastung.<\/li>\n<li class=\"ml-4 list-disc\">Polstert Kopf und Nacken, f\u00f6rdert tiefen Schlaf und reduziert die Wahrscheinlichkeit, nachts aufzuwachen.<\/li>\n<li class=\"ml-4 list-disc\">Beh\u00e4lt das ganze Jahr \u00fcber Elastizit\u00e4t und Weichheit.<\/li>\n<\/ul>\n<h4><strong>Zoniertes St\u00fctzdesign<\/strong><\/h4>\n<ul class=\"\">\n<li class=\"ml-4 list-disc\">Umschlie\u00dft und st\u00fctzt Kopf, Nacken und Schultern vollst\u00e4ndig und erh\u00e4lt die physiologische Kurve der Wirbels\u00e4ule.<\/li>\n<li class=\"ml-4 list-disc\">Erm\u00f6glicht m\u00fcheloses Wechseln der Schlafpositionen ohne Unbehagen.<\/li>\n<\/ul>\n<h4><strong>Temperaturregulierter, hautfreundlicher Stoff<\/strong><\/h4>\n<ul class=\"\">\n<li class=\"ml-4 list-disc\"><strong>Diamantgitterstoff<\/strong> ist weich, atmungsaktiv und feuchtigkeitsabsorbierend und sorgt f\u00fcr einen k\u00fchlen, schwei\u00dffreien Schlaf.<\/li>\n<li class=\"ml-4 list-disc\">Langlebig und resistent gegen Pilling, bietet langanhaltenden Komfort.<\/li>\n<\/ul>\n<h4><strong>Abnehmbarer und waschbarer Bezug<\/strong><\/h4>\n<ul class=\"\">\n<li class=\"ml-4 list-disc\">Einfach zu reinigen und zu pflegen, sorgt f\u00fcr Hygiene und Frische.<\/li>\n<\/ul>\n<h4><strong>Verbessert f\u00fcr Seitenschl\u00e4fer<\/strong><\/h4>\n<ul class=\"\">\n<li class=\"ml-4 list-disc\">Wissenschaftlich zertifiziertes Design, das Druck auf Gesicht, Ohren und Nacken verhindert, ideal f\u00fcr Seitenschl\u00e4fer.<\/li>\n<\/ul>\n<h4><strong>Gr\u00f6\u00dfe und Farbe<\/strong><\/h4>\n<ul class=\"\">\n<li class=\"ml-4 list-disc\">Abmessungen: <strong>63 x 35 x 10 cm<\/strong><\/li>\n<li class=\"ml-4 list-disc\">Farbe: <strong>Grau<\/strong><\/li>\n<\/ul>\n<p class=\"first:mt-1.5\">Das Gebogene Schlafkissen kombiniert fortschrittliche Memory-Schaum-Technologie, ergonomisches Design und hochwertige Materialien, um ein luxuri\u00f6ses Schlaferlebnis zu bieten, egal ob Sie auf dem R\u00fccken, der Seite oder dem Bauch schlafen.<\/p>\n","protected":false},"excerpt":{"rendered":"<p>Gebogene Schlafkissen verf\u00fcgt \u00fcber goldenen Memory-Schaum mit langsamer R\u00fcckfederung, ergonomische Unterst\u00fctzung in Zonen und einen atmungsaktiven, hautfreundlichen Stoff. Es ist f\u00fcr alle Schlafpositionen konzipiert, entlastet Nacken und Schultern und sorgt f\u00fcr einen tiefen, ungest\u00f6rten Schlaf. Perfekt f\u00fcr Seitenschl\u00e4fer und alle, die Komfort und Unterst\u00fctzung sch\u00e4tzen.<\/p>\n","protected":false},"featured_media":29933,"comment_status":"open","ping_status":"closed","template":"","meta":{"site-sidebar-layout":"default","site-content-layout":"","ast-site-content-layout":"default","site-content-style":"default","site-sidebar-style":"default","ast-global-header-display":"","ast-banner-title-visibility":"","ast-main-header-display":"","ast-hfb-above-header-display":"","ast-hfb-below-header-display":"","ast-hfb-mobile-header-display":"","site-post-title":"","ast-breadcrumbs-content":"","ast-featured-img":"","footer-sml-layout":"","theme-transparent-header-meta":"default","adv-header-id-meta":"","stick-header-meta":"","header-above-stick-meta":"","header-main-stick-meta":"","header-below-stick-meta":"","astra-migrate-meta-layouts":"set","ast-page-background-enabled":"default","ast-page-background-meta":{"desktop":{"background-color":"var(--ast-global-color-4)","background-image":"","background-repeat":"repeat","background-position":"center center","background-size":"auto","background-attachment":"scroll","background-type":"","background-media":"","overlay-type":"","overlay-color":"","overlay-opacity":"","overlay-gradient":""},"tablet":{"background-color":"","background-image":"","background-repeat":"repeat","background-position":"center center","background-size":"auto","background-attachment":"scroll","background-type":"","background-media":"","overlay-type":"","overlay-color":"","overlay-opacity":"","overlay-gradient":""},"mobile":{"background-color":"","background-image":"","background-repeat":"repeat","background-position":"center center","background-size":"auto","background-attachment":"scroll","background-type":"","background-media":"","overlay-type":"","overlay-color":"","overlay-opacity":"","overlay-gradient":""}},"ast-content-background-meta":{"desktop":{"background-color":"var(--ast-global-color-5)","background-image":"","background-repeat":"repeat","background-position":"center center","background-size":"auto","background-attachment":"scroll","background-type":"","background-media":"","overlay-type":"","overlay-color":"","overlay-opacity":"","overlay-gradient":""},"tablet":{"background-color":"var(--ast-global-color-5)","background-image":"","background-repeat":"repeat","background-position":"center center","background-size":"auto","background-attachment":"scroll","background-type":"","background-media":"","overlay-type":"","overlay-color":"","overlay-opacity":"","overlay-gradient":""},"mobile":{"background-color":"var(--ast-global-color-5)","background-image":"","background-repeat":"repeat","background-position":"center center","background-size":"auto","background-attachment":"scroll","background-type":"","background-media":"","overlay-type":"","overlay-color":"","overlay-opacity":"","overlay-gradient":""}}},"product_brand":[],"product_cat":[840,894,858],"product_tag":[1084,790,1086,1085,562],"class_list":{"0":"post-30075","1":"product","2":"type-product","3":"status-publish","4":"has-post-thumbnail","6":"product_cat-bettkissen","7":"product_cat-nackenstuetzkissen","8":"product_cat-zervikalkissen","9":"product_tag-relief-of-pressure-de","10":"product_tag-ergonomic-support-de","11":"product_tag-memory-foam-de-3","12":"product_tag-pillow-de","13":"product_tag-neck-protect-de","14":"desktop-align-left","15":"tablet-align-left","16":"mobile-align-left","17":"ast-product-gallery-layout-horizontal-slider","18":"ast-product-single-variable","19":"ast-product-tabs-layout-horizontal","20":"ast-qv-on-image","22":"first","23":"instock","24":"shipping-taxable","25":"purchasable","26":"product-type-variable"},"aioseo_notices":[],"_links":{"self":[{"href":"https:\/\/www.aimycomfort.com\/store\/de\/wp-json\/wp\/v2\/product\/30075","targetHints":{"allow":["GET"]}}],"collection":[{"href":"https:\/\/www.aimycomfort.com\/store\/de\/wp-json\/wp\/v2\/product"}],"about":[{"href":"https:\/\/www.aimycomfort.com\/store\/de\/wp-json\/wp\/v2\/types\/product"}],"replies":[{"embeddable":true,"href":"https:\/\/www.aimycomfort.com\/store\/de\/wp-json\/wp\/v2\/comments?post=30075"}],"wp:featuredmedia":[{"embeddable":true,"href":"https:\/\/www.aimycomfort.com\/store\/de\/wp-json\/wp\/v2\/media\/29933"}],"wp:attachment":[{"href":"https:\/\/www.aimycomfort.com\/store\/de\/wp-json\/wp\/v2\/media?parent=30075"}],"wp:term":[{"taxonomy":"product_brand","embeddable":true,"href":"https:\/\/www.aimycomfort.com\/store\/de\/wp-json\/wp\/v2\/product_brand?post=30075"},{"taxonomy":"product_cat","embeddable":true,"href":"https:\/\/www.aimycomfort.com\/store\/de\/wp-json\/wp\/v2\/product_cat?post=30075"},{"taxonomy":"product_tag","embeddable":true,"href":"https:\/\/www.aimycomfort.com\/store\/de\/wp-json\/wp\/v2\/product_tag?post=30075"}],"curies":[{"name":"wp","href":"https:\/\/api.w.org\/{rel}","templated":true}]}}