{"id":29267,"date":"2025-02-07T02:25:29","date_gmt":"2025-02-07T02:25:29","guid":{"rendered":"https:\/\/www.aimycomfort.com\/store\/product\/cylindrical-twisted-u-shaped-pillow\/"},"modified":"2025-02-07T02:50:33","modified_gmt":"2025-02-07T02:50:33","slug":"cylindrical-twisted-u-shaped-pillow","status":"publish","type":"product","link":"https:\/\/www.aimycomfort.com\/store\/de\/produkt\/cylindrical-twisted-u-shaped-pillow\/","title":{"rendered":"Zylindrisches Gedrehtes U-f\u00f6rmiges Kissen"},"content":{"rendered":"<p class=\"first:mt-1.5\">Das Zylindrische Gedrehte U-f\u00f6rmige Kissen wurde entwickelt, um anpassbaren Halt und Komfort \u00fcberall dort zu bieten, wo Sie hingehen. Mit einem flexiblen und biegsamen Innenkern kann es nach Ihren Vorlieben geformt werden und bietet Unterst\u00fctzung f\u00fcr Nacken, Kopf und Schultern, um Beschwerden zu reduzieren und die Wirbels\u00e4ulenausrichtung zu erhalten. Die Memory-Schaum-F\u00fcllung sorgt f\u00fcr ergonomischen Komfort, w\u00e4hrend der atmungsaktive, abnehmbare und waschbare Bezug die Pflege erleichtert. Leicht und tragbar, ist es perfekt f\u00fcr den Einsatz im Auto, Flugzeug, beim Camping oder zu Hause.<\/p>\n<h4>Hauptmerkmale des U-f\u00f6rmigen Kissens:<\/h4>\n<ul>\n<li>\n<p class=\"first:mt-1.5\"><strong>Flexibles und Biegbares Design<\/strong><br \/>\nDer robuste Innenkern erm\u00f6glicht es, das Kissen in die gew\u00fcnschte Position zu drehen und zu formen, um individuellen Halt zu bieten.<\/p>\n<\/li>\n<li>\n<p class=\"first:mt-1.5\"><strong>Memory-Schaum-Komfort<\/strong><br \/>\nHochwertige Memory-Schaum-F\u00fcllung bietet ergonomische Unterst\u00fctzung und passt sich Ihrem K\u00f6rper f\u00fcr maximalen Komfort an.<\/p>\n<\/li>\n<li>\n<p class=\"first:mt-1.5\"><strong>Abnehmbarer und Waschbarer Bezug<\/strong><br \/>\nDer atmungsaktive Baumwollbezug ist leicht zu entfernen und zu reinigen, was Hygiene und Frische gew\u00e4hrleistet.<\/p>\n<\/li>\n<li>\n<p class=\"first:mt-1.5\"><strong>Ergonomische Unterst\u00fctzung<\/strong><br \/>\nBietet Unterst\u00fctzung f\u00fcr Nacken, Kopf und Schultern, reduziert Beschwerden, erh\u00e4lt die Wirbels\u00e4ulenausrichtung und f\u00f6rdert Entspannung.<\/p>\n<\/li>\n<li>\n<p class=\"first:mt-1.5\"><strong>Tragbar und Reisefreundlich<\/strong><br \/>\nLeichtes Design mit Druckknopfverschluss zur einfachen Befestigung am Gep\u00e4ck, ideal f\u00fcr Reisen oder den t\u00e4glichen Gebrauch.<\/p>\n<\/li>\n<\/ul>\n<p class=\"first:mt-1.5\">Das Zylindrische Gedrehte U-f\u00f6rmige Kissen kombiniert Flexibilit\u00e4t, Komfort und Tragbarkeit und ist der perfekte Begleiter f\u00fcr Reisen, Arbeit oder Entspannung zu Hause.<\/p>\n","protected":false},"excerpt":{"rendered":"<p>Das Zylindrische Gedrehte U-f\u00f6rmige Kissen verf\u00fcgt \u00fcber einen flexiblen Innenkern, eine Memory-Schaum-F\u00fcllung und einen atmungsaktiven, waschbaren Bezug. Ergonomisch gestaltet f\u00fcr Nacken-, Kopf- und Schulterunterst\u00fctzung, ist es leicht, tragbar und ideal f\u00fcr Reisen oder den Heimgebrauch.<\/p>\n","protected":false},"featured_media":29175,"comment_status":"open","ping_status":"closed","template":"","meta":{"site-sidebar-layout":"default","site-content-layout":"","ast-site-content-layout":"default","site-content-style":"default","site-sidebar-style":"default","ast-global-header-display":"","ast-banner-title-visibility":"","ast-main-header-display":"","ast-hfb-above-header-display":"","ast-hfb-below-header-display":"","ast-hfb-mobile-header-display":"","site-post-title":"","ast-breadcrumbs-content":"","ast-featured-img":"","footer-sml-layout":"","theme-transparent-header-meta":"default","adv-header-id-meta":"","stick-header-meta":"","header-above-stick-meta":"","header-main-stick-meta":"","header-below-stick-meta":"","astra-migrate-meta-layouts":"set","ast-page-background-enabled":"default","ast-page-background-meta":{"desktop":{"background-color":"var(--ast-global-color-4)","background-image":"","background-repeat":"repeat","background-position":"center center","background-size":"auto","background-attachment":"scroll","background-type":"","background-media":"","overlay-type":"","overlay-color":"","overlay-opacity":"","overlay-gradient":""},"tablet":{"background-color":"","background-image":"","background-repeat":"repeat","background-position":"center center","background-size":"auto","background-attachment":"scroll","background-type":"","background-media":"","overlay-type":"","overlay-color":"","overlay-opacity":"","overlay-gradient":""},"mobile":{"background-color":"","background-image":"","background-repeat":"repeat","background-position":"center center","background-size":"auto","background-attachment":"scroll","background-type":"","background-media":"","overlay-type":"","overlay-color":"","overlay-opacity":"","overlay-gradient":""}},"ast-content-background-meta":{"desktop":{"background-color":"var(--ast-global-color-5)","background-image":"","background-repeat":"repeat","background-position":"center center","background-size":"auto","background-attachment":"scroll","background-type":"","background-media":"","overlay-type":"","overlay-color":"","overlay-opacity":"","overlay-gradient":""},"tablet":{"background-color":"var(--ast-global-color-5)","background-image":"","background-repeat":"repeat","background-position":"center center","background-size":"auto","background-attachment":"scroll","background-type":"","background-media":"","overlay-type":"","overlay-color":"","overlay-opacity":"","overlay-gradient":""},"mobile":{"background-color":"var(--ast-global-color-5)","background-image":"","background-repeat":"repeat","background-position":"center center","background-size":"auto","background-attachment":"scroll","background-type":"","background-media":"","overlay-type":"","overlay-color":"","overlay-opacity":"","overlay-gradient":""}}},"product_brand":[],"product_cat":[894,885,712],"product_tag":[790,1085,562],"class_list":{"0":"post-29267","1":"product","2":"type-product","3":"status-publish","4":"has-post-thumbnail","6":"product_cat-nackenstuetzkissen","7":"product_cat-nickerchen-kissen","8":"product_cat-travel-pillow-de","9":"product_tag-ergonomic-support-de","10":"product_tag-pillow-de","11":"product_tag-neck-protect-de","12":"desktop-align-left","13":"tablet-align-left","14":"mobile-align-left","15":"ast-product-gallery-layout-horizontal-slider","16":"ast-product-single-variable","17":"ast-product-tabs-layout-horizontal","18":"ast-qv-on-image","20":"first","21":"instock","22":"shipping-taxable","23":"purchasable","24":"product-type-variable"},"aioseo_notices":[],"_links":{"self":[{"href":"https:\/\/www.aimycomfort.com\/store\/de\/wp-json\/wp\/v2\/product\/29267","targetHints":{"allow":["GET"]}}],"collection":[{"href":"https:\/\/www.aimycomfort.com\/store\/de\/wp-json\/wp\/v2\/product"}],"about":[{"href":"https:\/\/www.aimycomfort.com\/store\/de\/wp-json\/wp\/v2\/types\/product"}],"replies":[{"embeddable":true,"href":"https:\/\/www.aimycomfort.com\/store\/de\/wp-json\/wp\/v2\/comments?post=29267"}],"wp:featuredmedia":[{"embeddable":true,"href":"https:\/\/www.aimycomfort.com\/store\/de\/wp-json\/wp\/v2\/media\/29175"}],"wp:attachment":[{"href":"https:\/\/www.aimycomfort.com\/store\/de\/wp-json\/wp\/v2\/media?parent=29267"}],"wp:term":[{"taxonomy":"product_brand","embeddable":true,"href":"https:\/\/www.aimycomfort.com\/store\/de\/wp-json\/wp\/v2\/product_brand?post=29267"},{"taxonomy":"product_cat","embeddable":true,"href":"https:\/\/www.aimycomfort.com\/store\/de\/wp-json\/wp\/v2\/product_cat?post=29267"},{"taxonomy":"product_tag","embeddable":true,"href":"https:\/\/www.aimycomfort.com\/store\/de\/wp-json\/wp\/v2\/product_tag?post=29267"}],"curies":[{"name":"wp","href":"https:\/\/api.w.org\/{rel}","templated":true}]}}