{"id":28384,"date":"2025-01-23T03:15:07","date_gmt":"2025-01-23T03:15:07","guid":{"rendered":"https:\/\/www.aimycomfort.com\/store\/product\/night-cat-pillow-aimycomfort\/"},"modified":"2025-01-23T03:43:00","modified_gmt":"2025-01-23T03:43:00","slug":"night-cat-pillow-aimycomfort","status":"publish","type":"product","link":"https:\/\/www.aimycomfort.com\/store\/de\/produkt\/night-cat-pillow-aimycomfort\/","title":{"rendered":"Night Cat Kissen"},"content":{"rendered":"<p>Das Night Cat Kissen wurde entwickelt, um starken, ergonomischen Halt f\u00fcr Kopf, Nacken und Schultern zu bieten und so einen erholsamen und stressfreien Schlaf zu gew\u00e4hrleisten. Hergestellt aus 60D-Memory-Schaum mit langsamer R\u00fcckfederung, passt es sich den nat\u00fcrlichen Kurven der Halswirbels\u00e4ule und des Sch\u00e4dels an und bietet ein leichtes Druckgef\u00fchl beim Schlafen. Das 360\u00b0-Rundum-Design verbessert den Schutz der Halswirbels\u00e4ule, w\u00e4hrend der atmungsaktive, hautfreundliche Stoff f\u00fcr Komfort die ganze Nacht sorgt. Perfekt f\u00fcr verschiedene Szenarien, kann es als Kopfteilkissen, Ruhekissen oder Liegekissen zum Entspannen oder Scrollen verwendet werden.<\/p>\n<hr \/>\n<h2><strong>Hauptmerkmale des Night Cat Kissens:<\/strong><\/h2>\n<h4><strong>360\u00b0 Rundum-Unterst\u00fctzung<\/strong><\/h4>\n<p class=\"first:mt-1.5\">Bietet vollst\u00e4ndige Abdeckung f\u00fcr Kopf, Nacken und Wangen, verbessert den Schutz der Halswirbels\u00e4ule und verhindert Unbehagen.<\/p>\n<h4><strong>Ergonomisches Design<\/strong><\/h4>\n<p class=\"first:mt-1.5\">Passt sich der nat\u00fcrlichen Kurve der Halswirbels\u00e4ule und des Sch\u00e4dels an, balanciert Schultern und Nacken aus, um Verspannungen oder Fehlhaltungen zu vermeiden.<\/p>\n<h4><strong>Memory-Schaum mit langsamer R\u00fcckfederung<\/strong><\/h4>\n<p class=\"first:mt-1.5\">Hergestellt aus 60D-Memory-Schaum, bietet es eine weiche, zarte Textur mit einer R\u00fcckfederung von 3-5 Sekunden f\u00fcr nat\u00fcrlichen, kraftvollen Halt und Druckentlastung.<\/p>\n<h4><strong>Vielseitige Einsatzm\u00f6glichkeiten<\/strong><\/h4>\n<p class=\"first:mt-1.5\">Ideal als Kopfteilkissen, Ruhekissen oder Liegekissen, bietet es Komfort in verschiedenen Positionen zum Schlafen, Entspannen oder Scrollen.<\/p>\n<h4><strong>Atmungsaktiver und hautfreundlicher Stoff<\/strong><\/h4>\n<p class=\"first:mt-1.5\">Hergestellt aus Nylon und Spandex, ist der Stoff weich, atmungsaktiv und verf\u00fcgt \u00fcber einen dreidimensionalen Schnitt f\u00fcr ein angenehmes Gef\u00fchl.<\/p>\n<h4><strong>Doppelte H\u00e4rteunterst\u00fctzung<\/strong><\/h4>\n<p class=\"first:mt-1.5\">Kombiniert kraftvolle und weiche Unterst\u00fctzung f\u00fcr ein ausgewogenes, individuelles Schlaferlebnis.<\/p>\n<hr \/>\n<p class=\"first:mt-1.5\">Das Night Cat Kissen kombiniert fortschrittliches ergonomisches Design, hochwertige Materialien und vielseitige Funktionalit\u00e4t und ist damit die perfekte Wahl f\u00fcr Halswirbels\u00e4ulenschutz, Entspannung und erholsamen Schlaf.<\/p>\n","protected":false},"excerpt":{"rendered":"<p>Das Night Cat Kissen bietet 360\u00b0 Rundum-Unterst\u00fctzung mit langsam r\u00fcckfederndem Memory-Schaum f\u00fcr den Schutz der Halswirbels\u00e4ule und Druckentlastung. Sein ergonomisches Design, atmungsaktiver Stoff und vielseitige Einsatzm\u00f6glichkeiten machen es ideal zum Schlafen, Entspannen oder komfortablen Scrollen.<\/p>\n","protected":false},"featured_media":28276,"comment_status":"open","ping_status":"closed","template":"","meta":{"site-sidebar-layout":"default","site-content-layout":"","ast-site-content-layout":"default","site-content-style":"default","site-sidebar-style":"default","ast-global-header-display":"","ast-banner-title-visibility":"","ast-main-header-display":"","ast-hfb-above-header-display":"","ast-hfb-below-header-display":"","ast-hfb-mobile-header-display":"","site-post-title":"","ast-breadcrumbs-content":"","ast-featured-img":"","footer-sml-layout":"","theme-transparent-header-meta":"default","adv-header-id-meta":"","stick-header-meta":"","header-above-stick-meta":"","header-main-stick-meta":"","header-below-stick-meta":"","astra-migrate-meta-layouts":"set","ast-page-background-enabled":"default","ast-page-background-meta":{"desktop":{"background-color":"var(--ast-global-color-4)","background-image":"","background-repeat":"repeat","background-position":"center center","background-size":"auto","background-attachment":"scroll","background-type":"","background-media":"","overlay-type":"","overlay-color":"","overlay-opacity":"","overlay-gradient":""},"tablet":{"background-color":"","background-image":"","background-repeat":"repeat","background-position":"center center","background-size":"auto","background-attachment":"scroll","background-type":"","background-media":"","overlay-type":"","overlay-color":"","overlay-opacity":"","overlay-gradient":""},"mobile":{"background-color":"","background-image":"","background-repeat":"repeat","background-position":"center center","background-size":"auto","background-attachment":"scroll","background-type":"","background-media":"","overlay-type":"","overlay-color":"","overlay-opacity":"","overlay-gradient":""}},"ast-content-background-meta":{"desktop":{"background-color":"var(--ast-global-color-5)","background-image":"","background-repeat":"repeat","background-position":"center center","background-size":"auto","background-attachment":"scroll","background-type":"","background-media":"","overlay-type":"","overlay-color":"","overlay-opacity":"","overlay-gradient":""},"tablet":{"background-color":"var(--ast-global-color-5)","background-image":"","background-repeat":"repeat","background-position":"center center","background-size":"auto","background-attachment":"scroll","background-type":"","background-media":"","overlay-type":"","overlay-color":"","overlay-opacity":"","overlay-gradient":""},"mobile":{"background-color":"var(--ast-global-color-5)","background-image":"","background-repeat":"repeat","background-position":"center center","background-size":"auto","background-attachment":"scroll","background-type":"","background-media":"","overlay-type":"","overlay-color":"","overlay-opacity":"","overlay-gradient":""}}},"product_brand":[],"product_cat":[930,205,849,921,894,885,944,858],"product_tag":[1084,1086,1085,562,494],"class_list":{"0":"post-28384","1":"product","2":"type-product","3":"status-publish","4":"has-post-thumbnail","6":"product_cat-keilkissen","7":"product_cat-kissenkollektion","8":"product_cat-koerperkissen","9":"product_cat-lesekissen","10":"product_cat-nackenstuetzkissen","11":"product_cat-nickerchen-kissen","12":"product_cat-sofa-pillow-de","13":"product_cat-zervikalkissen","14":"product_tag-relief-of-pressure-de","15":"product_tag-memory-foam-de-3","16":"product_tag-pillow-de","17":"product_tag-neck-protect-de","18":"product_tag-pain-relief-de","19":"desktop-align-left","20":"tablet-align-left","21":"mobile-align-left","22":"ast-product-gallery-layout-horizontal-slider","23":"ast-product-single-variable","24":"ast-product-tabs-layout-horizontal","25":"ast-qv-on-image","27":"first","28":"instock","29":"shipping-taxable","30":"purchasable","31":"product-type-variable"},"aioseo_notices":[],"_links":{"self":[{"href":"https:\/\/www.aimycomfort.com\/store\/de\/wp-json\/wp\/v2\/product\/28384","targetHints":{"allow":["GET"]}}],"collection":[{"href":"https:\/\/www.aimycomfort.com\/store\/de\/wp-json\/wp\/v2\/product"}],"about":[{"href":"https:\/\/www.aimycomfort.com\/store\/de\/wp-json\/wp\/v2\/types\/product"}],"replies":[{"embeddable":true,"href":"https:\/\/www.aimycomfort.com\/store\/de\/wp-json\/wp\/v2\/comments?post=28384"}],"wp:featuredmedia":[{"embeddable":true,"href":"https:\/\/www.aimycomfort.com\/store\/de\/wp-json\/wp\/v2\/media\/28276"}],"wp:attachment":[{"href":"https:\/\/www.aimycomfort.com\/store\/de\/wp-json\/wp\/v2\/media?parent=28384"}],"wp:term":[{"taxonomy":"product_brand","embeddable":true,"href":"https:\/\/www.aimycomfort.com\/store\/de\/wp-json\/wp\/v2\/product_brand?post=28384"},{"taxonomy":"product_cat","embeddable":true,"href":"https:\/\/www.aimycomfort.com\/store\/de\/wp-json\/wp\/v2\/product_cat?post=28384"},{"taxonomy":"product_tag","embeddable":true,"href":"https:\/\/www.aimycomfort.com\/store\/de\/wp-json\/wp\/v2\/product_tag?post=28384"}],"curies":[{"name":"wp","href":"https:\/\/api.w.org\/{rel}","templated":true}]}}