{"id":28180,"date":"2025-01-22T02:16:21","date_gmt":"2025-01-22T02:16:21","guid":{"rendered":"https:\/\/www.aimycomfort.com\/store\/product\/folding-pillow-and-quilt-2-in-1\/"},"modified":"2025-01-22T02:44:29","modified_gmt":"2025-01-22T02:44:29","slug":"folding-pillow-and-quilt-2-in-1","status":"publish","type":"product","link":"https:\/\/www.aimycomfort.com\/store\/de\/produkt\/folding-pillow-and-quilt-2-in-1\/","title":{"rendered":"Faltbares Kissen und Decke 2-in-1"},"content":{"rendered":"<p>Das Faltbare Kissen und die Decke 2-in-1 vereinen Praktikabilit\u00e4t und Komfort mit ihrer Doppelfunktion. Hergestellt aus hochdichtem geb\u00fcrstetem Stoff, ist es weich, hautfreundlich und pillfest. Die Federbaumwollf\u00fcllung bietet W\u00e4rme, Elastizit\u00e4t und Temperaturkontrolle, was es perfekt f\u00fcr Nickerchen, Reisen oder den Heimgebrauch macht. Dank der Mehrnadel-Steppung bleibt die F\u00fcllung an Ort und Stelle, ohne zu verklumpen, und sorgt f\u00fcr eine langanhaltende Haltbarkeit. Das kompakte Falt-Design macht es leicht zu transportieren, w\u00e4hrend die exquisite Handtuchstickerei einen Hauch von Eleganz verleiht.<\/p>\n<h2><strong>Hauptmerkmale des Faltbaren Kissens und der Decke 2-in-1:<\/strong><\/h2>\n<h4><strong>2-in-1-Design<\/strong><\/h4>\n<p class=\"first:mt-1.5\">Funktioniert als weiches Kissen im gefalteten Zustand und als warme Decke im aufgeklappten Zustand, bietet vielseitige Nutzungsm\u00f6glichkeiten.<\/p>\n<h4><strong>Hochwertiger Stoff<\/strong><\/h4>\n<p class=\"first:mt-1.5\">Hergestellt aus hochdichtem geb\u00fcrstetem Stoff, der hautfreundlich, langlebig und pillfest ist.<\/p>\n<h4><strong>Federbaumwollf\u00fcllung<\/strong><\/h4>\n<p class=\"first:mt-1.5\">Bietet Elastizit\u00e4t, W\u00e4rme und Temperaturkontrolle f\u00fcr ganzj\u00e4hrigen Komfort.<\/p>\n<h4><strong>Mehrnadel-Steppung<\/strong><\/h4>\n<p class=\"first:mt-1.5\">Verhindert, dass die F\u00fcllung verklumpt oder sich verschiebt, und sorgt f\u00fcr eine langanhaltende Form und Komfort.<\/p>\n<h4><strong>Multifunktionale Nutzung<\/strong><\/h4>\n<ul>\n<li><strong>Zuhause:<\/strong> Perfekt f\u00fcr Nickerchen mit Schutz f\u00fcr Schultern und Nacken.<\/li>\n<li><strong>Im Auto:<\/strong> Leicht und tragbar f\u00fcr W\u00e4rme unterwegs.<\/li>\n<li><strong>Auf dem Sofa:<\/strong> Weich und gem\u00fctlich f\u00fcr entspannte Momente.<\/li>\n<\/ul>\n<h4><strong>Elegantes Design<\/strong><\/h4>\n<p class=\"first:mt-1.5\">Mit reaktiver Druck- und F\u00e4rbetechnik f\u00fcr lebendige, farbechte Farben und exquisiter Handtuchstickerei f\u00fcr einen stilvollen Look.<\/p>\n<p class=\"first:mt-1.5\">Das Faltbare Kissen und die Decke 2-in-1 ist eine praktische und stilvolle L\u00f6sung f\u00fcr Komfort zu Hause oder unterwegs und bietet W\u00e4rme, Weichheit und Vielseitigkeit in einem kompakten Design.<\/p>\n","protected":false},"excerpt":{"rendered":"<p>Das Faltbare Kissen und die Decke 2-in-1 verf\u00fcgen \u00fcber ein Doppelfunktionsdesign mit weichem, hautfreundlichem Stoff und Federbaumwollf\u00fcllung f\u00fcr W\u00e4rme und Komfort. Strapazierf\u00e4hige N\u00e4hte, lebendige Farben und Tragbarkeit machen es perfekt f\u00fcr Nickerchen, Reisen oder den Heimgebrauch.<\/p>\n","protected":false},"featured_media":27994,"comment_status":"open","ping_status":"closed","template":"","meta":{"site-sidebar-layout":"default","site-content-layout":"","ast-site-content-layout":"default","site-content-style":"default","site-sidebar-style":"default","ast-global-header-display":"","ast-banner-title-visibility":"","ast-main-header-display":"","ast-hfb-above-header-display":"","ast-hfb-below-header-display":"","ast-hfb-mobile-header-display":"","site-post-title":"","ast-breadcrumbs-content":"","ast-featured-img":"","footer-sml-layout":"","theme-transparent-header-meta":"default","adv-header-id-meta":"","stick-header-meta":"","header-above-stick-meta":"","header-main-stick-meta":"","header-below-stick-meta":"","astra-migrate-meta-layouts":"set","ast-page-background-enabled":"default","ast-page-background-meta":{"desktop":{"background-color":"var(--ast-global-color-4)","background-image":"","background-repeat":"repeat","background-position":"center center","background-size":"auto","background-attachment":"scroll","background-type":"","background-media":"","overlay-type":"","overlay-color":"","overlay-opacity":"","overlay-gradient":""},"tablet":{"background-color":"","background-image":"","background-repeat":"repeat","background-position":"center center","background-size":"auto","background-attachment":"scroll","background-type":"","background-media":"","overlay-type":"","overlay-color":"","overlay-opacity":"","overlay-gradient":""},"mobile":{"background-color":"","background-image":"","background-repeat":"repeat","background-position":"center center","background-size":"auto","background-attachment":"scroll","background-type":"","background-media":"","overlay-type":"","overlay-color":"","overlay-opacity":"","overlay-gradient":""}},"ast-content-background-meta":{"desktop":{"background-color":"var(--ast-global-color-5)","background-image":"","background-repeat":"repeat","background-position":"center center","background-size":"auto","background-attachment":"scroll","background-type":"","background-media":"","overlay-type":"","overlay-color":"","overlay-opacity":"","overlay-gradient":""},"tablet":{"background-color":"var(--ast-global-color-5)","background-image":"","background-repeat":"repeat","background-position":"center center","background-size":"auto","background-attachment":"scroll","background-type":"","background-media":"","overlay-type":"","overlay-color":"","overlay-opacity":"","overlay-gradient":""},"mobile":{"background-color":"var(--ast-global-color-5)","background-image":"","background-repeat":"repeat","background-position":"center center","background-size":"auto","background-attachment":"scroll","background-type":"","background-media":"","overlay-type":"","overlay-color":"","overlay-opacity":"","overlay-gradient":""}}},"product_brand":[],"product_cat":[840,205,885,944,996],"product_tag":[1085,1047],"class_list":{"0":"post-28180","1":"product","2":"type-product","3":"status-publish","4":"has-post-thumbnail","6":"product_cat-bettkissen","7":"product_cat-kissenkollektion","8":"product_cat-nickerchen-kissen","9":"product_cat-sofa-pillow-de","10":"product_cat-steppdecke","11":"product_tag-pillow-de","12":"product_tag-steppdecke","13":"desktop-align-left","14":"tablet-align-left","15":"mobile-align-left","16":"ast-product-gallery-layout-horizontal-slider","17":"ast-product-single-variable","18":"ast-product-tabs-layout-horizontal","19":"ast-qv-on-image","21":"first","22":"instock","23":"shipping-taxable","24":"purchasable","25":"product-type-variable"},"aioseo_notices":[],"_links":{"self":[{"href":"https:\/\/www.aimycomfort.com\/store\/de\/wp-json\/wp\/v2\/product\/28180","targetHints":{"allow":["GET"]}}],"collection":[{"href":"https:\/\/www.aimycomfort.com\/store\/de\/wp-json\/wp\/v2\/product"}],"about":[{"href":"https:\/\/www.aimycomfort.com\/store\/de\/wp-json\/wp\/v2\/types\/product"}],"replies":[{"embeddable":true,"href":"https:\/\/www.aimycomfort.com\/store\/de\/wp-json\/wp\/v2\/comments?post=28180"}],"wp:featuredmedia":[{"embeddable":true,"href":"https:\/\/www.aimycomfort.com\/store\/de\/wp-json\/wp\/v2\/media\/27994"}],"wp:attachment":[{"href":"https:\/\/www.aimycomfort.com\/store\/de\/wp-json\/wp\/v2\/media?parent=28180"}],"wp:term":[{"taxonomy":"product_brand","embeddable":true,"href":"https:\/\/www.aimycomfort.com\/store\/de\/wp-json\/wp\/v2\/product_brand?post=28180"},{"taxonomy":"product_cat","embeddable":true,"href":"https:\/\/www.aimycomfort.com\/store\/de\/wp-json\/wp\/v2\/product_cat?post=28180"},{"taxonomy":"product_tag","embeddable":true,"href":"https:\/\/www.aimycomfort.com\/store\/de\/wp-json\/wp\/v2\/product_tag?post=28180"}],"curies":[{"name":"wp","href":"https:\/\/api.w.org\/{rel}","templated":true}]}}