{"id":27957,"date":"2025-01-21T03:00:43","date_gmt":"2025-01-21T03:00:43","guid":{"rendered":"https:\/\/www.aimycomfort.com\/store\/product\/shredded-foam-pillow\/"},"modified":"2025-01-21T03:26:46","modified_gmt":"2025-01-21T03:26:46","slug":"shredded-foam-pillow","status":"publish","type":"product","link":"https:\/\/www.aimycomfort.com\/store\/de\/produkt\/shredded-foam-pillow\/","title":{"rendered":"Kissen aus Zerkleinerter Schaumstoff"},"content":{"rendered":"<p>Das Kissen aus Zerkleinerter Schaumstoff bietet ein einzigartiges Design mit zwei Seiten f\u00fcr zwei unterschiedliche Schlaferlebnisse. Die A-Seite besteht aus einem k\u00fchlen, atmungsaktiven Eisseidenstoff, w\u00e4hrend die B-Seite eine weiche, gem\u00fctliche Oberfl\u00e4che aus Bambusfaser bietet. Die anpassbare H\u00f6he erm\u00f6glicht es Ihnen, die F\u00fcllung individuell anzupassen, um personalisierten Halt zu gew\u00e4hrleisten. Hergestellt aus hochwertigen Materialien, einschlie\u00dflich CertiPUR-zertifiziertem Memory-Schaum, garantiert dieses Kissen langanhaltenden Komfort und Haltbarkeit. Perfekt f\u00fcr ein k\u00fchles, atmungsaktives und unterst\u00fctzendes Schlaferlebnis.<\/p>\n<hr \/>\n<h2><strong>Hauptmerkmale des Kissens aus Zerkleinerter Schaumstoff:<\/strong><\/h2>\n<h4><strong>Zweiseitiges Stoffdesign<\/strong><\/h4>\n<ul>\n<li><strong>A-Seite:<\/strong> K\u00fchle und atmungsaktive Eisseide f\u00fcr einen erfrischenden Schlaf.<\/li>\n<li><strong>B-Seite:<\/strong> Weiche Bambusfaser f\u00fcr ein gem\u00fctliches, sanftes Gef\u00fchl.<\/li>\n<\/ul>\n<h4><strong>Anpassbare H\u00f6he<\/strong><\/h4>\n<p class=\"first:mt-1.5\">Passen Sie die H\u00f6he des Kissens einfach an, indem Sie F\u00fcllmaterial hinzuf\u00fcgen oder entfernen, um Ihren Vorlieben zu entsprechen.<\/p>\n<h4><strong>Hochwertige Materialien<\/strong><\/h4>\n<p class=\"first:mt-1.5\">Verf\u00fcgt \u00fcber eine atmungsaktive Au\u00dfenschicht, adaptiven \u00dcbergangsschaum und CertiPUR-zertifizierten hochdichten Memory-Schaum f\u00fcr erstklassige Unterst\u00fctzung.<\/p>\n<h4><strong>Abnehmbarer und Langlebiger Bezug<\/strong><\/h4>\n<p class=\"first:mt-1.5\">Der abnehmbare Bezug besteht aus hochwertigem Stoff, der im Laufe der Zeit unver\u00e4ndert bleibt und eine einfache Pflege erm\u00f6glicht.<\/p>\n<h4><strong>Atmungsaktiv und Unterst\u00fctzend<\/strong><\/h4>\n<p class=\"first:mt-1.5\">Die Kombination aus atmungsaktiven Stoffen und Memory-Schaum sorgt f\u00fcr hervorragende Luftzirkulation und adaptive Unterst\u00fctzung f\u00fcr einen erholsamen Schlaf.<\/p>\n<hr \/>\n<p class=\"first:mt-1.5\">Das Kissen aus Zerkleinerter Schaumstoff kombiniert anpassbaren Komfort, zweiseitige Vielseitigkeit und hochwertige Materialien und ist die perfekte Wahl f\u00fcr ein k\u00fchles, unterst\u00fctzendes und personalisiertes Schlaferlebnis.<\/p>\n","protected":false},"excerpt":{"rendered":"<p>Das Kissen aus Zerkleinerter Schaumstoff verf\u00fcgt \u00fcber ein zweiseitiges Design mit k\u00fchler Eisseide auf der einen Seite und weicher Bambusfaser auf der anderen. H\u00f6henverstellbarkeit, CertiPUR-zertifizierter Memory-Schaum und atmungsaktive Materialien sorgen f\u00fcr individuellen Komfort, Langlebigkeit und ein erfrischendes Schlaferlebnis.<\/p>\n","protected":false},"featured_media":27865,"comment_status":"open","ping_status":"closed","template":"","meta":{"site-sidebar-layout":"default","site-content-layout":"","ast-site-content-layout":"default","site-content-style":"default","site-sidebar-style":"default","ast-global-header-display":"","ast-banner-title-visibility":"","ast-main-header-display":"","ast-hfb-above-header-display":"","ast-hfb-below-header-display":"","ast-hfb-mobile-header-display":"","site-post-title":"","ast-breadcrumbs-content":"","ast-featured-img":"","footer-sml-layout":"","theme-transparent-header-meta":"default","adv-header-id-meta":"","stick-header-meta":"","header-above-stick-meta":"","header-main-stick-meta":"","header-below-stick-meta":"","astra-migrate-meta-layouts":"set","ast-page-background-enabled":"default","ast-page-background-meta":{"desktop":{"background-color":"var(--ast-global-color-4)","background-image":"","background-repeat":"repeat","background-position":"center center","background-size":"auto","background-attachment":"scroll","background-type":"","background-media":"","overlay-type":"","overlay-color":"","overlay-opacity":"","overlay-gradient":""},"tablet":{"background-color":"","background-image":"","background-repeat":"repeat","background-position":"center center","background-size":"auto","background-attachment":"scroll","background-type":"","background-media":"","overlay-type":"","overlay-color":"","overlay-opacity":"","overlay-gradient":""},"mobile":{"background-color":"","background-image":"","background-repeat":"repeat","background-position":"center center","background-size":"auto","background-attachment":"scroll","background-type":"","background-media":"","overlay-type":"","overlay-color":"","overlay-opacity":"","overlay-gradient":""}},"ast-content-background-meta":{"desktop":{"background-color":"var(--ast-global-color-5)","background-image":"","background-repeat":"repeat","background-position":"center center","background-size":"auto","background-attachment":"scroll","background-type":"","background-media":"","overlay-type":"","overlay-color":"","overlay-opacity":"","overlay-gradient":""},"tablet":{"background-color":"var(--ast-global-color-5)","background-image":"","background-repeat":"repeat","background-position":"center center","background-size":"auto","background-attachment":"scroll","background-type":"","background-media":"","overlay-type":"","overlay-color":"","overlay-opacity":"","overlay-gradient":""},"mobile":{"background-color":"var(--ast-global-color-5)","background-image":"","background-repeat":"repeat","background-position":"center center","background-size":"auto","background-attachment":"scroll","background-type":"","background-media":"","overlay-type":"","overlay-color":"","overlay-opacity":"","overlay-gradient":""}}},"product_brand":[],"product_cat":[832,840,205,867],"product_tag":[1086,1085,562],"class_list":{"0":"post-27957","1":"product","2":"type-product","3":"status-publish","4":"has-post-thumbnail","6":"product_cat-bambusfaser-kissen-de","7":"product_cat-bettkissen","8":"product_cat-kissenkollektion","9":"product_cat-kuehlkissen","10":"product_tag-memory-foam-de-3","11":"product_tag-pillow-de","12":"product_tag-neck-protect-de","13":"desktop-align-left","14":"tablet-align-left","15":"mobile-align-left","16":"ast-product-gallery-layout-horizontal-slider","17":"ast-product-single-variable","18":"ast-product-tabs-layout-horizontal","19":"ast-qv-on-image","21":"first","22":"instock","23":"shipping-taxable","24":"purchasable","25":"product-type-variable"},"aioseo_notices":[],"_links":{"self":[{"href":"https:\/\/www.aimycomfort.com\/store\/de\/wp-json\/wp\/v2\/product\/27957","targetHints":{"allow":["GET"]}}],"collection":[{"href":"https:\/\/www.aimycomfort.com\/store\/de\/wp-json\/wp\/v2\/product"}],"about":[{"href":"https:\/\/www.aimycomfort.com\/store\/de\/wp-json\/wp\/v2\/types\/product"}],"replies":[{"embeddable":true,"href":"https:\/\/www.aimycomfort.com\/store\/de\/wp-json\/wp\/v2\/comments?post=27957"}],"wp:featuredmedia":[{"embeddable":true,"href":"https:\/\/www.aimycomfort.com\/store\/de\/wp-json\/wp\/v2\/media\/27865"}],"wp:attachment":[{"href":"https:\/\/www.aimycomfort.com\/store\/de\/wp-json\/wp\/v2\/media?parent=27957"}],"wp:term":[{"taxonomy":"product_brand","embeddable":true,"href":"https:\/\/www.aimycomfort.com\/store\/de\/wp-json\/wp\/v2\/product_brand?post=27957"},{"taxonomy":"product_cat","embeddable":true,"href":"https:\/\/www.aimycomfort.com\/store\/de\/wp-json\/wp\/v2\/product_cat?post=27957"},{"taxonomy":"product_tag","embeddable":true,"href":"https:\/\/www.aimycomfort.com\/store\/de\/wp-json\/wp\/v2\/product_tag?post=27957"}],"curies":[{"name":"wp","href":"https:\/\/api.w.org\/{rel}","templated":true}]}}