{"id":27636,"date":"2025-01-17T08:12:31","date_gmt":"2025-01-17T08:12:31","guid":{"rendered":"https:\/\/www.aimycomfort.com\/store\/product\/3d-fiber-hotel-pillow\/"},"modified":"2025-01-17T08:41:31","modified_gmt":"2025-01-17T08:41:31","slug":"3d-fiber-hotel-pillow","status":"publish","type":"product","link":"https:\/\/www.aimycomfort.com\/store\/de\/produkt\/3d-fiber-hotel-pillow\/","title":{"rendered":"3D-Faser-Hotelkissen"},"content":{"rendered":"<p>Das 3D-Faser-Hotelkissen ist mit einer weichen Faserf\u00fcllung gefertigt, um maximalen Komfort und ein luxuri\u00f6ses Schlaferlebnis zu bieten. Der hochwertige Polyester-Baumwollstoff sorgt f\u00fcr Langlebigkeit und ein weiches, atmungsaktives Gef\u00fchl. Das Kissen ist f\u00fcr Stabilit\u00e4t und Zuverl\u00e4ssigkeit konzipiert und durchl\u00e4uft f\u00fcnf Qualit\u00e4tspr\u00fcfungen, um eine gleichbleibende Leistung zu gew\u00e4hrleisten. Mit umfangreichen Anpassungsoptionen, einschlie\u00dflich Stoff, Gr\u00f6\u00dfe, F\u00fcllung, Verpackung und Logos, ist es sowohl f\u00fcr den pers\u00f6nlichen Gebrauch als auch f\u00fcr die Hotellerie perfekt geeignet.<\/p>\n<hr \/>\n<h2><strong>Hauptmerkmale des Hotelkissens:<\/strong><\/h2>\n<h4><strong>Weiche Faserf\u00fcllung<\/strong><\/h4>\n<p class=\"first:mt-1.5\">Bietet weichen, wolken\u00e4hnlichen Komfort f\u00fcr einen erholsamen und luxuri\u00f6sen Schlaf.<\/p>\n<h4><strong>Langlebiger Polyester-Baumwollstoff<\/strong><\/h4>\n<p class=\"first:mt-1.5\">Atmungsaktiv, weich und langlebig, sorgt f\u00fcr ein komfortables Schlaferlebnis.<\/p>\n<h4><strong>F\u00fcnf Qualit\u00e4tspr\u00fcfungen<\/strong><\/h4>\n<p class=\"first:mt-1.5\">Garantiert stabile Qualit\u00e4t und gleichbleibende Leistung.<\/p>\n<h4><strong>Anpassbare Optionen<\/strong><\/h4>\n<p class=\"first:mt-1.5\">Unterst\u00fctzt OEM mit Optionen zur Anpassung von Stoff, Gr\u00f6\u00dfe, F\u00fcllung, Verpackung, Mustern und Logos.<\/p>\n<h4><strong>Vielseitiges Design<\/strong><\/h4>\n<p class=\"first:mt-1.5\">Ideal f\u00fcr den pers\u00f6nlichen Gebrauch oder als Premium-Option f\u00fcr Hotels und Gastgewerbe.<\/p>\n<hr \/>\n<p class=\"first:mt-1.5\">Das 3D-Faser-Hotelkissen kombiniert weichen Komfort, langlebige Materialien und umfangreiche Anpassungsoptionen und ist die perfekte Wahl f\u00fcr ein luxuri\u00f6ses und ma\u00dfgeschneidertes Schlaferlebnis.<\/p>\n","protected":false},"excerpt":{"rendered":"<p>Das 3D-Faser-Hotelkissen verf\u00fcgt \u00fcber eine weiche Faserf\u00fcllung und strapazierf\u00e4higen Polyester-Baumwollstoff f\u00fcr maximalen Komfort und Atmungsaktivit\u00e4t. Mit f\u00fcnf Qualit\u00e4tspr\u00fcfungen und umfangreichen Anpassungsoptionen ist es ideal f\u00fcr den pers\u00f6nlichen Gebrauch oder die Hotellerie.<\/p>\n","protected":false},"featured_media":27528,"comment_status":"open","ping_status":"closed","template":"","meta":{"site-sidebar-layout":"default","site-content-layout":"","ast-site-content-layout":"default","site-content-style":"default","site-sidebar-style":"default","ast-global-header-display":"","ast-banner-title-visibility":"","ast-main-header-display":"","ast-hfb-above-header-display":"","ast-hfb-below-header-display":"","ast-hfb-mobile-header-display":"","site-post-title":"","ast-breadcrumbs-content":"","ast-featured-img":"","footer-sml-layout":"","theme-transparent-header-meta":"default","adv-header-id-meta":"","stick-header-meta":"","header-above-stick-meta":"","header-main-stick-meta":"","header-below-stick-meta":"","astra-migrate-meta-layouts":"set","ast-page-background-enabled":"default","ast-page-background-meta":{"desktop":{"background-color":"var(--ast-global-color-4)","background-image":"","background-repeat":"repeat","background-position":"center center","background-size":"auto","background-attachment":"scroll","background-type":"","background-media":"","overlay-type":"","overlay-color":"","overlay-opacity":"","overlay-gradient":""},"tablet":{"background-color":"","background-image":"","background-repeat":"repeat","background-position":"center center","background-size":"auto","background-attachment":"scroll","background-type":"","background-media":"","overlay-type":"","overlay-color":"","overlay-opacity":"","overlay-gradient":""},"mobile":{"background-color":"","background-image":"","background-repeat":"repeat","background-position":"center center","background-size":"auto","background-attachment":"scroll","background-type":"","background-media":"","overlay-type":"","overlay-color":"","overlay-opacity":"","overlay-gradient":""}},"ast-content-background-meta":{"desktop":{"background-color":"var(--ast-global-color-5)","background-image":"","background-repeat":"repeat","background-position":"center center","background-size":"auto","background-attachment":"scroll","background-type":"","background-media":"","overlay-type":"","overlay-color":"","overlay-opacity":"","overlay-gradient":""},"tablet":{"background-color":"var(--ast-global-color-5)","background-image":"","background-repeat":"repeat","background-position":"center center","background-size":"auto","background-attachment":"scroll","background-type":"","background-media":"","overlay-type":"","overlay-color":"","overlay-opacity":"","overlay-gradient":""},"mobile":{"background-color":"var(--ast-global-color-5)","background-image":"","background-repeat":"repeat","background-position":"center center","background-size":"auto","background-attachment":"scroll","background-type":"","background-media":"","overlay-type":"","overlay-color":"","overlay-opacity":"","overlay-gradient":""}}},"product_brand":[],"product_cat":[840,205],"product_tag":[1085],"class_list":{"0":"post-27636","1":"product","2":"type-product","3":"status-publish","4":"has-post-thumbnail","6":"product_cat-bettkissen","7":"product_cat-kissenkollektion","8":"product_tag-pillow-de","9":"desktop-align-left","10":"tablet-align-left","11":"mobile-align-left","12":"ast-product-gallery-layout-horizontal-slider","13":"ast-product-single-variable","14":"ast-product-tabs-layout-horizontal","15":"ast-qv-on-image","17":"first","18":"instock","19":"shipping-taxable","20":"purchasable","21":"product-type-variable"},"aioseo_notices":[],"_links":{"self":[{"href":"https:\/\/www.aimycomfort.com\/store\/de\/wp-json\/wp\/v2\/product\/27636","targetHints":{"allow":["GET"]}}],"collection":[{"href":"https:\/\/www.aimycomfort.com\/store\/de\/wp-json\/wp\/v2\/product"}],"about":[{"href":"https:\/\/www.aimycomfort.com\/store\/de\/wp-json\/wp\/v2\/types\/product"}],"replies":[{"embeddable":true,"href":"https:\/\/www.aimycomfort.com\/store\/de\/wp-json\/wp\/v2\/comments?post=27636"}],"wp:featuredmedia":[{"embeddable":true,"href":"https:\/\/www.aimycomfort.com\/store\/de\/wp-json\/wp\/v2\/media\/27528"}],"wp:attachment":[{"href":"https:\/\/www.aimycomfort.com\/store\/de\/wp-json\/wp\/v2\/media?parent=27636"}],"wp:term":[{"taxonomy":"product_brand","embeddable":true,"href":"https:\/\/www.aimycomfort.com\/store\/de\/wp-json\/wp\/v2\/product_brand?post=27636"},{"taxonomy":"product_cat","embeddable":true,"href":"https:\/\/www.aimycomfort.com\/store\/de\/wp-json\/wp\/v2\/product_cat?post=27636"},{"taxonomy":"product_tag","embeddable":true,"href":"https:\/\/www.aimycomfort.com\/store\/de\/wp-json\/wp\/v2\/product_tag?post=27636"}],"curies":[{"name":"wp","href":"https:\/\/api.w.org\/{rel}","templated":true}]}}