{"id":27226,"date":"2025-01-14T06:14:48","date_gmt":"2025-01-14T06:14:48","guid":{"rendered":"https:\/\/www.aimycomfort.com\/store\/product\/space-capsule-pillow-core-antibacterial-massage-pillow\/"},"modified":"2025-01-14T06:46:55","modified_gmt":"2025-01-14T06:46:55","slug":"space-capsule-pillow-core-antibacterial-massage-pillow","status":"publish","type":"product","link":"https:\/\/www.aimycomfort.com\/store\/de\/produkt\/space-capsule-pillow-core-antibacterial-massage-pillow\/","title":{"rendered":"Antibakterielles Massagekissen mit Space Capsule Kern"},"content":{"rendered":"<p>Das Space Capsule Kissen mit antibakteriellem Massagekern ist mit einer 3D-ergonomischen Zoneneinteilung gestaltet, die sich der nat\u00fcrlichen Kr\u00fcmmung der Halswirbels\u00e4ule anpasst und gezielte Unterst\u00fctzung f\u00fcr Seiten- und R\u00fcckenschl\u00e4fer bietet. Hergestellt aus nat\u00fcrlichem Latex-Quilting und antibakteriellem, milbenresistentem Stoff, sorgt es f\u00fcr eine saubere, gesunde und komfortable Schlafumgebung. Das 3D-atmungsaktive Netz f\u00f6rdert die Luftzirkulation, Feuchtigkeitsaufnahme und Schwei\u00dfableitung, w\u00e4hrend der doppelseitige Stoff sowohl Weichheit als auch Langlebigkeit f\u00fcr eine langfristige Nutzung bietet.<\/p>\n<hr \/>\n<h2><strong>Hauptmerkmale des Space Capsule Kissens:<\/strong><\/h2>\n<h4><strong>3D-Ergonomisches Zonendesign<\/strong><\/h4>\n<p class=\"first:mt-1.5\">Passt sich der nat\u00fcrlichen Kr\u00fcmmung der Halswirbels\u00e4ule an und bietet spezielle Zonen f\u00fcr Seiten- und R\u00fcckenschl\u00e4fer, um optimalen Halt f\u00fcr Kopf, Nacken und Schultern zu gew\u00e4hrleisten.<\/p>\n<h4><strong>Nat\u00fcrliches Latex-Quilting<\/strong><\/h4>\n<p class=\"first:mt-1.5\">Hergestellt aus reinem Eichenlatex, bietet es hervorragende Elastizit\u00e4t, Haltbarkeit sowie nat\u00fcrliche antibakterielle und milbenresistente Eigenschaften.<\/p>\n<h4><strong>Doppelseitiger Stoff<\/strong><\/h4>\n<ul>\n<li><strong>Seite A:<\/strong> Ultraweicher Strickstoff f\u00fcr ein zartes, hautfreundliches Gef\u00fchl.<\/li>\n<li><strong>Seite B:<\/strong> Baumwollstoff f\u00fcr Feuchtigkeitsaufnahme, Atmungsaktivit\u00e4t und Verschlei\u00dffestigkeit.<\/li>\n<\/ul>\n<h4><strong>3D-Atmungsaktives Netz<\/strong><\/h4>\n<p class=\"first:mt-1.5\">Verbessert die Luftzirkulation, absorbiert Feuchtigkeit und leitet Schwei\u00df ab, um das Kissen frisch und geruchsfrei zu halten.<\/p>\n<h4><strong>Handwerkskunst und Qualit\u00e4t<\/strong><\/h4>\n<p class=\"first:mt-1.5\">Exquisite Stickereien und dreidimensionale Kanten sorgen f\u00fcr Langlebigkeit und ein stilvolles, elegantes Design.<\/p>\n<hr \/>\n<p class=\"first:mt-1.5\">Das Space Capsule Kissen mit antibakteriellem Massagekern kombiniert fortschrittliches ergonomisches Design, hochwertige Materialien und sorgf\u00e4ltige Handwerkskunst, um ein wolken\u00e4hnliches, immersives Schlaferlebnis zu bieten und gleichzeitig die Gesundheit der Halswirbels\u00e4ule und tiefe Entspannung zu f\u00f6rdern.<\/p>\n","protected":false},"excerpt":{"rendered":"<p>Das Space Capsule Kissen mit antibakteriellem Massagekern verf\u00fcgt \u00fcber ein 3D-ergonomisches Design zur Unterst\u00fctzung der Halswirbels\u00e4ule, eine nat\u00fcrliche Latex-Polsterung f\u00fcr Elastizit\u00e4t und einen antibakteriellen, milbenresistenten Stoff f\u00fcr einen sauberen Schlaf. Das atmungsaktive Netz und der doppelseitige Stoff sorgen f\u00fcr feuchtigkeitsableitenden Komfort und langanhaltende Haltbarkeit und bieten ein luxuri\u00f6ses und gesundes Schlaferlebnis.<\/p>\n","protected":false},"featured_media":27141,"comment_status":"open","ping_status":"closed","template":"","meta":{"site-sidebar-layout":"default","site-content-layout":"","ast-site-content-layout":"default","site-content-style":"default","site-sidebar-style":"default","ast-global-header-display":"","ast-banner-title-visibility":"","ast-main-header-display":"","ast-hfb-above-header-display":"","ast-hfb-below-header-display":"","ast-hfb-mobile-header-display":"","site-post-title":"","ast-breadcrumbs-content":"","ast-featured-img":"","footer-sml-layout":"","theme-transparent-header-meta":"default","adv-header-id-meta":"","stick-header-meta":"","header-above-stick-meta":"","header-main-stick-meta":"","header-below-stick-meta":"","astra-migrate-meta-layouts":"set","ast-page-background-enabled":"default","ast-page-background-meta":{"desktop":{"background-color":"var(--ast-global-color-4)","background-image":"","background-repeat":"repeat","background-position":"center center","background-size":"auto","background-attachment":"scroll","background-type":"","background-media":"","overlay-type":"","overlay-color":"","overlay-opacity":"","overlay-gradient":""},"tablet":{"background-color":"","background-image":"","background-repeat":"repeat","background-position":"center center","background-size":"auto","background-attachment":"scroll","background-type":"","background-media":"","overlay-type":"","overlay-color":"","overlay-opacity":"","overlay-gradient":""},"mobile":{"background-color":"","background-image":"","background-repeat":"repeat","background-position":"center center","background-size":"auto","background-attachment":"scroll","background-type":"","background-media":"","overlay-type":"","overlay-color":"","overlay-opacity":"","overlay-gradient":""}},"ast-content-background-meta":{"desktop":{"background-color":"var(--ast-global-color-5)","background-image":"","background-repeat":"repeat","background-position":"center center","background-size":"auto","background-attachment":"scroll","background-type":"","background-media":"","overlay-type":"","overlay-color":"","overlay-opacity":"","overlay-gradient":""},"tablet":{"background-color":"var(--ast-global-color-5)","background-image":"","background-repeat":"repeat","background-position":"center center","background-size":"auto","background-attachment":"scroll","background-type":"","background-media":"","overlay-type":"","overlay-color":"","overlay-opacity":"","overlay-gradient":""},"mobile":{"background-color":"var(--ast-global-color-5)","background-image":"","background-repeat":"repeat","background-position":"center center","background-size":"auto","background-attachment":"scroll","background-type":"","background-media":"","overlay-type":"","overlay-color":"","overlay-opacity":"","overlay-gradient":""}}},"product_brand":[],"product_cat":[840,205,894],"product_tag":[1084,790,1085,562],"class_list":{"0":"post-27226","1":"product","2":"type-product","3":"status-publish","4":"has-post-thumbnail","6":"product_cat-bettkissen","7":"product_cat-kissenkollektion","8":"product_cat-nackenstuetzkissen","9":"product_tag-relief-of-pressure-de","10":"product_tag-ergonomic-support-de","11":"product_tag-pillow-de","12":"product_tag-neck-protect-de","13":"desktop-align-left","14":"tablet-align-left","15":"mobile-align-left","16":"ast-product-gallery-layout-horizontal-slider","17":"ast-product-single-variable","18":"ast-product-tabs-layout-horizontal","19":"ast-qv-on-image","21":"first","22":"instock","23":"shipping-taxable","24":"purchasable","25":"product-type-variable"},"aioseo_notices":[],"_links":{"self":[{"href":"https:\/\/www.aimycomfort.com\/store\/de\/wp-json\/wp\/v2\/product\/27226","targetHints":{"allow":["GET"]}}],"collection":[{"href":"https:\/\/www.aimycomfort.com\/store\/de\/wp-json\/wp\/v2\/product"}],"about":[{"href":"https:\/\/www.aimycomfort.com\/store\/de\/wp-json\/wp\/v2\/types\/product"}],"replies":[{"embeddable":true,"href":"https:\/\/www.aimycomfort.com\/store\/de\/wp-json\/wp\/v2\/comments?post=27226"}],"wp:featuredmedia":[{"embeddable":true,"href":"https:\/\/www.aimycomfort.com\/store\/de\/wp-json\/wp\/v2\/media\/27141"}],"wp:attachment":[{"href":"https:\/\/www.aimycomfort.com\/store\/de\/wp-json\/wp\/v2\/media?parent=27226"}],"wp:term":[{"taxonomy":"product_brand","embeddable":true,"href":"https:\/\/www.aimycomfort.com\/store\/de\/wp-json\/wp\/v2\/product_brand?post=27226"},{"taxonomy":"product_cat","embeddable":true,"href":"https:\/\/www.aimycomfort.com\/store\/de\/wp-json\/wp\/v2\/product_cat?post=27226"},{"taxonomy":"product_tag","embeddable":true,"href":"https:\/\/www.aimycomfort.com\/store\/de\/wp-json\/wp\/v2\/product_tag?post=27226"}],"curies":[{"name":"wp","href":"https:\/\/api.w.org\/{rel}","templated":true}]}}