{"id":27104,"date":"2025-01-13T05:46:37","date_gmt":"2025-01-13T05:46:37","guid":{"rendered":"https:\/\/www.aimycomfort.com\/store\/product\/bread-knitted-pillow\/"},"modified":"2025-01-13T06:58:08","modified_gmt":"2025-01-13T06:58:08","slug":"bread-knitted-pillow","status":"publish","type":"product","link":"https:\/\/www.aimycomfort.com\/store\/de\/produkt\/bread-knitted-pillow\/","title":{"rendered":"Gestricktes Brot-Kissen"},"content":{"rendered":"<p class=\"first:mt-1.5\">Das Gestrickte Brot-Kissen wurde entwickelt, um Schulter- und Nackenerm\u00fcdung tiefgehend zu lindern und gleichzeitig weichen, atmungsaktiven Halt zu bieten. Hergestellt aus ultraweichem Strick-Baumwollstoff und Hohlfaserf\u00fcllung, bietet es hautfreundlichen, feuchtigkeitsableitenden Komfort f\u00fcr einen erholsamen Schlaf. Sein wissenschaftliches Zonendesign sorgt f\u00fcr optimale Pflege der Halswirbels\u00e4ule und passt sich verschiedenen Schlafpositionen f\u00fcr eine individuelle Unterst\u00fctzung an. Leicht, flauschig und langlebig, beh\u00e4lt dieses Kissen seine Form und Weichheit f\u00fcr langanhaltenden Komfort.<\/p>\n<h4><strong>Hauptmerkmale des Gestrickten Brot-Kissens:<\/strong><\/h4>\n<ul>\n<li><strong>Ultraweicher Strick-Baumwollstoff<\/strong><br \/>\nHautfreundlich, atmungsaktiv und feuchtigkeitsableitend f\u00fcr einen k\u00fchlen und bequemen Schlaf.<\/li>\n<li><strong>Hohlfaserf\u00fcllung<\/strong><br \/>\nLeicht, flauschig und mit schnell r\u00fcckfedernden Fasern, die die Luftzirkulation f\u00f6rdern und sanften Halt bieten.<\/li>\n<li><strong>Wissenschaftliches Zonendesign<\/strong><br \/>\nBietet gezielte Unterst\u00fctzung f\u00fcr Kopf, Nacken und Schultern und passt sich R\u00fccken-, Seiten- oder Bauchschlafpositionen an.<\/li>\n<li><strong>Ergonomische Unterst\u00fctzung<\/strong><br \/>\nLindert Druck und bietet ausgewogenen Halt, um Nackenerm\u00fcdung zu verhindern und tiefe Entspannung zu gew\u00e4hrleisten.<\/li>\n<li><strong>Langlebiges und Stilvolles Design<\/strong><br \/>\nVersteckter Rei\u00dfverschluss und dreidimensionale Kanten sorgen f\u00fcr Haltbarkeit, w\u00e4hrend der Jacquard-Stoff eine weiche, elegante Note verleiht.<\/li>\n<\/ul>\n<p class=\"first:mt-1.5\">Das Gestrickte Brot-Kissen kombiniert Weichheit, Atmungsaktivit\u00e4t und ergonomisches Design und ist die perfekte Wahl f\u00fcr ein komfortables, unterst\u00fctzendes und erfrischendes Schlaferlebnis.<\/p>\n","protected":false},"excerpt":{"rendered":"<p>Das Gestrickte Brot-Kissen verf\u00fcgt \u00fcber ultraweichen Strick-Baumwollstoff und eine Hohlfaserf\u00fcllung f\u00fcr atmungsaktiven, feuchtigkeitsableitenden Komfort. Sein ergonomisches Zonendesign bietet gezielte Unterst\u00fctzung f\u00fcr Kopf, Nacken und Schultern und sorgt f\u00fcr tiefe Entspannung und erholsamen Schlaf in jeder Position.<\/p>\n","protected":false},"featured_media":26992,"comment_status":"open","ping_status":"closed","template":"","meta":{"site-sidebar-layout":"default","site-content-layout":"","ast-site-content-layout":"default","site-content-style":"default","site-sidebar-style":"default","ast-global-header-display":"","ast-banner-title-visibility":"","ast-main-header-display":"","ast-hfb-above-header-display":"","ast-hfb-below-header-display":"","ast-hfb-mobile-header-display":"","site-post-title":"","ast-breadcrumbs-content":"","ast-featured-img":"","footer-sml-layout":"","theme-transparent-header-meta":"default","adv-header-id-meta":"","stick-header-meta":"","header-above-stick-meta":"","header-main-stick-meta":"","header-below-stick-meta":"","astra-migrate-meta-layouts":"set","ast-page-background-enabled":"default","ast-page-background-meta":{"desktop":{"background-color":"var(--ast-global-color-4)","background-image":"","background-repeat":"repeat","background-position":"center center","background-size":"auto","background-attachment":"scroll","background-type":"","background-media":"","overlay-type":"","overlay-color":"","overlay-opacity":"","overlay-gradient":""},"tablet":{"background-color":"","background-image":"","background-repeat":"repeat","background-position":"center center","background-size":"auto","background-attachment":"scroll","background-type":"","background-media":"","overlay-type":"","overlay-color":"","overlay-opacity":"","overlay-gradient":""},"mobile":{"background-color":"","background-image":"","background-repeat":"repeat","background-position":"center center","background-size":"auto","background-attachment":"scroll","background-type":"","background-media":"","overlay-type":"","overlay-color":"","overlay-opacity":"","overlay-gradient":""}},"ast-content-background-meta":{"desktop":{"background-color":"var(--ast-global-color-5)","background-image":"","background-repeat":"repeat","background-position":"center center","background-size":"auto","background-attachment":"scroll","background-type":"","background-media":"","overlay-type":"","overlay-color":"","overlay-opacity":"","overlay-gradient":""},"tablet":{"background-color":"var(--ast-global-color-5)","background-image":"","background-repeat":"repeat","background-position":"center center","background-size":"auto","background-attachment":"scroll","background-type":"","background-media":"","overlay-type":"","overlay-color":"","overlay-opacity":"","overlay-gradient":""},"mobile":{"background-color":"var(--ast-global-color-5)","background-image":"","background-repeat":"repeat","background-position":"center center","background-size":"auto","background-attachment":"scroll","background-type":"","background-media":"","overlay-type":"","overlay-color":"","overlay-opacity":"","overlay-gradient":""}}},"product_brand":[],"product_cat":[840,205,894,858],"product_tag":[790,1085,494],"class_list":{"0":"post-27104","1":"product","2":"type-product","3":"status-publish","4":"has-post-thumbnail","6":"product_cat-bettkissen","7":"product_cat-kissenkollektion","8":"product_cat-nackenstuetzkissen","9":"product_cat-zervikalkissen","10":"product_tag-ergonomic-support-de","11":"product_tag-pillow-de","12":"product_tag-pain-relief-de","13":"desktop-align-left","14":"tablet-align-left","15":"mobile-align-left","16":"ast-product-gallery-layout-horizontal-slider","17":"ast-product-single-variable","18":"ast-product-tabs-layout-horizontal","19":"ast-qv-on-image","21":"first","22":"instock","23":"shipping-taxable","24":"purchasable","25":"product-type-variable"},"aioseo_notices":[],"_links":{"self":[{"href":"https:\/\/www.aimycomfort.com\/store\/de\/wp-json\/wp\/v2\/product\/27104","targetHints":{"allow":["GET"]}}],"collection":[{"href":"https:\/\/www.aimycomfort.com\/store\/de\/wp-json\/wp\/v2\/product"}],"about":[{"href":"https:\/\/www.aimycomfort.com\/store\/de\/wp-json\/wp\/v2\/types\/product"}],"replies":[{"embeddable":true,"href":"https:\/\/www.aimycomfort.com\/store\/de\/wp-json\/wp\/v2\/comments?post=27104"}],"wp:featuredmedia":[{"embeddable":true,"href":"https:\/\/www.aimycomfort.com\/store\/de\/wp-json\/wp\/v2\/media\/26992"}],"wp:attachment":[{"href":"https:\/\/www.aimycomfort.com\/store\/de\/wp-json\/wp\/v2\/media?parent=27104"}],"wp:term":[{"taxonomy":"product_brand","embeddable":true,"href":"https:\/\/www.aimycomfort.com\/store\/de\/wp-json\/wp\/v2\/product_brand?post=27104"},{"taxonomy":"product_cat","embeddable":true,"href":"https:\/\/www.aimycomfort.com\/store\/de\/wp-json\/wp\/v2\/product_cat?post=27104"},{"taxonomy":"product_tag","embeddable":true,"href":"https:\/\/www.aimycomfort.com\/store\/de\/wp-json\/wp\/v2\/product_tag?post=27104"}],"curies":[{"name":"wp","href":"https:\/\/api.w.org\/{rel}","templated":true}]}}