{"id":26340,"date":"2025-01-07T01:59:22","date_gmt":"2025-01-07T01:59:22","guid":{"rendered":"https:\/\/www.aimycomfort.com\/store\/product\/anti-traction-latex-neck-pillow\/"},"modified":"2025-01-07T06:22:37","modified_gmt":"2025-01-07T06:22:37","slug":"anti-traction-latex-neck-pillow","status":"publish","type":"product","link":"https:\/\/www.aimycomfort.com\/store\/de\/produkt\/anti-traction-latex-neck-pillow\/","title":{"rendered":"Anti-Traction Latex-Nackenkissen"},"content":{"rendered":"<p class=\"first:mt-1.5\"><strong>Das Anti-Traction Latex-Nackenkissen<\/strong> ist mit ergonomischen Zonen und umgekehrter Traktion ausgestattet, um Druck auf Schultern und Nacken zu lindern und eine korrekte Ausrichtung der Halswirbels\u00e4ule zu f\u00f6rdern. Die vierlagige Struktur kombiniert atmungsaktives Mesh-Gewebe, Latex und ultrafeine Fasern f\u00fcr langlebige, nicht zusammenfallende Unterst\u00fctzung. Perfekt f\u00fcr Seiten- und R\u00fcckenschl\u00e4fer bietet es gezielte Komfortzonen, um Druck zu reduzieren und die Entspannung zu f\u00f6rdern.<\/p>\n<h2><strong>Hauptmerkmale des Nackenkissens:<\/strong><\/h2>\n<ul>\n<li>\n<p class=\"first:mt-1.5\"><strong>Ergonomisches Zonendesign<\/strong><br \/>\nWissenschaftlich proportionierte Zonen bieten gezielte Unterst\u00fctzung f\u00fcr Nacken, Kopf und Schultern und lindern Schmerzen und Druck in der Halswirbels\u00e4ule.<\/p>\n<\/li>\n<li>\n<p class=\"first:mt-1.5\"><strong>Vierlagige Struktur<\/strong><br \/>\nKombiniert atmungsaktives Mesh-Gewebe, Latexschichten und ultrafeine Fasern f\u00fcr langlebige, nicht zusammenfallende Unterst\u00fctzung mit moderater Weichheit und Festigkeit.<\/p>\n<\/li>\n<li>\n<p class=\"first:mt-1.5\"><strong>Unabh\u00e4ngige Halswirbelst\u00fctze<\/strong><br \/>\nBietet verst\u00e4rkte Nackenunterst\u00fctzung, entspannt und dehnt die Halswirbels\u00e4ule und reduziert Steifheit und Schmerzen.<\/p>\n<\/li>\n<li>\n<p class=\"first:mt-1.5\"><strong>Komfort f\u00fcr Seiten- und R\u00fcckenschl\u00e4fer<\/strong><br \/>\nVerf\u00fcgt \u00fcber eine Seitenliegekurve zur Reduzierung von Gesichtsdruck und einen Bereich f\u00fcr den Geh\u00f6rgang, um Ohrendruck zu vermeiden.<\/p>\n<\/li>\n<li>\n<p class=\"first:mt-1.5\"><strong>Atmungsaktiv und Sicher<\/strong><br \/>\nBeidseitig atmungsaktive Struktur mit nat\u00fcrlichem Eichenprotein f\u00fcr Luftzirkulation sowie 0 Formaldehyd und keine sch\u00e4dlichen Chemikalien f\u00fcr ein beruhigendes Gef\u00fchl.<\/p>\n<\/li>\n<li>\n<p class=\"first:mt-1.5\"><strong>Einfache Wartung<\/strong><br \/>\nRei\u00dfverschlussdesign erm\u00f6glicht einfaches Zerlegen, Waschen und \u00dcberpr\u00fcfen des Innenkerns.<\/p>\n<\/li>\n<\/ul>\n<hr \/>\n<p class=\"first:mt-1.5\"><strong>Das Anti-Traction Latex-Nackenkissen<\/strong> bietet fortschrittliche Unterst\u00fctzung und Komfort durch sein ergonomisches Design, langlebige Materialien und atmungsaktive Struktur. Ideal zur Linderung von Nacken- und Schulterdruck sorgt es f\u00fcr eine erholsame und gesunde Schlafumgebung.<\/p>\n","protected":false},"excerpt":{"rendered":"<p>Das Anti-Traction Latex-Nackenkissen verf\u00fcgt \u00fcber ein ergonomisches Zonendesign und eine vierlagige Struktur, die Druck auf Nacken und Schultern lindert und langlebige, nicht zusammenfallende Unterst\u00fctzung bietet. Perfekt f\u00fcr Seiten- und R\u00fcckenschl\u00e4fer bietet es gezielte Komfortzonen, atmungsaktive Materialien und verst\u00e4rkte Nackenst\u00fctze f\u00fcr einen erholsamen und gesunden Schlaf.<\/p>\n","protected":false},"featured_media":26093,"comment_status":"open","ping_status":"closed","template":"","meta":{"site-sidebar-layout":"default","site-content-layout":"","ast-site-content-layout":"default","site-content-style":"default","site-sidebar-style":"default","ast-global-header-display":"","ast-banner-title-visibility":"","ast-main-header-display":"","ast-hfb-above-header-display":"","ast-hfb-below-header-display":"","ast-hfb-mobile-header-display":"","site-post-title":"","ast-breadcrumbs-content":"","ast-featured-img":"","footer-sml-layout":"","theme-transparent-header-meta":"default","adv-header-id-meta":"","stick-header-meta":"","header-above-stick-meta":"","header-main-stick-meta":"","header-below-stick-meta":"","astra-migrate-meta-layouts":"set","ast-page-background-enabled":"default","ast-page-background-meta":{"desktop":{"background-color":"var(--ast-global-color-4)","background-image":"","background-repeat":"repeat","background-position":"center center","background-size":"auto","background-attachment":"scroll","background-type":"","background-media":"","overlay-type":"","overlay-color":"","overlay-opacity":"","overlay-gradient":""},"tablet":{"background-color":"","background-image":"","background-repeat":"repeat","background-position":"center center","background-size":"auto","background-attachment":"scroll","background-type":"","background-media":"","overlay-type":"","overlay-color":"","overlay-opacity":"","overlay-gradient":""},"mobile":{"background-color":"","background-image":"","background-repeat":"repeat","background-position":"center center","background-size":"auto","background-attachment":"scroll","background-type":"","background-media":"","overlay-type":"","overlay-color":"","overlay-opacity":"","overlay-gradient":""}},"ast-content-background-meta":{"desktop":{"background-color":"var(--ast-global-color-5)","background-image":"","background-repeat":"repeat","background-position":"center center","background-size":"auto","background-attachment":"scroll","background-type":"","background-media":"","overlay-type":"","overlay-color":"","overlay-opacity":"","overlay-gradient":""},"tablet":{"background-color":"var(--ast-global-color-5)","background-image":"","background-repeat":"repeat","background-position":"center center","background-size":"auto","background-attachment":"scroll","background-type":"","background-media":"","overlay-type":"","overlay-color":"","overlay-opacity":"","overlay-gradient":""},"mobile":{"background-color":"var(--ast-global-color-5)","background-image":"","background-repeat":"repeat","background-position":"center center","background-size":"auto","background-attachment":"scroll","background-type":"","background-media":"","overlay-type":"","overlay-color":"","overlay-opacity":"","overlay-gradient":""}}},"product_brand":[],"product_cat":[840,205,894,858],"product_tag":[790,1085,562,494],"class_list":{"0":"post-26340","1":"product","2":"type-product","3":"status-publish","4":"has-post-thumbnail","6":"product_cat-bettkissen","7":"product_cat-kissenkollektion","8":"product_cat-nackenstuetzkissen","9":"product_cat-zervikalkissen","10":"product_tag-ergonomic-support-de","11":"product_tag-pillow-de","12":"product_tag-neck-protect-de","13":"product_tag-pain-relief-de","14":"desktop-align-left","15":"tablet-align-left","16":"mobile-align-left","17":"ast-product-gallery-layout-horizontal-slider","18":"ast-product-single-variable","19":"ast-product-tabs-layout-horizontal","20":"ast-qv-on-image","22":"first","23":"instock","24":"shipping-taxable","25":"purchasable","26":"product-type-variable"},"aioseo_notices":[],"_links":{"self":[{"href":"https:\/\/www.aimycomfort.com\/store\/de\/wp-json\/wp\/v2\/product\/26340","targetHints":{"allow":["GET"]}}],"collection":[{"href":"https:\/\/www.aimycomfort.com\/store\/de\/wp-json\/wp\/v2\/product"}],"about":[{"href":"https:\/\/www.aimycomfort.com\/store\/de\/wp-json\/wp\/v2\/types\/product"}],"replies":[{"embeddable":true,"href":"https:\/\/www.aimycomfort.com\/store\/de\/wp-json\/wp\/v2\/comments?post=26340"}],"wp:featuredmedia":[{"embeddable":true,"href":"https:\/\/www.aimycomfort.com\/store\/de\/wp-json\/wp\/v2\/media\/26093"}],"wp:attachment":[{"href":"https:\/\/www.aimycomfort.com\/store\/de\/wp-json\/wp\/v2\/media?parent=26340"}],"wp:term":[{"taxonomy":"product_brand","embeddable":true,"href":"https:\/\/www.aimycomfort.com\/store\/de\/wp-json\/wp\/v2\/product_brand?post=26340"},{"taxonomy":"product_cat","embeddable":true,"href":"https:\/\/www.aimycomfort.com\/store\/de\/wp-json\/wp\/v2\/product_cat?post=26340"},{"taxonomy":"product_tag","embeddable":true,"href":"https:\/\/www.aimycomfort.com\/store\/de\/wp-json\/wp\/v2\/product_tag?post=26340"}],"curies":[{"name":"wp","href":"https:\/\/api.w.org\/{rel}","templated":true}]}}