{"id":26307,"date":"2025-01-07T03:43:46","date_gmt":"2025-01-07T03:43:46","guid":{"rendered":"https:\/\/www.aimycomfort.com\/store\/product\/cold-bean-ice-silk-pillow\/"},"modified":"2025-01-07T06:10:50","modified_gmt":"2025-01-07T06:10:50","slug":"cold-bean-ice-silk-pillow","status":"publish","type":"product","link":"https:\/\/www.aimycomfort.com\/store\/de\/produkt\/cold-bean-ice-silk-pillow\/","title":{"rendered":"Cold Bean Ice Silk Kissen"},"content":{"rendered":"<p class=\"first:mt-1.5\"><strong>Das Cold Bean Ice Silk Kissen<\/strong> wurde f\u00fcr ultimativen Sommerkomfort entwickelt und verf\u00fcgt \u00fcber einen 3D Cool Bean Faser-Kern, der eine schnelle Abk\u00fchlung bietet, ohne eisig zu wirken. Sein atmungsaktiver, feuchtigkeitsableitender Stoff h\u00e4lt Sie k\u00fchl und bequem, w\u00e4hrend das weiche, elastische Design hervorragende Nackenunterst\u00fctzung bietet. Waschmaschinenfest und langlebig sorgt es f\u00fcr langanhaltende Frische und Entspannung.<\/p>\n<h2><strong>Hauptmerkmale des Ice Silk Kissens:<\/strong><\/h2>\n<ul>\n<li>\n<p class=\"first:mt-1.5\"><strong>3D Cool Bean Faser-Kern<\/strong><br \/>\nK\u00fchlt im Sommer schnell ab und bietet ein erfrischendes und atmungsaktives Schlaferlebnis.<\/p>\n<\/li>\n<li>\n<p class=\"first:mt-1.5\"><strong>Feuchtigkeitsableitender Stoff<\/strong><br \/>\nH\u00e4lt Sie k\u00fchl und trocken, perfekt f\u00fcr klimatisierte R\u00e4ume, ohne Klebrigkeit.<\/p>\n<\/li>\n<li>\n<p class=\"first:mt-1.5\"><strong>Weiche und elastische Unterst\u00fctzung<\/strong><br \/>\nBietet Q-Elastizit\u00e4t und puffert den Druck auf Kopf und Nacken f\u00fcr besseren Schutz der Halswirbels\u00e4ule.<\/p>\n<\/li>\n<li>\n<p class=\"first:mt-1.5\"><strong>3D-Massage-Design<\/strong><br \/>\nDie Bohnenpartikel-Textur bietet eine sanfte Massage f\u00fcr ein SPA-\u00e4hnliches Hauterlebnis.<\/p>\n<\/li>\n<li>\n<p class=\"first:mt-1.5\"><strong>Langlebig und waschbar<\/strong><br \/>\nWaschmaschinenfest und klumpenresistent, beh\u00e4lt seine Form und seinen Komfort nach dem Waschen.<\/p>\n<\/li>\n<\/ul>\n<hr \/>\n<p class=\"first:mt-1.5\"><strong>Das Cold Bean Ice Silk Kissen<\/strong> kombiniert K\u00fchltechnologie, weiche Unterst\u00fctzung und einfache Pflege und ist die perfekte Wahl f\u00fcr einen erfrischenden und komfortablen Schlaf in hei\u00dfen Sommern\u00e4chten.<\/p>\n","protected":false},"excerpt":{"rendered":"<p>Das Cold Bean Ice Silk Kissen verf\u00fcgt \u00fcber einen 3D Cool Bean Faser-Kern f\u00fcr schnelle Abk\u00fchlung, atmungsaktives, feuchtigkeitsableitendes Gewebe und weiche, elastische Unterst\u00fctzung zum Schutz des Nackens. Sein 3D-Massage-Design bietet ein erfrischendes, hautfreundliches Erlebnis, w\u00e4hrend das langlebige, maschinenwaschbare Material langanhaltenden Komfort gew\u00e4hrleistet. Perfekt f\u00fcr k\u00fchle, komfortable Sommern\u00e4chte.<\/p>\n","protected":false},"featured_media":26198,"comment_status":"open","ping_status":"closed","template":"","meta":{"site-sidebar-layout":"default","site-content-layout":"","ast-site-content-layout":"default","site-content-style":"default","site-sidebar-style":"default","ast-global-header-display":"","ast-banner-title-visibility":"","ast-main-header-display":"","ast-hfb-above-header-display":"","ast-hfb-below-header-display":"","ast-hfb-mobile-header-display":"","site-post-title":"","ast-breadcrumbs-content":"","ast-featured-img":"","footer-sml-layout":"","theme-transparent-header-meta":"default","adv-header-id-meta":"","stick-header-meta":"","header-above-stick-meta":"","header-main-stick-meta":"","header-below-stick-meta":"","astra-migrate-meta-layouts":"set","ast-page-background-enabled":"default","ast-page-background-meta":{"desktop":{"background-color":"var(--ast-global-color-4)","background-image":"","background-repeat":"repeat","background-position":"center center","background-size":"auto","background-attachment":"scroll","background-type":"","background-media":"","overlay-type":"","overlay-color":"","overlay-opacity":"","overlay-gradient":""},"tablet":{"background-color":"","background-image":"","background-repeat":"repeat","background-position":"center center","background-size":"auto","background-attachment":"scroll","background-type":"","background-media":"","overlay-type":"","overlay-color":"","overlay-opacity":"","overlay-gradient":""},"mobile":{"background-color":"","background-image":"","background-repeat":"repeat","background-position":"center center","background-size":"auto","background-attachment":"scroll","background-type":"","background-media":"","overlay-type":"","overlay-color":"","overlay-opacity":"","overlay-gradient":""}},"ast-content-background-meta":{"desktop":{"background-color":"var(--ast-global-color-5)","background-image":"","background-repeat":"repeat","background-position":"center center","background-size":"auto","background-attachment":"scroll","background-type":"","background-media":"","overlay-type":"","overlay-color":"","overlay-opacity":"","overlay-gradient":""},"tablet":{"background-color":"var(--ast-global-color-5)","background-image":"","background-repeat":"repeat","background-position":"center center","background-size":"auto","background-attachment":"scroll","background-type":"","background-media":"","overlay-type":"","overlay-color":"","overlay-opacity":"","overlay-gradient":""},"mobile":{"background-color":"var(--ast-global-color-5)","background-image":"","background-repeat":"repeat","background-position":"center center","background-size":"auto","background-attachment":"scroll","background-type":"","background-media":"","overlay-type":"","overlay-color":"","overlay-opacity":"","overlay-gradient":""}}},"product_brand":[],"product_cat":[840,205,894],"product_tag":[790,1085,562],"class_list":{"0":"post-26307","1":"product","2":"type-product","3":"status-publish","4":"has-post-thumbnail","6":"product_cat-bettkissen","7":"product_cat-kissenkollektion","8":"product_cat-nackenstuetzkissen","9":"product_tag-ergonomic-support-de","10":"product_tag-pillow-de","11":"product_tag-neck-protect-de","12":"desktop-align-left","13":"tablet-align-left","14":"mobile-align-left","15":"ast-product-gallery-layout-horizontal-slider","16":"ast-product-single-variable","17":"ast-product-tabs-layout-horizontal","18":"ast-qv-on-image","20":"first","21":"instock","22":"shipping-taxable","23":"purchasable","24":"product-type-variable"},"aioseo_notices":[],"_links":{"self":[{"href":"https:\/\/www.aimycomfort.com\/store\/de\/wp-json\/wp\/v2\/product\/26307","targetHints":{"allow":["GET"]}}],"collection":[{"href":"https:\/\/www.aimycomfort.com\/store\/de\/wp-json\/wp\/v2\/product"}],"about":[{"href":"https:\/\/www.aimycomfort.com\/store\/de\/wp-json\/wp\/v2\/types\/product"}],"replies":[{"embeddable":true,"href":"https:\/\/www.aimycomfort.com\/store\/de\/wp-json\/wp\/v2\/comments?post=26307"}],"wp:featuredmedia":[{"embeddable":true,"href":"https:\/\/www.aimycomfort.com\/store\/de\/wp-json\/wp\/v2\/media\/26198"}],"wp:attachment":[{"href":"https:\/\/www.aimycomfort.com\/store\/de\/wp-json\/wp\/v2\/media?parent=26307"}],"wp:term":[{"taxonomy":"product_brand","embeddable":true,"href":"https:\/\/www.aimycomfort.com\/store\/de\/wp-json\/wp\/v2\/product_brand?post=26307"},{"taxonomy":"product_cat","embeddable":true,"href":"https:\/\/www.aimycomfort.com\/store\/de\/wp-json\/wp\/v2\/product_cat?post=26307"},{"taxonomy":"product_tag","embeddable":true,"href":"https:\/\/www.aimycomfort.com\/store\/de\/wp-json\/wp\/v2\/product_tag?post=26307"}],"curies":[{"name":"wp","href":"https:\/\/api.w.org\/{rel}","templated":true}]}}