{"id":26054,"date":"2025-01-06T03:33:15","date_gmt":"2025-01-06T03:33:15","guid":{"rendered":"https:\/\/www.aimycomfort.com\/store\/product\/super-soft-pillow-for-neck-protection\/"},"modified":"2025-01-06T06:12:34","modified_gmt":"2025-01-06T06:12:34","slug":"super-soft-pillow-for-neck-protection","status":"publish","type":"product","link":"https:\/\/www.aimycomfort.com\/store\/de\/produkt\/super-soft-pillow-for-neck-protection\/","title":{"rendered":"Superweiches Kissen f\u00fcr Nackenschutz"},"content":{"rendered":"<p class=\"first:mt-1.5\"><strong>Das Superweiche Kissen f\u00fcr Nackenschutz<\/strong> wurde entwickelt, um tiefen Schlaf und langanhaltenden Komfort zu bieten, mit seinen unterteilten St\u00fctzbereichen f\u00fcr Kopf, Nacken und Schultern. Hergestellt aus importiertem Feder-Samt und einer mehrschichtigen Struktur, bietet es eine perfekte Balance zwischen Weichheit und festem Halt, sorgt f\u00fcr druckfreies Liegen und verbessert die Schlafqualit\u00e4t. Sein waschbares, antibakterielles und atmungsaktives Design macht es ideal f\u00fcr eine saubere und entspannende Schlaferfahrung.<\/p>\n<h2><strong>Hauptmerkmale des Kissens:<\/strong><\/h2>\n<ul>\n<li>\n<p class=\"first:mt-1.5\"><strong>Unterteilte St\u00fctzbereiche<\/strong><br \/>\nWissenschaftlich gestaltete Zonen bieten gezielte Unterst\u00fctzung f\u00fcr Kopf, Nacken und Schultern, reduzieren Druck und erh\u00f6hen den Komfort.<\/p>\n<\/li>\n<li>\n<p class=\"first:mt-1.5\"><strong>Weich und Elastisch<\/strong><br \/>\nHergestellt aus wolkenweichen Fasern und hochelastischen Fasern f\u00fcr eine kaschmir\u00e4hnliche Textur, die weich, aber langlebig ist und ihre Form \u00fcber die Zeit beh\u00e4lt.<\/p>\n<\/li>\n<li>\n<p class=\"first:mt-1.5\"><strong>Waschbar und Langlebig<\/strong><br \/>\nDer Kissenkern ist maschinenwaschbar, was Hygiene und eine lange Nutzungsdauer ohne Verformung gew\u00e4hrleistet.<\/p>\n<\/li>\n<li>\n<p class=\"first:mt-1.5\"><strong>Ergonomisches Design<\/strong><br \/>\nHohe und niedrige Kurven passen sich perfekt an Schultern und Nacken an, f\u00f6rdern eine korrekte Ausrichtung und Entspannung.<\/p>\n<\/li>\n<li>\n<p class=\"first:mt-1.5\"><strong>Atmungsaktiv und Antibakteriell<\/strong><br \/>\nHautfreundlicher, schwei\u00dfabsorbierender Stoff h\u00e4lt Sie k\u00fchl und bequem, w\u00e4hrend antibakterielle und milbenresistente Eigenschaften eine gesunde Schlafumgebung gew\u00e4hrleisten.<\/p>\n<\/li>\n<\/ul>\n<hr \/>\n<p class=\"first:mt-1.5\"><strong>Das Superweiche Kissen f\u00fcr Nackenschutz<\/strong> bietet unvergleichliche Weichheit, Unterst\u00fctzung und Hygiene, ideal f\u00fcr tiefen, erholsamen Schlaf und effektiven Nackenschutz. Perfekt f\u00fcr den langfristigen Gebrauch, ohne Form oder Komfort zu verlieren.<\/p>\n","protected":false},"excerpt":{"rendered":"<p>Das Superweiche Kissen f\u00fcr Nackenschutz bietet gezielte Unterst\u00fctzung mit unterteilten Zonen f\u00fcr Kopf, Nacken und Schultern und sorgt f\u00fcr tiefen, druckfreien Schlaf. Hergestellt aus weichem, elastischem Feder-Samt und atmungsaktivem, antibakteriellem Stoff, bietet es langanhaltenden Komfort und Hygiene. Waschbar und langlebig, beh\u00e4lt es seine Form f\u00fcr erholsamen, nackenschonenden Schlaf.<\/p>\n","protected":false},"featured_media":25982,"comment_status":"open","ping_status":"closed","template":"","meta":{"site-sidebar-layout":"default","site-content-layout":"","ast-site-content-layout":"default","site-content-style":"default","site-sidebar-style":"default","ast-global-header-display":"","ast-banner-title-visibility":"","ast-main-header-display":"","ast-hfb-above-header-display":"","ast-hfb-below-header-display":"","ast-hfb-mobile-header-display":"","site-post-title":"","ast-breadcrumbs-content":"","ast-featured-img":"","footer-sml-layout":"","theme-transparent-header-meta":"default","adv-header-id-meta":"","stick-header-meta":"","header-above-stick-meta":"","header-main-stick-meta":"","header-below-stick-meta":"","astra-migrate-meta-layouts":"set","ast-page-background-enabled":"default","ast-page-background-meta":{"desktop":{"background-color":"var(--ast-global-color-4)","background-image":"","background-repeat":"repeat","background-position":"center center","background-size":"auto","background-attachment":"scroll","background-type":"","background-media":"","overlay-type":"","overlay-color":"","overlay-opacity":"","overlay-gradient":""},"tablet":{"background-color":"","background-image":"","background-repeat":"repeat","background-position":"center center","background-size":"auto","background-attachment":"scroll","background-type":"","background-media":"","overlay-type":"","overlay-color":"","overlay-opacity":"","overlay-gradient":""},"mobile":{"background-color":"","background-image":"","background-repeat":"repeat","background-position":"center center","background-size":"auto","background-attachment":"scroll","background-type":"","background-media":"","overlay-type":"","overlay-color":"","overlay-opacity":"","overlay-gradient":""}},"ast-content-background-meta":{"desktop":{"background-color":"var(--ast-global-color-5)","background-image":"","background-repeat":"repeat","background-position":"center center","background-size":"auto","background-attachment":"scroll","background-type":"","background-media":"","overlay-type":"","overlay-color":"","overlay-opacity":"","overlay-gradient":""},"tablet":{"background-color":"var(--ast-global-color-5)","background-image":"","background-repeat":"repeat","background-position":"center center","background-size":"auto","background-attachment":"scroll","background-type":"","background-media":"","overlay-type":"","overlay-color":"","overlay-opacity":"","overlay-gradient":""},"mobile":{"background-color":"var(--ast-global-color-5)","background-image":"","background-repeat":"repeat","background-position":"center center","background-size":"auto","background-attachment":"scroll","background-type":"","background-media":"","overlay-type":"","overlay-color":"","overlay-opacity":"","overlay-gradient":""}}},"product_brand":[],"product_cat":[840,205,894,858],"product_tag":[1084,790,1085,562],"class_list":{"0":"post-26054","1":"product","2":"type-product","3":"status-publish","4":"has-post-thumbnail","6":"product_cat-bettkissen","7":"product_cat-kissenkollektion","8":"product_cat-nackenstuetzkissen","9":"product_cat-zervikalkissen","10":"product_tag-relief-of-pressure-de","11":"product_tag-ergonomic-support-de","12":"product_tag-pillow-de","13":"product_tag-neck-protect-de","14":"desktop-align-left","15":"tablet-align-left","16":"mobile-align-left","17":"ast-product-gallery-layout-horizontal-slider","18":"ast-product-single-variable","19":"ast-product-tabs-layout-horizontal","20":"ast-qv-on-image","22":"first","23":"instock","24":"shipping-taxable","25":"purchasable","26":"product-type-variable"},"aioseo_notices":[],"_links":{"self":[{"href":"https:\/\/www.aimycomfort.com\/store\/de\/wp-json\/wp\/v2\/product\/26054","targetHints":{"allow":["GET"]}}],"collection":[{"href":"https:\/\/www.aimycomfort.com\/store\/de\/wp-json\/wp\/v2\/product"}],"about":[{"href":"https:\/\/www.aimycomfort.com\/store\/de\/wp-json\/wp\/v2\/types\/product"}],"replies":[{"embeddable":true,"href":"https:\/\/www.aimycomfort.com\/store\/de\/wp-json\/wp\/v2\/comments?post=26054"}],"wp:featuredmedia":[{"embeddable":true,"href":"https:\/\/www.aimycomfort.com\/store\/de\/wp-json\/wp\/v2\/media\/25982"}],"wp:attachment":[{"href":"https:\/\/www.aimycomfort.com\/store\/de\/wp-json\/wp\/v2\/media?parent=26054"}],"wp:term":[{"taxonomy":"product_brand","embeddable":true,"href":"https:\/\/www.aimycomfort.com\/store\/de\/wp-json\/wp\/v2\/product_brand?post=26054"},{"taxonomy":"product_cat","embeddable":true,"href":"https:\/\/www.aimycomfort.com\/store\/de\/wp-json\/wp\/v2\/product_cat?post=26054"},{"taxonomy":"product_tag","embeddable":true,"href":"https:\/\/www.aimycomfort.com\/store\/de\/wp-json\/wp\/v2\/product_tag?post=26054"}],"curies":[{"name":"wp","href":"https:\/\/api.w.org\/{rel}","templated":true}]}}