{"id":25934,"date":"2025-01-03T02:10:00","date_gmt":"2025-01-03T02:10:00","guid":{"rendered":"https:\/\/www.aimycomfort.com\/store\/product\/pillow-checkered-jacquard-skin-friendly\/"},"modified":"2025-01-03T06:00:50","modified_gmt":"2025-01-03T06:00:50","slug":"pillow-checkered-jacquard-skin-friendly","status":"publish","type":"product","link":"https:\/\/www.aimycomfort.com\/store\/de\/produkt\/pillow-checkered-jacquard-skin-friendly\/","title":{"rendered":"Hautfreundliches Jacquard-Kissen mit Karomuster"},"content":{"rendered":"<p>Das Hautfreundliche Jacquard-Kissen mit Karomuster kombiniert elegantes Design mit ultimativem Komfort und bietet ein Karomuster-Jacquard-Gewebe sowie eine Feder-Samt-F\u00fcllung f\u00fcr ein weiches, st\u00fctzendes und atmungsaktives Schlaferlebnis. Das ergonomische Design reduziert den Druck auf die Halswirbels\u00e4ule, w\u00e4hrend der hochdichte Baumwollstoff eine hautfreundliche, zarte Ber\u00fchrung f\u00fcr erholsamen Schlaf gew\u00e4hrleistet.<\/p>\n<h2><strong>Hauptmerkmale des Kissens:<\/strong><\/h2>\n<ul>\n<li>\n<p class=\"first:mt-1.5\"><strong>Jacquard-Gewebe mit Karomuster<\/strong><br \/>\nWeich, hautfreundlich und mit exquisiter Jacquard-Handwerkskunst f\u00fcr ein luxuri\u00f6ses Gef\u00fchl gefertigt.<\/p>\n<\/li>\n<li>\n<p class=\"first:mt-1.5\"><strong>Feder-Samt-F\u00fcllung<\/strong><br \/>\nHoch elastische, schnell r\u00fcckfedernde F\u00fcllung bietet bequemen Halt und reduziert den Druck auf den Nacken.<\/p>\n<\/li>\n<li>\n<p class=\"first:mt-1.5\"><strong>Ergonomisches Design<\/strong><br \/>\nUnterst\u00fctzt Nacken und Schultern, lindert Druck und sorgt f\u00fcr einen komfortableren Schlaf.<\/p>\n<\/li>\n<li>\n<p class=\"first:mt-1.5\"><strong>Atmungsaktiv und Vielseitig<\/strong><br \/>\nHohle Spiralfasern verbessern die Atmungsaktivit\u00e4t und halten Sie in allen Jahreszeiten k\u00fchl und bequem.<\/p>\n<\/li>\n<li>\n<p class=\"first:mt-1.5\"><strong>Langlebig und Stilvoll<\/strong><br \/>\nMit fein gearbeiteten dreidimensionalen Kanten f\u00fcr ein elegantes, langlebiges Design.<\/p>\n<\/li>\n<\/ul>\n<hr \/>\n<p class=\"first:mt-1.5\">Das Hautfreundliche Jacquard-Kissen mit Karomuster bietet die perfekte Kombination aus Stil, Komfort und Unterst\u00fctzung und ist ideal f\u00fcr einen k\u00fchlen, atmungsaktiven und erholsamen Schlaf das ganze Jahr \u00fcber.<\/p>\n","protected":false},"excerpt":{"rendered":"<p>Das Hautfreundliche Jacquard-Kissen mit Karomuster verf\u00fcgt \u00fcber ein weiches, atmungsaktives Jacquard-Gewebe und eine Feder-Samt-F\u00fcllung f\u00fcr bequemen und gem\u00fctlichen Halt. Das ergonomische Design reduziert den Druck auf den Nacken, w\u00e4hrend die hohlen Spiralfasern f\u00fcr Atmungsaktivit\u00e4t in allen Jahreszeiten sorgen. Langlebig und stilvoll bietet es ein luxuri\u00f6ses und erholsames Schlaferlebnis.<\/p>\n","protected":false},"featured_media":25705,"comment_status":"open","ping_status":"closed","template":"","meta":{"site-sidebar-layout":"default","site-content-layout":"","ast-site-content-layout":"default","site-content-style":"default","site-sidebar-style":"default","ast-global-header-display":"","ast-banner-title-visibility":"","ast-main-header-display":"","ast-hfb-above-header-display":"","ast-hfb-below-header-display":"","ast-hfb-mobile-header-display":"","site-post-title":"","ast-breadcrumbs-content":"","ast-featured-img":"","footer-sml-layout":"","theme-transparent-header-meta":"default","adv-header-id-meta":"","stick-header-meta":"","header-above-stick-meta":"","header-main-stick-meta":"","header-below-stick-meta":"","astra-migrate-meta-layouts":"set","ast-page-background-enabled":"default","ast-page-background-meta":{"desktop":{"background-color":"var(--ast-global-color-4)","background-image":"","background-repeat":"repeat","background-position":"center center","background-size":"auto","background-attachment":"scroll","background-type":"","background-media":"","overlay-type":"","overlay-color":"","overlay-opacity":"","overlay-gradient":""},"tablet":{"background-color":"","background-image":"","background-repeat":"repeat","background-position":"center center","background-size":"auto","background-attachment":"scroll","background-type":"","background-media":"","overlay-type":"","overlay-color":"","overlay-opacity":"","overlay-gradient":""},"mobile":{"background-color":"","background-image":"","background-repeat":"repeat","background-position":"center center","background-size":"auto","background-attachment":"scroll","background-type":"","background-media":"","overlay-type":"","overlay-color":"","overlay-opacity":"","overlay-gradient":""}},"ast-content-background-meta":{"desktop":{"background-color":"var(--ast-global-color-5)","background-image":"","background-repeat":"repeat","background-position":"center center","background-size":"auto","background-attachment":"scroll","background-type":"","background-media":"","overlay-type":"","overlay-color":"","overlay-opacity":"","overlay-gradient":""},"tablet":{"background-color":"var(--ast-global-color-5)","background-image":"","background-repeat":"repeat","background-position":"center center","background-size":"auto","background-attachment":"scroll","background-type":"","background-media":"","overlay-type":"","overlay-color":"","overlay-opacity":"","overlay-gradient":""},"mobile":{"background-color":"var(--ast-global-color-5)","background-image":"","background-repeat":"repeat","background-position":"center center","background-size":"auto","background-attachment":"scroll","background-type":"","background-media":"","overlay-type":"","overlay-color":"","overlay-opacity":"","overlay-gradient":""}}},"product_brand":[],"product_cat":[840,205,894],"product_tag":[1085,562],"class_list":{"0":"post-25934","1":"product","2":"type-product","3":"status-publish","4":"has-post-thumbnail","6":"product_cat-bettkissen","7":"product_cat-kissenkollektion","8":"product_cat-nackenstuetzkissen","9":"product_tag-pillow-de","10":"product_tag-neck-protect-de","11":"desktop-align-left","12":"tablet-align-left","13":"mobile-align-left","14":"ast-product-gallery-layout-horizontal-slider","15":"ast-product-single-variable","16":"ast-product-tabs-layout-horizontal","17":"ast-qv-on-image","19":"first","20":"instock","21":"shipping-taxable","22":"purchasable","23":"product-type-variable"},"aioseo_notices":[],"_links":{"self":[{"href":"https:\/\/www.aimycomfort.com\/store\/de\/wp-json\/wp\/v2\/product\/25934","targetHints":{"allow":["GET"]}}],"collection":[{"href":"https:\/\/www.aimycomfort.com\/store\/de\/wp-json\/wp\/v2\/product"}],"about":[{"href":"https:\/\/www.aimycomfort.com\/store\/de\/wp-json\/wp\/v2\/types\/product"}],"replies":[{"embeddable":true,"href":"https:\/\/www.aimycomfort.com\/store\/de\/wp-json\/wp\/v2\/comments?post=25934"}],"wp:featuredmedia":[{"embeddable":true,"href":"https:\/\/www.aimycomfort.com\/store\/de\/wp-json\/wp\/v2\/media\/25705"}],"wp:attachment":[{"href":"https:\/\/www.aimycomfort.com\/store\/de\/wp-json\/wp\/v2\/media?parent=25934"}],"wp:term":[{"taxonomy":"product_brand","embeddable":true,"href":"https:\/\/www.aimycomfort.com\/store\/de\/wp-json\/wp\/v2\/product_brand?post=25934"},{"taxonomy":"product_cat","embeddable":true,"href":"https:\/\/www.aimycomfort.com\/store\/de\/wp-json\/wp\/v2\/product_cat?post=25934"},{"taxonomy":"product_tag","embeddable":true,"href":"https:\/\/www.aimycomfort.com\/store\/de\/wp-json\/wp\/v2\/product_tag?post=25934"}],"curies":[{"name":"wp","href":"https:\/\/api.w.org\/{rel}","templated":true}]}}